{"id":42593,"date":"2022-03-14T10:32:39","date_gmt":"2022-03-14T08:32:39","guid":{"rendered":"https:\/\/www.tatanka.nl\/?post_type=product&#038;p=42593"},"modified":"2025-07-08T14:33:49","modified_gmt":"2025-07-08T13:33:49","slug":"raw-pre-rolled-classic-king-size-cones","status":"publish","type":"product","link":"https:\/\/www.tatanka.nl\/pl\/raw-pre-rolled-classic-king-size-cones\/","title":{"rendered":"Raw Pre-Rolled Classic King Size Cones"},"content":{"rendered":"<h2>Czym s\u0105 Raw Pre-Rolled Classic King Size Cones?<\/h2>\n<p>RAW Classic King Size Cones to najwy\u017cszej jako\u015bci, wst\u0119pnie zwini\u0119te akcesoria do palenia, zaprojektowane z my\u015bl\u0105 o wygodzie i doskona\u0142ych wra\u017ceniach z palenia. Ka\u017cde opakowanie zawiera trzy niebielone, wolne od chloru sto\u017cki o \u015brednicy 109 mm, wykonane z naturalnych konopi, aby zapewni\u0107 powolne, r\u00f3wnomierne spalanie przy minimalnej ilo\u015bci popio\u0142u. Te gotowe do nape\u0142nienia sto\u017cki upraszczaj\u0105 proces zwijania, dzi\u0119ki czemu s\u0105 idealne zar\u00f3wno dla pocz\u0105tkuj\u0105cych, jak i do\u015bwiadczonych palaczy. Wolne od kredy, barwnik\u00f3w i dodatk\u00f3w do spalania, bletki RAW Classic King Size Cones zapewniaj\u0105 czysty, niezafa\u0142szowany smak, zachowuj\u0105c naturalny aromat materia\u0142u do palenia. Idealne do osobistego relaksu lub spotka\u0144 towarzyskich, te przyjazne dla \u015brodowiska ro\u017cki odzwierciedlaj\u0105 zaanga\u017cowanie firmy RAW w wysokiej jako\u015bci, zr\u00f3wnowa\u017cone produkty. Ich wst\u0119pnie zwini\u0119ta konstrukcja oszcz\u0119dza czas, zachowuj\u0105c autentyczno\u015b\u0107 charakterystycznych papier\u00f3w RAW, co przemawia do \u015bwiadomych zdrowotnie palaczy, kt\u00f3rzy ceni\u0105 sobie czysto\u015b\u0107. \u0141atwe w u\u017cyciu i przeno\u015bne bletki RAW Classic King Size Cones podnosz\u0105 rang\u0119 rytua\u0142u palenia dzi\u0119ki naturalnemu sk\u0142adowi i sta\u0142ej wydajno\u015bci. Niezale\u017cnie od tego, czy przygotowujesz szybkiego jointa, czy dzielisz si\u0119 nim z przyjaci\u00f3\u0142mi, bibu\u0142ki RAW Classic King Size Cones oferuj\u0105 czyste, aromatyczne doznania, uosabiaj\u0105c misj\u0119 firmy RAW polegaj\u0105c\u0105 na zrewolucjonizowaniu palenia dzi\u0119ki pomys\u0142owemu, ekologicznemu rzemios\u0142u.<\/p>\n<h2>Historia modelu Raw Pre-Rolled Classic King Size Cones<\/h2>\n<p>Historia RAW Classic King Size Cones jest powi\u0105zana z misj\u0105 RAW, aby przewodzi\u0107 w bran\u017cy bibu\u0142ek z naturalnymi, innowacyjnymi produktami. Za\u0142o\u017cona na pocz\u0105tku XXI wieku firma RAW powsta\u0142a w odpowiedzi na rosn\u0105ce zapotrzebowanie na nieprzetworzone, ekologiczne akcesoria do palenia, szczeg\u00f3lnie w Ameryce P\u00f3\u0142nocnej i Europie. Tradycyjne bletki cz\u0119sto zawiera\u0142y dodatki chemiczne, co sk\u0142oni\u0142o firm\u0119 RAW do stworzenia niebielonych, opartych na konopiach produkt\u00f3w wolnych od polepszaczy spalania. RAW Classic King Size Cones zosta\u0142 wprowadzony w celu uproszczenia procesu zwijania, oferuj\u0105c wst\u0119pnie zwini\u0119te sto\u017cki, kt\u00f3re zachowuj\u0105 czysto\u015b\u0107 i jako\u015b\u0107 charakterystycznych papier\u00f3w RAW. Innowacja ta odzwierciedla zmian\u0119 kulturow\u0105 w kierunku \u015bwiadomych zdrowotnie i zr\u00f3wnowa\u017conych praktyk palenia, a rozmiar 109 mm jest przeznaczony dla tych, kt\u00f3rzy preferuj\u0105 wi\u0119ksze z\u0142\u0105cza. Czerpi\u0105c z wielowiekowego wykorzystania konopi w kulturze palenia, sto\u017cki te \u0142\u0105cz\u0105 tradycyjne rzemios\u0142o z nowoczesnymi ekologicznymi standardami. Ich popularno\u015b\u0107 podkre\u015bla wp\u0142yw RAW na transformacj\u0119 akcesori\u00f3w do palenia, przemawiaj\u0105c do entuzjast\u00f3w ceni\u0105cych autentyczno\u015b\u0107 i wydajno\u015b\u0107. RAW Classic King Size Cones honoruje to dziedzictwo, oferuj\u0105c wygodn\u0105, naturaln\u0105 opcj\u0119 dla nowoczesnych roller\u00f3w poszukuj\u0105cych wysokiej jako\u015bci, ekologicznego do\u015bwiadczenia palenia, kt\u00f3re \u0142\u0105czy \u0142atwo\u015b\u0107 z czysto\u015bci\u0105.<\/p>\n<h2>Jak korzysta\u0107 z Raw Pre-Rolled Classic King Size Cones<\/h2>\n<p>Palenie tytoniu RAW Classic King Size Cones nie wymaga wysi\u0142ku i zwi\u0119ksza wygod\u0119 oraz jako\u015b\u0107 palenia. Wybierz jeden z trzech wst\u0119pnie zwini\u0119tych sto\u017ck\u00f3w o \u015brednicy 109 mm z opakowania. Delikatnie wype\u0142nij sto\u017cek materia\u0142em do palenia, u\u017cywaj\u0105c narz\u0119dzia lub palc\u00f3w, aby r\u00f3wnomiernie go upakowa\u0107, zapewniaj\u0105c r\u00f3wnomierne spalanie. Lekko stuknij w sto\u017cek, aby osadzi\u0107 zawarto\u015b\u0107, pozostawiaj\u0105c wystarczaj\u0105co du\u017co miejsca na otwartym ko\u0144cu, aby skr\u0119ci\u0107 i uszczelni\u0107. Skr\u0119\u0107 nadmiar papieru na g\u00f3rze, aby bezpiecznie zamkn\u0105\u0107 sto\u017cek. Zapal skr\u0119cony koniec i ciesz si\u0119 powoln\u0105, czyst\u0105 sesj\u0105 palenia z minimaln\u0105 ilo\u015bci\u0105 popio\u0142u i czystym smakiem. U\u017cywaj tytoniu RAW Classic King Size Cones w spokojnym otoczeniu, solo lub z przyjaci\u00f3\u0142mi, aby doceni\u0107 jego naturaln\u0105 jako\u015b\u0107. Paczk\u0119 nale\u017cy przechowywa\u0107 w ch\u0142odnym, suchym miejscu, aby zachowa\u0107 integralno\u015b\u0107 szyszek. Te wst\u0119pnie zwini\u0119te sto\u017cki, odpowiednie dla wszystkich poziom\u00f3w umiej\u0119tno\u015bci, eliminuj\u0105 potrzeb\u0119 posiadania specjalistycznej wiedzy na temat zwijania, dzi\u0119ki czemu idealnie nadaj\u0105 si\u0119 do szybkiego i bezproblemowego u\u017cytkowania. Ich niebielona, oparta na konopiach konstrukcja zapewnia czysto\u015b\u0107 smaku, dzi\u0119ki czemu RAW Classic King Size Cones jest najlepszym wyborem do wyrafinowanego, ekologicznego rytua\u0142u palenia z prostot\u0105 i wydajno\u015bci\u0105.<\/p>\n<h2>Sk\u0142adniki Raw Pre-Rolled Classic King Size Cones<\/h2>\n<p>Fajki RAW Classic King Size Cones s\u0105 wykonane z najwy\u017cszej jako\u015bci naturalnych materia\u0142\u00f3w, aby zapewni\u0107 czyste, przyjazne dla \u015brodowiska wra\u017cenia z palenia. Podstawowym sk\u0142adnikiem s\u0105 niebielone organiczne konopie, pozyskiwane z ro\u015blin uprawianych w spos\u00f3b zr\u00f3wnowa\u017cony, zaprojektowane do powolnego, r\u00f3wnomiernego spalania z minimaln\u0105 ilo\u015bci\u0105 popio\u0142u. Naturalna guma, pochodz\u0105ca ze \u017ar\u00f3de\u0142 ro\u015blinnych, takich jak akacja, s\u0142u\u017cy jako klej do zabezpieczenia struktury sto\u017cka bez dodatk\u00f3w chemicznych. Wolne od chloru, kredy, barwnik\u00f3w i substancji polepszaj\u0105cych spalanie, tytonie RAW Classic King Size Cones stawiaj\u0105 na czysto\u015b\u0107 i zr\u00f3wnowa\u017cony rozw\u00f3j, przemawiaj\u0105c do palaczy dbaj\u0105cych o zdrowie. Ka\u017cdy sto\u017cek jest skrupulatnie formowany, aby zachowa\u0107 sp\u00f3jno\u015b\u0107 i trwa\u0142o\u015b\u0107, zapewniaj\u0105c niezawodne wra\u017cenia z palenia za ka\u017cdym razem. Nierafinowany, oparty na konopiach sk\u0142ad minimalizuje ingerencj\u0119 w smak materia\u0142u do palenia, zapewniaj\u0105c czysty, autentyczny smak. Produkowane metodami przyjaznymi dla \u015brodowiska, sto\u017cki te odzwierciedlaj\u0105 zaanga\u017cowanie firmy RAW w praktyki przyjazne dla \u015brodowiska. RAW Classic King Size Cones nale\u017cy przechowywa\u0107 w ch\u0142odnym i suchym miejscu, aby zachowa\u0107 ich jako\u015b\u0107. Ta minimalistyczna, naturalna formu\u0142a wyr\u00f3\u017cnia je jako wyb\u00f3r premium dla palaczy poszukuj\u0105cych czystych, aromatycznych dozna\u0144, zapewniaj\u0105c, \u017ce ka\u017cdy joint jest wzmocniony czysto\u015bci\u0105 i kunsztem tych wyprodukowanych w spos\u00f3b zr\u00f3wnowa\u017cony, wst\u0119pnie zwini\u0119tych sto\u017ck\u00f3w konopi dla wysokiej jako\u015bci rytua\u0142u palenia.<\/p>\n<p><strong>Ostrze\u017cenie<\/strong><br \/>\nPrzechowywa\u0107 w miejscu niedost\u0119pnym dla dzieci. Produkt nieodpowiedni dla os\u00f3b poni\u017cej 18 roku \u017cycia, kobiet w ci\u0105\u017cy i os\u00f3b z chorobami uk\u0142adu oddechowego. U\u017cywaj odpowiedzialnie i unikaj \u0142\u0105czenia z lekami, narkotykami lub alkoholem.<\/p>","protected":false},"excerpt":{"rendered":"<p dir=\"auto\">Raw Pre-Rolled Classic King Size Cones, niebielone i wolne od chloru, oferuj\u0105 trzy wst\u0119pnie zwini\u0119te, wolno pal\u0105ce si\u0119 sto\u017cki w opakowaniu. Wykonane z naturalnych konopi, te przyjazne dla \u015brodowiska sto\u017cki upraszczaj\u0105 zwijanie, zapewniaj\u0105c czyste, aromatyczne doznania podczas palenia.<\/p>","protected":false},"featured_media":44907,"template":"","meta":[],"product_brand":[],"product_cat":[505,297,488,558,471,492,564],"product_tag":[],"class_list":{"0":"post-42593","1":"product","2":"type-product","3":"status-publish","4":"has-post-thumbnail","6":"product_cat-cones","7":"product_cat-all-products","8":"product_cat-headshop","9":"product_cat-king-size-papers","10":"product_cat-raw","11":"product_cat-rolling-papers","12":"product_cat-unbleached-rolling-papers","13":"product_shipping_class-creditcard-on","15":"first","16":"instock","17":"taxable","18":"shipping-taxable","19":"purchasable","20":"product-type-variable","21":"has-default-attributes"},"_links":{"self":[{"href":"https:\/\/www.tatanka.nl\/pl\/wp-json\/wp\/v2\/product\/42593","targetHints":{"allow":["GET"]}}],"collection":[{"href":"https:\/\/www.tatanka.nl\/pl\/wp-json\/wp\/v2\/product"}],"about":[{"href":"https:\/\/www.tatanka.nl\/pl\/wp-json\/wp\/v2\/types\/product"}],"wp:featuredmedia":[{"embeddable":true,"href":"https:\/\/www.tatanka.nl\/pl\/wp-json\/wp\/v2\/media\/44907"}],"wp:attachment":[{"href":"https:\/\/www.tatanka.nl\/pl\/wp-json\/wp\/v2\/media?parent=42593"}],"wp:term":[{"taxonomy":"product_brand","embeddable":true,"href":"https:\/\/www.tatanka.nl\/pl\/wp-json\/wp\/v2\/product_brand?post=42593"},{"taxonomy":"product_cat","embeddable":true,"href":"https:\/\/www.tatanka.nl\/pl\/wp-json\/wp\/v2\/product_cat?post=42593"},{"taxonomy":"product_tag","embeddable":true,"href":"https:\/\/www.tatanka.nl\/pl\/wp-json\/wp\/v2\/product_tag?post=42593"}],"curies":[{"name":"wp","href":"https:\/\/api.w.org\/{rel}","templated":true}]}}