{"id":42595,"date":"2022-03-14T10:32:39","date_gmt":"2022-03-14T08:32:39","guid":{"rendered":"https:\/\/www.tatanka.nl\/?post_type=product&#038;p=42595"},"modified":"2024-09-17T11:36:46","modified_gmt":"2024-09-17T10:36:46","slug":"raw-pre-rolled-organic-hemp-king-size-cones","status":"publish","type":"product","link":"https:\/\/www.tatanka.nl\/pl\/raw-pre-rolled-organic-hemp-king-size-cones\/","title":{"rendered":"Raw Pre-Rolled Organic Hemp King Size Cones"},"content":{"rendered":"<h2>O Raw Natural Rolling Papers<\/h2>\n<p>Nie bez powodu bletki Raw s\u0105 jedn\u0105 z najbardziej rozpoznawalnych marek bletek na \u015bwiecie. Raw s\u0142ynie nie tylko z bardzo wysokiej jako\u015bci, ale tak\u017ce z naturalnych materia\u0142\u00f3w. A kiedy m\u00f3wimy naturalne, mamy na my\u015bli - naprawd\u0119 naturalne!<\/p>\n<p>Wszystkie bletki Raw s\u0105 niebielone i ca\u0142kowicie nierafinowane. Raw nie u\u017cywa barwnik\u00f3w, dodatk\u00f3w do palenia ani kredy do produkcji swoich bibu\u0142ek. Wszystkie bibu\u0142ki Raw s\u0105 wytwarzane wy\u0142\u0105cznie z naturalnych materia\u0142\u00f3w, takich jak ro\u015bliny.<\/p>\n<p>Oznacza to, \u017ce podczas palenia z Raw b\u0119dziesz w stanie poczu\u0107 maksymalny naturalny poziom dymu. U\u017cyj Raw, aby pali\u0107 naprawd\u0119!<\/p>","protected":false},"excerpt":{"rendered":"<p>Najwy\u017cszej jako\u015bci bibu\u0142ka konopna? Sprawd\u017a! Wst\u0119pnie zwini\u0119te sto\u017cki do leniwego zwijania? Podw\u00f3jne sprawdzenie! Zwijaj swoje jointy szybciej i upewnij si\u0119, \u017ce wszystkie pal\u0105 si\u0119 r\u00f3wnomiernie dzi\u0119ki wst\u0119pnie zwini\u0119tym sto\u017ckom konopnym od Raw. Mo\u017cesz spodziewa\u0107 si\u0119 papieru najlepszej jako\u015bci, kt\u00f3ry b\u0119dzie pali\u0142 si\u0119 powoli i r\u00f3wnomiernie! Pokochaj je!<\/p>","protected":false},"featured_media":44911,"template":"","meta":[],"product_brand":[],"product_cat":[297,505,488,565,471,492,564],"product_tag":[],"class_list":{"0":"post-42595","1":"product","2":"type-product","3":"status-publish","4":"has-post-thumbnail","6":"product_cat-all-products","7":"product_cat-cones","8":"product_cat-headshop","9":"product_cat-hemp-rolling-papers","10":"product_cat-raw","11":"product_cat-rolling-papers","12":"product_cat-unbleached-rolling-papers","13":"product_shipping_class-creditcard-on","15":"first","16":"outofstock","17":"taxable","18":"shipping-taxable","19":"product-type-variable","20":"has-default-attributes"},"_links":{"self":[{"href":"https:\/\/www.tatanka.nl\/pl\/wp-json\/wp\/v2\/product\/42595","targetHints":{"allow":["GET"]}}],"collection":[{"href":"https:\/\/www.tatanka.nl\/pl\/wp-json\/wp\/v2\/product"}],"about":[{"href":"https:\/\/www.tatanka.nl\/pl\/wp-json\/wp\/v2\/types\/product"}],"wp:featuredmedia":[{"embeddable":true,"href":"https:\/\/www.tatanka.nl\/pl\/wp-json\/wp\/v2\/media\/44911"}],"wp:attachment":[{"href":"https:\/\/www.tatanka.nl\/pl\/wp-json\/wp\/v2\/media?parent=42595"}],"wp:term":[{"taxonomy":"product_brand","embeddable":true,"href":"https:\/\/www.tatanka.nl\/pl\/wp-json\/wp\/v2\/product_brand?post=42595"},{"taxonomy":"product_cat","embeddable":true,"href":"https:\/\/www.tatanka.nl\/pl\/wp-json\/wp\/v2\/product_cat?post=42595"},{"taxonomy":"product_tag","embeddable":true,"href":"https:\/\/www.tatanka.nl\/pl\/wp-json\/wp\/v2\/product_tag?post=42595"}],"curies":[{"name":"wp","href":"https:\/\/api.w.org\/{rel}","templated":true}]}}