{"id":42602,"date":"2022-03-14T10:32:40","date_gmt":"2022-03-14T08:32:40","guid":{"rendered":"https:\/\/www.tatanka.nl\/?post_type=product&#038;p=42602"},"modified":"2025-07-08T14:31:08","modified_gmt":"2025-07-08T13:31:08","slug":"raw-classic-rolls-king-size-slim-5m","status":"publish","type":"product","link":"https:\/\/www.tatanka.nl\/pl\/raw-classic-rolls-king-size-slim-5m\/","title":{"rendered":"Raw Classic Rolls King Size Slim 5m"},"content":{"rendered":"<h2>Czym s\u0105 RAW Classic Rolls?<\/h2>\n<p>RAW Classic Rolls to najwy\u017cszej jako\u015bci, przyjazne dla \u015brodowiska bibu\u0142ki do palenia, zaprojektowane z my\u015bl\u0105 o najwy\u017cszej elastyczno\u015bci i doskona\u0142ych wra\u017ceniach ze zwijania. Ka\u017cde opakowanie zawiera 5 metr\u00f3w niebielonego, bezchlorowego, cienkiego bibu\u0142ki typu king-size, umo\u017cliwiaj\u0105c palaczom przyci\u0119cie po\u017c\u0105danej d\u0142ugo\u015bci w celu uzyskania niestandardowych joint\u00f3w. Wykonane z naturalnych konopi bibu\u0142ki RAW Classic Rolls zapewniaj\u0105 powolne, r\u00f3wnomierne spalanie z minimaln\u0105 ilo\u015bci\u0105 popio\u0142u, zachowuj\u0105c czysty smak materia\u0142u do palenia. Wolne od dodatk\u00f3w do spalania, bletki te odzwierciedlaj\u0105 zaanga\u017cowanie RAW w wysokiej jako\u015bci, zr\u00f3wnowa\u017cone produkty, atrakcyjne dla palaczy dbaj\u0105cych o zdrowie. Idealne zar\u00f3wno do samotnych sesji, jak i spotka\u0144 towarzyskich, bletki RAW Classic Rolls oferuj\u0105 niezr\u00f3wnan\u0105 swobod\u0119 dla palaczy ceni\u0105cych kreatywno\u015b\u0107 i autentyczno\u015b\u0107. Nierafinowany, naturalny sk\u0142ad zapewnia czysty, niezafa\u0142szowany smak, dzi\u0119ki czemu idealnie nadaj\u0105 si\u0119 do tworzenia spersonalizowanych joint\u00f3w o dowolnej wielko\u015bci. \u0141atwe w u\u017cyciu i przeno\u015bne bletki RAW Classic Rolls zaspokoj\u0105 potrzeby zar\u00f3wno pocz\u0105tkuj\u0105cych, jak i do\u015bwiadczonych rolkarzy, zapewniaj\u0105c sp\u00f3jne, aromatyczne doznania. Ekologiczna konstrukcja i mo\u017cliwo\u015b\u0107 dostosowania d\u0142ugo\u015bci sprawiaj\u0105, \u017ce RAW Classic Rolls jest doskona\u0142ym wyborem dla os\u00f3b poszukuj\u0105cych wysokiej jako\u015bci, przyjaznego dla \u015brodowiska akcesorium do palenia, kt\u00f3re zwi\u0119ksza czysto\u015b\u0107 i precyzj\u0119 ka\u017cdego zaci\u0105gni\u0119cia.<\/p>\n<h2>Historia RAW Classic Rolls<\/h2>\n<p>Historia RAW Classic Rolls jest zakorzeniona w misji RAW, aby przewodzi\u0107 w bran\u017cy bibu\u0142ek dzi\u0119ki innowacyjnym, przyjaznym dla \u015brodowiska produktom. Za\u0142o\u017cona na pocz\u0105tku XXI wieku firma RAW powsta\u0142a w odpowiedzi na rosn\u0105ce zapotrzebowanie na naturalne, nieprzetworzone akcesoria do palenia, szczeg\u00f3lnie w Ameryce P\u00f3\u0142nocnej i Europie. Tradycyjne bibu\u0142ki cz\u0119sto zawiera\u0142y dodatki chemiczne, co sk\u0142oni\u0142o firm\u0119 RAW do stworzenia niebielonych bibu\u0142ek na bazie konopi, wolnych od polepszaczy spalania. Papiery RAW Classic Rolls zosta\u0142y wprowadzone, aby zaoferowa\u0107 palaczom swobod\u0119 dostosowywania d\u0142ugo\u015bci joint\u00f3w, zaspokajaj\u0105c potrzeby tych, kt\u00f3rzy ceni\u0105 sobie kreatywno\u015b\u0107 i elastyczno\u015b\u0107. Ta innowacja odzwierciedla zmian\u0119 kulturow\u0105 w kierunku \u015bwiadomych zdrowotnie i zr\u00f3wnowa\u017conych praktyk palenia, a 5-metrowy format rolki zapewnia nowoczesny zwrot w tradycyjnym zwijaniu. Czerpi\u0105c z wielowiekowego wykorzystania konopi w kulturze palenia, RAW Classic Rolls \u0142\u0105czy historyczne rzemios\u0142o z przyjaznymi dla \u015brodowiska metodami produkcji. Ich popularno\u015b\u0107 podkre\u015bla wp\u0142yw RAW na zrewolucjonizowanie akcesori\u00f3w do palenia, przemawiaj\u0105c do entuzjast\u00f3w, dla kt\u00f3rych priorytetem jest czysto\u015b\u0107 i wydajno\u015b\u0107. Niebielona, naturalna konstrukcja jest zgodna z rosn\u0105cym trendem na produkty przyjazne dla \u015brodowiska, dzi\u0119ki czemu RAW Classic Rolls jest preferowanym wyborem dla palaczy poszukuj\u0105cych wysokiej jako\u015bci, konfigurowalnego i autentycznego do\u015bwiadczenia palenia, kt\u00f3re szanuje tradycj\u0119, jednocze\u015bnie przyjmuj\u0105c nowoczesne innowacje.<\/p>\n<h2>Jak korzysta\u0107 z RAW Classic Rolls<\/h2>\n<p>Korzystanie z bibu\u0142ki RAW Classic Rolls jest proste i oferuje niezr\u00f3wnan\u0105 elastyczno\u015b\u0107, zapewniaj\u0105c najwy\u017cszej jako\u015bci doznania podczas palenia. Rozwi\u0144 5-metrow\u0105 bibu\u0142k\u0119 typu king-size slim i odetnij po\u017c\u0105dan\u0105 d\u0142ugo\u015b\u0107, dopasowuj\u0105c j\u0105 do preferowanego rozmiaru jointa. Umie\u015b\u0107 materia\u0142 do palenia r\u00f3wnomiernie wzd\u0142u\u017c \u015brodka przyci\u0119tego papieru. Z\u0142\u00f3\u017c bibu\u0142k\u0119 na p\u00f3\u0142, wsuwaj\u0105c jedn\u0105 kraw\u0119d\u017a pod drug\u0105 i delikatnie zwi\u0144 mi\u0119dzy palcami, aby nada\u0107 jej kszta\u0142t. Poli\u017c naturalny pasek kleju, aby uszczelni\u0107 papier, zapewniaj\u0105c ciasne, r\u00f3wnomierne zwijanie i powolne, czyste palenie. Zapal jointa i ciesz si\u0119 aromatyczn\u0105 sesj\u0105 palenia o niskiej zawarto\u015bci popio\u0142u. Bletek RAW Classic Rolls nale\u017cy u\u017cywa\u0107 w swobodnej atmosferze, solo lub z przyjaci\u00f3\u0142mi, aby doceni\u0107 ich czyst\u0105, naturaln\u0105 jako\u015b\u0107. Rolk\u0119 nale\u017cy przechowywa\u0107 w ch\u0142odnym, suchym miejscu, aby zachowa\u0107 jej integralno\u015b\u0107. Odpowiednie dla wszystkich poziom\u00f3w umiej\u0119tno\u015bci, rolki te sprawiaj\u0105, \u017ce tworzenie niestandardowych po\u0142\u0105cze\u0144 jest \u0142atwe i precyzyjne. Ich niebielona, wolno pal\u0105ca si\u0119 konstrukcja zapewnia czysto\u015b\u0107 smaku, dzi\u0119ki czemu RAW Classic Rolls idealnie nadaje si\u0119 do spersonalizowanego rytua\u0142u palenia. Metoda ta pozwala na swobod\u0119 tw\u00f3rcz\u0105, zapewniaj\u0105c wysokiej jako\u015bci, przyjazne dla \u015brodowiska do\u015bwiadczenie, kt\u00f3re podnosi jako\u015b\u0107 ka\u017cdego zaci\u0105gni\u0119cia si\u0119 dzi\u0119ki zr\u00f3wnowa\u017conej prostocie i precyzji.<\/p>\n<h2>Sk\u0142adniki RAW Classic Rolls<\/h2>\n<p>Fajki RAW Classic Rolls s\u0105 wykonane z najwy\u017cszej jako\u015bci naturalnych materia\u0142\u00f3w, aby zapewni\u0107 czyste, przyjazne dla \u015brodowiska wra\u017cenia z palenia. Podstawowym sk\u0142adnikiem s\u0105 niebielone organiczne konopie, pozyskiwane z ro\u015blin uprawianych w spos\u00f3b zr\u00f3wnowa\u017cony, zaprojektowane do powolnego, r\u00f3wnomiernego spalania z minimaln\u0105 ilo\u015bci\u0105 popio\u0142u. Naturalna guma, pochodz\u0105ca ze \u017ar\u00f3de\u0142 ro\u015blinnych, takich jak akacja, s\u0142u\u017cy jako klej, zapewniaj\u0105c bezpieczne uszczelnienie bez dodatk\u00f3w chemicznych. Wolne od chloru, wzmacniaczy spalania lub sztucznych substancji, RAW Classic Rolls priorytetowo traktuj\u0105 czysto\u015b\u0107 i zr\u00f3wnowa\u017cony rozw\u00f3j, przemawiaj\u0105c do palaczy dbaj\u0105cych o zdrowie. Ka\u017cda rolka jest starannie przetwarzana, aby zachowa\u0107 sp\u00f3jno\u015b\u0107 i trwa\u0142o\u015b\u0107, zapewniaj\u0105c niezawodn\u0105 rolk\u0119 za ka\u017cdym razem. Nierafinowany, oparty na konopiach sk\u0142ad minimalizuje smak papieru, pozwalaj\u0105c na wydobycie aromat\u00f3w materia\u0142u do palenia. Bletka RAW Classic Rolls, produkowana metodami przyjaznymi dla \u015brodowiska, odzwierciedla zaanga\u017cowanie firmy RAW w praktyki przyjazne dla \u015brodowiska. Bletki RAW Classic Rolls nale\u017cy przechowywa\u0107 w ch\u0142odnym i suchym miejscu, aby zachowa\u0107 ich jako\u015b\u0107. Ta minimalistyczna, naturalna formu\u0142a wyr\u00f3\u017cnia je jako wyb\u00f3r premium dla palaczy poszukuj\u0105cych czystych, autentycznych wra\u017ce\u0144, zapewniaj\u0105c, \u017ce ka\u017cdy joint jest wzmocniony czysto\u015bci\u0105 i kunsztem tych produkowanych w spos\u00f3b zr\u00f3wnowa\u017cony papier\u00f3w. D\u0142ugo\u015b\u0107 5 metr\u00f3w zapewnia niezr\u00f3wnan\u0105 elastyczno\u015b\u0107, dzi\u0119ki czemu ka\u017cda sesja palenia jest spersonalizowanym, wysokiej jako\u015bci rytua\u0142em z ekologiczn\u0105 prostot\u0105.<\/p>\n<p><strong>Ostrze\u017cenie<\/strong><br \/>\nPrzechowywa\u0107 w miejscu niedost\u0119pnym dla dzieci. Produkt nieodpowiedni dla os\u00f3b poni\u017cej 18 roku \u017cycia, kobiet w ci\u0105\u017cy i os\u00f3b z chorobami uk\u0142adu oddechowego.<\/p>","protected":false},"excerpt":{"rendered":"<p dir=\"auto\">Bletki RAW Classic Rolls, niebielone i niezawieraj\u0105ce chloru, oferuj\u0105 5 metr\u00f3w wolno pal\u0105cego si\u0119, cienkiego papieru king-size w opakowaniu. Wykonane z naturalnych konopi, te przyjazne dla \u015brodowiska bletki umo\u017cliwiaj\u0105 dostosowanie d\u0142ugo\u015bci, zapewniaj\u0105c czyste, aromatyczne doznania podczas palenia.<\/p>","protected":false},"featured_media":44872,"template":"","meta":[],"product_brand":[],"product_cat":[492,297,488,471,560,559,564],"product_tag":[],"class_list":{"0":"post-42602","1":"product","2":"type-product","3":"status-publish","4":"has-post-thumbnail","6":"product_cat-rolling-papers","7":"product_cat-all-products","8":"product_cat-headshop","9":"product_cat-raw","10":"product_cat-rolls","11":"product_cat-slim-papers","12":"product_cat-unbleached-rolling-papers","13":"product_shipping_class-creditcard-on","15":"first","16":"instock","17":"taxable","18":"shipping-taxable","19":"purchasable","20":"product-type-variable","21":"has-default-attributes"},"_links":{"self":[{"href":"https:\/\/www.tatanka.nl\/pl\/wp-json\/wp\/v2\/product\/42602","targetHints":{"allow":["GET"]}}],"collection":[{"href":"https:\/\/www.tatanka.nl\/pl\/wp-json\/wp\/v2\/product"}],"about":[{"href":"https:\/\/www.tatanka.nl\/pl\/wp-json\/wp\/v2\/types\/product"}],"wp:featuredmedia":[{"embeddable":true,"href":"https:\/\/www.tatanka.nl\/pl\/wp-json\/wp\/v2\/media\/44872"}],"wp:attachment":[{"href":"https:\/\/www.tatanka.nl\/pl\/wp-json\/wp\/v2\/media?parent=42602"}],"wp:term":[{"taxonomy":"product_brand","embeddable":true,"href":"https:\/\/www.tatanka.nl\/pl\/wp-json\/wp\/v2\/product_brand?post=42602"},{"taxonomy":"product_cat","embeddable":true,"href":"https:\/\/www.tatanka.nl\/pl\/wp-json\/wp\/v2\/product_cat?post=42602"},{"taxonomy":"product_tag","embeddable":true,"href":"https:\/\/www.tatanka.nl\/pl\/wp-json\/wp\/v2\/product_tag?post=42602"}],"curies":[{"name":"wp","href":"https:\/\/api.w.org\/{rel}","templated":true}]}}