{"id":42606,"date":"2022-03-14T10:32:41","date_gmt":"2022-03-14T08:32:41","guid":{"rendered":"https:\/\/www.tatanka.nl\/?post_type=product&#038;p=42606"},"modified":"2025-07-08T14:25:26","modified_gmt":"2025-07-08T13:25:26","slug":"raw-perforated-gummed-tips","status":"publish","type":"product","link":"https:\/\/www.tatanka.nl\/pl\/raw-perforated-gummed-tips\/","title":{"rendered":"RAW Perforated Gummed Tips"},"content":{"rendered":"<h2>Co to jest RAW Perforated Gummed Tips?<\/h2>\n<p>RAW Perforated Gummed Tips to najwy\u017cszej jako\u015bci akcesoria do palenia, zaprojektowane w celu zwi\u0119kszenia wygody i stylu zwijania joint\u00f3w. Wykonane z niebielonych, naturalnych w\u0142\u00f3kien ro\u015blinnych, te ko\u0144c\u00f3wki s\u0105 wst\u0119pnie przyci\u0119te i perforowane dla \u0142atwego zwijania, z gumowan\u0105 kraw\u0119dzi\u0105 dla bezpiecznego uszczelnienia. Umieszczone w ksi\u0105\u017ceczce, RAW Perforated Gummed Tips rozwi\u0105zuj\u0105 problem \"blowback\", zapewniaj\u0105c p\u0142ynn\u0105 i czyst\u0105 sesj\u0119 palenia. Te przyjazne dla \u015brodowiska ko\u0144c\u00f3wki, idealne zar\u00f3wno dla pocz\u0105tkuj\u0105cych, jak i do\u015bwiadczonych palaczy, pasuj\u0105 do wi\u0119kszo\u015bci standardowych bletek, oferuj\u0105c solidny i wygodny ustnik. Wykonane bez dodatk\u00f3w do spalania, RAW Perforated Gummed Tips stawiaj\u0105 na czysto\u015b\u0107 i zr\u00f3wnowa\u017cony rozw\u00f3j, zgodnie z misj\u0105 RAW, aby zrewolucjonizowa\u0107 palenie dzi\u0119ki wysokiej jako\u015bci, naturalnym produktom. Idealne do osobistego relaksu lub spotka\u0144 towarzyskich, dodaj\u0105 odrobin\u0119 innowacji do ka\u017cdego jointa, dzi\u0119ki czemu zwijanie jest \u0142atwe i precyzyjne. Ich niebielony, ro\u015blinny sk\u0142ad przemawia do \u015bwiadomych zdrowotnie palaczy, kt\u00f3rzy ceni\u0105 sobie autentyczno\u015b\u0107 i odpowiedzialno\u015b\u0107 za \u015brodowisko. RAW Perforated Gummed Tips podnosz\u0105 rang\u0119 rytua\u0142u palenia dzi\u0119ki funkcjonalnemu wzornictwu i ekologicznemu rzemios\u0142u, zapewniaj\u0105c czystsze, przyjemniejsze wra\u017cenia dla os\u00f3b poszukuj\u0105cych jako\u015bci i wygody w swoich akcesoriach do palenia.<\/p>\n<h2>Historia RAW Perforated Gummed Tips<\/h2>\n<p>Historia RAW Perforated Gummed Tips jest powi\u0105zana z misj\u0105 RAW, aby przewodzi\u0107 w bran\u017cy bibu\u0142ek dzi\u0119ki innowacyjnym, przyjaznym dla \u015brodowiska produktom. Za\u0142o\u017cona na pocz\u0105tku XXI wieku firma RAW powsta\u0142a w odpowiedzi na rosn\u0105ce zapotrzebowanie na naturalne, nieprzetworzone akcesoria do palenia, szczeg\u00f3lnie w Ameryce P\u00f3\u0142nocnej i Europie. Tradycyjnym bletkom, cz\u0119sto improwizowanym ze skrawk\u00f3w papieru, brakowa\u0142o sp\u00f3jno\u015bci, co sk\u0142oni\u0142o firm\u0119 RAW do stworzenia wst\u0119pnie przyci\u0119tych, gumowanych bletek z niebielonych w\u0142\u00f3kien ro\u015blinnych. RAW Perforated Gummed Tips zosta\u0142y wprowadzone w celu uproszczenia zwijania, jednocze\u015bnie rozwi\u0105zuj\u0105c problemy takie jak \"blowback\", odzwierciedlaj\u0105c trend w kierunku \u015bwiadomych zdrowotnie i przyjaznych dla u\u017cytkownika materia\u0142\u00f3w do palenia. Wyprodukowane przy u\u017cyciu tradycyjnych technik produkcji papieru Fourdrinier, bletki te \u0142\u0105cz\u0105 historyczne rzemios\u0142o z nowoczesnym zr\u00f3wnowa\u017conym rozwojem, zgodnie z zobowi\u0105zaniem RAW do czysto\u015bci. Ich rosn\u0105ca popularno\u015b\u0107 odzwierciedla zmian\u0119 kulturow\u0105 w kierunku ekologicznych, wysokiej jako\u015bci akcesori\u00f3w do palenia, kt\u00f3re priorytetowo traktuj\u0105 wydajno\u015b\u0107 i odpowiedzialno\u015b\u0107 za \u015brodowisko. Czerpi\u0105c ze spu\u015bcizny naturalnych konopi i lnu u\u017cywanych we wczesnych kulturach palenia, RAW Perforated Gummed Tips oferuje wyrafinowane, wygodne rozwi\u0105zanie dla nowoczesnych roller\u00f3w. Ich innowacyjny design uczyni\u0142 je ulubionymi w\u015br\u00f3d entuzjast\u00f3w, cementuj\u0105c wp\u0142yw RAW na rewolucjonizowanie akcesori\u00f3w do palenia z naciskiem na autentyczno\u015b\u0107 i doskona\u0142o\u015b\u0107.<\/p>\n<h2>Jak u\u017cywa\u0107 RAW Perforated Gummed Tips<\/h2>\n<p>Korzystanie z RAW Perforated Gummed Tips jest proste i zwi\u0119ksza precyzj\u0119 i \u0142atwo\u015b\u0107 wykonywania po\u0142\u0105cze\u0144. Wyjmij wst\u0119pnie przyci\u0119t\u0105 ko\u0144c\u00f3wk\u0119 z ksi\u0105\u017ceczki, u\u017cywaj\u0105c perforacji do jej czystego rozerwania. Zwi\u0144 ko\u0144c\u00f3wk\u0119 w ciasny, cylindryczny kszta\u0142t, dopasowuj\u0105c j\u0105 do bletki. Umie\u015b\u0107 zwini\u0119t\u0105 ko\u0144c\u00f3wk\u0119 na jednym ko\u0144cu bibu\u0142ki, a nast\u0119pnie dodaj materia\u0142 do palenia, rozprowadzaj\u0105c go r\u00f3wnomiernie. Z\u0142\u00f3\u017c i zwi\u0144 papier ciasno wok\u00f3\u0142 ko\u0144c\u00f3wki i materia\u0142u, oblizuj\u0105c gumowan\u0105 kraw\u0119d\u017a ko\u0144c\u00f3wki, aby j\u0105 zabezpieczy\u0107 w razie potrzeby. Uszczelnij pasek samoprzylepny papieru, zapewniaj\u0105c g\u0142adk\u0105, r\u00f3wn\u0105 rolk\u0119. Zapal jointa i ciesz si\u0119 czystym, stabilnym paleniem bez dymu zwrotnego. U\u017cywaj bibu\u0142ek RAW Perforated Gummed Tips w swobodnej atmosferze, solo lub z przyjaci\u00f3\u0142mi, aby doceni\u0107 ich jako\u015b\u0107. Przechowuj ksi\u0105\u017ceczk\u0119 w ch\u0142odnym, suchym miejscu, aby zachowa\u0107 integralno\u015b\u0107 ko\u0144c\u00f3wek. Te wskaz\u00f3wki, odpowiednie dla wszystkich poziom\u00f3w umiej\u0119tno\u015bci, upraszczaj\u0105 rolowanie i zapewniaj\u0105 sp\u00f3jno\u015b\u0107. Ich niebielona, naturalna konstrukcja wzmacnia rytua\u0142 palenia, dzi\u0119ki czemu RAW Perforated Gummed Tips to najlepszy wyb\u00f3r dla wyrafinowanych, ekologicznych wra\u017ce\u0144 przy minimalnym wysi\u0142ku i maksymalnym komforcie.<\/p>\n<h2>Sk\u0142adniki RAW Perforated Gummed Tips<\/h2>\n<p>RAW Perforated Gummed Tips s\u0105 wykonane z wysokiej jako\u015bci, naturalnych materia\u0142\u00f3w, aby zapewni\u0107 czyste, przyjazne dla \u015brodowiska wra\u017cenia z palenia. Podstawowym sk\u0142adnikiem jest niebielona celuloza, pozyskiwana z d\u0142ugow\u0142\u00f3knistych materia\u0142\u00f3w ro\u015blinnych, takich jak konopie lub len, przetwarzana przy u\u017cyciu tradycyjnej metody produkcji papieru Fourdrinier w celu zapewnienia trwa\u0142o\u015bci i g\u0142adko\u015bci. Naturalna guma, pochodz\u0105ca ze \u017ar\u00f3de\u0142 ro\u015blinnych, takich jak akacja, pokrywa kraw\u0119d\u017a w celu bezpiecznego uszczelnienia, eliminuj\u0105c potrzeb\u0119 stosowania sztucznych klej\u00f3w. Wolny od chloru, dodatk\u00f3w do spalania lub szkodliwych chemikali\u00f3w, RAW Perforated Gummed Tips stawia na czysto\u015b\u0107 i zr\u00f3wnowa\u017cony rozw\u00f3j, co przemawia do palaczy dbaj\u0105cych o zdrowie. Perforacje s\u0105 strategicznie rozmieszczone, aby zapewni\u0107 \u0142atwe i precyzyjne odrywanie, zwi\u0119kszaj\u0105c wygod\u0119 bez uszczerbku dla jako\u015bci. Ka\u017cda ko\u0144c\u00f3wka zosta\u0142a zaprojektowana tak, aby pasowa\u0142a do wi\u0119kszo\u015bci standardowych bletek, zapewniaj\u0105c solidny i niezawodny ustnik. Bletki RAW Perforated Gummed Tips nale\u017cy przechowywa\u0107 w ch\u0142odnym i suchym miejscu, aby zachowa\u0107 ich stan. Ta minimalistyczna, ro\u015blinna kompozycja odzwierciedla zaanga\u017cowanie RAW w odpowiedzialno\u015b\u0107 za \u015brodowisko i wysokiej jako\u015bci rzemios\u0142o, wyr\u00f3\u017cniaj\u0105c te ko\u0144c\u00f3wki jako wyb\u00f3r premium dla palaczy poszukuj\u0105cych czystych, autentycznych wra\u017ce\u0144. Naturalne materia\u0142y zapewniaj\u0105 stabilne, wygodne zwijanie, wzbogacaj\u0105c ka\u017cdego jointa o ekologiczn\u0105 prostot\u0119 i precyzj\u0119, dzi\u0119ki czemu ka\u017cda sesja palenia jest wyrafinowana i przyjemna.<\/p>\n<p><strong>Ostrze\u017cenie<\/strong><br \/>\nPrzechowywa\u0107 w miejscu niedost\u0119pnym dla dzieci. Produkt nieodpowiedni dla os\u00f3b poni\u017cej 18 roku \u017cycia, kobiet w ci\u0105\u017cy i os\u00f3b z chorobami uk\u0142adu oddechowego.<\/p>","protected":false},"excerpt":{"rendered":"<p dir=\"auto\">RAW Perforated Gummed Tips, przyjazne dla \u015brodowiska i niebielone, oferuj\u0105 wst\u0119pnie przyci\u0119te, gumowane ko\u0144c\u00f3wki do idealnego zwijania joint\u00f3w. Wykonane z naturalnych w\u0142\u00f3kien ro\u015blinnych, ko\u0144c\u00f3wki te zapewniaj\u0105 czyste, stylowe palenie z \u0142atwo\u015bci\u0105 i precyzj\u0105.<\/p>","protected":false},"featured_media":44853,"template":"","meta":[],"product_brand":[],"product_cat":[571,297,488,471,492,564],"product_tag":[],"class_list":{"0":"post-42606","1":"product","2":"type-product","3":"status-publish","4":"has-post-thumbnail","6":"product_cat-tips","7":"product_cat-all-products","8":"product_cat-headshop","9":"product_cat-raw","10":"product_cat-rolling-papers","11":"product_cat-unbleached-rolling-papers","12":"product_shipping_class-creditcard-on","14":"first","15":"instock","16":"taxable","17":"shipping-taxable","18":"purchasable","19":"product-type-variable","20":"has-default-attributes"},"_links":{"self":[{"href":"https:\/\/www.tatanka.nl\/pl\/wp-json\/wp\/v2\/product\/42606","targetHints":{"allow":["GET"]}}],"collection":[{"href":"https:\/\/www.tatanka.nl\/pl\/wp-json\/wp\/v2\/product"}],"about":[{"href":"https:\/\/www.tatanka.nl\/pl\/wp-json\/wp\/v2\/types\/product"}],"wp:featuredmedia":[{"embeddable":true,"href":"https:\/\/www.tatanka.nl\/pl\/wp-json\/wp\/v2\/media\/44853"}],"wp:attachment":[{"href":"https:\/\/www.tatanka.nl\/pl\/wp-json\/wp\/v2\/media?parent=42606"}],"wp:term":[{"taxonomy":"product_brand","embeddable":true,"href":"https:\/\/www.tatanka.nl\/pl\/wp-json\/wp\/v2\/product_brand?post=42606"},{"taxonomy":"product_cat","embeddable":true,"href":"https:\/\/www.tatanka.nl\/pl\/wp-json\/wp\/v2\/product_cat?post=42606"},{"taxonomy":"product_tag","embeddable":true,"href":"https:\/\/www.tatanka.nl\/pl\/wp-json\/wp\/v2\/product_tag?post=42606"}],"curies":[{"name":"wp","href":"https:\/\/api.w.org\/{rel}","templated":true}]}}