{"id":42609,"date":"2022-03-14T10:32:41","date_gmt":"2022-03-14T08:32:41","guid":{"rendered":"https:\/\/www.tatanka.nl\/?post_type=product&#038;p=42609"},"modified":"2025-07-08T14:28:29","modified_gmt":"2025-07-08T13:28:29","slug":"raw-classic-connoisseur-king-size-slim-rolling-papers-and-tips","status":"publish","type":"product","link":"https:\/\/www.tatanka.nl\/pl\/raw-classic-connoisseur-king-size-slim-rolling-papers-and-tips\/","title":{"rendered":"Raw Classic Connoisseur King Size Slim Rolling Papers i Tips"},"content":{"rendered":"<h2>Czym s\u0105 RAW Classic Connoisseur King Size Slim Rolling Papers?<\/h2>\n<p>RAW Classic Connoisseur King Size Slim Rolling Papers to najwy\u017cszej jako\u015bci akcesoria do palenia przeznaczone dla entuzjast\u00f3w poszukuj\u0105cych czystych, wysokiej jako\u015bci dozna\u0144 z palenia. Ka\u017cde opakowanie zawiera 50 niebielonych, bezchlorowych bibu\u0142ek w rozmiarze king size slim i pasuj\u0105ce do nich ko\u0144c\u00f3wki, zabezpieczone elastyczn\u0105 opask\u0105 RAWified do przenoszenia i organizacji. Wykonane z naturalnych konopi bibu\u0142ki RAW Classic Connoisseur King Size Slim Rolling Papers zapewniaj\u0105 powolne, r\u00f3wnomierne spalanie z minimaln\u0105 ilo\u015bci\u0105 popio\u0142u, zachowuj\u0105c smak materia\u0142u do palenia. Idealne do d\u0142u\u017cszych sesji lub r\u0119cznego zwijania sto\u017ck\u00f3w, papiery te s\u0105 przeznaczone zar\u00f3wno dla pocz\u0105tkuj\u0105cych, jak i do\u015bwiadczonych zwijaczy, kt\u00f3rzy ceni\u0105 sobie przyjazne dla \u015brodowiska produkty o wysokiej wydajno\u015bci. Wolne od dodatk\u00f3w do spalania bibu\u0142ki RAW Classic Connoisseur King Size Slim Rolling Papers odzwierciedlaj\u0105 zaanga\u017cowanie firmy RAW w zr\u00f3wnowa\u017cony rozw\u00f3j i autentyczno\u015b\u0107. Idealny do osobistego relaksu lub spotka\u0144 towarzyskich, ten zestaw all-in-one podnosi rang\u0119 rytua\u0142u palenia dzi\u0119ki naturalnemu sk\u0142adowi i eleganckiemu wzornictwu. \u0141atwy w u\u017cyciu i przeno\u015bny, RAW Classic Connoisseur King Size Slim Rolling Papers oferuje czyste, aromatyczne doznania, co czyni go najlepszym wyborem dla palaczy dbaj\u0105cych o zdrowie, poszukuj\u0105cych jako\u015bci, wygody i odpowiedzialno\u015bci za \u015brodowisko w ka\u017cdym joincie.<\/p>\n<h2>Historia RAW Classic Connoisseur King Size Slim Rolling Papers<\/h2>\n<p>Historia RAW Classic Connoisseur King Size Slim Rolling Papers jest zakorzeniona w misji RAW polegaj\u0105cej na zrewolucjonizowaniu bran\u017cy bibu\u0142ek za pomoc\u0105 naturalnych, przyjaznych dla \u015brodowiska produkt\u00f3w. Za\u0142o\u017cona na pocz\u0105tku XXI wieku firma RAW odpowiedzia\u0142a na rosn\u0105ce zapotrzebowanie na nieprzetworzone akcesoria do palenia, szczeg\u00f3lnie w Ameryce P\u00f3\u0142nocnej i Europie. Tradycyjne bibu\u0142ki cz\u0119sto zawiera\u0142y dodatki chemiczne, co sk\u0142oni\u0142o firm\u0119 RAW do stworzenia niebielonych bibu\u0142ek na bazie konopi, wolnych od polepszaczy spalania. Papiery RAW Classic Connoisseur King Size Slim Rolling Papers zosta\u0142y wprowadzone z my\u015bl\u0105 o palaczach, kt\u00f3rzy preferuj\u0105 d\u0142u\u017csze, smuklejsze bletki lub r\u0119cznie zwijane sto\u017cki, \u0142\u0105cz\u0105c bibu\u0142ki i ko\u0144c\u00f3wki dla wygody. Ta innowacja odzwierciedla zmian\u0119 kulturow\u0105 w kierunku \u015bwiadomych zdrowotnie i zr\u00f3wnowa\u017conych praktyk palenia, a opakowanie z elastyczn\u0105 opask\u0105 dodaje nowoczesnej przeno\u015bno\u015bci. Czerpi\u0105c z wielowiekowego wykorzystania konopi w kulturze palenia, bibu\u0142ki te \u0142\u0105cz\u0105 tradycyjne rzemios\u0142o z przyjaznymi dla \u015brodowiska metodami produkcji. Ich popularno\u015b\u0107 podkre\u015bla wp\u0142yw RAW na transformacj\u0119 akcesori\u00f3w do palenia, przyci\u0105gaj\u0105c entuzjast\u00f3w ceni\u0105cych czysto\u015b\u0107 i wydajno\u015b\u0107. RAW Classic Connoisseur King Size Slim Rolling Papers honoruje to dziedzictwo, oferuj\u0105c wyrafinowan\u0105, naturaln\u0105 opcj\u0119 dla nowoczesnych tytoni poszukuj\u0105cych autentyczno\u015bci i jako\u015bci podczas ka\u017cdej sesji palenia.<\/p>\n<h2>Jak korzysta\u0107 z RAW Classic Connoisseur King Size Slim Rolling Papers<\/h2>\n<p>U\u017cywanie bibu\u0142ek RAW Classic Connoisseur King Size Slim Rolling Papers jest proste i poprawia wra\u017cenia z palenia dzi\u0119ki \u0142atwo\u015bci i jako\u015bci. Wybierz jedn\u0105 z 50 bibu\u0142ek King Size Slim i pasuj\u0105c\u0105 ko\u0144c\u00f3wk\u0119 z opakowania, zabezpieczon\u0105 elastyczn\u0105 opask\u0105 RAWified. Zwi\u0144 ko\u0144c\u00f3wk\u0119 w ciasny cylinder i umie\u015b\u0107 j\u0105 na jednym ko\u0144cu bibu\u0142ki. Dodaj materia\u0142 do palenia r\u00f3wnomiernie wzd\u0142u\u017c \u015brodka bibu\u0142ki, idealny do d\u0142u\u017cszych joint\u00f3w lub sto\u017ck\u00f3w. Z\u0142\u00f3\u017c bibu\u0142k\u0119, wsuwaj\u0105c jedn\u0105 kraw\u0119d\u017a pod drug\u0105, i delikatnie zwi\u0144, aby nada\u0107 jej kszta\u0142t. Poli\u017c naturalny pasek kleju, aby uszczelni\u0107 papier, zapewniaj\u0105c ciasne, r\u00f3wnomierne zwijanie i powolne, czyste spalanie. Zapal jointa i ciesz si\u0119 aromatyczn\u0105 sesj\u0105 palenia o niskiej zawarto\u015bci popio\u0142u. Bletek RAW Classic Connoisseur King Size Slim Rolling Papers nale\u017cy u\u017cywa\u0107 w swobodnej atmosferze, solo lub z przyjaci\u00f3\u0142mi, aby doceni\u0107 ich czyst\u0105 jako\u015b\u0107. Przechowuj paczk\u0119 w ch\u0142odnym, suchym miejscu, aby zachowa\u0107 integralno\u015b\u0107. Odpowiednie dla wszystkich poziom\u00f3w umiej\u0119tno\u015bci, te bibu\u0142ki i ko\u0144c\u00f3wki zapewniaj\u0105 wyrafinowany, przyjazny dla \u015brodowiska rytua\u0142 palenia przy minimalnym wysi\u0142ku i maksymalnym smaku.<\/p>\n<h2>Sk\u0142adniki RAW Classic Connoisseur King Size Slim Rolling Papers<\/h2>\n<p>Fajki RAW Classic Connoisseur King Size Slim Rolling Papers s\u0105 wykonane z najwy\u017cszej jako\u015bci naturalnych materia\u0142\u00f3w, aby zapewni\u0107 czyste, przyjazne dla \u015brodowiska wra\u017cenia z palenia. Podstawowym sk\u0142adnikiem s\u0105 niebielone organiczne konopie, pozyskiwane z ro\u015blin uprawianych w spos\u00f3b zr\u00f3wnowa\u017cony, zaprojektowane do powolnego, r\u00f3wnomiernego spalania z minimaln\u0105 ilo\u015bci\u0105 popio\u0142u. Naturalna guma, pochodz\u0105ca ze \u017ar\u00f3de\u0142 ro\u015blinnych, takich jak akacja, s\u0142u\u017cy jako klej, zapewniaj\u0105c bezpieczne uszczelnienie bez dodatk\u00f3w chemicznych. Do\u0142\u0105czone ko\u0144c\u00f3wki wykonane s\u0105 z naturalnego, niebielonego papieru, zapewniaj\u0105c solidny, przyjazny dla \u015brodowiska ustnik. Wolne od chloru, polepszaczy spalania czy sztucznych substancji, fajki RAW Classic Connoisseur King Size Slim Rolling Papers stawiaj\u0105 na czysto\u015b\u0107 i zr\u00f3wnowa\u017cony rozw\u00f3j, co przemawia do palaczy dbaj\u0105cych o zdrowie. Ka\u017cdy komponent jest starannie przetwarzany w celu zachowania sp\u00f3jno\u015bci i trwa\u0142o\u015bci, zapewniaj\u0105c niezawodn\u0105 rolk\u0119 za ka\u017cdym razem. Opakowanie z elastyczn\u0105 opask\u0105, wykonane z ekologicznych materia\u0142\u00f3w, u\u0142atwia przenoszenie. Bletki RAW Classic Connoisseur King Size Slim Rolling Papers nale\u017cy przechowywa\u0107 w ch\u0142odnym i suchym miejscu, aby zachowa\u0107 ich jako\u015b\u0107. Ta minimalistyczna formu\u0142a na bazie konopi wyr\u00f3\u017cnia je jako wyb\u00f3r premium dla palaczy poszukuj\u0105cych czystych, autentycznych wra\u017ce\u0144, zapewniaj\u0105c, \u017ce ka\u017cdy joint jest wzmocniony czysto\u015bci\u0105 i kunsztem tych produkowanych w spos\u00f3b zr\u00f3wnowa\u017cony bibu\u0142ek i ko\u0144c\u00f3wek.<\/p>\n<p><strong>Ostrze\u017cenie<\/strong><br \/>\nPrzechowywa\u0107 w miejscu niedost\u0119pnym dla dzieci. Produkt nieodpowiedni dla os\u00f3b poni\u017cej 18 roku \u017cycia, kobiet w ci\u0105\u017cy i os\u00f3b z chorobami uk\u0142adu oddechowego.<\/p>","protected":false},"excerpt":{"rendered":"<p dir=\"auto\">Zestaw RAW Classic Connoisseur King Size Slim Rolling Papers, niebielony i niezawieraj\u0105cy chloru, oferuje 50 wolno pal\u0105cych si\u0119 bibu\u0142ek i ko\u0144c\u00f3wek w opakowaniu. Wykonany z naturalnych konopi, ten przyjazny dla \u015brodowiska zestaw zapewnia czyste, aromatyczne doznania podczas palenia.<\/p>","protected":false},"featured_media":44868,"template":"","meta":[],"product_brand":[],"product_cat":[492,297,488,494,471,559,564],"product_tag":[],"class_list":{"0":"post-42609","1":"product","2":"type-product","3":"status-publish","4":"has-post-thumbnail","6":"product_cat-rolling-papers","7":"product_cat-all-products","8":"product_cat-headshop","9":"product_cat-papers-with-tips","10":"product_cat-raw","11":"product_cat-slim-papers","12":"product_cat-unbleached-rolling-papers","13":"product_shipping_class-creditcard-on","15":"first","16":"instock","17":"taxable","18":"shipping-taxable","19":"purchasable","20":"product-type-variable","21":"has-default-attributes"},"_links":{"self":[{"href":"https:\/\/www.tatanka.nl\/pl\/wp-json\/wp\/v2\/product\/42609","targetHints":{"allow":["GET"]}}],"collection":[{"href":"https:\/\/www.tatanka.nl\/pl\/wp-json\/wp\/v2\/product"}],"about":[{"href":"https:\/\/www.tatanka.nl\/pl\/wp-json\/wp\/v2\/types\/product"}],"wp:featuredmedia":[{"embeddable":true,"href":"https:\/\/www.tatanka.nl\/pl\/wp-json\/wp\/v2\/media\/44868"}],"wp:attachment":[{"href":"https:\/\/www.tatanka.nl\/pl\/wp-json\/wp\/v2\/media?parent=42609"}],"wp:term":[{"taxonomy":"product_brand","embeddable":true,"href":"https:\/\/www.tatanka.nl\/pl\/wp-json\/wp\/v2\/product_brand?post=42609"},{"taxonomy":"product_cat","embeddable":true,"href":"https:\/\/www.tatanka.nl\/pl\/wp-json\/wp\/v2\/product_cat?post=42609"},{"taxonomy":"product_tag","embeddable":true,"href":"https:\/\/www.tatanka.nl\/pl\/wp-json\/wp\/v2\/product_tag?post=42609"}],"curies":[{"name":"wp","href":"https:\/\/api.w.org\/{rel}","templated":true}]}}