{"id":42615,"date":"2022-03-14T10:32:42","date_gmt":"2022-03-14T08:32:42","guid":{"rendered":"https:\/\/www.tatanka.nl\/?post_type=product&#038;p=42615"},"modified":"2025-07-08T12:53:55","modified_gmt":"2025-07-08T11:53:55","slug":"raw-organic-hemp-king-size-slim-rolling-papers","status":"publish","type":"product","link":"https:\/\/www.tatanka.nl\/pl\/raw-organic-hemp-king-size-slim-rolling-papers\/","title":{"rendered":"Raw Organic Hemp King Size Slim Rolling Papers"},"content":{"rendered":"<h2>Czym s\u0105 organiczne konopie RAW King Size Slim Rolling Papers?<\/h2>\n<p>RAW Organic Hemp King Size Slim Rolling Papers to najwy\u017cszej jako\u015bci, ekologiczne bibu\u0142ki do palenia zaprojektowane z my\u015bl\u0105 o doskona\u0142ych doznaniach podczas zwijania. Ka\u017cde opakowanie zawiera 32 niebielone, niezawieraj\u0105ce chloru bibu\u0142ki o \u015brednicy 110 mm, wykonane z organicznych konopi i zapewniaj\u0105ce czyste, powolne spalanie. Zaprojektowane w celu zminimalizowania smaku papieru, bibu\u0142ki RAW Organic Hemp King Size Slim Rolling Papers zachowuj\u0105 naturalny smak materia\u0142u do palenia, dzi\u0119ki czemu idealnie nadaj\u0105 si\u0119 do wi\u0119kszych joint\u00f3w. Produkowane bez dodatk\u00f3w do spalania, papiery te odzwierciedlaj\u0105 zaanga\u017cowanie RAW w wysokiej jako\u015bci, zr\u00f3wnowa\u017cone produkty. Idealne zar\u00f3wno dla pocz\u0105tkuj\u0105cych, jak i do\u015bwiadczonych palaczy, bletki RAW Organic Hemp King Size Slim Rolling Papers oferuj\u0105 czyst\u0105, niezafa\u0142szowan\u0105 sesj\u0119 palenia, odpowiedni\u0105 do osobistego relaksu lub spotka\u0144 towarzyskich. Ich smuk\u0142a konstrukcja redukuje nadmiar papieru, zapewniaj\u0105c zr\u00f3wnowa\u017con\u0105 rolk\u0119 w por\u00f3wnaniu z tradycyjnymi papierami king-size. Przyjazny dla \u015brodowiska, organiczny sk\u0142ad konopi przemawia do \u015bwiadomych zdrowia palaczy, kt\u00f3rzy ceni\u0105 sobie autentyczno\u015b\u0107 i zr\u00f3wnowa\u017cony rozw\u00f3j. \u0141atwe w u\u017cyciu i przeno\u015bne bibu\u0142ki RAW Organic Hemp King Size Slim Rolling Papers podnosz\u0105 jako\u015b\u0107 ka\u017cdego jointa dzi\u0119ki swojej naturalnej czysto\u015bci i sta\u0142ej wydajno\u015bci, uosabiaj\u0105c misj\u0119 firmy RAW polegaj\u0105c\u0105 na zrewolucjonizowaniu palenia dzi\u0119ki pomys\u0142owemu, odpowiedzialnemu ekologicznie rzemios\u0142u, zapewniaj\u0105cemu smakowe, wysokiej jako\u015bci doznania.<\/p>\n<h2>Historia RAW Organic Hemp King Size Slim Rolling Papers<\/h2>\n<p>Historia tytoniu RAW Organic Hemp King Size Slim Rolling Papers jest powi\u0105zana z misj\u0105 firmy RAW polegaj\u0105c\u0105 na przewodzeniu w bran\u017cy bibu\u0142ek z naturalnymi, innowacyjnymi produktami. Za\u0142o\u017cona na pocz\u0105tku XXI wieku firma RAW odpowiedzia\u0142a na rosn\u0105ce zapotrzebowanie na ekologiczne, nieprzetworzone akcesoria do palenia, szczeg\u00f3lnie w Ameryce P\u00f3\u0142nocnej i Europie. Tradycyjne bibu\u0142ki cz\u0119sto zawiera\u0142y dodatki chemiczne, co sk\u0142oni\u0142o firm\u0119 RAW do stworzenia niebielonych, organicznych bibu\u0142ek konopnych wolnych od wzmacniaczy spalania. Papiery RAW Organic Hemp King Size Slim Rolling Papers zosta\u0142y wprowadzone, aby zaspokoi\u0107 potrzeby palaczy preferuj\u0105cych wi\u0119ksze, smuklejsze bletki, oferuj\u0105c wyrafinowan\u0105 alternatyw\u0119 dla starszych format\u00f3w king-size. Ta innowacja odzwierciedla zmian\u0119 kulturow\u0105 w kierunku \u015bwiadomych zdrowotnie i zr\u00f3wnowa\u017conych praktyk palenia, podkre\u015blaj\u0105c czysto\u015b\u0107 i odpowiedzialno\u015b\u0107 za \u015brodowisko. Papiery te, wyprodukowane z organicznych konopi, czerpi\u0105 z wielowiekowego wykorzystania konopi w kulturze palenia, jednocze\u015bnie wprowadzaj\u0105c nowoczesne standardy przyjazne dla \u015brodowiska. Smuk\u0142a konstrukcja i czyste spalanie sprawi\u0142y, \u017ce RAW Organic Hemp King Size Slim Rolling Papers sta\u0142 si\u0119 ulubie\u0144cem w\u015br\u00f3d entuzjast\u00f3w, podkre\u015blaj\u0105c wp\u0142yw RAW na rewolucj\u0119 w akcesoriach do palenia. Ich popularno\u015b\u0107 podkre\u015bla trend w kierunku naturalnych, wysokiej jako\u015bci produkt\u00f3w, co czyni je idealnym wyborem dla palaczy poszukuj\u0105cych autentyczno\u015bci i doskona\u0142o\u015bci w ka\u017cdej rolce.<\/p>\n<h2>Jak stosowa\u0107 RAW Organic Hemp King Size Slim Rolling Papers<\/h2>\n<p>Korzystanie z bibu\u0142ek RAW Organic Hemp King Size Slim Rolling Papers jest proste i poprawia wra\u017cenia z palenia dzi\u0119ki \u0142atwo\u015bci i jako\u015bci. Wybierz z opakowania jeden z 32 cienkich bibu\u0142ek king-size o \u015brednicy 110 mm. Umie\u015b\u0107 materia\u0142 do palenia r\u00f3wnomiernie wzd\u0142u\u017c \u015brodka bibu\u0142ki, korzystaj\u0105c z jej smuk\u0142ej konstrukcji w celu uzyskania wi\u0119kszych, zr\u00f3wnowa\u017conych po\u0142\u0105cze\u0144. Z\u0142\u00f3\u017c bibu\u0142k\u0119 na p\u00f3\u0142, wsuwaj\u0105c jedn\u0105 kraw\u0119d\u017a pod drug\u0105, i delikatnie zwi\u0144 mi\u0119dzy palcami, aby nada\u0107 jej kszta\u0142t. Poli\u017c naturalny pasek kleju, aby uszczelni\u0107 papier, zapewniaj\u0105c ciasne, r\u00f3wnomierne zwijanie i powolne, czyste palenie. Zapal jointa i ciesz si\u0119 aromatyczn\u0105, czyst\u0105 sesj\u0105 palenia z minimaln\u0105 ilo\u015bci\u0105 popio\u0142u. U\u017cywaj tytoniu RAW Organic Hemp King Size Slim Rolling Papers w spokojnym otoczeniu, solo lub z przyjaci\u00f3\u0142mi, aby doceni\u0107 jego czyst\u0105, naturaln\u0105 jako\u015b\u0107. Przechowuj paczk\u0119 w ch\u0142odnym, suchym miejscu, aby zachowa\u0107 integralno\u015b\u0107 bibu\u0142ek. Odpowiednie dla wszystkich poziom\u00f3w umiej\u0119tno\u015bci, bletki te sprawiaj\u0105, \u017ce zwijanie jest \u0142atwe i sp\u00f3jne. Niebielone, organiczne konopie zapewniaj\u0105 czysto\u015b\u0107 smaku, dzi\u0119ki czemu bibu\u0142ki RAW Organic Hemp King Size Slim Rolling Papers s\u0105 najlepszym wyborem do wyrafinowanego, ekologicznego rytua\u0142u palenia.<\/p>\n<h2>Sk\u0142adniki RAW Organic Hemp King Size Slim Rolling Papers<\/h2>\n<p>Fajki RAW Organic Hemp King Size Slim Rolling Papers s\u0105 wykonane z najwy\u017cszej jako\u015bci naturalnych materia\u0142\u00f3w, aby zapewni\u0107 czyste, przyjazne dla \u015brodowiska wra\u017cenia z palenia. Podstawowym sk\u0142adnikiem s\u0105 niebielone organiczne konopie, pozyskiwane z ro\u015blin uprawianych w spos\u00f3b zr\u00f3wnowa\u017cony, zaprojektowane do powolnego, r\u00f3wnomiernego spalania z minimaln\u0105 ilo\u015bci\u0105 popio\u0142u. Naturalna guma, pochodz\u0105ca ze \u017ar\u00f3de\u0142 ro\u015blinnych, takich jak akacja, s\u0142u\u017cy jako klej, zapewniaj\u0105c bezpieczne uszczelnienie bez dodatk\u00f3w chemicznych. Wolne od chloru, polepszaczy spalania i sztucznych substancji, bibu\u0142ki RAW Organic Hemp King Size Slim Rolling Papers stawiaj\u0105 na czysto\u015b\u0107 i zr\u00f3wnowa\u017cony rozw\u00f3j, co przemawia do palaczy dbaj\u0105cych o zdrowie. Ka\u017cdy papier jest starannie przetwarzany w celu zachowania sp\u00f3jno\u015bci i trwa\u0142o\u015bci, zapewniaj\u0105c niezawodn\u0105 rolk\u0119 za ka\u017cdym razem. Nierafinowany, organiczny sk\u0142ad konopi minimalizuje smak papieru, pozwalaj\u0105c na wydobycie aromat\u00f3w materia\u0142u do palenia. Papiery te, produkowane metodami przyjaznymi dla \u015brodowiska, odzwierciedlaj\u0105 zaanga\u017cowanie firmy RAW w praktyki przyjazne dla \u015brodowiska. Bibu\u0142ki RAW Organic Hemp King Size Slim Rolling Papers nale\u017cy przechowywa\u0107 w ch\u0142odnym i suchym miejscu, aby zachowa\u0107 ich jako\u015b\u0107. Ta minimalistyczna, naturalna formu\u0142a wyr\u00f3\u017cnia je jako wyb\u00f3r premium dla palaczy poszukuj\u0105cych czystych, autentycznych wra\u017ce\u0144, zapewniaj\u0105c, \u017ce ka\u017cdy joint jest wzmocniony czysto\u015bci\u0105 i kunsztem tych produkowanych w spos\u00f3b zr\u00f3wnowa\u017cony, organicznych papier\u00f3w konopnych.<\/p>\n<p><strong>Ostrze\u017cenie<\/strong><br \/>\nPrzechowywa\u0107 w miejscu niedost\u0119pnym dla dzieci. Produkt nieodpowiedni dla os\u00f3b poni\u017cej 18 roku \u017cycia, kobiet w ci\u0105\u017cy i os\u00f3b z chorobami uk\u0142adu oddechowego.<\/p>","protected":false},"excerpt":{"rendered":"<p dir=\"auto\">Niebielone i niezawieraj\u0105ce chloru bibu\u0142ki RAW Organic Hemp King Size Slim Rolling Papers oferuj\u0105 32 wolno pal\u0105ce si\u0119 bibu\u0142ki w opakowaniu. Wykonane z organicznych konopi, te ekologiczne bibu\u0142ki zapewniaj\u0105 czyste, aromatyczne doznania podczas palenia wi\u0119kszych joint\u00f3w.<\/p>","protected":false},"featured_media":44860,"template":"","meta":[],"product_brand":[],"product_cat":[492,297,488,565,471,559,564],"product_tag":[],"class_list":{"0":"post-42615","1":"product","2":"type-product","3":"status-publish","4":"has-post-thumbnail","6":"product_cat-rolling-papers","7":"product_cat-all-products","8":"product_cat-headshop","9":"product_cat-hemp-rolling-papers","10":"product_cat-raw","11":"product_cat-slim-papers","12":"product_cat-unbleached-rolling-papers","13":"product_shipping_class-creditcard-on","15":"first","16":"instock","17":"taxable","18":"shipping-taxable","19":"purchasable","20":"product-type-variable","21":"has-default-attributes"},"_links":{"self":[{"href":"https:\/\/www.tatanka.nl\/pl\/wp-json\/wp\/v2\/product\/42615","targetHints":{"allow":["GET"]}}],"collection":[{"href":"https:\/\/www.tatanka.nl\/pl\/wp-json\/wp\/v2\/product"}],"about":[{"href":"https:\/\/www.tatanka.nl\/pl\/wp-json\/wp\/v2\/types\/product"}],"wp:featuredmedia":[{"embeddable":true,"href":"https:\/\/www.tatanka.nl\/pl\/wp-json\/wp\/v2\/media\/44860"}],"wp:attachment":[{"href":"https:\/\/www.tatanka.nl\/pl\/wp-json\/wp\/v2\/media?parent=42615"}],"wp:term":[{"taxonomy":"product_brand","embeddable":true,"href":"https:\/\/www.tatanka.nl\/pl\/wp-json\/wp\/v2\/product_brand?post=42615"},{"taxonomy":"product_cat","embeddable":true,"href":"https:\/\/www.tatanka.nl\/pl\/wp-json\/wp\/v2\/product_cat?post=42615"},{"taxonomy":"product_tag","embeddable":true,"href":"https:\/\/www.tatanka.nl\/pl\/wp-json\/wp\/v2\/product_tag?post=42615"}],"curies":[{"name":"wp","href":"https:\/\/api.w.org\/{rel}","templated":true}]}}