{"id":42624,"date":"2022-03-14T10:32:48","date_gmt":"2022-03-14T08:32:48","guid":{"rendered":"https:\/\/www.tatanka.nl\/?post_type=product&#038;p=42624"},"modified":"2025-07-08T12:38:47","modified_gmt":"2025-07-08T11:38:47","slug":"elements-king-size-thin","status":"publish","type":"product","link":"https:\/\/www.tatanka.nl\/pl\/elements-king-size-thin\/","title":{"rendered":"Elements Thin King Size Papers"},"content":{"rendered":"<h2>Co to jest Elements Thin King Size Papers?<\/h2>\n<p>Elements Rolling Papers to najwy\u017cszej jako\u015bci, ekologiczne bibu\u0142ki zaprojektowane z my\u015bl\u0105 o czystym, wysokiej jako\u015bci paleniu. Ka\u017cde opakowanie zawiera 33 bibu\u0142ki typu king-size, niebielone i niezawieraj\u0105ce chloru, stworzone z my\u015bl\u0105 o powolnym i r\u00f3wnomiernym spalaniu z minimaln\u0105 ilo\u015bci\u0105 popio\u0142u. Wyposa\u017cone w opatentowany krzy\u017cowy znak wodny, bibu\u0142ki Elements Rolling Papers zapobiegaj\u0105 powstawaniu zaciek\u00f3w i zapewniaj\u0105 p\u0142ynn\u0105 sesj\u0119 palenia, zachowuj\u0105c naturalny smak materia\u0142u. Produkowane w fabrykach nap\u0119dzanych wiatrem, papiery te odzwierciedlaj\u0105 zaanga\u017cowanie w zr\u00f3wnowa\u017cony rozw\u00f3j i czysto\u015b\u0107, przemawiaj\u0105c do palaczy dbaj\u0105cych o zdrowie. Idealny zar\u00f3wno dla pocz\u0105tkuj\u0105cych, jak i do\u015bwiadczonych palaczy, Elements Rolling Papers oferuje niezawodne, aromatyczne doznania, idealne do osobistego relaksu lub spotka\u0144 towarzyskich. Naturalny klej z gumy cukrowej karmelizuje si\u0119 podczas palenia, dodaj\u0105c subtelnej s\u0142odyczy bez uszczerbku dla smaku. Umieszczone w kompaktowym opakowaniu, Elements Rolling Papers s\u0105 \u0142atwe do przenoszenia i u\u017cytkowania, co czyni je ulubionymi w\u015br\u00f3d wymagaj\u0105cych palaczy. Ich przyjazna dla \u015brodowiska konstrukcja i wyj\u0105tkowa jako\u015b\u0107 spalania podnosz\u0105 jako\u015b\u0107 ka\u017cdego jointa, zapewniaj\u0105c czysty, przyjemny rytua\u0142. Elements Rolling Papers uosabiaj\u0105 r\u00f3wnowag\u0119 tradycji i innowacji, zapewniaj\u0105c czyst\u0105, zr\u00f3wnowa\u017con\u0105 opcj\u0119 dla tych, kt\u00f3rzy ceni\u0105 jako\u015b\u0107 i odpowiedzialno\u015b\u0107 za \u015brodowisko w swoich akcesoriach do palenia.<\/p>\n<h2>Historia Elements Thin King Size Papers<\/h2>\n<p>Historia Elements Rolling Papers jest zakorzeniona w hiszpa\u0144skim regionie Alcoy, znanym jako miejsce narodzin bibu\u0142ek od 1700 roku. Ten g\u00f3rzysty obszar na p\u00f3\u0142noc od Alicante ustanowi\u0142 scen\u0119 dla rzemios\u0142a, z wczesnymi papierami wykonanymi z naturalnych w\u0142\u00f3kien, aby zaspokoi\u0107 potrzeby palaczy. Elements Rolling Papers wy\u0142oni\u0142 si\u0119 jako nowoczesna ewolucja, wykorzystuj\u0105ca zr\u00f3wnowa\u017cone praktyki, takie jak produkcja nap\u0119dzana wiatrem, do tworzenia niebielonych, bezchlorowych bibu\u0142ek. Wprowadzone w celu zaspokojenia popytu na przyjazne dla \u015brodowiska, wysokiej jako\u015bci akcesoria do palenia, papiery te odzwierciedlaj\u0105 zmian\u0119 kulturow\u0105 w kierunku \u015bwiadomej zdrowia i odpowiedzialnej za \u015brodowisko konsumpcji. Opatentowany krzy\u017cowy znak wodny, znak rozpoznawczy Elements Rolling Papers, zosta\u0142 opracowany w celu zapewnienia r\u00f3wnomiernego spalania i zapobiegania zaciekom, poprawiaj\u0105c wra\u017cenia z palenia. Opieraj\u0105c si\u0119 na wielowiekowym dziedzictwie Alcoy, marka \u0142\u0105czy tradycyjne rzemios\u0142o z nowoczesnym zr\u00f3wnowa\u017conym rozwojem, przemawiaj\u0105c do globalnej publiczno\u015bci palaczy. Wzrost popularno\u015bci Elements Rolling Papers odzwierciedla rosn\u0105c\u0105 popularno\u015b\u0107 naturalnych, pozbawionych dodatk\u00f3w produkt\u00f3w w kulturze palenia, szczeg\u00f3lnie w Europie i poza ni\u0105. Ich zaanga\u017cowanie w jako\u015b\u0107 i ekologiczn\u0105 produkcj\u0119 sprawi\u0142o, \u017ce stali si\u0119 oni doskona\u0142ym wyborem dla palaczy poszukuj\u0105cych czystego, aromatycznego do\u015bwiadczenia, kt\u00f3re honoruje bogat\u0105 histori\u0119 bibu\u0142ek.<\/p>\n<h2>Jak u\u017cywa\u0107 Elements Thin King Size Papers<\/h2>\n<p>Korzystanie z Elements Rolling Papers jest proste i zapewnia najwy\u017csz\u0105 jako\u015b\u0107 palenia. Wybierz jeden z 33 niebielonych bibu\u0142ek w rozmiarze king size z opakowania. Umie\u015b\u0107 materia\u0142 do palenia r\u00f3wnomiernie wzd\u0142u\u017c \u015brodka bibu\u0142ki. Z\u0142\u00f3\u017c bibu\u0142k\u0119 na p\u00f3\u0142, wsuwaj\u0105c jedn\u0105 kraw\u0119d\u017a pod drug\u0105 i delikatnie zwi\u0144 mi\u0119dzy palcami, aby nada\u0107 jej kszta\u0142t. Poli\u017c naturalny klej z gumy cukrowej, aby uszczelni\u0107 papier, zapewniaj\u0105c ciasne, r\u00f3wnomierne zwijanie i powolne, czyste palenie. Zapal jointa i ciesz si\u0119 aromatyczn\u0105 sesj\u0105 palenia z minimaln\u0105 ilo\u015bci\u0105 popio\u0142u, dzi\u0119ki krzy\u017cowemu znakowi wodnemu, kt\u00f3ry zapobiega przedostawaniu si\u0119 popio\u0142u. U\u017cywaj tytoniu Elements Rolling Papers w swobodnej atmosferze, w samotno\u015bci lub z przyjaci\u00f3\u0142mi, aby doceni\u0107 jego g\u0142adk\u0105, naturaln\u0105 jako\u015b\u0107. Opakowanie nale\u017cy przechowywa\u0107 w ch\u0142odnym i suchym miejscu, aby zachowa\u0107 integralno\u015b\u0107 papieru. Odpowiednie dla wszystkich poziom\u00f3w umiej\u0119tno\u015bci, bletki te sprawiaj\u0105, \u017ce zwijanie jest \u0142atwe i sp\u00f3jne, idealne do tworzenia idealnych po\u0142\u0105cze\u0144. Przyjazna dla \u015brodowiska, wolno pal\u0105ca si\u0119 konstrukcja zwi\u0119ksza czysto\u015b\u0107 smaku, dzi\u0119ki czemu Elements Rolling Papers jest doskona\u0142ym wyborem do wyrafinowanego rytua\u0142u palenia. Metoda ta zapewnia wysokiej jako\u015bci, przyjemne doznania, podnosz\u0105c jako\u015b\u0107 ka\u017cdego zaci\u0105gni\u0119cia dzi\u0119ki zr\u00f3wnowa\u017conemu kunsztowi i prostocie.<\/p>\n<h2>Sk\u0142adniki Elements Thin King Size Papers<\/h2>\n<p>Elements Rolling Papers s\u0105 wykonane z najwy\u017cszej jako\u015bci, naturalnych materia\u0142\u00f3w, aby zapewni\u0107 czyste, przyjazne dla \u015brodowiska wra\u017cenia z palenia. G\u0142\u00f3wnym sk\u0142adnikiem jest niebielona celuloza, pozyskiwana z w\u0142\u00f3kien ro\u015blinnych, takich jak konopie lub ry\u017c, zaprojektowana do powolnego, r\u00f3wnomiernego spalania, kt\u00f3re wytwarza prawie zero popio\u0142u. Naturalna guma cukrowa, pochodz\u0105ca ze \u017ar\u00f3de\u0142 ro\u015blinnych, s\u0142u\u017cy jako klej, karmelizuj\u0105c si\u0119 podczas palenia, aby doda\u0107 subtelnej s\u0142odyczy bez zmiany smaku materia\u0142u. Wolny od chloru, sztucznych dodatk\u00f3w i szkodliwych substancji chemicznych, Elements Rolling Papers stawia na czysto\u015b\u0107 i zr\u00f3wnowa\u017cony rozw\u00f3j, co przemawia do palaczy dbaj\u0105cych o zdrowie. Opatentowany krzy\u017cowy znak wodny, osadzony w ka\u017cdym papierze, zwi\u0119ksza sp\u00f3jno\u015b\u0107 palenia i zapobiega zaciekom, zapewniaj\u0105c p\u0142ynne doznania. Bibu\u0142ki s\u0105 produkowane w fabrykach nap\u0119dzanych wiatrem, co odzwierciedla zaanga\u017cowanie w ochron\u0119 \u015brodowiska. Ka\u017cdy komponent jest starannie dobierany, aby zachowa\u0107 jako\u015b\u0107 i trwa\u0142o\u015b\u0107, zapewniaj\u0105c niezawodn\u0105 rolk\u0119 za ka\u017cdym razem. Elements Rolling Papers nale\u017cy przechowywa\u0107 w ch\u0142odnym i suchym miejscu, aby zachowa\u0107 ich stan. Ten minimalistyczny, naturalny sk\u0142ad wyr\u00f3\u017cnia je jako wyb\u00f3r premium dla palaczy poszukuj\u0105cych czystych, aromatycznych dozna\u0144, zapewniaj\u0105c, \u017ce ka\u017cdy joint jest wzmocniony czysto\u015bci\u0105 i ekologicznym kunsztem tych produkowanych w spos\u00f3b zr\u00f3wnowa\u017cony, wysokiej jako\u015bci papier\u00f3w.<\/p>\n<p><strong>Ostrze\u017cenie<\/strong><br \/>\nPrzechowywa\u0107 w miejscu niedost\u0119pnym dla dzieci. Produkt nieodpowiedni dla os\u00f3b poni\u017cej 18 roku \u017cycia i kobiet w ci\u0105\u017cy.<\/p>","protected":false},"excerpt":{"rendered":"<p dir=\"auto\">Elements Rolling Papers, niebielone i niezawieraj\u0105ce chloru, oferuj\u0105 33 kr\u00f3lewskie, wolno pal\u0105ce si\u0119 bibu\u0142ki w opakowaniu. Wykonane z naturalnych materia\u0142\u00f3w i z krzy\u017cowym znakiem wodnym, te ekologiczne bibu\u0142ki zapewniaj\u0105 czyste, aromatyczne doznania podczas palenia.<\/p>","protected":false},"featured_media":45258,"template":"","meta":[],"product_brand":[],"product_cat":[492,297,488,558,561,562],"product_tag":[],"class_list":{"0":"post-42624","1":"product","2":"type-product","3":"status-publish","4":"has-post-thumbnail","6":"product_cat-rolling-papers","7":"product_cat-all-products","8":"product_cat-headshop","9":"product_cat-king-size-papers","10":"product_cat-rice-rolling-papers","11":"product_cat-thin-rolling-papers","12":"product_shipping_class-creditcard-on","14":"first","15":"instock","16":"taxable","17":"shipping-taxable","18":"purchasable","19":"product-type-variable","20":"has-default-attributes"},"_links":{"self":[{"href":"https:\/\/www.tatanka.nl\/pl\/wp-json\/wp\/v2\/product\/42624","targetHints":{"allow":["GET"]}}],"collection":[{"href":"https:\/\/www.tatanka.nl\/pl\/wp-json\/wp\/v2\/product"}],"about":[{"href":"https:\/\/www.tatanka.nl\/pl\/wp-json\/wp\/v2\/types\/product"}],"wp:featuredmedia":[{"embeddable":true,"href":"https:\/\/www.tatanka.nl\/pl\/wp-json\/wp\/v2\/media\/45258"}],"wp:attachment":[{"href":"https:\/\/www.tatanka.nl\/pl\/wp-json\/wp\/v2\/media?parent=42624"}],"wp:term":[{"taxonomy":"product_brand","embeddable":true,"href":"https:\/\/www.tatanka.nl\/pl\/wp-json\/wp\/v2\/product_brand?post=42624"},{"taxonomy":"product_cat","embeddable":true,"href":"https:\/\/www.tatanka.nl\/pl\/wp-json\/wp\/v2\/product_cat?post=42624"},{"taxonomy":"product_tag","embeddable":true,"href":"https:\/\/www.tatanka.nl\/pl\/wp-json\/wp\/v2\/product_tag?post=42624"}],"curies":[{"name":"wp","href":"https:\/\/api.w.org\/{rel}","templated":true}]}}