{"id":42643,"date":"2022-03-14T10:32:51","date_gmt":"2022-03-14T08:32:51","guid":{"rendered":"https:\/\/www.tatanka.nl\/?post_type=product&#038;p=42643"},"modified":"2025-07-08T12:19:09","modified_gmt":"2025-07-08T11:19:09","slug":"mascotte-original-king-size","status":"publish","type":"product","link":"https:\/\/www.tatanka.nl\/pl\/mascotte-original-king-size\/","title":{"rendered":"Mascotte Oryginalny rozmiar King"},"content":{"rendered":"<h2>Czym s\u0105 Mascotte Original Rolling Papers?<\/h2>\n<p>Mascotte Original Rolling Papers to najwy\u017cszej jako\u015bci akcesoria do palenia stworzone przez renomowan\u0105 holendersk\u0105 mark\u0119, zaprojektowane z my\u015bl\u0105 o zapewnieniu wyj\u0105tkowych wra\u017ce\u0144 z palenia. Ka\u017cde opakowanie zawiera 34 wolno pal\u0105ce si\u0119 bletki w rozmiarze king size i 34 wst\u0119pnie przyci\u0119te ko\u0144c\u00f3wki, umieszczone w wytrzyma\u0142ej ksi\u0105\u017ceczce ze stylowym magnetycznym zamkni\u0119ciem. Bibu\u0142ki Mascotte Original Rolling Papers zosta\u0142y zaprojektowane z my\u015bl\u0105 o czystym, r\u00f3wnomiernym spalaniu, minimalizuj\u0105c smak papieru, aby umo\u017cliwi\u0107 wydobycie aromat\u00f3w materia\u0142u do palenia. Idealne zar\u00f3wno dla pocz\u0105tkuj\u0105cych, jak i do\u015bwiadczonych bibu\u0142karzy, bibu\u0142ki te wspieraj\u0105 techniki takie jak zwijanie inside-out, zapewniaj\u0105c wszechstronno\u015b\u0107 i precyzj\u0119. Przy \u0142\u0105cznej wadze 14 gram\u00f3w, bibu\u0142ki Mascotte Original Rolling Papers oferuj\u0105 wystarczaj\u0105co du\u017co miejsca na relaksuj\u0105c\u0105 sesj\u0119 palenia wysokiej jako\u015bci. Idealne do u\u017cytku osobistego lub spotka\u0144 towarzyskich, odzwierciedlaj\u0105 160-letnie zaanga\u017cowanie Mascotte w jako\u015b\u0107 bez kompromis\u00f3w. Ich elegancki wygl\u0105d i niezawodna wydajno\u015b\u0107 sprawiaj\u0105, \u017ce Mascotte Original Rolling Papers jest ulubionym modelem w\u015br\u00f3d wymagaj\u0105cych palaczy w ca\u0142ej Europie. Wykonane z naturalnych materia\u0142\u00f3w, stawiaj\u0105 na czysto\u015b\u0107 i sp\u00f3jno\u015b\u0107, podnosz\u0105c ka\u017cdego jointa do rangi wyrafinowanego rytua\u0142u. Papiery te uciele\u015bniaj\u0105 holenderski kunszt, zapewniaj\u0105c g\u0142adkie, aromatyczne doznania dla tych, kt\u00f3rzy ceni\u0105 sobie doskona\u0142o\u015b\u0107 w swoich akcesoriach do palenia.<\/p>\n<h2>Historia Mascotte Original Rolling Papers<\/h2>\n<p>Historia Mascotte Original Rolling Papers jest g\u0142\u0119boko zwi\u0105zana z bogat\u0105 kultur\u0105 palenia w Holandii, \u015bwiatowym centrum akcesori\u00f3w do palenia premium. Przez ponad 160 lat firma Mascotte doskonali\u0142a sztuk\u0119 produkcji bibu\u0142ek, staj\u0105c si\u0119 liderem jako\u015bci i innowacji. Wraz z ewolucj\u0105 preferencji dotycz\u0105cych palenia, popyt na wi\u0119ksze, wolniej pal\u0105ce si\u0119 bibu\u0142ki doprowadzi\u0142 do stworzenia Mascotte Original Rolling Papers, zaprojektowanego tak, aby oferowa\u0107 czyste, aromatyczne doznania. W\u0142\u0105czenie ko\u0144c\u00f3wek i ksi\u0105\u017ceczki z magnetycznym zamkni\u0119ciem odzwierciedla odpowied\u017a na potrzeby palaczy w zakresie wygody i trwa\u0142o\u015bci. Ta innowacja jest zgodna z szerszym trendem w kierunku wysokiej jako\u015bci, przyjaznych dla u\u017cytkownika materia\u0142\u00f3w do palenia, szczeg\u00f3lnie w Europie, gdzie kunszt jest najwa\u017cniejszy. Bezkompromisowe podej\u015bcie Mascotte, zakorzenione w holenderskiej wiedzy, sprawi\u0142o, \u017ce Mascotte Original Rolling Papers sta\u0142 si\u0119 podstaw\u0105 w\u015br\u00f3d entuzjast\u00f3w. Ich wzrost popularno\u015bci odzwierciedla zmian\u0119 kulturow\u0105 w kierunku naturalnych akcesori\u00f3w premium, kt\u00f3re wzmacniaj\u0105 rytua\u0142 palenia. \u0141\u0105cz\u0105c tradycyjne techniki z nowoczesnymi standardami, Mascotte Original Rolling Papers honoruje dziedzictwo kultury walcowania, jednocze\u015bnie spe\u0142niaj\u0105c wymagania wsp\u00f3\u0142czesnych wymagaj\u0105cych palaczy, oferuj\u0105c niezawodn\u0105, wysokiej jako\u015bci opcj\u0119 dla tych, kt\u00f3rzy szukaj\u0105 autentyczno\u015bci i doskona\u0142o\u015bci w ka\u017cdym joincie.<\/p>\n<h2>Jak u\u017cywa\u0107 Mascotte Original Rolling Papers<\/h2>\n<p>Korzystanie z Mascotte Original Rolling Papers jest proste i zwi\u0119ksza komfort palenia dzi\u0119ki \u0142atwo\u015bci i precyzji. Wybierz papier king-size i wst\u0119pnie przyci\u0119t\u0105 ko\u0144c\u00f3wk\u0119 z ksi\u0105\u017ceczki z magnetycznym zamkni\u0119ciem. Zwi\u0144 ko\u0144c\u00f3wk\u0119 w ciasny cylinder i umie\u015b\u0107 j\u0105 na jednym ko\u0144cu papieru. Dodaj materia\u0142 do palenia, rozprowadzaj\u0105c go r\u00f3wnomiernie na ca\u0142ej d\u0142ugo\u015bci bibu\u0142ki. Z\u0142\u00f3\u017c papier, wsuwaj\u0105c jedn\u0105 kraw\u0119d\u017a pod drug\u0105, i zwi\u0144 ciasno wok\u00f3\u0142 ko\u0144c\u00f3wki i materia\u0142u. Poli\u017c pasek samoprzylepny, aby uszczelni\u0107 jointa, zapewniaj\u0105c g\u0142adkie, r\u00f3wnomierne zwijanie i powolne palenie. Zapal jointa i ciesz si\u0119 czystym, aromatycznym paleniem. U\u017cywaj fajek Mascotte Original Rolling Papers w swobodnej atmosferze, solo lub z przyjaci\u00f3\u0142mi, aby doceni\u0107 ich jako\u015b\u0107. Ksi\u0105\u017ceczk\u0119 nale\u017cy przechowywa\u0107 w ch\u0142odnym, suchym miejscu, aby zachowa\u0107 integralno\u015b\u0107 bibu\u0142ek. Papiery te, odpowiednie dla wszystkich poziom\u00f3w umiej\u0119tno\u015bci, umo\u017cliwiaj\u0105 zwijanie od wewn\u0105trz na zewn\u0105trz i zapewniaj\u0105 sp\u00f3jne rezultaty. Ich powolne spalanie zwi\u0119ksza czysto\u015b\u0107 smaku, dzi\u0119ki czemu bibu\u0142ki Mascotte Original Rolling Papers s\u0105 idealne do wyrafinowanego rytua\u0142u palenia. Ta prosta metoda zapewnia wysokiej jako\u015bci, przyjemne doznania, przekszta\u0142caj\u0105c ka\u017cdego jointa w chwil\u0119 relaksu i satysfakcji przy minimalnym wysi\u0142ku.<\/p>\n<h2>Sk\u0142adniki Mascotte Original Rolling Papers<\/h2>\n<p>Mascotte Original Rolling Papers s\u0105 wykonane z najwy\u017cszej jako\u015bci, naturalnych materia\u0142\u00f3w, aby zapewni\u0107 czyste, wysokiej jako\u015bci doznania podczas palenia. G\u0142\u00f3wnym sk\u0142adnikiem jest ultracienka celuloza, pozyskiwana z w\u0142\u00f3kien ro\u015blinnych, takich jak konopie lub len, zaprojektowana do powolnego, r\u00f3wnomiernego spalania przy minimalnym posmaku papieru. Do\u0142\u0105czone ko\u0144c\u00f3wki wykonane s\u0105 z wytrzyma\u0142ego, naturalnego papieru, zapewniaj\u0105c niezawodny ustnik. Naturalna guma, pochodz\u0105ca ze \u017ar\u00f3de\u0142 ro\u015blinnych, takich jak akacja, s\u0142u\u017cy jako klej do bezpiecznego uszczelniania podczas zwijania. Wolne od wybielaczy, sztucznych dodatk\u00f3w i szkodliwych chemikali\u00f3w, bibu\u0142ki Mascotte Original Rolling Papers stawiaj\u0105 na czysto\u015b\u0107 i bezpiecze\u0144stwo, przyci\u0105gaj\u0105c uwag\u0119 palaczy dbaj\u0105cych o zdrowie. Bibu\u0142ki i ko\u0144c\u00f3wki s\u0105 umieszczone w wytrzyma\u0142ej ksi\u0105\u017ceczce z magnetycznym zamkni\u0119ciem, wykonanej z tworzywa sztucznego.<\/p>","protected":false},"excerpt":{"rendered":"<p dir=\"auto\">Mascotte Original Rolling Papers, holenderska marka premium, oferuje 34 kr\u00f3lewskie, wolno pal\u0105ce si\u0119 bibu\u0142ki i wskaz\u00f3wki w wytrzyma\u0142ej ksi\u0105\u017ceczce z magnetycznym zamkni\u0119ciem. Zaprojektowane z my\u015bl\u0105 o p\u0142ynnym, wysokiej jako\u015bci paleniu, bibu\u0142ki te zapewniaj\u0105 idealny joint za ka\u017cdym razem.<\/p>","protected":false},"featured_media":43571,"template":"","meta":[],"product_brand":[],"product_cat":[492,297,488,558,461,493],"product_tag":[],"class_list":{"0":"post-42643","1":"product","2":"type-product","3":"status-publish","4":"has-post-thumbnail","6":"product_cat-rolling-papers","7":"product_cat-all-products","8":"product_cat-headshop","9":"product_cat-king-size-papers","10":"product_cat-mascotte","11":"product_cat-papers","12":"product_shipping_class-creditcard-on","14":"first","15":"instock","16":"taxable","17":"shipping-taxable","18":"purchasable","19":"product-type-variable","20":"has-default-attributes"},"_links":{"self":[{"href":"https:\/\/www.tatanka.nl\/pl\/wp-json\/wp\/v2\/product\/42643","targetHints":{"allow":["GET"]}}],"collection":[{"href":"https:\/\/www.tatanka.nl\/pl\/wp-json\/wp\/v2\/product"}],"about":[{"href":"https:\/\/www.tatanka.nl\/pl\/wp-json\/wp\/v2\/types\/product"}],"wp:featuredmedia":[{"embeddable":true,"href":"https:\/\/www.tatanka.nl\/pl\/wp-json\/wp\/v2\/media\/43571"}],"wp:attachment":[{"href":"https:\/\/www.tatanka.nl\/pl\/wp-json\/wp\/v2\/media?parent=42643"}],"wp:term":[{"taxonomy":"product_brand","embeddable":true,"href":"https:\/\/www.tatanka.nl\/pl\/wp-json\/wp\/v2\/product_brand?post=42643"},{"taxonomy":"product_cat","embeddable":true,"href":"https:\/\/www.tatanka.nl\/pl\/wp-json\/wp\/v2\/product_cat?post=42643"},{"taxonomy":"product_tag","embeddable":true,"href":"https:\/\/www.tatanka.nl\/pl\/wp-json\/wp\/v2\/product_tag?post=42643"}],"curies":[{"name":"wp","href":"https:\/\/api.w.org\/{rel}","templated":true}]}}