{"id":42644,"date":"2022-03-14T10:32:51","date_gmt":"2022-03-14T08:32:51","guid":{"rendered":"https:\/\/www.tatanka.nl\/?post_type=product&#038;p=42644"},"modified":"2025-07-08T12:23:20","modified_gmt":"2025-07-08T11:23:20","slug":"mascotte-original-slim-size-rolling-papers","status":"publish","type":"product","link":"https:\/\/www.tatanka.nl\/pl\/mascotte-original-slim-size-rolling-papers\/","title":{"rendered":"Mascotte Oryginalny w\u0105ski rozmiar Rolling Papers"},"content":{"rendered":"<h2>Czym s\u0105 Mascotte Original Slim Rolling Papers?<\/h2>\n<p>Mascotte Original Slim Rolling Papers to najwy\u017cszej klasy akcesoria do palenia od renomowanej holenderskiej marki, stworzone z my\u015bl\u0105 o zapewnieniu doskona\u0142ych wra\u017ce\u0144 podczas zwijania. Ka\u017cde opakowanie zawiera 34 cienkie, wolno pal\u0105ce si\u0119 bletki o wadze 14 gram\u00f3w, umieszczone w wytrzyma\u0142ej ksi\u0105\u017ceczce ze stylowym magnetycznym zamkni\u0119ciem. Zaprojektowane z my\u015bl\u0105 o zminimalizowaniu posmaku papieru, bletki Mascotte Original Slim Rolling Papers zapewniaj\u0105 czyst\u0105, aromatyczn\u0105 sesj\u0119 palenia, pozwalaj\u0105c zab\u0142ysn\u0105\u0107 naturalnej esencji materia\u0142u. Idealne zar\u00f3wno dla nowicjuszy, jak i ekspert\u00f3w, bibu\u0142ki te oferuj\u0105 precyzj\u0119 i \u0142atwo\u015b\u0107, dzi\u0119ki czemu idealnie nadaj\u0105 si\u0119 do osobistego relaksu lub spotka\u0144 towarzyskich. Dzi\u0119ki 160-letniemu do\u015bwiadczeniu, zaanga\u017cowanie Mascotte w jako\u015b\u0107 przejawia si\u0119 w ka\u017cdym szczeg\u00f3le, od powolnego spalania po solidne opakowanie. Mascotte Original Slim Rolling Papers s\u0105 przeznaczone dla wymagaj\u0105cych palaczy, kt\u00f3rzy ceni\u0105 sobie czysto\u015b\u0107 i wydajno\u015b\u0107, zapewniaj\u0105c niezawodn\u0105, wysokiej jako\u015bci opcj\u0119 do stworzenia idealnego jointa. Ich elegancki wygl\u0105d i r\u00f3wnomierne spalanie sprawiaj\u0105, \u017ce s\u0105 one ulubionymi w ca\u0142ej Europie, podnosz\u0105c ka\u017cdy rytua\u0142 palenia dzi\u0119ki holenderskiemu kunsztowi i bezkompromisowej doskona\u0142o\u015bci, zapewniaj\u0105c p\u0142ynne, przyjemne doznania wszystkim, kt\u00f3rzy szukaj\u0105 najlepszych bibu\u0142ek.<\/p>\n<h2>Historia Mascotte Original Slim Rolling Papers<\/h2>\n<p>Historia Mascotte Original Slim Rolling Papers jest zakorzeniona w holenderskiej kulturze palenia, \u015bwiatowego lidera w dziedzinie akcesori\u00f3w do palenia premium. Przez ponad 160 lat firma Mascotte doskonali\u0142a sztuk\u0119 produkcji bibu\u0142ek, staj\u0105c si\u0119 symbolem jako\u015bci i innowacyjno\u015bci. Wraz z ewolucj\u0105 preferencji dotycz\u0105cych palenia, zapotrzebowanie na smuklejsze, wolniej pal\u0105ce si\u0119 bibu\u0142ki doprowadzi\u0142o do stworzenia Mascotte Original Slim Rolling Papers, zaprojektowanego w celu zwi\u0119kszenia czysto\u015bci smaku. Wprowadzenie ksi\u0105\u017ceczki z magnetycznym zamkni\u0119ciem odzwierciedla odpowied\u017a Mascotte na potrzeby palaczy w zakresie trwa\u0142o\u015bci i wygody. Ta innowacja jest zgodna z szerszym trendem w kierunku wysokiej jako\u015bci, przyjaznych dla u\u017cytkownika materia\u0142\u00f3w do palenia, szczeg\u00f3lnie w Europie, gdzie szanuje si\u0119 kunszt. Mascotte Original Slim Rolling Papers czerpi\u0105 z holenderskiej wiedzy, \u0142\u0105cz\u0105c tradycyjne techniki z nowoczesnymi standardami, aby sprosta\u0107 oczekiwaniom wsp\u00f3\u0142czesnych palaczy. Ich rosn\u0105ca popularno\u015b\u0107 odzwierciedla zmian\u0119 kulturow\u0105 w kierunku naturalnych akcesori\u00f3w premium, kt\u00f3re stawiaj\u0105 na wydajno\u015b\u0107 i czysto\u015b\u0107. Koncentruj\u0105c si\u0119 na jako\u015bci bez kompromis\u00f3w, Mascotte zyska\u0142 lojalnych zwolennik\u00f3w w\u015br\u00f3d ekspert\u00f3w, kt\u00f3rzy ceni\u0105 sobie czyste, sp\u00f3jne wra\u017cenia z palenia, dzi\u0119ki czemu Mascotte Original Slim Rolling Papers sta\u0142 si\u0119 kamieniem w\u0119gielnym nowoczesnej kultury walcowania, znanej z doskona\u0142o\u015bci i niezawodno\u015bci.<\/p>\n<h2>Jak u\u017cywa\u0107 Mascotte Original Slim Rolling Papers<\/h2>\n<p>Korzystanie z Mascotte Original Slim Rolling Papers jest proste i zwi\u0119ksza precyzj\u0119 oraz \u0142atwo\u015b\u0107 palenia. Wybierz jeden z 34 p\u0142askich bibu\u0142ek z ksi\u0105\u017ceczki z magnetycznym zamkni\u0119ciem. Umie\u015b\u0107 materia\u0142 do palenia r\u00f3wnomiernie wzd\u0142u\u017c \u015brodka bibu\u0142ki. Z\u0142\u00f3\u017c bletk\u0119 na p\u00f3\u0142, wsuwaj\u0105c jedn\u0105 kraw\u0119d\u017a pod drug\u0105 i delikatnie zwi\u0144 mi\u0119dzy palcami, aby nada\u0107 jej kszta\u0142t. Poli\u017c pasek samoprzylepny, aby uszczelni\u0107 papier, zapewniaj\u0105c ciasne, r\u00f3wnomierne zwijanie i powolne, czyste palenie. Zapal jointa i ciesz si\u0119 aromatyczn\u0105 sesj\u0105 palenia z minimalnym posmakiem papieru. U\u017cywaj bibu\u0142ek Mascotte Original Slim Rolling Papers w mi\u0142ej atmosferze, w samotno\u015bci lub z przyjaci\u00f3\u0142mi, aby w pe\u0142ni doceni\u0107 ich jako\u015b\u0107. Ksi\u0105\u017ceczk\u0119 nale\u017cy przechowywa\u0107 w ch\u0142odnym, suchym miejscu, aby zachowa\u0107 integralno\u015b\u0107 bibu\u0142ek. Papiery te, odpowiednie dla wszystkich poziom\u00f3w umiej\u0119tno\u015bci, sprawiaj\u0105, \u017ce zwijanie jest proste i sp\u00f3jne, idealne do tworzenia doskona\u0142ych po\u0142\u0105cze\u0144. Ich powolne spalanie zwi\u0119ksza czysto\u015b\u0107 smaku, dzi\u0119ki czemu bibu\u0142ki Mascotte Original Slim Rolling Papers s\u0105 doskona\u0142ym wyborem do wyrafinowanego rytua\u0142u palenia. Metoda ta zapewnia wysokiej jako\u015bci, przyjemne doznania, podnosz\u0105c jako\u015b\u0107 ka\u017cdego zaci\u0105gni\u0119cia si\u0119 z holendersk\u0105 precyzj\u0105 i prostot\u0105.<\/p>\n<h2>Sk\u0142adniki Mascotte Original Slim Rolling Papers<\/h2>\n<p>Mascotte Original Slim Rolling Papers s\u0105 wykonane z najwy\u017cszej jako\u015bci, naturalnych materia\u0142\u00f3w, aby zapewni\u0107 czyste, wysokiej jako\u015bci doznania podczas palenia. Podstawowym sk\u0142adnikiem jest ultracienka celuloza, pozyskiwana z w\u0142\u00f3kien ro\u015blinnych, takich jak konopie lub len, zaprojektowana do powolnego, r\u00f3wnomiernego spalania, kt\u00f3re minimalizuje smak papieru. Naturalna guma, pochodz\u0105ca ze \u017ar\u00f3de\u0142 ro\u015blinnych, takich jak akacja, s\u0142u\u017cy jako klej do bezpiecznego uszczelniania podczas zwijania. Wolne od wybielaczy, sztucznych dodatk\u00f3w i szkodliwych chemikali\u00f3w, bibu\u0142ki Mascotte Original Slim Rolling Papers stawiaj\u0105 na czysto\u015b\u0107 i bezpiecze\u0144stwo, przyci\u0105gaj\u0105c uwag\u0119 palaczy dbaj\u0105cych o zdrowie. Bibu\u0142ki s\u0105 umieszczone w wytrzyma\u0142ej ksi\u0105\u017ceczce z magnetycznym zamkni\u0119ciem, wykonanej z ekologicznych materia\u0142\u00f3w zapewniaj\u0105cych trwa\u0142o\u015b\u0107 i wygod\u0119. Ka\u017cdy element jest starannie dobierany, aby zapewni\u0107 sp\u00f3jno\u015b\u0107, trwa\u0142o\u015b\u0107 i p\u0142ynne palenie, odzwierciedlaj\u0105c 160-letnie zaanga\u017cowanie Mascotte w jako\u015b\u0107. Przechowuj Mascotte Original Slim Rolling Papers w ch\u0142odnym, suchym miejscu, aby zachowa\u0107 ich stan. Ta naturalna, minimalistyczna kompozycja wyr\u00f3\u017cnia je jako wyb\u00f3r premium dla palaczy poszukuj\u0105cych czystych, aromatycznych dozna\u0144, zapewniaj\u0105c, \u017ce ka\u017cdy joint jest wzmocniony czysto\u015bci\u0105 i kunsztem tych holenderskich papier\u00f3w, zapewniaj\u0105c wyrafinowany rytua\u0142 palenia o niezr\u00f3wnanej jako\u015bci i prostocie.<\/p>\n<p><strong>Ostrze\u017cenie<\/strong><br \/>\nPrzechowywa\u0107 w miejscu niedost\u0119pnym dla dzieci. Produkt nieodpowiedni dla os\u00f3b poni\u017cej 18 roku \u017cycia i kobiet w ci\u0105\u017cy.<\/p>","protected":false},"excerpt":{"rendered":"<p dir=\"auto\">Mascotte Original Slim Rolling Papers, holenderska marka premium, oferuje 34 w\u0105skie, wolno pal\u0105ce si\u0119 bibu\u0142ki w wytrzyma\u0142ej ksi\u0105\u017ceczce z magnetycznym zamkni\u0119ciem. Zaprojektowane z my\u015bl\u0105 o jako\u015bci i precyzji, bibu\u0142ki te zapewniaj\u0105 czyste, aromatyczne doznania podczas zwijania.<\/p>","protected":false},"featured_media":43572,"template":"","meta":[],"product_brand":[],"product_cat":[492,297,488,461,493,559],"product_tag":[],"class_list":{"0":"post-42644","1":"product","2":"type-product","3":"status-publish","4":"has-post-thumbnail","6":"product_cat-rolling-papers","7":"product_cat-all-products","8":"product_cat-headshop","9":"product_cat-mascotte","10":"product_cat-papers","11":"product_cat-slim-papers","12":"product_shipping_class-creditcard-on","14":"first","15":"instock","16":"taxable","17":"shipping-taxable","18":"purchasable","19":"product-type-variable","20":"has-default-attributes"},"_links":{"self":[{"href":"https:\/\/www.tatanka.nl\/pl\/wp-json\/wp\/v2\/product\/42644","targetHints":{"allow":["GET"]}}],"collection":[{"href":"https:\/\/www.tatanka.nl\/pl\/wp-json\/wp\/v2\/product"}],"about":[{"href":"https:\/\/www.tatanka.nl\/pl\/wp-json\/wp\/v2\/types\/product"}],"wp:featuredmedia":[{"embeddable":true,"href":"https:\/\/www.tatanka.nl\/pl\/wp-json\/wp\/v2\/media\/43572"}],"wp:attachment":[{"href":"https:\/\/www.tatanka.nl\/pl\/wp-json\/wp\/v2\/media?parent=42644"}],"wp:term":[{"taxonomy":"product_brand","embeddable":true,"href":"https:\/\/www.tatanka.nl\/pl\/wp-json\/wp\/v2\/product_brand?post=42644"},{"taxonomy":"product_cat","embeddable":true,"href":"https:\/\/www.tatanka.nl\/pl\/wp-json\/wp\/v2\/product_cat?post=42644"},{"taxonomy":"product_tag","embeddable":true,"href":"https:\/\/www.tatanka.nl\/pl\/wp-json\/wp\/v2\/product_tag?post=42644"}],"curies":[{"name":"wp","href":"https:\/\/api.w.org\/{rel}","templated":true}]}}