{"id":42646,"date":"2022-03-14T10:32:51","date_gmt":"2022-03-14T08:32:51","guid":{"rendered":"https:\/\/www.tatanka.nl\/?post_type=product&#038;p=42646"},"modified":"2025-07-08T12:32:45","modified_gmt":"2025-07-08T11:32:45","slug":"mascotte-brown-king-size-rolling-papers","status":"publish","type":"product","link":"https:\/\/www.tatanka.nl\/pl\/mascotte-brown-king-size-rolling-papers\/","title":{"rendered":"Mascotte Brown King Size Rolling Papers"},"content":{"rendered":"<h2>Czym s\u0105 Mascotte Brown King Rolling Papers?<\/h2>\n<p>Mascotte Brown King Rolling Papers to najwy\u017cszej jako\u015bci akcesoria do palenia renomowanej holenderskiej marki, zaprojektowane z my\u015bl\u0105 o zapewnieniu wyj\u0105tkowych wra\u017ce\u0144 podczas zwijania. Ka\u017cde opakowanie zawiera 34 niebielone, wolno pal\u0105ce si\u0119 bletki w rozmiarze king size o wadze 14 gram\u00f3w, umieszczone w wytrzyma\u0142ej ksi\u0105\u017ceczce ze stylowym magnetycznym zamkni\u0119ciem. Zaprojektowane w celu zminimalizowania smaku papieru, bletki Mascotte Brown King Rolling Papers zapewniaj\u0105 czyst\u0105, aromatyczn\u0105 sesj\u0119 palenia, pozwalaj\u0105c zab\u0142ysn\u0105\u0107 naturalnej esencji materia\u0142u. Te niebielone bibu\u0142ki, idealne dla os\u00f3b dbaj\u0105cych o zdrowie, wspieraj\u0105 techniki takie jak zwijanie inside-out, oferuj\u0105c wszechstronno\u015b\u0107 zar\u00f3wno pocz\u0105tkuj\u0105cym, jak i do\u015bwiadczonym palaczom. Dzi\u0119ki 160-letniemu do\u015bwiadczeniu, bibu\u0142ki Mascotte Brown King Rolling Papers odzwierciedlaj\u0105 przywi\u0105zanie do jako\u015bci bez kompromis\u00f3w, co czyni je ulubionymi w ca\u0142ej Europie. Idealne do osobistego relaksu lub spotka\u0144 towarzyskich, \u0142\u0105cz\u0105 przyjazne dla \u015brodowiska materia\u0142y z holenderskim rzemios\u0142em, zapewniaj\u0105c wyrafinowany rytua\u0142 palenia. Mascotte Brown King Rolling Papers podnosz\u0105 jako\u015b\u0107 ka\u017cdego jointa dzi\u0119ki powolnemu spalaniu i naturalnej czysto\u015bci, zapewniaj\u0105c wysokiej jako\u015bci, przyjemne doznania dla wymagaj\u0105cych palaczy, kt\u00f3rzy ceni\u0105 autentyczno\u015b\u0107 i wydajno\u015b\u0107 swoich akcesori\u00f3w do palenia.<\/p>\n<h2>Historia Mascotte Brown King Rolling Papers<\/h2>\n<p>Historia Mascotte Brown King Rolling Papers jest zakorzeniona w t\u0119tni\u0105cej \u017cyciem holenderskiej kulturze palenia, w kt\u00f3rej bibu\u0142ki s\u0105 kamieniem w\u0119gielnym od wiek\u00f3w. Mascotte, holenderska marka z ponad 160-letnim do\u015bwiadczeniem, wy\u0142oni\u0142a si\u0119 jako lider w dziedzinie najwy\u017cszej jako\u015bci akcesori\u00f3w do palenia, kieruj\u0105c si\u0119 bezkompromisowym podej\u015bciem do jako\u015bci. Powstanie niebielonych bibu\u0142ek, takich jak Mascotte Brown King Rolling Papers, by\u0142o odpowiedzi\u0105 na rosn\u0105ce zapotrzebowanie na naturalne, przyjazne dla \u015brodowiska materia\u0142y do palenia pod koniec XX wieku. Te kr\u00f3lewskie, wolno pal\u0105ce si\u0119 bibu\u0142ki odzwierciedlaj\u0105 zwrot w kierunku czystszych, \u015bwiadomych zdrowotnie produkt\u00f3w, minimalizuj\u0105cych dodatki chemiczne w celu zwi\u0119kszenia czysto\u015bci smaku. Innowacyjno\u015b\u0107 Mascotte, w tym ksi\u0105\u017ceczka z magnetycznym zamkni\u0119ciem, jest zgodna z ewoluuj\u0105cymi preferencjami wsp\u00f3\u0142czesnych palaczy, kt\u00f3rzy ceni\u0105 sobie trwa\u0142o\u015b\u0107 i wygod\u0119. Czerpi\u0105c z holenderskiego rzemios\u0142a, Mascotte Brown King Rolling Papers \u0142\u0105cz\u0105 tradycyjne techniki ze wsp\u00f3\u0142czesnymi standardami, zdobywaj\u0105c lojalnych zwolennik\u00f3w w\u015br\u00f3d europejskich palaczy. Ich popularno\u015b\u0107 odzwierciedla trend kulturowy w kierunku naturalnych, wysokiej jako\u015bci akcesori\u00f3w, kt\u00f3re priorytetowo traktuj\u0105 wydajno\u015b\u0107 i zr\u00f3wnowa\u017cony rozw\u00f3j. Papiery te honoruj\u0105 dziedzictwo kultury zwijania, jednocze\u015bnie spe\u0142niaj\u0105c potrzeby wsp\u00f3\u0142czesnych wymagaj\u0105cych palaczy, oferuj\u0105c wyrafinowan\u0105, przyjazn\u0105 dla \u015brodowiska opcj\u0119, kt\u00f3ra podnosi jako\u015b\u0107 palenia dzi\u0119ki autentyczno\u015bci i doskona\u0142o\u015bci.<\/p>\n<h2>Jak korzysta\u0107 z Mascotte Brown King Rolling Papers<\/h2>\n<p>Korzystanie z Mascotte Brown King Rolling Papers jest proste i zwi\u0119ksza precyzj\u0119 oraz \u0142atwo\u015b\u0107 palenia. Wybierz jeden z 34 niebielonych bletek w rozmiarze king size z ksi\u0105\u017ceczki z magnetycznym zamkni\u0119ciem. Umie\u015b\u0107 materia\u0142 do palenia r\u00f3wnomiernie wzd\u0142u\u017c \u015brodka bibu\u0142ki. Z\u0142\u00f3\u017c papier na p\u00f3\u0142, wsuwaj\u0105c jedn\u0105 kraw\u0119d\u017a pod drug\u0105 i delikatnie zwi\u0144 mi\u0119dzy palcami, aby uformowa\u0107 zawarto\u015b\u0107. Poli\u017c pasek samoprzylepny, aby uszczelni\u0107 papier, zapewniaj\u0105c ciasne, r\u00f3wnomierne zwijanie i powolne, czyste palenie. Zapal jointa i ciesz si\u0119 aromatyczn\u0105 sesj\u0105 palenia z minimalnym posmakiem papieru. U\u017cywaj bibu\u0142ek Mascotte Brown King Rolling Papers w spokojnej atmosferze, w samotno\u015bci lub z przyjaci\u00f3\u0142mi, aby doceni\u0107 ich naturaln\u0105 jako\u015b\u0107. Ksi\u0105\u017ceczk\u0119 nale\u017cy przechowywa\u0107 w ch\u0142odnym, suchym miejscu, aby zachowa\u0107 integralno\u015b\u0107 papieru. Papiery te, odpowiednie dla wszystkich poziom\u00f3w umiej\u0119tno\u015bci, umo\u017cliwiaj\u0105 zwijanie od wewn\u0105trz na zewn\u0105trz i zapewniaj\u0105 sp\u00f3jne rezultaty. Ich niebielona, wolno pal\u0105ca si\u0119 konstrukcja zwi\u0119ksza czysto\u015b\u0107 smaku, dzi\u0119ki czemu Mascotte Brown King Rolling Papers jest doskona\u0142ym wyborem do wyrafinowanego rytua\u0142u palenia. Metoda ta zapewnia wysokiej jako\u015bci, przyjemne doznania, podnosz\u0105c jako\u015b\u0107 ka\u017cdego zaci\u0105gni\u0119cia si\u0119 tytoniem z holendersk\u0105 precyzj\u0105 i przyjazn\u0105 dla \u015brodowiska prostot\u0105.<\/p>\n<h2>Sk\u0142adniki Mascotte Brown King Rolling Papers<\/h2>\n<p>Mascotte Brown King Rolling Papers s\u0105 wykonane z najwy\u017cszej jako\u015bci, niebielonych materia\u0142\u00f3w, aby zapewni\u0107 czyste, naturalne wra\u017cenia z palenia. Podstawowym sk\u0142adnikiem jest wysokiej jako\u015bci celuloza, pozyskiwana z organicznych w\u0142\u00f3kien ro\u015blinnych, takich jak konopie lub len, zaprojektowana do powolnego, r\u00f3wnomiernego spalania, kt\u00f3re minimalizuje smak papieru. Naturalna guma, pochodz\u0105ca ze \u017ar\u00f3de\u0142 ro\u015blinnych, takich jak akacja, s\u0142u\u017cy jako klej do bezpiecznego uszczelniania podczas zwijania. Wolne od wybielaczy, sztucznych dodatk\u00f3w i szkodliwych chemikali\u00f3w bibu\u0142ki Mascotte Brown King Rolling Papers stawiaj\u0105 na czysto\u015b\u0107 i zr\u00f3wnowa\u017cony rozw\u00f3j, przemawiaj\u0105c do \u015bwiadomych ekologicznie palaczy. Bibu\u0142ki s\u0105 umieszczone w trwa\u0142ej ksi\u0105\u017ceczce z magnetycznym zamkni\u0119ciem, wykonanej z ekologicznych materia\u0142\u00f3w zapewniaj\u0105cych trwa\u0142o\u015b\u0107 i wygod\u0119. Ka\u017cdy element jest starannie dobierany, aby zapewni\u0107 sp\u00f3jno\u015b\u0107, trwa\u0142o\u015b\u0107 i p\u0142ynne palenie, odzwierciedlaj\u0105c 160-letnie zaanga\u017cowanie Mascotte w jako\u015b\u0107. Przechowuj Mascotte Brown King Rolling Papers w ch\u0142odnym, suchym miejscu, aby zachowa\u0107 ich stan. Ta naturalna, minimalistyczna kompozycja wyr\u00f3\u017cnia je jako wyb\u00f3r premium dla palaczy poszukuj\u0105cych czystych, aromatycznych dozna\u0144, zapewniaj\u0105c, \u017ce ka\u017cdy joint jest wzmocniony czysto\u015bci\u0105 i kunsztem tych niebielonych, holenderskich papier\u00f3w, zapewniaj\u0105c wyrafinowany rytua\u0142 palenia o niezr\u00f3wnanej jako\u015bci.<\/p>\n<p><strong>Ostrze\u017cenie<\/strong><br \/>\nPrzechowywa\u0107 w miejscu niedost\u0119pnym dla dzieci. Produkt nieodpowiedni dla os\u00f3b poni\u017cej 18 roku \u017cycia, kobiet w ci\u0105\u017cy i os\u00f3b z chorobami uk\u0142adu oddechowego. U\u017cywaj odpowiedzialnie i unikaj \u0142\u0105czenia z lekami, narkotykami lub alkoholem.<\/p>","protected":false},"excerpt":{"rendered":"<p dir=\"auto\">Mascotte Brown King Rolling Papers, holenderska marka premium, oferuje 34 niebielone, wolno pal\u0105ce si\u0119 bibu\u0142ki w rozmiarze king size w wytrzyma\u0142ej ksi\u0105\u017ceczce z magnetycznym zamkni\u0119ciem. Zaprojektowane z my\u015bl\u0105 o czystym, naturalnym paleniu, bibu\u0142ki te zapewniaj\u0105 wysok\u0105 jako\u015b\u0107 i smak.<\/p>","protected":false},"featured_media":43575,"template":"","meta":[],"product_brand":[],"product_cat":[492,297,488,558,461,564],"product_tag":[],"class_list":{"0":"post-42646","1":"product","2":"type-product","3":"status-publish","4":"has-post-thumbnail","6":"product_cat-rolling-papers","7":"product_cat-all-products","8":"product_cat-headshop","9":"product_cat-king-size-papers","10":"product_cat-mascotte","11":"product_cat-unbleached-rolling-papers","12":"product_shipping_class-creditcard-on","14":"first","15":"instock","16":"taxable","17":"shipping-taxable","18":"purchasable","19":"product-type-variable","20":"has-default-attributes"},"_links":{"self":[{"href":"https:\/\/www.tatanka.nl\/pl\/wp-json\/wp\/v2\/product\/42646","targetHints":{"allow":["GET"]}}],"collection":[{"href":"https:\/\/www.tatanka.nl\/pl\/wp-json\/wp\/v2\/product"}],"about":[{"href":"https:\/\/www.tatanka.nl\/pl\/wp-json\/wp\/v2\/types\/product"}],"wp:featuredmedia":[{"embeddable":true,"href":"https:\/\/www.tatanka.nl\/pl\/wp-json\/wp\/v2\/media\/43575"}],"wp:attachment":[{"href":"https:\/\/www.tatanka.nl\/pl\/wp-json\/wp\/v2\/media?parent=42646"}],"wp:term":[{"taxonomy":"product_brand","embeddable":true,"href":"https:\/\/www.tatanka.nl\/pl\/wp-json\/wp\/v2\/product_brand?post=42646"},{"taxonomy":"product_cat","embeddable":true,"href":"https:\/\/www.tatanka.nl\/pl\/wp-json\/wp\/v2\/product_cat?post=42646"},{"taxonomy":"product_tag","embeddable":true,"href":"https:\/\/www.tatanka.nl\/pl\/wp-json\/wp\/v2\/product_tag?post=42646"}],"curies":[{"name":"wp","href":"https:\/\/api.w.org\/{rel}","templated":true}]}}