{"id":42648,"date":"2022-03-14T10:32:52","date_gmt":"2022-03-14T08:32:52","guid":{"rendered":"https:\/\/www.tatanka.nl\/?post_type=product&#038;p=42648"},"modified":"2025-07-08T11:14:05","modified_gmt":"2025-07-08T10:14:05","slug":"mascotte-extra-thin-combi-slim-size","status":"publish","type":"product","link":"https:\/\/www.tatanka.nl\/pl\/mascotte-extra-thin-combi-slim-size\/","title":{"rendered":"Mascotte Extra Thin Combi Slim Size"},"content":{"rendered":"<h2>Czym s\u0105 Mascotte Combi Rolling Papers?<\/h2>\n<p>Mascotte Combi Rolling Papers to najwy\u017cszej jako\u015bci akcesoria do palenia zaprojektowane z my\u015bl\u0105 o zapewnieniu doskona\u0142ych wra\u017ce\u0144 z palenia. Zestaw ten obejmuje ultracienkie bletki i wst\u0119pnie przyci\u0119te ko\u0144c\u00f3wki, stworzone w celu zminimalizowania zu\u017cycia papieru przy jednoczesnym zapewnieniu powolnego, r\u00f3wnomiernego spalania. Bletki Mascotte Combi Rolling Papers zosta\u0142y zaprojektowane tak, aby zredukowa\u0107 niepo\u017c\u0105dany posmak papieru, pozwalaj\u0105c na wydobycie naturalnych aromat\u00f3w materia\u0142u do palenia. Idealne zar\u00f3wno dla pocz\u0105tkuj\u0105cych, jak i do\u015bwiadczonych fajczarzy, do\u0142\u0105czone ko\u0144c\u00f3wki zapewniaj\u0105 solidny, wygodny ustnik zapewniaj\u0105cy p\u0142ynn\u0105 sesj\u0119 palenia. Ultracienka konstrukcja modelu Mascotte Combi Rolling Papers zapewnia mniejsze spalanie papieru, co przek\u0142ada si\u0119 na czystsze doznania. Te bibu\u0142ki, idealne do osobistego relaksu lub spotka\u0144 towarzyskich, oferuj\u0105 wysok\u0105 jako\u015b\u0107 i wygod\u0119 w kompaktowym opakowaniu. Ich minimalistyczny sk\u0142ad skierowany jest do palaczy, kt\u00f3rzy ceni\u0105 sobie czysto\u015b\u0107 i wydajno\u015b\u0107, dzi\u0119ki czemu ka\u017cdy joint staje si\u0119 wyrafinowanym rytua\u0142em. Niezale\u017cnie od tego, czy palisz w domu, czy w podr\u00f3\u017cy, bibu\u0142ki Mascotte Combi Rolling Papers podnosz\u0105 poziom dozna\u0144 dzi\u0119ki wyj\u0105tkowej cienko\u015bci i sta\u0142emu tempu spalania, przemawiaj\u0105c do entuzjast\u00f3w poszukuj\u0105cych wysokiej jako\u015bci, aromatycznej sesji palenia przy minimalnym wysi\u0142ku i maksymalnej przyjemno\u015bci.<\/p>\n<h2>Historia Mascotte Combi Rolling Papers<\/h2>\n<p>Historia Mascotte Combi Rolling Papers jest zwi\u0105zana z bogat\u0105 tradycj\u0105 kultury palenia, szczeg\u00f3lnie w Europie, gdzie bibu\u0142ki by\u0142y podstaw\u0105 od wiek\u00f3w. Pochodz\u0105ca z Holandii, centrum innowacji w dziedzinie palenia, marka Mascotte wy\u0142oni\u0142a si\u0119 jako marka skoncentrowana na jako\u015bci i praktyczno\u015bci. Opracowanie ultracienkich bibu\u0142ek, takich jak Mascotte Combi Rolling Papers, by\u0142o odpowiedzi\u0105 na rosn\u0105ce zapotrzebowanie na czystsze, mniej inwazyjne do\u015bwiadczenia zwi\u0105zane z paleniem. Wprowadzone w celu zmniejszenia posmaku papieru, kt\u00f3ry cz\u0119sto przy\u0107miewa materia\u0142 do palenia, bibu\u0142ki te odzwierciedlaj\u0105 zmian\u0119 w kierunku czystszych, bardziej aromatycznych joint\u00f3w. W\u0142\u0105czenie ko\u0144c\u00f3wek do opakowania combi zaspokoi\u0142o potrzeb\u0119 wygody, eliminuj\u0105c prowizoryczne rozwi\u0105zania, takie jak podarte skrawki papieru. Innowacja Mascotte wpisuje si\u0119 w szerszy trend w kierunku wysokiej jako\u015bci, przyjaznych dla u\u017cytkownika akcesori\u00f3w do palenia, kt\u00f3re stawiaj\u0105 na wydajno\u015b\u0107 i prostot\u0119. Wzrost popularno\u015bci marki odzwierciedla rosn\u0105ce preferencje dla wysokiej jako\u015bci, minimalistycznych produkt\u00f3w w\u015br\u00f3d wsp\u00f3\u0142czesnych palaczy. Mascotte Combi Rolling Papers \u0142\u0105cz\u0105 holenderskie rzemios\u0142o ze wsp\u00f3\u0142czesnymi potrzebami, oferuj\u0105c wyrafinowane, praktyczne rozwi\u0105zanie dla palaczy. Ich nieprzemijaj\u0105ca atrakcyjno\u015b\u0107 polega na zdolno\u015bci do dostarczania czystego, powolnego spalania, honoruj\u0105c dziedzictwo kultury zwijania, jednocze\u015bnie spe\u0142niaj\u0105c wymagania wsp\u00f3\u0142czesnych wymagaj\u0105cych palaczy.<\/p>\n<h2>Jak korzysta\u0107 z Mascotte Combi Rolling Papers<\/h2>\n<p>Korzystanie z Mascotte Combi Rolling Papers jest proste i zwi\u0119ksza komfort palenia z \u0142atwo\u015bci\u0105 i precyzj\u0105. Zacznij od wybrania wst\u0119pnie przyci\u0119tej ko\u0144c\u00f3wki z do\u0142\u0105czonego opakowania i zwi\u0144 j\u0105 w ciasny, cylindryczny kszta\u0142t. Umie\u015b\u0107 ko\u0144c\u00f3wk\u0119 na jednym ko\u0144cu ultracienkiego bibu\u0142ki Mascotte Combi Rolling Paper, a nast\u0119pnie dodaj materia\u0142 do palenia, rozprowadzaj\u0105c go r\u00f3wnomiernie wzd\u0142u\u017c bibu\u0142ki. Z\u0142\u00f3\u017c i zwi\u0144 bibu\u0142k\u0119 ciasno wok\u00f3\u0142 ko\u0144c\u00f3wki i materia\u0142u, zapewniaj\u0105c bezpieczne dopasowanie. Poli\u017c pasek samoprzylepny, aby uszczelni\u0107 po\u0142\u0105czenie, tworz\u0105c g\u0142adk\u0105, r\u00f3wn\u0105 rolk\u0119. Zapal jointa i ciesz si\u0119 powolnym, aromatycznym paleniem z minimalnym posmakiem papieru. Papieros\u00f3w Mascotte Combi Rolling Papers nale\u017cy u\u017cywa\u0107 w spokojnej atmosferze, w samotno\u015bci lub w gronie przyjaci\u00f3\u0142, aby w pe\u0142ni doceni\u0107 ich jako\u015b\u0107. Przechowuj bibu\u0142ki i ko\u0144c\u00f3wki w ch\u0142odnym, suchym miejscu, aby zachowa\u0107 ich integralno\u015b\u0107. Te bletki i ko\u0144c\u00f3wki, odpowiednie dla wszystkich poziom\u00f3w umiej\u0119tno\u015bci, upraszczaj\u0105 proces zwijania, zapewniaj\u0105c sp\u00f3jno\u015b\u0107 i wygod\u0119. Ultracienka konstrukcja ogranicza nadmiar bibu\u0142ek, zwi\u0119kszaj\u0105c czysto\u015b\u0107 smaku. Mascotte Combi Rolling Papers sprawiaj\u0105, \u017ce zwijanie tytoniu staje si\u0119 p\u0142ynnym, przyjemnym rytua\u0142em, oferuj\u0105cym czyste, wysokiej jako\u015bci doznania, kt\u00f3re podnosz\u0105 jako\u015b\u0107 ka\u017cdego zaci\u0105gni\u0119cia si\u0119 przy minimalnym wysi\u0142ku.<\/p>\n<h2>Sk\u0142adniki Mascotte Combi Rolling Papers<\/h2>\n<p>Mascotte Combi Rolling Papers s\u0105 wykonane z wysokiej jako\u015bci, naturalnych materia\u0142\u00f3w, aby zapewni\u0107 czyste, czyste wra\u017cenia z palenia. Podstawowym sk\u0142adnikiem jest wysokiej jako\u015bci celuloza, pozyskiwana z w\u0142\u00f3kien ro\u015blinnych, takich jak konopie lub len, tworz\u0105c ultracienkie bibu\u0142ki, kt\u00f3re pal\u0105 si\u0119 powoli i r\u00f3wnomiernie. Do\u0142\u0105czone ko\u0144c\u00f3wki wykonane s\u0105 z wytrzyma\u0142ego, naturalnego papieru, zaprojektowanego tak, aby zachowa\u0107 sw\u00f3j kszta\u0142t i zapewni\u0107 wygodny ustnik. Niekt\u00f3re bibu\u0142ki posiadaj\u0105 naturaln\u0105 gum\u0119, klej pochodzenia ro\u015blinnego pozyskiwany z takich \u017ar\u00f3de\u0142 jak akacja, zapewniaj\u0105cy bezpieczne uszczelnienie podczas zwijania. Wolne od sztucznych dodatk\u00f3w i szkodliwych chemikali\u00f3w bibu\u0142ki Mascotte Combi Rolling Papers stawiaj\u0105 na pierwszym miejscu bezpiecze\u0144stwo i czysto\u015b\u0107, przyci\u0105gaj\u0105c uwag\u0119 palaczy dbaj\u0105cych o zdrowie. Niezwykle cienka kompozycja minimalizuje smak papieru, pozwalaj\u0105c wyr\u00f3\u017cni\u0107 si\u0119 smakom materia\u0142u do palenia. Ka\u017cdy komponent zosta\u0142 starannie dobrany, aby zapewni\u0107 sp\u00f3jno\u015b\u0107, trwa\u0142o\u015b\u0107 i p\u0142ynne spalanie, zapewniaj\u0105c niezawodne wra\u017cenia z palenia. Minimalistyczny design opakowania combi odzwierciedla przywi\u0105zanie do jako\u015bci i prostoty, zgodnie z warto\u015bciami ekologicznymi. \u017barna Mascotte Combi Rolling Papers nale\u017cy przechowywa\u0107 w ch\u0142odnym i suchym miejscu, aby zachowa\u0107 ich jako\u015b\u0107. Ta naturalna, wysokiej jako\u015bci formu\u0142a wyr\u00f3\u017cnia je jako wyb\u00f3r premium dla palaczy poszukuj\u0105cych czystego, aromatycznego i bezproblemowego palenia, kt\u00f3re poprawia ka\u017cdy joint z czysto\u015bci\u0105 i precyzj\u0105.<\/p>\n<p><strong>Ostrze\u017cenie<\/strong><br \/>\nPrzechowywa\u0107 w miejscu niedost\u0119pnym dla dzieci. Produkt nieodpowiedni dla os\u00f3b poni\u017cej 18 roku \u017cycia, kobiet w ci\u0105\u017cy i os\u00f3b z chorobami uk\u0142adu oddechowego. U\u017cywaj odpowiedzialnie i unikaj \u0142\u0105czenia z lekami, narkotykami lub alkoholem.<\/p>","protected":false},"excerpt":{"rendered":"<p dir=\"auto\">Mascotte Combi Rolling Papers, wyposa\u017cone w ultracienkie bibu\u0142ki i do\u0142\u0105czone ko\u0144c\u00f3wki, zapewniaj\u0105 powolne spalanie i minimalne doznania smakowe podczas palenia. Wykonany z my\u015bl\u0105 o jako\u015bci i wygodzie, zestaw ten jest idealny dla entuzjast\u00f3w zwijania tytoniu poszukuj\u0105cych czystego, g\u0142adkiego jointa.<\/p>","protected":false},"featured_media":43564,"template":"","meta":[],"product_brand":[],"product_cat":[492,297,488,461,494,559,562],"product_tag":[],"class_list":{"0":"post-42648","1":"product","2":"type-product","3":"status-publish","4":"has-post-thumbnail","6":"product_cat-rolling-papers","7":"product_cat-all-products","8":"product_cat-headshop","9":"product_cat-mascotte","10":"product_cat-papers-with-tips","11":"product_cat-slim-papers","12":"product_cat-thin-rolling-papers","13":"product_shipping_class-creditcard-on","15":"first","16":"instock","17":"taxable","18":"shipping-taxable","19":"purchasable","20":"product-type-variable","21":"has-default-attributes"},"_links":{"self":[{"href":"https:\/\/www.tatanka.nl\/pl\/wp-json\/wp\/v2\/product\/42648","targetHints":{"allow":["GET"]}}],"collection":[{"href":"https:\/\/www.tatanka.nl\/pl\/wp-json\/wp\/v2\/product"}],"about":[{"href":"https:\/\/www.tatanka.nl\/pl\/wp-json\/wp\/v2\/types\/product"}],"wp:featuredmedia":[{"embeddable":true,"href":"https:\/\/www.tatanka.nl\/pl\/wp-json\/wp\/v2\/media\/43564"}],"wp:attachment":[{"href":"https:\/\/www.tatanka.nl\/pl\/wp-json\/wp\/v2\/media?parent=42648"}],"wp:term":[{"taxonomy":"product_brand","embeddable":true,"href":"https:\/\/www.tatanka.nl\/pl\/wp-json\/wp\/v2\/product_brand?post=42648"},{"taxonomy":"product_cat","embeddable":true,"href":"https:\/\/www.tatanka.nl\/pl\/wp-json\/wp\/v2\/product_cat?post=42648"},{"taxonomy":"product_tag","embeddable":true,"href":"https:\/\/www.tatanka.nl\/pl\/wp-json\/wp\/v2\/product_tag?post=42648"}],"curies":[{"name":"wp","href":"https:\/\/api.w.org\/{rel}","templated":true}]}}