{"id":42649,"date":"2022-03-14T10:32:52","date_gmt":"2022-03-14T08:32:52","guid":{"rendered":"https:\/\/www.tatanka.nl\/?post_type=product&#038;p=42649"},"modified":"2025-07-08T11:20:45","modified_gmt":"2025-07-08T10:20:45","slug":"mascotte-original-combi-slim-size","status":"publish","type":"product","link":"https:\/\/www.tatanka.nl\/pl\/mascotte-original-combi-slim-size\/","title":{"rendered":"Mascotte Original Combi Slim Size"},"content":{"rendered":"<h2>Czym s\u0105 Mascotte Classic Rolling Papers?<\/h2>\n<p>Mascotte Classic Rolling Papers to wysokiej jako\u015bci akcesoria do palenia od renomowanej holenderskiej marki, zaprojektowane z my\u015bl\u0105 o zapewnieniu p\u0142ynnego, wysokiej jako\u015bci zwijania. Zestaw ten obejmuje ultracienkie bletki i wst\u0119pnie przyci\u0119te ko\u0144c\u00f3wki, stworzone w celu zapewnienia czystego, r\u00f3wnomiernego spalania przy minimalnym posmaku papieru. Znane z wyj\u0105tkowej jako\u015bci bletki Mascotte Classic Rolling Papers s\u0105 preferowane przez palaczy w ca\u0142ej Europie ze wzgl\u0119du na ich niezawodno\u015b\u0107 i wydajno\u015b\u0107. Do\u0142\u0105czone ko\u0144c\u00f3wki zapewniaj\u0105 solidny, wygodny ustnik, u\u0142atwiaj\u0105c zwijanie zar\u00f3wno pocz\u0105tkuj\u0105cym, jak i do\u015bwiadczonym entuzjastom. Idealne do osobistego relaksu lub spotka\u0144 towarzyskich, bletki Mascotte Classic Rolling Papers wzbogacaj\u0105 ka\u017cdego jointa g\u0142adkim, aromatycznym paleniem. Wykonane z wysokiej jako\u015bci, naturalnych materia\u0142\u00f3w bibu\u0142ki te stawiaj\u0105 na czysto\u015b\u0107 i konsystencj\u0119, co przemawia do u\u017cytkownik\u00f3w dbaj\u0105cych o zdrowie. Ich elegancki wygl\u0105d i \u0142atwo\u015b\u0107 u\u017cycia sprawiaj\u0105, \u017ce s\u0105 one doskona\u0142ym wyborem dla os\u00f3b poszukuj\u0105cych wyrafinowanego rytua\u0142u palenia. Niezale\u017cnie od tego, czy palisz w domu, czy w podr\u00f3\u017cy, bibu\u0142ki Mascotte Classic Rolling Papers oferuj\u0105 idealn\u0105 r\u00f3wnowag\u0119 mi\u0119dzy funkcjonalno\u015bci\u0105 i jako\u015bci\u0105, zapewniaj\u0105c satysfakcjonuj\u0105ce doznania, kt\u00f3re podnosz\u0105 jako\u015b\u0107 ka\u017cdego zaci\u0105gni\u0119cia si\u0119 tytoniem z nutk\u0105 holenderskiego kunsztu i ponadczasowego uroku.<\/p>\n<h2>Historia Mascotte Classic Rolling Papers<\/h2>\n<p>Historia Mascotte Classic Rolling Papers jest zakorzeniona w bogatej kulturze palenia w Holandii, globalnym centrum wysokiej jako\u015bci akcesori\u00f3w do palenia. Bibu\u0142ki by\u0142y podstaw\u0105 od wiek\u00f3w, ewoluuj\u0105c od podstawowych materia\u0142\u00f3w do wyrafinowanych produkt\u00f3w, kt\u00f3re poprawiaj\u0105 wra\u017cenia z palenia. Mascotte, holenderska marka, pojawi\u0142a si\u0119, aby zaspokoi\u0107 popyt na wysokiej jako\u015bci, niezawodne bibu\u0142ki, wprowadzaj\u0105c Mascotte Classic Rolling Papers, aby po\u0142\u0105czy\u0107 ultracienkie bibu\u0142ki z wygodnymi ko\u0144c\u00f3wkami. Ta innowacja by\u0142a odpowiedzi\u0105 na pragnienia palaczy dotycz\u0105ce czystszych, bardziej aromatycznych po\u0142\u0105cze\u0144, odzwierciedlaj\u0105c szerszy trend w kierunku wysokiej jako\u015bci materia\u0142\u00f3w do palenia. Zaanga\u017cowanie marki w stosowanie wysokiej jako\u015bci, naturalnych sk\u0142adnik\u00f3w przynios\u0142o jej lojalnych zwolennik\u00f3w w ca\u0142ej Europie, gdzie palacze ceni\u0105 sobie sp\u00f3jno\u015b\u0107 i czysto\u015b\u0107. Opieraj\u0105c si\u0119 na holenderskim do\u015bwiadczeniu w rzemio\u015ble, Mascotte Classic Rolling Papers \u0142\u0105czy tradycyjne techniki walcowania z nowoczesnymi standardami, oferuj\u0105c produkt, kt\u00f3ry honoruje dziedzictwo kultury palenia, jednocze\u015bnie zaspokajaj\u0105c wsp\u00f3\u0142czesne preferencje. Ich rosn\u0105ca popularno\u015b\u0107 podkre\u015bla zmian\u0119 kulturow\u0105 w kierunku wyrafinowanych, przyjaznych dla u\u017cytkownika akcesori\u00f3w, kt\u00f3re stawiaj\u0105 na pierwszym miejscu zar\u00f3wno wydajno\u015b\u0107, jak i prostot\u0119, co czyni je ukochanym wyborem dla palaczy, kt\u00f3rzy chc\u0105 podnie\u015b\u0107 swoje rytua\u0142y dzi\u0119ki jako\u015bci i elegancji.<\/p>\n<h2>Jak korzysta\u0107 z Mascotte Classic Rolling Papers<\/h2>\n<p>Korzystanie z Mascotte Classic Rolling Papers jest proste i poprawia wra\u017cenia z palenia z \u0142atwo\u015bci\u0105 i precyzj\u0105. Rozpocznij od wybrania wst\u0119pnie przyci\u0119tej ko\u0144c\u00f3wki z do\u0142\u0105czonego opakowania i zwi\u0144 j\u0105 w ciasny, cylindryczny kszta\u0142t. Umie\u015b\u0107 ko\u0144c\u00f3wk\u0119 na jednym ko\u0144cu ultracienkiego bibu\u0142ki Mascotte Classic Rolling Paper, a nast\u0119pnie dodaj materia\u0142 do palenia, rozprowadzaj\u0105c go r\u00f3wnomiernie wzd\u0142u\u017c bibu\u0142ki. Z\u0142\u00f3\u017c i zwi\u0144 bibu\u0142k\u0119 ciasno wok\u00f3\u0142 ko\u0144c\u00f3wki i materia\u0142u, podwijaj\u0105c bibu\u0142k\u0119, aby zabezpieczy\u0107 ko\u0144c\u00f3wk\u0119 jako ustnik. Poli\u017c pasek samoprzylepny, aby uszczelni\u0107 jointa, zapewniaj\u0105c g\u0142adkie, r\u00f3wnomierne zwini\u0119cie. Zapal jointa i ciesz si\u0119 czystym, aromatycznym paleniem z minimalnym posmakiem papieru. U\u017cywaj bibu\u0142ek Mascotte Classic Rolling Papers w swobodnej atmosferze, solo lub z przyjaci\u00f3\u0142mi, aby doceni\u0107 ich jako\u015b\u0107. Przechowuj bletki i ko\u0144c\u00f3wki w ch\u0142odnym, suchym miejscu, aby zachowa\u0107 ich integralno\u015b\u0107. Te bletki i ko\u0144c\u00f3wki, odpowiednie dla wszystkich poziom\u00f3w umiej\u0119tno\u015bci, upraszczaj\u0105 zwijanie, zapewniaj\u0105c sp\u00f3jno\u015b\u0107 i wygod\u0119. Ultracienka konstrukcja zwi\u0119ksza czysto\u015b\u0107 smaku, dzi\u0119ki czemu bibu\u0142ki Mascotte Classic Rolling Papers to niezawodny wyb\u00f3r na wyrafinowan\u0105, przyjemn\u0105 sesj\u0119 palenia przy minimalnym wysi\u0142ku i maksymalnej satysfakcji.<\/p>\n<h2>Sk\u0142adniki Mascotte Classic Rolling Papers<\/h2>\n<p>Bibu\u0142ki Mascotte Classic Rolling Papers s\u0105 wykonane z najwy\u017cszej jako\u015bci naturalnych materia\u0142\u00f3w, aby zapewni\u0107 czyste, wysokiej jako\u015bci doznania podczas palenia. Podstawowym sk\u0142adnikiem jest wysokiej jako\u015bci celuloza, pozyskiwana z w\u0142\u00f3kien ro\u015blinnych, takich jak konopie lub len, tworz\u0105c ultracienkie bibu\u0142ki, kt\u00f3re pal\u0105 si\u0119 powoli i r\u00f3wnomiernie z minimalnym smakiem. Do\u0142\u0105czone ko\u0144c\u00f3wki wykonane s\u0105 z wytrzyma\u0142ego, naturalnego papieru, zaprojektowanego tak, aby zachowa\u0107 kszta\u0142t i zapewni\u0107 wygodny ustnik. Niekt\u00f3re bibu\u0142ki wyposa\u017cone s\u0105 w naturaln\u0105 gum\u0119, klej pochodzenia ro\u015blinnego pozyskiwany z takich \u017ar\u00f3de\u0142 jak akacja, zapewniaj\u0105cy bezpieczne uszczelnienie podczas zwijania. Wolne od sztucznych dodatk\u00f3w i szkodliwych chemikali\u00f3w bibu\u0142ki Mascotte Classic Rolling Papers stawiaj\u0105 na czysto\u015b\u0107 i bezpiecze\u0144stwo, dzi\u0119ki czemu s\u0105 atrakcyjne dla palaczy dbaj\u0105cych o zdrowie. Materia\u0142y zosta\u0142y starannie dobrane, aby zapewni\u0107 sp\u00f3jno\u015b\u0107 i trwa\u0142o\u015b\u0107, zapewniaj\u0105c niezawodne zwijanie za ka\u017cdym razem. Minimalistyczna kompozycja odzwierciedla zaanga\u017cowanie marki w jako\u015b\u0107 i prostot\u0119, dostosowuj\u0105c si\u0119 do europejskich standard\u00f3w dla akcesori\u00f3w do palenia premium. Przechowuj Mascotte Classic Rolling Papers w ch\u0142odnym, suchym miejscu, aby zachowa\u0107 ich stan. Ta naturalna formu\u0142a wyr\u00f3\u017cnia je jako zaufany wyb\u00f3r dla palaczy poszukuj\u0105cych czystych, aromatycznych dozna\u0144, zapewniaj\u0105c, \u017ce ka\u017cdy joint jest wzmocniony czysto\u015bci\u0105 i kunsztem tych ultracienkich bibu\u0142ek i ko\u0144c\u00f3wek, idealnych do wyrafinowanego rytua\u0142u palenia.<\/p>\n<p><strong>Ostrze\u017cenie<\/strong><br \/>\nPrzechowywa\u0107 w miejscu niedost\u0119pnym dla dzieci. Produkt nieodpowiedni dla os\u00f3b poni\u017cej 18 roku \u017cycia, kobiet w ci\u0105\u017cy i os\u00f3b z chorobami uk\u0142adu oddechowego. U\u017cywaj odpowiedzialnie i unikaj \u0142\u0105czenia z lekami, narkotykami lub alkoholem.<\/p>","protected":false},"excerpt":{"rendered":"<p dir=\"auto\">Mascotte Classic Rolling Papers, holenderska marka premium, zawiera wysokiej jako\u015bci, ultracienkie bibu\u0142ki i ko\u0144c\u00f3wki zapewniaj\u0105ce p\u0142ynne, aromatyczne doznania podczas palenia. Wykonane z my\u015bl\u0105 o jako\u015bci i wygodzie, bibu\u0142ki te s\u0105 ulubionymi w\u015br\u00f3d europejskich palaczy.<\/p>","protected":false},"featured_media":43565,"template":"","meta":[],"product_brand":[],"product_cat":[492,297,488,461,494,559],"product_tag":[],"class_list":{"0":"post-42649","1":"product","2":"type-product","3":"status-publish","4":"has-post-thumbnail","6":"product_cat-rolling-papers","7":"product_cat-all-products","8":"product_cat-headshop","9":"product_cat-mascotte","10":"product_cat-papers-with-tips","11":"product_cat-slim-papers","12":"product_shipping_class-creditcard-on","14":"first","15":"instock","16":"taxable","17":"shipping-taxable","18":"purchasable","19":"product-type-variable","20":"has-default-attributes"},"_links":{"self":[{"href":"https:\/\/www.tatanka.nl\/pl\/wp-json\/wp\/v2\/product\/42649","targetHints":{"allow":["GET"]}}],"collection":[{"href":"https:\/\/www.tatanka.nl\/pl\/wp-json\/wp\/v2\/product"}],"about":[{"href":"https:\/\/www.tatanka.nl\/pl\/wp-json\/wp\/v2\/types\/product"}],"wp:featuredmedia":[{"embeddable":true,"href":"https:\/\/www.tatanka.nl\/pl\/wp-json\/wp\/v2\/media\/43565"}],"wp:attachment":[{"href":"https:\/\/www.tatanka.nl\/pl\/wp-json\/wp\/v2\/media?parent=42649"}],"wp:term":[{"taxonomy":"product_brand","embeddable":true,"href":"https:\/\/www.tatanka.nl\/pl\/wp-json\/wp\/v2\/product_brand?post=42649"},{"taxonomy":"product_cat","embeddable":true,"href":"https:\/\/www.tatanka.nl\/pl\/wp-json\/wp\/v2\/product_cat?post=42649"},{"taxonomy":"product_tag","embeddable":true,"href":"https:\/\/www.tatanka.nl\/pl\/wp-json\/wp\/v2\/product_tag?post=42649"}],"curies":[{"name":"wp","href":"https:\/\/api.w.org\/{rel}","templated":true}]}}