{"id":42652,"date":"2022-03-14T10:32:52","date_gmt":"2022-03-14T08:32:52","guid":{"rendered":"https:\/\/www.tatanka.nl\/?post_type=product&#038;p=42652"},"modified":"2025-07-08T12:07:07","modified_gmt":"2025-07-08T11:07:07","slug":"mascotte-active-10-filters","status":"publish","type":"product","link":"https:\/\/www.tatanka.nl\/pl\/mascotte-active-10-filters\/","title":{"rendered":"Mascotte Aktywny Filters (10 filtr\u00f3w)"},"content":{"rendered":"<h2>Czym s\u0105 aktywne Charcoal Filter Tips?<\/h2>\n<p>Active Charcoal Filter Tips to zaawansowane akcesoria do palenia zaprojektowane w celu zwi\u0119kszenia dozna\u0144 zwi\u0105zanych z konopiami indyjskimi poprzez filtrowanie dymu przez aktywowany w\u0119giel drzewny. W przeciwie\u0144stwie do standardowych ko\u0144c\u00f3wek papierowych, Active Charcoal Filter Tips usuwaj\u0105 szkodliwe cz\u0105steczki, zachowuj\u0105c smak i moc materia\u0142u do palenia, zapewniaj\u0105c czystsze i g\u0142adsze uderzenie. Idealne dla palaczy dbaj\u0105cych o zdrowie, bibu\u0142ki te zapewniaj\u0105 zauwa\u017caln\u0105 popraw\u0119 smaku i odczu\u0107, co czyni je ulubionymi w\u015br\u00f3d tych, kt\u00f3rzy je wypr\u00f3bowali. Kompatybilne z wi\u0119kszo\u015bci\u0105 bibu\u0142ek, ko\u0144c\u00f3wki Active Charcoal Filter Tips s\u0105 \u0142atwe w u\u017cyciu i idealnie pasuj\u0105 do ka\u017cdego jointa, oferuj\u0105c wyrafinowan\u0105 sesj\u0119 palenia. Idealne do samotnego relaksu lub spotka\u0144 towarzyskich, podnosz\u0105 rang\u0119 rytua\u0142u dzi\u0119ki innowacyjnej technologii filtracji. Wykonane z wysokiej jako\u015bci materia\u0142\u00f3w, Active Charcoal Filter Tips zapewniaj\u0105 sp\u00f3jno\u015b\u0107 i trwa\u0142o\u015b\u0107, przemawiaj\u0105c zar\u00f3wno do pocz\u0105tkuj\u0105cych, jak i do\u015bwiadczonych rolkarzy. Ich kompaktowa konstrukcja sprawia, \u017ce s\u0105 przeno\u015bne i wygodne w u\u017cyciu. Stawiaj\u0105c na czysto\u015b\u0107 i jako\u015b\u0107, Active Charcoal Filter Tips oferuj\u0105 zdrowsz\u0105 alternatyw\u0119 dla tradycyjnych ko\u0144c\u00f3wek, przekszta\u0142caj\u0105c ka\u017cde zaci\u0105gni\u0119cie si\u0119 w czystsze, przyjemniejsze do\u015bwiadczenie, kt\u00f3re zachowuje esencj\u0119 konopi, jednocze\u015bnie redukuj\u0105c toksyny.<\/p>\n<h2>Historia Active Charcoal Filter Tips<\/h2>\n<p>Historia Active Charcoal Filter Tips jest zwi\u0105zana z ewolucj\u0105 akcesori\u00f3w do palenia, nap\u0119dzan\u0105 rosn\u0105cym naciskiem na zdrowie i jako\u015b\u0107 w kulturze konopi indyjskich. Tradycyjne ko\u0144c\u00f3wki do palenia, cz\u0119sto wykonane z papieru lub tektury, nie oferowa\u0142y \u017cadnej filtracji, nara\u017caj\u0105c palaczy na szkodliwe cz\u0105steczki. Zastosowanie w\u0119gla aktywnego, od dawna cenionego w oczyszczaniu powietrza i wody, zainspirowa\u0142o jego zastosowanie do palenia pod koniec XX wieku, gdy wzros\u0142a \u015bwiadomo\u015b\u0107 zagro\u017ce\u0144 dla zdrowia zwi\u0105zanych z dymem. Active Charcoal Filter Tips pojawi\u0142 si\u0119, aby zaspokoi\u0107 zapotrzebowanie na czystsze i bezpieczniejsze do\u015bwiadczenia zwi\u0105zane z paleniem, \u0142\u0105cz\u0105c zaawansowan\u0105 filtracj\u0119 z zachowaniem po\u017c\u0105danych efekt\u00f3w marihuany. Innowacja ta odzwierciedla szerszy trend w kierunku \u015bwiadomej zdrowotnie konsumpcji, szczeg\u00f3lnie w regionach takich jak Europa i Ameryka P\u00f3\u0142nocna, gdzie kultura palenia kwitnie. Wzrost popularno\u015bci ko\u0144c\u00f3wek odzwierciedla zwrot w kierunku wysokiej jako\u015bci, ekologicznych akcesori\u00f3w, kt\u00f3re priorytetowo traktuj\u0105 dobre samopoczucie u\u017cytkownika. Active Charcoal Filter Tips opieraj\u0105 si\u0119 na tym dziedzictwie, oferuj\u0105c nowoczesne rozwi\u0105zanie, kt\u00f3re \u0142\u0105czy naukow\u0105 filtracj\u0119 z tradycyjnymi praktykami palenia. Ich powszechne przyj\u0119cie w\u015br\u00f3d palaczy podkre\u015bla ich jako\u015b\u0107 i skuteczno\u015b\u0107, czyni\u0105c je wyborem dla tych, kt\u00f3rzy szukaj\u0105 wyrafinowanego, zdrowszego sposobu na cieszenie si\u0119 konopiami indyjskimi o ulepszonym smaku i zmniejszonej szkodliwo\u015bci.<\/p>\n<h2>Jak korzysta\u0107 z Active Charcoal Filter Tips<\/h2>\n<p>Korzystanie z Active Charcoal Filter Tips jest proste i podnosi jako\u015b\u0107 palenia przy minimalnym wysi\u0142ku. Wybierz ko\u0144c\u00f3wk\u0119 filtra i w\u0142\u00f3\u017c j\u0105 do ustnika bibu\u0142ki lub kompatybilnego urz\u0105dzenia do palenia, zapewniaj\u0105c bezpieczne dopasowanie. Umie\u015b\u0107 materia\u0142 do palenia w bibu\u0142ce, r\u00f3wnomiernie go rozprowadzaj\u0105c, a nast\u0119pnie ciasno zwi\u0144 bibu\u0142k\u0119 wok\u00f3\u0142 filtra i materia\u0142u. Poli\u017c pasek samoprzylepny, aby uszczelni\u0107 jointa, upewniaj\u0105c si\u0119, \u017ce filtr pozostaje na miejscu, zapewniaj\u0105c p\u0142ynne i r\u00f3wnomierne spalanie. Zapal jointa i zaci\u0105gnij si\u0119 przez filtr, ciesz\u0105c si\u0119 czystszym, \u0142agodniejszym uderzeniem, poniewa\u017c aktywowany w\u0119giel usuwa szkodliwe cz\u0105steczki, zachowuj\u0105c jednocze\u015bnie smak. U\u017cywaj Active Charcoal Filter Tips w spokojnej atmosferze, w samotno\u015bci lub z przyjaci\u00f3\u0142mi, aby doceni\u0107 ich ulepszony smak i zredukowan\u0105 ostro\u015b\u0107. Nieu\u017cywane ko\u0144c\u00f3wki nale\u017cy przechowywa\u0107 w ch\u0142odnym, suchym miejscu, aby zachowa\u0107 ich jako\u015b\u0107. Zaprojektowany do jednorazowego lub ograniczonego u\u017cytku, wymieniaj filtr w razie potrzeby, aby uzyska\u0107 optymaln\u0105 wydajno\u015b\u0107. Odpowiedni dla wszystkich poziom\u00f3w umiej\u0119tno\u015bci, Active Charcoal Filter Tips sprawia, \u017ce ka\u017cda sesja jest czystsza i przyjemniejsza, oferuj\u0105c prozdrowotny, przyjazny dla u\u017cytkownika spos\u00f3b na ulepszenie rytua\u0142u palenia dzi\u0119ki wi\u0119kszej czysto\u015bci i wygodzie.<\/p>\n<h2>Sk\u0142adniki Active Charcoal Filter Tips<\/h2>\n<p>Active Charcoal Filter Tips s\u0105 wykonane z wysokiej jako\u015bci, naturalnych materia\u0142\u00f3w, z aktywnym w\u0119glem drzewnym jako g\u0142\u00f3wnym sk\u0142adnikiem. Pozyskiwany z naturalnych materia\u0142\u00f3w, takich jak \u0142upiny orzecha kokosowego lub drewno, w\u0119giel drzewny jest przetwarzany w celu stworzenia porowatej struktury, kt\u00f3ra skutecznie filtruje toksyny i zanieczyszczenia z dymu, zapewniaj\u0105c czystsze uderzenie. Filtry s\u0105 zamkni\u0119te w odpornej na wysok\u0105 temperatur\u0119 folii spo\u017cywczej, zwykle wykonanej z naturalnego papieru lub materia\u0142\u00f3w biodegradowalnych, co zapewnia bezpiecze\u0144stwo i \u0142atwo\u015b\u0107 u\u017cytkowania. Wolne od sztucznych dodatk\u00f3w lub szkodliwych chemikali\u00f3w, Active Charcoal Filter Tips stawiaj\u0105 na czysto\u015b\u0107, dzi\u0119ki czemu s\u0105 idealne dla palaczy dbaj\u0105cych o zdrowie. W\u0119giel drzewny zosta\u0142 starannie wyselekcjonowany ze wzgl\u0119du na swoje w\u0142a\u015bciwo\u015bci adsorpcyjne, zachowuj\u0105c smak i moc marihuany przy jednoczesnej redukcji szkodliwych substancji. Niekt\u00f3re warianty mog\u0105 zawiera\u0107 naturalne w\u0142\u00f3kna w celu zwi\u0119kszenia integralno\u015bci strukturalnej, zapewniaj\u0105c trwa\u0142o\u015b\u0107 podczas zwijania. Bletki Active Charcoal Filter Tips nale\u017cy przechowywa\u0107 w ch\u0142odnym i suchym miejscu, aby zachowa\u0107 ich skuteczno\u015b\u0107. Ten minimalistyczny, przyjazny dla \u015brodowiska sk\u0142ad wyr\u00f3\u017cnia je jako wyb\u00f3r premium dla palaczy poszukuj\u0105cych bezpieczniejszych i \u0142agodniejszych dozna\u0144. \u0141\u0105cz\u0105c naturalne materia\u0142y z zaawansowan\u0105 filtracj\u0105, Active Charcoal Filter Tips oferuj\u0105 czyste, wysokiej jako\u015bci akcesoria do palenia, kt\u00f3re poprawiaj\u0105 ka\u017cde zaci\u0105gni\u0119cie si\u0119 czysto\u015bci\u0105, smakiem i innowacjami ukierunkowanymi na zdrowie.<\/p>\n<p><strong>Ostrze\u017cenie<\/strong><br \/>\nPrzechowywa\u0107 w miejscu niedost\u0119pnym dla dzieci. Produkt nieodpowiedni dla os\u00f3b poni\u017cej 18 roku \u017cycia i kobiet w ci\u0105\u017cy.<\/p>","protected":false},"excerpt":{"rendered":"<p dir=\"auto\">Active Charcoal Filter Tips, innowacyjne akcesoria do palenia, wykorzystuj\u0105 w\u0119giel aktywny do filtrowania szkodliwych cz\u0105stek, zachowuj\u0105c jednocze\u015bnie smak i efekty konopi. Te wysokiej jako\u015bci ko\u0144c\u00f3wki oferuj\u0105 czystsze i p\u0142ynniejsze palenie dla entuzjast\u00f3w dbaj\u0105cych o zdrowie.<\/p>","protected":false},"featured_media":43568,"template":"","meta":[],"product_brand":[],"product_cat":[567,297,556,488,461,492,571],"product_tag":[],"class_list":{"0":"post-42652","1":"product","2":"type-product","3":"status-publish","4":"has-post-thumbnail","6":"product_cat-filters","7":"product_cat-all-products","8":"product_cat-charcoal-filter-tips","9":"product_cat-headshop","10":"product_cat-mascotte","11":"product_cat-rolling-papers","12":"product_cat-tips","13":"product_shipping_class-creditcard-on","15":"first","16":"instock","17":"taxable","18":"shipping-taxable","19":"purchasable","20":"product-type-variable","21":"has-default-attributes"},"_links":{"self":[{"href":"https:\/\/www.tatanka.nl\/pl\/wp-json\/wp\/v2\/product\/42652","targetHints":{"allow":["GET"]}}],"collection":[{"href":"https:\/\/www.tatanka.nl\/pl\/wp-json\/wp\/v2\/product"}],"about":[{"href":"https:\/\/www.tatanka.nl\/pl\/wp-json\/wp\/v2\/types\/product"}],"wp:featuredmedia":[{"embeddable":true,"href":"https:\/\/www.tatanka.nl\/pl\/wp-json\/wp\/v2\/media\/43568"}],"wp:attachment":[{"href":"https:\/\/www.tatanka.nl\/pl\/wp-json\/wp\/v2\/media?parent=42652"}],"wp:term":[{"taxonomy":"product_brand","embeddable":true,"href":"https:\/\/www.tatanka.nl\/pl\/wp-json\/wp\/v2\/product_brand?post=42652"},{"taxonomy":"product_cat","embeddable":true,"href":"https:\/\/www.tatanka.nl\/pl\/wp-json\/wp\/v2\/product_cat?post=42652"},{"taxonomy":"product_tag","embeddable":true,"href":"https:\/\/www.tatanka.nl\/pl\/wp-json\/wp\/v2\/product_tag?post=42652"}],"curies":[{"name":"wp","href":"https:\/\/api.w.org\/{rel}","templated":true}]}}