{"id":42653,"date":"2022-03-14T10:32:57","date_gmt":"2022-03-14T08:32:57","guid":{"rendered":"https:\/\/www.tatanka.nl\/?post_type=product&#038;p=42653"},"modified":"2025-07-08T10:54:48","modified_gmt":"2025-07-08T09:54:48","slug":"mascotte-active-filters-34-tips","status":"publish","type":"product","link":"https:\/\/www.tatanka.nl\/pl\/mascotte-active-filters-34-tips\/","title":{"rendered":"Mascotte Active Filters (34 ko\u0144c\u00f3wki)"},"content":{"rendered":"<h2>Czym s\u0105 Active Filters?<\/h2>\n<p>Active Filters to najnowocze\u015bniejsze akcesoria do palenia zaprojektowane w celu zrewolucjonizowania do\u015bwiadcze\u0144 zwi\u0105zanych z konopiami indyjskimi. Wykorzystuj\u0105c w\u0119giel aktywny, Active Filters usuwaj\u0105 szkodliwe toksyny z dymu, zachowuj\u0105c jednocze\u015bnie po\u017c\u0105dane smaki i efekty, zapewniaj\u0105c czystsze i g\u0142adsze uderzenie. W przeciwie\u0144stwie do tradycyjnych ko\u0144c\u00f3wek papierowych, kt\u00f3re nie oferuj\u0105 filtracji, Active Filters poprawiaj\u0105 jako\u015b\u0107 ka\u017cdego zaci\u0105gni\u0119cia, dzi\u0119ki czemu s\u0105 idealne dla palaczy dbaj\u0105cych o zdrowie, kt\u00f3rzy nie chc\u0105 rezygnowa\u0107 z przyjemno\u015bci. Filtry te s\u0105 \u0142atwe w u\u017cyciu, bezproblemowo dopasowuj\u0105c si\u0119 do zwini\u0119tych joint\u00f3w lub urz\u0105dze\u0144 do palenia i zapewniaj\u0105 zauwa\u017caln\u0105 popraw\u0119 smaku i odczu\u0107. Filtry Active Filters s\u0105 idealne zar\u00f3wno dla okazjonalnych, jak i zaanga\u017cowanych u\u017cytkownik\u00f3w marihuany, podnosz\u0105c poziom rytua\u0142u palenia poprzez zmniejszenie ostro\u015bci bez zmniejszania si\u0142y dozna\u0144. Ich innowacyjna konstrukcja zapewnia sp\u00f3jn\u0105, przyjemn\u0105 sesj\u0119, niezale\u017cnie od tego, czy palisz solo, czy z przyjaci\u00f3\u0142mi. Stawiaj\u0105c na czysto\u015b\u0107 i jako\u015b\u0107, Active Filters zaspokaja potrzeby nowoczesnych palaczy poszukuj\u0105cych zdrowszej alternatywy dla niefiltrowanych tips\u00f3w. Kompaktowe i przeno\u015bne, s\u0105 prze\u0142omem dla tych, kt\u00f3rzy ceni\u0105 sobie wyrafinowane, wolne od toksyn wra\u017cenia z palenia, dzi\u0119ki czemu ka\u017cde zaci\u0105gni\u0119cie si\u0119 jest przyjemniejsze i mniej szkodliwe, przy jednoczesnym zachowaniu pe\u0142nego spektrum magii konopi.<\/p>\n<h2>Historia Active Filters<\/h2>\n<p>Rozw\u00f3j Active Filters jest powi\u0105zany z ewolucj\u0105 kultury palenia, w kt\u00f3rej d\u0105\u017cenie do bezpieczniejszych i przyjemniejszych do\u015bwiadcze\u0144 nap\u0119dza innowacje. Akcesoria Smoking od dawna by\u0142y cz\u0119\u015bci\u0105 u\u017cywania konopi indyjskich, a pierwsi u\u017cytkownicy u\u017cywali podstawowych papierowych ko\u0144c\u00f3wek lub prowizorycznych filtr\u00f3w. Wprowadzenie w\u0119gla aktywnego do filtracji, szeroko stosowanego w oczyszczaniu powietrza i wody, zainspirowa\u0142o jego zastosowanie do palenia pod koniec XX wieku. Active Filters pojawi\u0142 si\u0119 jako odpowied\u017a na rosn\u0105c\u0105 \u015bwiadomo\u015b\u0107 zagro\u017ce\u0144 dla zdrowia zwi\u0105zanych z niefiltrowanym dymem, oferuj\u0105c rozwi\u0105zanie, kt\u00f3re usuwa toksyny, jednocze\u015bnie zachowuj\u0105c korzystne zwi\u0105zki konopi. Innowacja ta odzwierciedla szerszy trend w kierunku \u015bwiadomej zdrowotnie konsumpcji, dostosowuj\u0105c si\u0119 do wzrostu liczby produkt\u00f3w z konopi indyjskich ukierunkowanych na dobre samopoczucie. Opieraj\u0105c si\u0119 na nauce o adsorpcyjnych w\u0142a\u015bciwo\u015bciach w\u0119gla drzewnego, Active Filters zapewniaj\u0105 nowoczesny zwrot w tradycyjnych metodach palenia, przemawiaj\u0105c do nowego pokolenia palaczy. Ich rosn\u0105ca popularno\u015b\u0107 podkre\u015bla zmian\u0119 kulturow\u0105 w kierunku czystszych, bezpieczniejszych do\u015bwiadcze\u0144 zwi\u0105zanych z konopiami indyjskimi, \u0142\u0105cz\u0105c historyczne praktyki palenia z zaawansowan\u0105 technologi\u0105 filtracji. Active Filters honoruje to dziedzictwo, jednocze\u015bnie spe\u0142niaj\u0105c nowoczesne wymagania, co czyni je wyj\u0105tkowym wyborem dla tych, kt\u00f3rzy chc\u0105 wzbogaci\u0107 sw\u00f3j rytua\u0142 palenia o zdrowsze, bardziej wyrafinowane podej\u015bcie.<\/p>\n<h2>Jak korzysta\u0107 z Active Filters<\/h2>\n<p>Korzystanie z Active Filters jest proste i z \u0142atwo\u015bci\u0105 poprawia wra\u017cenia z palenia marihuany. Wybierz filtr Active Filter i w\u0142\u00f3\u017c go do ustnika zwini\u0119tego jointa lub kompatybilnego urz\u0105dzenia do palenia, zapewniaj\u0105c dok\u0142adne dopasowanie. Skr\u0119\u0107 jointa jak zwykle, umieszczaj\u0105c mieszank\u0119 konopi w papierze i w\u0142\u00f3\u017c filtr przed uszczelnieniem. Zapal jointa i we\u017a wdech przez filtr, ciesz\u0105c si\u0119 g\u0142adszym, czystszym uderzeniem, poniewa\u017c w\u0119giel aktywny usuwa toksyny, zachowuj\u0105c smak i efekty. U\u017cywaj filtra Active Filters w zrelaksowanym otoczeniu, samemu lub z przyjaci\u00f3\u0142mi, aby doceni\u0107 jego ulepszony smak i zmniejszon\u0105 ostro\u015b\u0107. Ka\u017cdy filtr jest przeznaczony do jednorazowego lub ograniczonego u\u017cytku, wi\u0119c wymieniaj go w razie potrzeby, aby uzyska\u0107 optymaln\u0105 wydajno\u015b\u0107. Nieu\u017cywane filtry nale\u017cy przechowywa\u0107 w ch\u0142odnym, suchym miejscu, aby zachowa\u0107 ich jako\u015b\u0107. Odpowiedni dla wszystkich poziom\u00f3w umiej\u0119tno\u015bci, Active Filters sprawia, \u017ce ka\u017cda sesja jest przyjemniejsza przy minimalnym wysi\u0142ku. Eksperymentuj z r\u00f3\u017cnymi szczepami, aby w pe\u0142ni do\u015bwiadczy\u0107 ulepszonego profilu smakowego. Active Filters przekszta\u0142caj\u0105 rytua\u0142 palenia w czystsze, bardziej wyrafinowane do\u015bwiadczenie, oferuj\u0105c zdrowsz\u0105 alternatyw\u0119 dla niefiltrowanych ko\u0144c\u00f3wek, zapewniaj\u0105c jednocze\u015bnie pe\u0142n\u0105 przyjemno\u015b\u0107 z efekt\u00f3w marihuany.<\/p>\n<h2>Sk\u0142adniki Active Filters<\/h2>\n<p>Active Filters s\u0105 wykonane z naciskiem na prostot\u0119 i skuteczno\u015b\u0107, g\u0142\u00f3wnie przy u\u017cyciu w\u0119gla aktywowanego jako g\u0142\u00f3wnego sk\u0142adnika. Ten wysokiej jako\u015bci w\u0119giel drzewny, pochodz\u0105cy z naturalnych \u017ar\u00f3de\u0142, takich jak \u0142upiny orzecha kokosowego lub drewno, jest przetwarzany w celu stworzenia porowatej struktury, kt\u00f3ra adsorbuje toksyny i zanieczyszczenia z dymu, zapewniaj\u0105c czystsze uderzenie. Filtry s\u0105 zamkni\u0119te w odpornym na ciep\u0142o materiale spo\u017cywczym, cz\u0119sto papierowym lub biodegradowalnym, zapewniaj\u0105c bezpiecze\u0144stwo i \u0142atwo\u015b\u0107 u\u017cytkowania podczas palenia. Wolne od sztucznych dodatk\u00f3w lub chemikali\u00f3w, Active Filters stawiaj\u0105 na czysto\u015b\u0107, co czyni je zdrowym wyborem dla entuzjast\u00f3w konopi indyjskich. Aktywowany w\u0119giel drzewny jest starannie dobierany w celu zachowania sp\u00f3jno\u015bci i skuteczno\u015bci, zachowuj\u0105c smak i moc konopi przy jednoczesnej redukcji szkodliwych substancji. Niekt\u00f3re warianty mog\u0105 zawiera\u0107 naturalne w\u0142\u00f3kna w celu zwi\u0119kszenia integralno\u015bci strukturalnej, zapewniaj\u0105c wytrzyma\u0142o\u015b\u0107 filtra podczas u\u017cytkowania. Filtry Active Filters nale\u017cy przechowywa\u0107 w ch\u0142odnym i suchym miejscu, aby zachowa\u0107 ich w\u0142a\u015bciwo\u015bci adsorpcyjne. Ten minimalistyczny, naturalny sk\u0142ad wyr\u00f3\u017cnia Active Filters jako innowacyjne, przyjazne dla \u015brodowiska akcesorium, oferuj\u0105ce palaczom bezpieczniejsze, p\u0142ynniejsze doznania, kt\u00f3re s\u0105 zgodne z nowoczesnymi trendami wellness, jednocze\u015bnie poprawiaj\u0105c jako\u015b\u0107 i przyjemno\u015b\u0107 ka\u017cdego zaci\u0105gni\u0119cia si\u0119 niezr\u00f3wnan\u0105 prostot\u0105.<\/p>\n<p><strong>Ostrze\u017cenie<\/strong><br \/>\nPrzechowywa\u0107 w miejscu niedost\u0119pnym dla dzieci. Produkt nieodpowiedni dla os\u00f3b poni\u017cej 18 roku \u017cycia, kobiet w ci\u0105\u017cy i os\u00f3b z chorobami uk\u0142adu oddechowego. U\u017cywaj odpowiedzialnie i unikaj \u0142\u0105czenia z lekami, narkotykami lub alkoholem.<\/p>","protected":false},"excerpt":{"rendered":"<p dir=\"auto\">Active Filters, innowacyjne filtry z w\u0119glem aktywnym, usprawniaj\u0105 palenie marihuany poprzez usuwanie toksyn przy jednoczesnym zachowaniu smaku i efekt\u00f3w. Filtry te zapewniaj\u0105 p\u0142ynniejsze i czystsze doznania, co czyni je niezb\u0119dnym elementem dla palaczy dbaj\u0105cych o zdrowie i poszukuj\u0105cych wysokiej jako\u015bci.<\/p>","protected":false},"featured_media":43520,"template":"","meta":[],"product_brand":[],"product_cat":[567,297,556,488,461,492,571],"product_tag":[],"class_list":{"0":"post-42653","1":"product","2":"type-product","3":"status-publish","4":"has-post-thumbnail","6":"product_cat-filters","7":"product_cat-all-products","8":"product_cat-charcoal-filter-tips","9":"product_cat-headshop","10":"product_cat-mascotte","11":"product_cat-rolling-papers","12":"product_cat-tips","13":"product_shipping_class-creditcard-on","15":"first","16":"instock","17":"taxable","18":"shipping-taxable","19":"purchasable","20":"product-type-variable","21":"has-default-attributes"},"_links":{"self":[{"href":"https:\/\/www.tatanka.nl\/pl\/wp-json\/wp\/v2\/product\/42653","targetHints":{"allow":["GET"]}}],"collection":[{"href":"https:\/\/www.tatanka.nl\/pl\/wp-json\/wp\/v2\/product"}],"about":[{"href":"https:\/\/www.tatanka.nl\/pl\/wp-json\/wp\/v2\/types\/product"}],"wp:featuredmedia":[{"embeddable":true,"href":"https:\/\/www.tatanka.nl\/pl\/wp-json\/wp\/v2\/media\/43520"}],"wp:attachment":[{"href":"https:\/\/www.tatanka.nl\/pl\/wp-json\/wp\/v2\/media?parent=42653"}],"wp:term":[{"taxonomy":"product_brand","embeddable":true,"href":"https:\/\/www.tatanka.nl\/pl\/wp-json\/wp\/v2\/product_brand?post=42653"},{"taxonomy":"product_cat","embeddable":true,"href":"https:\/\/www.tatanka.nl\/pl\/wp-json\/wp\/v2\/product_cat?post=42653"},{"taxonomy":"product_tag","embeddable":true,"href":"https:\/\/www.tatanka.nl\/pl\/wp-json\/wp\/v2\/product_tag?post=42653"}],"curies":[{"name":"wp","href":"https:\/\/api.w.org\/{rel}","templated":true}]}}