{"id":42654,"date":"2022-03-14T10:32:57","date_gmt":"2022-03-14T08:32:57","guid":{"rendered":"https:\/\/www.tatanka.nl\/?post_type=product&#038;p=42654"},"modified":"2025-07-08T10:57:54","modified_gmt":"2025-07-08T09:57:54","slug":"mascotte-original-tips","status":"publish","type":"product","link":"https:\/\/www.tatanka.nl\/pl\/mascotte-original-tips\/","title":{"rendered":"Mascotte Oryginalny Tips"},"content":{"rendered":"<h2>Czym s\u0105 Tip Book Rolling Tips?<\/h2>\n<p>Tip Book Rolling Tips to praktyczna ksi\u0105\u017ceczka z wst\u0119pnie przyci\u0119tymi ko\u0144c\u00f3wkami do zwijania, zaprojektowana w celu usprawnienia i ulepszenia procesu zwijania jointa. Stworzone z my\u015bl\u0105 o palaczach szukaj\u0105cych wygody, ko\u0144c\u00f3wki te eliminuj\u0105 potrzeb\u0119 rozrywania czasopism lub wizyt\u00f3wek, oferuj\u0105c czyste, jednolite rozwi\u0105zanie do tworzenia idealnych ko\u0144c\u00f3wek joint\u00f3w. Kompatybilne z wi\u0119kszo\u015bci\u0105 standardowych rozmiar\u00f3w bletek, Tip Book Rolling Tips zapewniaj\u0105 bezpieczny, wygodny ustnik dla p\u0142ynniejszej sesji palenia. Idealne zar\u00f3wno dla pocz\u0105tkuj\u0105cych, jak i do\u015bwiadczonych rolkarzy, ko\u0144c\u00f3wki te s\u0105 \u0142atwe w u\u017cyciu i zapewniaj\u0105 sp\u00f3jne wyniki, co czyni je niezb\u0119dnym akcesorium dla entuzjast\u00f3w konopi indyjskich. Umieszczone w kompaktowej, przeno\u015bnej ksi\u0105\u017ceczce, Tip Book Rolling Tips s\u0105 idealne do u\u017cytku w podr\u00f3\u017cy lub do relaksu w domu. Wykonane z my\u015bl\u0105 o prostocie i funkcjonalno\u015bci, podnosz\u0105 poziom procesu zwijania, \u0142\u0105cz\u0105c praktyczno\u015b\u0107 z jako\u015bci\u0105. Niezale\u017cnie od tego, czy zwijasz papierosa dla w\u0142asnej przyjemno\u015bci, czy na spotkanie towarzyskie, Tip Book Rolling Tips zapewnia \u0142atwo\u015b\u0107 i precyzj\u0119 ka\u017cdej sesji. Ich przyjazna dla u\u017cytkownika konstrukcja i uniwersalna kompatybilno\u015b\u0107 sprawiaj\u0105, \u017ce s\u0105 one niezb\u0119dnym narz\u0119dziem dla palaczy, kt\u00f3rzy ceni\u0105 sobie bezproblemowe, wysokiej jako\u015bci wra\u017cenia z palenia ka\u017cdego jointa.<\/p>\n<h2>Historia Tip Book Rolling Tips<\/h2>\n<p>Historia Tip Book Rolling Tips jest zwi\u0105zana z ewolucj\u0105 kultury konopi indyjskich, w kt\u00f3rej bletki i akcesoria od dawna odgrywaj\u0105 kluczow\u0105 rol\u0119. W przesz\u0142o\u015bci palacze cz\u0119sto improwizowali ko\u0144c\u00f3wki przy u\u017cyciu skrawk\u00f3w papieru lub kart, co prowadzi\u0142o do niesp\u00f3jnych i niechlujnych rezultat\u00f3w. Wraz z rozwojem kultury palenia, szczeg\u00f3lnie w regionach takich jak Europa i Ameryka P\u00f3\u0142nocna, pojawi\u0142o si\u0119 zapotrzebowanie na znormalizowane, przyjazne dla u\u017cytkownika akcesoria. Tip Book Rolling Tips zosta\u0142 opracowany w celu zaspokojenia tej potrzeby, oferuj\u0105c wst\u0119pnie przyci\u0119te, odpowiednio dobrane ko\u0144c\u00f3wki w wygodnym formacie ksi\u0105\u017ceczki. Ta innowacja odzwierciedla szerszy trend w kierunku poprawy wra\u017ce\u0144 z palenia dzi\u0119ki praktycznym, wysokiej jako\u015bci narz\u0119dziom. Czerpi\u0105c inspiracj\u0119 z etosu majsterkowania pierwszych entuzjast\u00f3w konopi indyjskich, ko\u0144c\u00f3wki te modernizuj\u0105 proces, zapewniaj\u0105c czyst\u0105, niezawodn\u0105 alternatyw\u0119 dla prowizorycznych rozwi\u0105za\u0144. Format broszury, zaprojektowany z my\u015bl\u0105 o przeno\u015bno\u015bci i \u0142atwo\u015bci, dostosowuje si\u0119 do stylu \u017cycia wsp\u00f3\u0142czesnego palacza, zaspokajaj\u0105c potrzeby zar\u00f3wno zwyk\u0142ych, jak i oddanych u\u017cytkownik\u00f3w. Wzrost popularno\u015bci Tip Book Rolling Tips odzwierciedla zmian\u0119 kulturow\u0105 w kierunku wyrafinowanych, dost\u0119pnych akcesori\u00f3w do palenia, co czyni je popularnym wyborem dla tych, kt\u00f3rzy chc\u0105 upro\u015bci\u0107 i podnie\u015b\u0107 swoje rytua\u0142y walcowania z precyzj\u0105 i wygod\u0105.<\/p>\n<h2>Jak korzysta\u0107 z Tip Book Rolling Tips<\/h2>\n<p>Korzystanie z Tip Book Rolling Tips jest proste i z \u0142atwo\u015bci\u0105 usprawnia proces walcowania spoin. Wyjmij jedn\u0105 wst\u0119pnie przyci\u0119t\u0105 ko\u0144c\u00f3wk\u0119 z ksi\u0105\u017ceczki, upewniaj\u0105c si\u0119, \u017ce jest czysta i nienaruszona. Zwi\u0144 ko\u0144c\u00f3wk\u0119 w ciasny, cylindryczny kszta\u0142t, dostosowuj\u0105c jej rozmiar do preferowanej bletki. Umie\u015b\u0107 zwini\u0119t\u0105 ko\u0144c\u00f3wk\u0119 na jednym ko\u0144cu bibu\u0142ki, a nast\u0119pnie dodaj materia\u0142 do palenia, rozprowadzaj\u0105c go r\u00f3wnomiernie. Z\u0142\u00f3\u017c i zwi\u0144 bibu\u0142k\u0119 wok\u00f3\u0142 ko\u0144c\u00f3wki i materia\u0142u, szczelnie podwijaj\u0105c bibu\u0142k\u0119, aby zabezpieczy\u0107 ko\u0144c\u00f3wk\u0119 jako ustnik. Poli\u017c pasek samoprzylepny, aby uszczelni\u0107 jointa, zapewniaj\u0105c g\u0142adkie, r\u00f3wnomierne zwijanie. Zapal jointa i ciesz si\u0119 komfortowym, sp\u00f3jnym paleniem. Z ksi\u0105\u017ceczki Tip Book Rolling Tips nale\u017cy korzysta\u0107 w swobodnej atmosferze, w samotno\u015bci lub z przyjaci\u00f3\u0142mi, aby doceni\u0107 jej funkcjonalno\u015b\u0107. Przechowuj ksi\u0105\u017ceczk\u0119 w ch\u0142odnym, suchym miejscu, aby zachowa\u0107 jako\u015b\u0107 tips\u00f3w. Odpowiednie dla wszystkich poziom\u00f3w umiej\u0119tno\u015bci, wskaz\u00f3wki te upraszczaj\u0105 zwijanie i poprawiaj\u0105 wra\u017cenia z palenia. Ich uniwersalna kompatybilno\u015b\u0107 ze standardowymi rozmiarami bibu\u0142ek sprawia, \u017ce s\u0105 wszechstronne i przyjazne dla u\u017cytkownika. Tip Book Rolling Tips przekszta\u0142ca zwijanie w precyzyjny, bezproblemowy rytua\u0142, oferuj\u0105c czysty, niezawodny spos\u00f3b na cieszenie si\u0119 ka\u017cdym zaci\u0105gni\u0119ciem si\u0119 z wi\u0119kszym komfortem.<\/p>\n<h2>Sk\u0142adniki Tip Book Rolling Tips<\/h2>\n<p>Tip Book Rolling Tips s\u0105 wykonane z wysokiej jako\u015bci naturalnych materia\u0142\u00f3w, aby zapewni\u0107 bezpieczne i efektywne palenie. Podstawowym sk\u0142adnikiem jest wysokiej jako\u015bci celuloza, zwykle pozyskiwana z w\u0142\u00f3kien ro\u015blinnych, takich jak konopie lub miazga drzewna, tworz\u0105c solidn\u0105, ale lekk\u0105 ko\u0144c\u00f3wk\u0119, kt\u00f3ra zachowuje sw\u00f3j kszta\u0142t podczas zwijania. Niekt\u00f3re ko\u0144c\u00f3wki mog\u0105 zawiera\u0107 naturaln\u0105 gum\u0119, klej na bazie ro\u015blin, aby pom\u00f3c w zabezpieczeniu cylindrycznego kszta\u0142tu ko\u0144c\u00f3wki. Wolne od sztucznych dodatk\u00f3w i szkodliwych chemikali\u00f3w tipy Tip Book Rolling Tips stawiaj\u0105 na czysto\u015b\u0107 i bezpiecze\u0144stwo, dzi\u0119ki czemu s\u0105 idealne dla palaczy dbaj\u0105cych o zdrowie. Materia\u0142y s\u0105 przetwarzane w celu zapewnienia trwa\u0142o\u015bci i sp\u00f3jno\u015bci, zapewniaj\u0105c niezawodny ustnik dla ka\u017cdego jointa. Format broszury wykonany jest z ekologicznego papieru, co odzwierciedla zaanga\u017cowanie w zr\u00f3wnowa\u017cony rozw\u00f3j. Ka\u017cda ko\u0144c\u00f3wka zosta\u0142a zaprojektowana tak, aby pasowa\u0142a do wi\u0119kszo\u015bci standardowych rozmiar\u00f3w bletek, zapewniaj\u0105c wszechstronno\u015b\u0107 i \u0142atwo\u015b\u0107 u\u017cytkowania. Przechowuj Tip Book Rolling Tips w ch\u0142odnym, suchym miejscu, aby zachowa\u0107 ich integralno\u015b\u0107. Ta minimalistyczna, naturalna kompozycja wyr\u00f3\u017cnia je jako praktyczne, przyjazne dla \u015brodowiska akcesorium, oferuj\u0105c palaczom czyste, niezawodne rozwi\u0105zanie, kt\u00f3re usprawnia proces zwijania, jednocze\u015bnie dostosowuj\u0105c si\u0119 do wsp\u00f3\u0142czesnych preferencji dotycz\u0105cych bezpiecznych, zr\u00f3wnowa\u017conych materia\u0142\u00f3w do palenia, kt\u00f3re zapewniaj\u0105 jako\u015b\u0107 i wygod\u0119.<\/p>\n<p><strong>Ostrze\u017cenie<\/strong><br \/>\nPrzechowywa\u0107 w miejscu niedost\u0119pnym dla dzieci. Produkt nieodpowiedni dla os\u00f3b poni\u017cej 18 roku \u017cycia, kobiet w ci\u0105\u017cy i os\u00f3b z chorobami uk\u0142adu oddechowego. U\u017cywaj odpowiedzialnie i unikaj \u0142\u0105czenia z lekami, narkotykami lub alkoholem.<\/p>","protected":false},"excerpt":{"rendered":"<p dir=\"auto\">Tip Book Rolling Tips, wygodna ksi\u0105\u017ceczka z wst\u0119pnie przyci\u0119tymi ko\u0144c\u00f3wkami do zwijania joint\u00f3w, upraszcza proces zwijania. Zaprojektowane tak, aby pasowa\u0142y do wi\u0119kszo\u015bci standardowych rozmiar\u00f3w bibu\u0142ek, ko\u0144c\u00f3wki te oferuj\u0105 czysty i \u0142atwy spos\u00f3b na zwi\u0119kszenie wra\u017ce\u0144 z palenia.<\/p>","protected":false},"featured_media":43543,"template":"","meta":[],"product_brand":[],"product_cat":[571,297,488,461,492],"product_tag":[],"class_list":{"0":"post-42654","1":"product","2":"type-product","3":"status-publish","4":"has-post-thumbnail","6":"product_cat-tips","7":"product_cat-all-products","8":"product_cat-headshop","9":"product_cat-mascotte","10":"product_cat-rolling-papers","11":"product_shipping_class-creditcard-on","13":"first","14":"instock","15":"taxable","16":"shipping-taxable","17":"purchasable","18":"product-type-variable","19":"has-default-attributes"},"_links":{"self":[{"href":"https:\/\/www.tatanka.nl\/pl\/wp-json\/wp\/v2\/product\/42654","targetHints":{"allow":["GET"]}}],"collection":[{"href":"https:\/\/www.tatanka.nl\/pl\/wp-json\/wp\/v2\/product"}],"about":[{"href":"https:\/\/www.tatanka.nl\/pl\/wp-json\/wp\/v2\/types\/product"}],"wp:featuredmedia":[{"embeddable":true,"href":"https:\/\/www.tatanka.nl\/pl\/wp-json\/wp\/v2\/media\/43543"}],"wp:attachment":[{"href":"https:\/\/www.tatanka.nl\/pl\/wp-json\/wp\/v2\/media?parent=42654"}],"wp:term":[{"taxonomy":"product_brand","embeddable":true,"href":"https:\/\/www.tatanka.nl\/pl\/wp-json\/wp\/v2\/product_brand?post=42654"},{"taxonomy":"product_cat","embeddable":true,"href":"https:\/\/www.tatanka.nl\/pl\/wp-json\/wp\/v2\/product_cat?post=42654"},{"taxonomy":"product_tag","embeddable":true,"href":"https:\/\/www.tatanka.nl\/pl\/wp-json\/wp\/v2\/product_tag?post=42654"}],"curies":[{"name":"wp","href":"https:\/\/api.w.org\/{rel}","templated":true}]}}