{"id":42678,"date":"2022-03-14T10:33:00","date_gmt":"2022-03-14T08:33:00","guid":{"rendered":"https:\/\/www.tatanka.nl\/?post_type=product&#038;p=42678"},"modified":"2025-05-20T08:16:01","modified_gmt":"2025-05-20T07:16:01","slug":"jumbo-pro-gold-rolls-with-prerolled-tips","status":"publish","type":"product","link":"https:\/\/www.tatanka.nl\/pl\/jumbo-pro-gold-rolls-with-prerolled-tips\/","title":{"rendered":"Jumbo Pro Gold Rolls z wst\u0119pnie zrolowanym Tips"},"content":{"rendered":"<h2>Jumbo Rolling Papers<\/h2>\n<p>Jumbo Papers to holenderska marka bibu\u0142ek, kt\u00f3rej celem jest dostarczanie wysokiej jako\u015bci materia\u0142\u00f3w do palenia w bardziej przyst\u0119pnej cenie. Jumbo Papers oferuje r\u00f3\u017cne rodzaje bibu\u0142ek, kt\u00f3re umo\u017cliwiaj\u0105 zakup r\u00f3\u017cowych, zielonych, niebieskich, br\u0105zowych lub klasycznych bia\u0142ych bibu\u0142ek.<\/p>\n<p>To sprawia, \u017ce Jumbo jest interesuj\u0105c\u0105, wschodz\u0105c\u0105 mark\u0105 dla palaczy, kt\u00f3rzy zawsze szukaj\u0105 nowo\u015bci. Je\u015bli szukasz materia\u0142\u00f3w do palenia, kt\u00f3re nie s\u0105 wyj\u0105tkowe pod wzgl\u0119dem koloru, ale maj\u0105 r\u00f3wnie\u017c \u015bwietny stosunek ceny do jako\u015bci - musisz wypr\u00f3bowa\u0107 Jumbo!<\/p>","protected":false},"excerpt":{"rendered":"<p>Bletka Rolls ze wst\u0119pnie zwini\u0119tymi ko\u0144c\u00f3wkami? Dok\u0142adnie tak! Zwijaj jointy szybciej i nie tra\u0107 czasu na uzyskanie idealnego kszta\u0142tu tip\u00f3w. Rolls pozwala wybra\u0107 d\u0142ugo\u015b\u0107 bletki, wi\u0119c jest to idealny produkt dla tych, kt\u00f3rzy lubi\u0105 d\u0142u\u017csze lub kr\u00f3tsze jointy. \u015awietny produkt!<\/p>","protected":false},"featured_media":43933,"template":"","meta":[],"product_brand":[],"product_cat":[492,297,488,464,494,560],"product_tag":[],"class_list":{"0":"post-42678","1":"product","2":"type-product","3":"status-publish","4":"has-post-thumbnail","6":"product_cat-rolling-papers","7":"product_cat-all-products","8":"product_cat-headshop","9":"product_cat-jumbo","10":"product_cat-papers-with-tips","11":"product_cat-rolls","12":"product_shipping_class-creditcard-on","14":"first","15":"instock","16":"taxable","17":"shipping-taxable","18":"purchasable","19":"product-type-variable","20":"has-default-attributes"},"_links":{"self":[{"href":"https:\/\/www.tatanka.nl\/pl\/wp-json\/wp\/v2\/product\/42678","targetHints":{"allow":["GET"]}}],"collection":[{"href":"https:\/\/www.tatanka.nl\/pl\/wp-json\/wp\/v2\/product"}],"about":[{"href":"https:\/\/www.tatanka.nl\/pl\/wp-json\/wp\/v2\/types\/product"}],"wp:featuredmedia":[{"embeddable":true,"href":"https:\/\/www.tatanka.nl\/pl\/wp-json\/wp\/v2\/media\/43933"}],"wp:attachment":[{"href":"https:\/\/www.tatanka.nl\/pl\/wp-json\/wp\/v2\/media?parent=42678"}],"wp:term":[{"taxonomy":"product_brand","embeddable":true,"href":"https:\/\/www.tatanka.nl\/pl\/wp-json\/wp\/v2\/product_brand?post=42678"},{"taxonomy":"product_cat","embeddable":true,"href":"https:\/\/www.tatanka.nl\/pl\/wp-json\/wp\/v2\/product_cat?post=42678"},{"taxonomy":"product_tag","embeddable":true,"href":"https:\/\/www.tatanka.nl\/pl\/wp-json\/wp\/v2\/product_tag?post=42678"}],"curies":[{"name":"wp","href":"https:\/\/api.w.org\/{rel}","templated":true}]}}