{"id":42683,"date":"2022-03-14T10:33:07","date_gmt":"2022-03-14T08:33:07","guid":{"rendered":"https:\/\/www.tatanka.nl\/?post_type=product&#038;p=42683"},"modified":"2025-07-08T10:45:16","modified_gmt":"2025-07-08T09:45:16","slug":"jumbo-classic-king-size","status":"publish","type":"product","link":"https:\/\/www.tatanka.nl\/pl\/jumbo-classic-king-size\/","title":{"rendered":"Jumbo Classic King Size"},"content":{"rendered":"<h2>Czym s\u0105 Jumbo Rolling Papers?<\/h2>\n<p>Jumbo Rolling Papers to linia wysokiej jako\u015bci bibu\u0142ek do palenia holenderskiej marki, zaprojektowana w celu podniesienia poziomu dozna\u0144 z palenia dla entuzjast\u00f3w. Dost\u0119pne w \u017cywych kolorach, takich jak r\u00f3\u017cowy, zielony, niebieski, br\u0105zowy i klasyczny bia\u0142y, bibu\u0142ki Jumbo Rolling Papers s\u0105 przeznaczone dla palaczy, kt\u00f3rzy ceni\u0105 sobie zar\u00f3wno styl, jak i jako\u015b\u0107. Papiery te zosta\u0142y zaprojektowane z my\u015bl\u0105 o p\u0142ynnym zwijaniu i r\u00f3wnomiernym spalaniu, zapewniaj\u0105c sp\u00f3jne wra\u017cenia z palenia. Wykonane z naciskiem na przyst\u0119pn\u0105 cen\u0119 bez uszczerbku dla wydajno\u015bci, Jumbo Rolling Papers wyr\u00f3\u017cniaj\u0105 si\u0119 jako obiecuj\u0105cy wyb\u00f3r na rynku materia\u0142\u00f3w do palenia. Idealne dla tych, kt\u00f3rzy lubi\u0105 eksperymentowa\u0107 z unikaln\u0105 estetyk\u0105, papiery te dodaj\u0105 zabawny, spersonalizowany akcent do ka\u017cdej sesji. Niezale\u017cnie od tego, czy palisz w samotno\u015bci, czy na spotkaniu towarzyskim, papiery Jumbo Rolling Papers zapewniaj\u0105 niezawodno\u015b\u0107 i styl. Zr\u00f3\u017cnicowane opcje kolorystyczne czyni\u0105 je ulubionymi w\u015br\u00f3d palaczy pragn\u0105cych wyrazi\u0107 swoj\u0105 indywidualno\u015b\u0107 przy jednoczesnym zachowaniu wysokiego standardu funkcjonalno\u015bci. \u0141atwe w u\u017cyciu i wszechstronne, Jumbo Rolling Papers s\u0105 idealne zar\u00f3wno dla pocz\u0105tkuj\u0105cych, jak i do\u015bwiadczonych palaczy, oferuj\u0105c r\u00f3wnowag\u0119 mi\u0119dzy jako\u015bci\u0105, stylem i warto\u015bci\u0105, kt\u00f3ra wzbogaca ka\u017cdy rytua\u0142 palenia o \u017cywe, przyjemne doznania.<\/p>\n<h2>Historia Jumbo Rolling Papers<\/h2>\n<p>Historia Jumbo Rolling Papers jest zwi\u0105zana z ewolucj\u0105 kultury palenia, w kt\u00f3rej bibu\u0142ki od dawna s\u0105 podstaw\u0105 dla entuzjast\u00f3w. Pochodz\u0105cy z Holandii, centrum innowacyjnych akcesori\u00f3w do palenia, Jumbo Rolling Papers pojawi\u0142 si\u0119, aby zaspokoi\u0107 popyt na wysokiej jako\u015bci, niedrogie i atrakcyjne wizualnie bibu\u0142ki. Tradycyjne bletki, cz\u0119sto proste i funkcjonalne, ewoluowa\u0142y z czasem, gdy palacze poszukiwali bardziej spersonalizowanych opcji. Odpowiedzi\u0105 Jumbo by\u0142o wprowadzenie kolorowej gamy - r\u00f3\u017cowej, zielonej, niebieskiej, br\u0105zowej i bia\u0142ej - \u0142\u0105cz\u0105cej nowoczesn\u0105 estetyk\u0119 z holenderskim rzemios\u0142em. Koncentracja marki na jako\u015bci i przyst\u0119pnej cenie odzwierciedla rosn\u0105cy trend w spo\u0142eczno\u015bci palaczy w kierunku produkt\u00f3w, kt\u00f3re \u0142\u0105cz\u0105 styl z praktyczno\u015bci\u0105. Czerpi\u0105c inspiracj\u0119 z \u017cywego, kreatywnego ducha holenderskiego designu, Jumbo Rolling Papers szybko zyska\u0142y popularno\u015b\u0107 w\u015br\u00f3d os\u00f3b poszukuj\u0105cych \u015bwie\u017cych, wyrazistych akcesori\u00f3w do palenia. Rozw\u00f3j marki odzwierciedla szersz\u0105 zmian\u0119 kulturow\u0105 w kierunku indywidualno\u015bci w akcesoriach do palenia, przemawiaj\u0105c do nowej generacji rolkarzy, kt\u00f3rzy ceni\u0105 zar\u00f3wno wydajno\u015b\u0107, jak i osobowo\u015b\u0107. Jumbo Rolling Papers kontynuuj\u0105 t\u0119 spu\u015bcizn\u0119, oferuj\u0105c nowoczesne podej\u015bcie do klasycznego produktu, co czyni je wyj\u0105tkowym wyborem dla palaczy, kt\u00f3rzy chc\u0105 podnie\u015b\u0107 swoje wra\u017cenia dzi\u0119ki kolorowi i jako\u015bci.<\/p>\n<h2>Jak u\u017cywa\u0107 Jumbo Rolling Papers<\/h2>\n<p>Korzystanie z Jumbo Rolling Papers jest proste i poprawia wra\u017cenia z palenia z \u0142atwo\u015bci\u0105 i stylem. Wybierz preferowany kolor - r\u00f3\u017cowy, zielony, niebieski, br\u0105zowy lub bia\u0142y - i przygotuj materia\u0142 do palenia. Umie\u015b\u0107 niewielk\u0105 ilo\u015b\u0107 wybranej mieszanki na \u015brodku bibu\u0142ki, rozprowadzaj\u0105c j\u0105 r\u00f3wnomiernie na ca\u0142ej d\u0142ugo\u015bci. Z\u0142\u00f3\u017c papier na p\u00f3\u0142, wsuwaj\u0105c jedn\u0105 kraw\u0119d\u017a pod drug\u0105 i delikatnie zwi\u0144 go mi\u0119dzy palcami, aby uformowa\u0107 zawarto\u015b\u0107. Poli\u017c pasek samoprzylepny i uszczelnij bibu\u0142k\u0119, upewniaj\u0105c si\u0119, \u017ce jest ciasno zwini\u0119ta, aby zapewni\u0107 r\u00f3wnomierne spalanie. Zapal ko\u0144c\u00f3wk\u0119 i ciesz si\u0119 p\u0142ynnym, sp\u00f3jnym paleniem. Papieros\u00f3w Jumbo Rolling Papers nale\u017cy u\u017cywa\u0107 w swobodnej atmosferze, w samotno\u015bci lub z przyjaci\u00f3\u0142mi, aby w pe\u0142ni doceni\u0107 ich jako\u015b\u0107 i \u017cyw\u0105 estetyk\u0119. Aby uzyska\u0107 najlepsze rezultaty, bibu\u0142ki nale\u017cy przechowywa\u0107 w ch\u0142odnym i suchym miejscu. Papiery te s\u0105 odpowiednie zar\u00f3wno dla pocz\u0105tkuj\u0105cych, jak i do\u015bwiadczonych rolkarzy, oferuj\u0105c elastyczno\u015b\u0107 i \u0142atwo\u015b\u0107 u\u017cytkowania. Eksperymentuj z r\u00f3\u017cnymi kolorami, aby dopasowa\u0107 je do swojego nastroju lub stylu. Jumbo Rolling Papers sprawiaj\u0105, \u017ce rolowanie staje si\u0119 spersonalizowanym, przyjemnym rytua\u0142em, \u0142\u0105cz\u0105cym funkcjonalno\u015b\u0107 z zabawnym, kolorowym akcentem, kt\u00f3ry podnosi jako\u015b\u0107 ka\u017cdej sesji przy minimalnym wysi\u0142ku.<\/p>\n<h2>Sk\u0142adniki Jumbo Rolling Papers<\/h2>\n<p>Jumbo Rolling Papers s\u0105 wykonane z wysokiej jako\u015bci, naturalnych materia\u0142\u00f3w zaprojektowanych z my\u015bl\u0105 o czystym i p\u0142ynnym paleniu. Podstawowym sk\u0142adnikiem jest wysokiej jako\u015bci celuloza, zazwyczaj pozyskiwana z w\u0142\u00f3kien ro\u015blinnych, takich jak konopie lub len, zapewniaj\u0105ca cienki, lekki papier, kt\u00f3ry pali si\u0119 r\u00f3wnomiernie. Niekt\u00f3re warianty zawieraj\u0105 naturaln\u0105 gum\u0119, klej na bazie ro\u015blin, zapewniaj\u0105cy bezpieczne uszczelnienie podczas zwijania. Wolne od sztucznych dodatk\u00f3w i szkodliwych chemikali\u00f3w bibu\u0142ki Jumbo Rolling Papers stawiaj\u0105 na czysto\u015b\u0107 i bezpiecze\u0144stwo, wpisuj\u0105c si\u0119 w preferencje dbaj\u0105cych o zdrowie palaczy. \u017bywe kolory - r\u00f3\u017cowy, zielony, niebieski, br\u0105zowy i bia\u0142y - s\u0105 uzyskiwane przy u\u017cyciu naturalnych barwnik\u00f3w spo\u017cywczych, dodaj\u0105c estetycznego wygl\u0105du bez uszczerbku dla jako\u015bci. Ka\u017cdy papier jest starannie produkowany, aby zachowa\u0107 sp\u00f3jno\u015b\u0107 i trwa\u0142o\u015b\u0107, oferuj\u0105c niezawodn\u0105 rolk\u0119 za ka\u017cdym razem. Wykorzystanie naturalnych materia\u0142\u00f3w odzwierciedla zaanga\u017cowanie marki w zr\u00f3wnowa\u017cony rozw\u00f3j i jako\u015b\u0107, dzi\u0119ki czemu Jumbo Rolling Papers jest zaufanym wyborem dla entuzjast\u00f3w. Przechowywa\u0107 w ch\u0142odnym, suchym miejscu, aby zachowa\u0107 ich stan. Ta minimalistyczna, ro\u015blinna kompozycja wyr\u00f3\u017cnia Jumbo Rolling Papers jako stylow\u0105, przyjazn\u0105 dla \u015brodowiska opcj\u0119 dla palaczy poszukuj\u0105cych r\u00f3wnowagi mi\u0119dzy wydajno\u015bci\u0105, bezpiecze\u0144stwem i efektowno\u015bci\u0105 wizualn\u0105, zapewniaj\u0105c najwy\u017cszej jako\u015bci wra\u017cenia, kt\u00f3re wzbogacaj\u0105 ka\u017cd\u0105 sesj\u0119 palenia \u017cyw\u0105, naturaln\u0105 prostot\u0105.<\/p>\n<p><strong>Ostrze\u017cenie<\/strong><br \/>\nPrzechowywa\u0107 w miejscu niedost\u0119pnym dla dzieci. Produkt nieodpowiedni dla os\u00f3b poni\u017cej 18 roku \u017cycia, kobiet w ci\u0105\u017cy i os\u00f3b z chorobami uk\u0142adu oddechowego. U\u017cywaj odpowiedzialnie i unikaj \u0142\u0105czenia z lekami, narkotykami lub alkoholem.<\/p>","protected":false},"excerpt":{"rendered":"<p dir=\"auto\">Papiery Jumbo Rolling Papers holenderskiej marki oferuj\u0105 wysokiej jako\u015bci kolorowe bibu\u0142ki do palenia w kolorze r\u00f3\u017cowym, zielonym, niebieskim, br\u0105zowym i klasycznym bia\u0142ym. Zaprojektowane z my\u015bl\u0105 o palaczach poszukuj\u0105cych r\u00f3\u017cnorodno\u015bci i warto\u015bci, bibu\u0142ki te zapewniaj\u0105 najwy\u017cszej jako\u015bci doznania podczas zwijania.<\/p>","protected":false},"featured_media":43918,"template":"","meta":[],"product_brand":[],"product_cat":[492,297,488,464,558,493],"product_tag":[],"class_list":{"0":"post-42683","1":"product","2":"type-product","3":"status-publish","4":"has-post-thumbnail","6":"product_cat-rolling-papers","7":"product_cat-all-products","8":"product_cat-headshop","9":"product_cat-jumbo","10":"product_cat-king-size-papers","11":"product_cat-papers","12":"product_shipping_class-creditcard-on","14":"first","15":"instock","16":"taxable","17":"shipping-taxable","18":"purchasable","19":"product-type-variable","20":"has-default-attributes"},"_links":{"self":[{"href":"https:\/\/www.tatanka.nl\/pl\/wp-json\/wp\/v2\/product\/42683","targetHints":{"allow":["GET"]}}],"collection":[{"href":"https:\/\/www.tatanka.nl\/pl\/wp-json\/wp\/v2\/product"}],"about":[{"href":"https:\/\/www.tatanka.nl\/pl\/wp-json\/wp\/v2\/types\/product"}],"wp:featuredmedia":[{"embeddable":true,"href":"https:\/\/www.tatanka.nl\/pl\/wp-json\/wp\/v2\/media\/43918"}],"wp:attachment":[{"href":"https:\/\/www.tatanka.nl\/pl\/wp-json\/wp\/v2\/media?parent=42683"}],"wp:term":[{"taxonomy":"product_brand","embeddable":true,"href":"https:\/\/www.tatanka.nl\/pl\/wp-json\/wp\/v2\/product_brand?post=42683"},{"taxonomy":"product_cat","embeddable":true,"href":"https:\/\/www.tatanka.nl\/pl\/wp-json\/wp\/v2\/product_cat?post=42683"},{"taxonomy":"product_tag","embeddable":true,"href":"https:\/\/www.tatanka.nl\/pl\/wp-json\/wp\/v2\/product_tag?post=42683"}],"curies":[{"name":"wp","href":"https:\/\/api.w.org\/{rel}","templated":true}]}}