{"id":44641,"date":"2022-04-06T11:00:01","date_gmt":"2022-04-06T09:00:01","guid":{"rendered":"https:\/\/www.tatanka.nl\/?post_type=product&#038;p=44641"},"modified":"2025-12-19T12:49:11","modified_gmt":"2025-12-19T11:49:11","slug":"pink-paradise-magic-truffles","status":"publish","type":"product","link":"https:\/\/www.tatanka.nl\/pl\/pink-paradise-magic-truffles\/","title":{"rendered":"Pink Paradise Magiczne Trufle"},"content":{"rendered":"<h2>Czym s\u0105 magiczne trufle Pink Paradise?<\/h2>\n<p>Magiczne trufle Pink Paradise, naukowo znane jako sklerocja, s\u0105 unikalnym produktem tworzonym przez podziemne nitki grzybni. Nici te tworz\u0105 zwart\u0105 mas\u0119, kt\u00f3ra magazynuje sk\u0142adniki od\u017cywcze, umo\u017cliwiaj\u0105c wzrost grzyb\u00f3w w idealnych warunkach, takich jak temperatura i wilgotno\u015b\u0107. Pink Paradise, odmiana Psilocybe Roseus, jest znana ze wspierania uczu\u0107 mi\u0142o\u015bci, jedno\u015bci i wolno\u015bci. Ka\u017cde 15-gramowe opakowanie jest przeznaczone dla jednego u\u017cytkownika, aby zapewni\u0107 pe\u0142ne, wci\u0105gaj\u0105ce doznania. W przeciwie\u0144stwie do typowych grzyb\u00f3w, trufle te pozostaj\u0105 pod ziemi\u0105, oferuj\u0105c silne, naturalne \u017ar\u00f3d\u0142o psilocybiny, kt\u00f3ra wywo\u0142uje halucynogenny trip. Efekty r\u00f3\u017cni\u0105 si\u0119 w zale\u017cno\u015bci od dawki i indywidualnej wra\u017cliwo\u015bci, od \u017cywych obraz\u00f3w po g\u0142\u0119bokie filozoficzne spostrze\u017cenia. Ludzie u\u017cywaj\u0105 Pink Paradise, aby zyska\u0107 \u015bwie\u017ce spojrzenie na siebie i \u015bwiat, cz\u0119sto opisuj\u0105c to do\u015bwiadczenie jako podr\u00f3\u017c do wewn\u0105trz. Popularno\u015b\u0107 produktu wzros\u0142a ze wzgl\u0119du na jego zdolno\u015b\u0107 do tworzenia bezpiecznego, magicznego do\u015bwiadczenia w zaufanym \u015brodowisku, co czyni go poszukiwanym wyborem dla os\u00f3b poszukuj\u0105cych rozwoju osobistego lub \u017cywej, \u0142\u0105cz\u0105cej przygody.<\/p>\n<h2>Historia magicznych trufli Pink Paradise<\/h2>\n<p>Historia magicznych trufli Pink Paradise si\u0119ga staro\u017cytnych kultur, kt\u00f3re czci\u0142y grzyby zawieraj\u0105ce psylocybin\u0119 w celach duchowych i rytualnych. Rdzenne grupy w Ameryce \u015arodkowej i Po\u0142udniowej u\u017cywa\u0142y podobnych substancji do \u0142\u0105czenia si\u0119 z natur\u0105 i bosko\u015bci\u0105, cz\u0119sto w ceremonialnych okoliczno\u015bciach. We wsp\u00f3\u0142czesnej erze magiczne trufle zyska\u0142y uwag\u0119 w Holandii, gdzie pozostaj\u0105 legalne ze wzgl\u0119du na ich podziemny wzrost, odr\u00f3\u017cniaj\u0105c je od grzyb\u00f3w regulowanych. Pink Paradise, wariant Psilocybe Roseus, pojawi\u0142 si\u0119 jako nowoczesna odmiana zaprojektowana w celu wywo\u0142ania mi\u0142o\u015bci i harmonii, odzwierciedlaj\u0105c ruchy kontrkulturowe lat 60-tych, kt\u00f3re przyj\u0119\u0142y psychodeliki w celu samopoznania. Naukowe zainteresowanie psylocybin\u0105 wzros\u0142o w XX wieku, a naukowcy badali jej wp\u0142yw na \u015bwiadomo\u015b\u0107 i zdrowie psychiczne. Dzi\u015b Pink Paradise stanowi po\u0142\u0105czenie tradycyjnej m\u0105dro\u015bci i wsp\u00f3\u0142czesnych innowacji, oferuj\u0105c u\u017cytkownikom bezpieczny, naturalny spos\u00f3b na odkrywanie odmiennych stan\u00f3w umys\u0142u. Jego rosn\u0105ca popularno\u015b\u0107 odzwierciedla rosn\u0105c\u0105 kulturow\u0105 akceptacj\u0119 psychodelik\u00f3w dla rozwoju osobistego, a u\u017cytkownik\u00f3w przyci\u0105ga jego wyj\u0105tkowa zdolno\u015b\u0107 do wspierania wi\u0119zi emocjonalnej i refleksji filozoficznej w kontrolowanym, celowym otoczeniu.<\/p>\n<h2>Jak u\u017cywa\u0107 Pink Paradise Magic Truffles<\/h2>\n<p>Korzystanie z magicznych trufli Pink Paradise wymaga starannego przygotowania, aby zapewni\u0107 bezpieczne i przyjemne do\u015bwiadczenie. Rozpocznij w spokojnym, znajomym otoczeniu z zaufanymi towarzyszami lub samemu, w zale\u017cno\u015bci od preferencji. Zacznij od spo\u017cycia po\u0142owy 15-gramowego opakowania, dok\u0142adnie prze\u017cuwaj\u0105c, aby zwi\u0119kszy\u0107 wch\u0142anianie, poniewa\u017c poprawia to skuteczno\u015b\u0107 trufli. Po 30-45 minutach oce\u0144 efekty, zanim zdecydujesz si\u0119 wzi\u0105\u0107 wi\u0119cej, ale nigdy nie przekraczaj jednego opakowania na sesj\u0119. Aby uzyska\u0107 \u0142agodniejsze doznania, mo\u017cna zaparzy\u0107 trufle w herbacie lub wymiesza\u0107 je z zup\u0105. Aby uzyska\u0107 optymalne rezultaty, nale\u017cy spo\u017cywa\u0107 je na pusty \u017co\u0142\u0105dek, a niewykorzystane trufle przechowywa\u0107 w ciemnym, ch\u0142odnym miejscu w temperaturze od 2\u00b0C do 4\u00b0C. Dzia\u0142anie trufli zwykle osi\u0105ga szczyt w ci\u0105gu 1-3 godzin, a efekty utrzymuj\u0105 si\u0119 przez 5-6 godzin. Pozosta\u0144 nawodniony, zrelaksuj si\u0119 i pozw\u00f3l, aby do\u015bwiadczenie rozwija\u0142o si\u0119 naturalnie. Unikaj \u0142\u0105czenia z alkoholem, lekami lub innymi substancjami i powstrzymaj si\u0119 od prowadzenia pojazd\u00f3w lub anga\u017cowania si\u0119 w ryzykowne dzia\u0142ania. Pink Paradise najlepiej nadaje si\u0119 dla os\u00f3b w dobrym zdrowiu psychicznym i fizycznym, poszukuj\u0105cych transformuj\u0105cej podr\u00f3\u017cy. Usi\u0105d\u017a wygodnie, ciesz si\u0119 chwil\u0105 i pozw\u00f3l, by trufle poprowadzi\u0142y Ci\u0119 przez t\u0119tni\u0105c\u0105 \u017cyciem, introspektywn\u0105 przygod\u0119.<\/p>\n<h2>Sk\u0142adniki Pink Paradise Magic Truffles<\/h2>\n<p>Magiczne trufle Pink Paradise to naturalny produkt pe\u0142en sk\u0142adnik\u00f3w od\u017cywczych i aktywnego zwi\u0105zku psilocybiny. Ka\u017cde 100 gram\u00f3w zawiera 464,7 kJ (110,5 kcal) energii, 13,2 grama w\u0119glowodan\u00f3w, 5,3 grama bia\u0142ka, 0,4 grama t\u0142uszczu i 16,7 grama b\u0142onnika pokarmowego. Dostarczaj\u0105 r\u00f3wnie\u017c 0,3 grama soli, 10 IU witaminy D i niezb\u0119dnych minera\u0142\u00f3w, takich jak 13,6 mg sodu, 169,3 mg fosforu, 210 mg potasu, 12,5 mg wapnia i 0,7 mg \u017celaza. G\u0142\u00f3wny sk\u0142adnik aktywny, psylocybina, przekszta\u0142ca si\u0119 w organizmie w psylocyn\u0119, wp\u0142ywaj\u0105c na poziom serotoniny i wywo\u0142uj\u0105c efekty halucynogenne. Te sk\u0142adniki od\u017cywcze wspieraj\u0105 energi\u0119, wzrost i funkcje regulacyjne organizmu, dzi\u0119ki czemu trufle s\u0105 wyj\u0105tkowym produktem spo\u017cywczym zar\u00f3wno ze wzgl\u0119du na ich w\u0142a\u015bciwo\u015bci psychoaktywne, jak i od\u017cywcze. Pink Paradise nie zawiera \u017cadnych sztucznych dodatk\u00f3w, opieraj\u0105c si\u0119 wy\u0142\u0105cznie na naturalnym sk\u0142adzie sklerocji Psilocybe Roseus. Ta mieszanka bioaktywnych zwi\u0105zk\u00f3w i sk\u0142adnik\u00f3w od\u017cywczych tworzy charakterystyczne do\u015bwiadczenie mi\u0142o\u015bci, harmonii i introspekcji, wyr\u00f3\u017cniaj\u0105c Pink Paradise jako holistyczny produkt do eksploracji umys\u0142u i cia\u0142a.<\/p>\n<p><strong>Ostrze\u017cenie<\/strong><\/p>\n<p>Magiczne trufle Pink Paradise zawieraj\u0105 psylocybin\u0119 i psylocyn\u0119, naturalne halucynogeny, kt\u00f3re mog\u0105 wywo\u0142ywa\u0107 znacz\u0105ce efekty zmieniaj\u0105ce \u015bwiadomo\u015b\u0107, w tym \u017cywe halucynacje. Substancje te wymagaj\u0105 ostro\u017cnego stosowania, poniewa\u017c ich wp\u0142yw r\u00f3\u017cni si\u0119 w zale\u017cno\u015bci od osoby. Zawsze spo\u017cywaj je w bezpiecznym, kontrolowanym \u015brodowisku i unikaj ich, je\u015bli masz problemy ze zdrowiem psychicznym, depresj\u0119, wysokie lub niskie ci\u015bnienie krwi, choroby serca lub p\u0142uc, cukrzyc\u0119, jeste\u015b w ci\u0105\u017cy lub karmisz piersi\u0105. Nie stosowa\u0107 u os\u00f3b poni\u017cej 18 roku \u017cycia i przechowywa\u0107 w miejscu niedost\u0119pnym dla dzieci ze wzgl\u0119du na silne dzia\u0142anie tych zwi\u0105zk\u00f3w.<\/p>","protected":false},"excerpt":{"rendered":"<p><span style=\"font-weight: 400;\">Pink Paradise Magic Truffles zosta\u0142y stworzone, aby symbolizowa\u0107 pok\u00f3j, mi\u0142o\u015b\u0107 i jedno\u015b\u0107. Pod wzgl\u0119dem si\u0142y te r\u00f3\u017cowe sklerocje s\u0105 do\u015b\u0107 mocne. Dlatego mo\u017cesz spodziewa\u0107 si\u0119 jasnych wizualizacji, ciep\u0142ych i \u015bwiec\u0105cych wibracji, g\u0142\u0119bokich my\u015bli i niesamowitego poczucia jedno\u015bci. Skontaktuj si\u0119 ze swoim prawdziwym \"ja\" i wejd\u017a w kontakt z natur\u0105. Do\u015bwiadczaj \u017cycia w autentyczny spos\u00f3b.<\/span><\/p>","protected":false},"featured_media":44703,"template":"","meta":[],"product_brand":[],"product_cat":[516,297,595,395,518,513,515,519,476,514,578],"product_tag":[662],"class_list":{"0":"post-44641","1":"product","2":"type-product","3":"status-publish","4":"has-post-thumbnail","6":"product_cat-magic-truffles","7":"product_cat-all-products","8":"product_cat-mcsmart","9":"product_cat-microdosing","10":"product_cat-mushrooms","11":"product_cat-party","12":"product_cat-shroomshop","13":"product_cat-shroomshop-top-10","14":"product_cat-smartshop","15":"product_cat-smartshop-top-10","16":"product_cat-strongest-magic-truffles","17":"product_tag-shrdeal","18":"product_shipping_class-creditcard-off","20":"first","21":"instock","22":"taxable","23":"shipping-taxable","24":"purchasable","25":"product-type-variable","26":"has-default-attributes"},"_links":{"self":[{"href":"https:\/\/www.tatanka.nl\/pl\/wp-json\/wp\/v2\/product\/44641","targetHints":{"allow":["GET"]}}],"collection":[{"href":"https:\/\/www.tatanka.nl\/pl\/wp-json\/wp\/v2\/product"}],"about":[{"href":"https:\/\/www.tatanka.nl\/pl\/wp-json\/wp\/v2\/types\/product"}],"wp:featuredmedia":[{"embeddable":true,"href":"https:\/\/www.tatanka.nl\/pl\/wp-json\/wp\/v2\/media\/44703"}],"wp:attachment":[{"href":"https:\/\/www.tatanka.nl\/pl\/wp-json\/wp\/v2\/media?parent=44641"}],"wp:term":[{"taxonomy":"product_brand","embeddable":true,"href":"https:\/\/www.tatanka.nl\/pl\/wp-json\/wp\/v2\/product_brand?post=44641"},{"taxonomy":"product_cat","embeddable":true,"href":"https:\/\/www.tatanka.nl\/pl\/wp-json\/wp\/v2\/product_cat?post=44641"},{"taxonomy":"product_tag","embeddable":true,"href":"https:\/\/www.tatanka.nl\/pl\/wp-json\/wp\/v2\/product_tag?post=44641"}],"curies":[{"name":"wp","href":"https:\/\/api.w.org\/{rel}","templated":true}]}}