{"id":50166,"date":"2022-07-04T14:11:28","date_gmt":"2022-07-04T12:11:28","guid":{"rendered":"https:\/\/www.tatanka.nl\/?post_type=product&#038;p=50166"},"modified":"2025-05-20T08:11:56","modified_gmt":"2025-05-20T07:11:56","slug":"zink-240-tablets","status":"publish","type":"product","link":"https:\/\/www.tatanka.nl\/pl\/zink-240-tablets\/","title":{"rendered":"Zink - 240 tabletek"},"content":{"rendered":"<h2>Czym s\u0105 tabletki cynkowe Fit4Seasons?<\/h2>\n<p>Fit4Seasons Zinc Tablets to wysokiej jako\u015bci suplement diety dostarczaj\u0105cy niezb\u0119dnego pierwiastka \u015bladowego, jakim jest cynk, w biodost\u0119pnej formie. Cynk odgrywa istotn\u0105 rol\u0119 w wielu procesach zachodz\u0105cych w organizmie, w tym w utrzymaniu mocnych ko\u015bci, wspieraniu zdrowia sk\u00f3ry oraz promowaniu zdrowych w\u0142os\u00f3w i paznokci. Jest r\u00f3wnie\u017c silnym przeciwutleniaczem, kt\u00f3ry pomaga chroni\u0107 kom\u00f3rki przed stresem oksydacyjnym.<\/p>\n<p>Produkt ten jest szczeg\u00f3lnie korzystny dla os\u00f3b do\u015bwiadczaj\u0105cych zwi\u0119kszonego wysi\u0142ku fizycznego lub psychicznego. Cynk wspiera uk\u0142ad odporno\u015bciowy, pomagaj\u0105c organizmowi odpiera\u0107 zewn\u0119trzne zagro\u017cenia i skuteczniej si\u0119 regenerowa\u0107. Dodatkowo przyczynia si\u0119 do zdrowia oczu, koncentracji i pami\u0119ci. W przypadku m\u0119\u017cczyzn cynk pomaga w utrzymaniu jako\u015bci i produkcji spermy.<\/p>\n<p>Ka\u017cda tabletka zawiera bisglicynian cynku, znany z doskona\u0142ego wch\u0142aniania i biodost\u0119pno\u015bci, dzi\u0119ki czemu organizm mo\u017ce w pe\u0142ni korzysta\u0107 z tego niezb\u0119dnego minera\u0142u. Fit4Seasons Zinc Tablets nadaj\u0105 si\u0119 do codziennego stosowania i s\u0105 idealne do utrzymania og\u00f3lnego stanu zdrowia i dobrego samopoczucia.<\/p>\n<h2>Historia tabletek cynkowych Fit4Seasons<\/h2>\n<p>Cynk od wiek\u00f3w uznawany jest za minera\u0142 niezb\u0119dny dla ludzkiego zdrowia. Staro\u017cytne cywilizacje wykorzystywa\u0142y zwi\u0105zki zawieraj\u0105ce cynk do gojenia ran i promowania zdrowia sk\u00f3ry. Z biegiem czasu naukowe zrozumienie cynku rozszerzy\u0142o si\u0119, ujawniaj\u0105c jego kluczow\u0105 rol\u0119 w podziale kom\u00f3rek, funkcjach odporno\u015bciowych i zdrowiu reprodukcyjnym.<\/p>\n<p>Wsp\u00f3\u0142czesne nawyki \u017cywieniowe podkre\u015blaj\u0105 potrzeb\u0119 suplementacji cynku, zw\u0142aszcza \u017ce niekt\u00f3re diety lub warunki zdrowotne mog\u0105 prowadzi\u0107 do niedobor\u00f3w. Aby zaspokoi\u0107 te potrzeby, firma Fit4Seasons opracowa\u0142a tabletki cynkowe wykorzystuj\u0105ce bisglicynian cynku, form\u0119 zapewniaj\u0105c\u0105 wysok\u0105 absorpcj\u0119 i minimalne podra\u017cnienie \u017co\u0142\u0105dka.<\/p>\n<p>\u0141\u0105cz\u0105c tradycyjn\u0105 wiedz\u0119 z zaawansowan\u0105 nauk\u0105 o \u017cywieniu, tabletki cynkowe Fit4Seasons oferuj\u0105 rozwi\u0105zanie, kt\u00f3re honoruje historyczne znaczenie tego minera\u0142u, jednocze\u015bnie spe\u0142niaj\u0105c wymagania wsp\u00f3\u0142czesnego stylu \u017cycia. Tabletki te odzwierciedlaj\u0105 zaanga\u017cowanie firmy Fit4Seasons w jako\u015b\u0107 i zdrowie.<\/p>\n<h2>Jak stosowa\u0107 tabletki cynkowe Fit4Seasons?<\/h2>\n<p>Tabletki cynkowe Fit4Seasons s\u0105 proste i wygodne do w\u0142\u0105czenia do codziennej rutyny. Nale\u017cy przyjmowa\u0107 jedn\u0105 tabletk\u0119 dziennie, popijaj\u0105c wod\u0105 po posi\u0142ku. Konsekwentne stosowanie tabletek zapewnia organizmowi sta\u0142y dop\u0142yw cynku, kt\u00f3ry wspomaga wiele istotnych funkcji organizmu.<\/p>\n<p>Aby uzyska\u0107 najlepsze wyniki, nale\u017cy przyjmowa\u0107 tabletk\u0119 o tej samej porze ka\u017cdego dnia. Stwarza to nawyk i pomaga utrzyma\u0107 sta\u0142y poziom cynku w organizmie. Tabletki te s\u0105 odpowiednie zar\u00f3wno dla m\u0119\u017cczyzn, jak i kobiet i mog\u0105 by\u0107 stosowane w celu wspierania og\u00f3lnego stanu zdrowia, funkcji odporno\u015bciowych lub okre\u015blonych potrzeb, takich jak zdrowie sk\u00f3ry lub uk\u0142adu rozrodczego.<\/p>\n<p>Podobnie jak w przypadku ka\u017cdego suplementu, konieczne jest przestrzeganie zalecanego dawkowania. Je\u015bli cierpisz na jakiekolwiek schorzenia lub przyjmujesz leki, przed u\u017cyciem skonsultuj si\u0119 z lekarzem. Tabletki cynkowe Fit4Seasons zosta\u0142y opracowane w celu uzupe\u0142nienia zbilansowanej diety i zdrowego stylu \u017cycia.<\/p>\n<h2>Sk\u0142adniki tabletek cynkowych Fit4Seasons<\/h2>\n<p>Tabletki cynkowe Fit4Seasons s\u0105 starannie opracowane, aby zapewni\u0107 maksymaln\u0105 skuteczno\u015b\u0107 i czysto\u015b\u0107. Ka\u017cda tabletka zawiera:<\/p>\n<ul>\n<li><strong>Bisglicynian cynku<\/strong>: 113,6 mg<\/li>\n<li><strong>Izomalt<\/strong>: 100 mg<\/li>\n<li><strong>Celuloza mikrokrystaliczna<\/strong>: 10 mg<\/li>\n<li><strong>Krzemionka<\/strong>: 3,5 mg<\/li>\n<li><strong>Wegetaria\u0144ski stearynian magnezu<\/strong>: 3,5 mg<\/li>\n<\/ul>\n<p>Bisglicynian cynku jest g\u0142\u00f3wnym sk\u0142adnikiem aktywnym, wybranym ze wzgl\u0119du na lepsze wch\u0142anianie w por\u00f3wnaniu z innymi formami cynku. Dodatkowe sk\u0142adniki, w tym krzemionka i stearynian magnezu, zapewniaj\u0105, \u017ce ka\u017cda tabletka jest \u0142atwa do spo\u017cycia i wolna od zb\u0119dnych dodatk\u00f3w. Tabletki 100% s\u0105 wega\u0144skie i opracowane z dba\u0142o\u015bci\u0105 o spe\u0142nienie wysokich standard\u00f3w jako\u015bci.<\/p>\n<p><strong>Dodatkowe informacje o cynku:<\/strong><br \/>\n- Wspiera ko\u015bci<br \/>\n- Jest dobry dla procesu podzia\u0142u kom\u00f3rek<br \/>\n- Dobrze wp\u0142ywa na koncentracj\u0119 i pami\u0119\u0107<br \/>\n- Wspomaga kondycj\u0119 oka<br \/>\n- Jest dobry dla paznokci i w\u0142os\u00f3w<br \/>\n- Jest wa\u017cny dla sk\u00f3ry<br \/>\n- Wspomaga uk\u0142ad odporno\u015bciowy<br \/>\n- Przyczynia si\u0119 do produkcji plemnik\u00f3w i korzystnie wp\u0142ywa na ich jako\u015b\u0107.<br \/>\n- Jest przeciwutleniaczem<\/p>\n<p><strong>Ostrze\u017cenie<\/strong><br \/>\nPrzechowywa\u0107 w miejscu niedost\u0119pnym dla dzieci. Skonsultuj si\u0119 z lekarzem przed u\u017cyciem, je\u015bli jeste\u015b w ci\u0105\u017cy, karmisz piersi\u0105 lub masz w\u0105tpliwo\u015bci zdrowotne. Przechowywa\u0107 w temperaturze pokojowej, w ciemnym i suchym miejscu. Nie przekracza\u0107 zalecanej dziennej dawki.<\/p>","protected":false},"excerpt":{"rendered":"<p>Fit4Seasons Zinc Tablets dostarczaj\u0105 niezb\u0119dnego cynku w \u0142atwej do przyjmowania, przyjaznej dla wegan formie. Cynk wspiera szeroki zakres funkcji organizmu, w tym zdrowie uk\u0142adu odporno\u015bciowego, podzia\u0142 kom\u00f3rek, zdrowie sk\u00f3ry i paznokci oraz dobre samopoczucie reprodukcyjne. Tabletki te zosta\u0142y zaprojektowane z my\u015bl\u0105 o optymalnym wch\u0142anianiu i s\u0105 idealne do codziennego stosowania.<\/p>","protected":false},"featured_media":126029,"template":"","meta":[],"product_brand":[],"product_cat":[598,297,522,475,533,487,486,480],"product_tag":[],"class_list":{"0":"post-50166","1":"product","2":"type-product","3":"status-publish","4":"has-post-thumbnail","6":"product_cat-fit4seasons","7":"product_cat-all-products","8":"product_cat-detox","9":"product_cat-healthshop","10":"product_cat-recovery","11":"product_cat-sport","12":"product_cat-superfoods","13":"product_cat-supplements","15":"first","16":"instock","17":"taxable","18":"shipping-taxable","19":"purchasable","20":"product-type-variable","21":"has-default-attributes"},"_links":{"self":[{"href":"https:\/\/www.tatanka.nl\/pl\/wp-json\/wp\/v2\/product\/50166","targetHints":{"allow":["GET"]}}],"collection":[{"href":"https:\/\/www.tatanka.nl\/pl\/wp-json\/wp\/v2\/product"}],"about":[{"href":"https:\/\/www.tatanka.nl\/pl\/wp-json\/wp\/v2\/types\/product"}],"wp:featuredmedia":[{"embeddable":true,"href":"https:\/\/www.tatanka.nl\/pl\/wp-json\/wp\/v2\/media\/126029"}],"wp:attachment":[{"href":"https:\/\/www.tatanka.nl\/pl\/wp-json\/wp\/v2\/media?parent=50166"}],"wp:term":[{"taxonomy":"product_brand","embeddable":true,"href":"https:\/\/www.tatanka.nl\/pl\/wp-json\/wp\/v2\/product_brand?post=50166"},{"taxonomy":"product_cat","embeddable":true,"href":"https:\/\/www.tatanka.nl\/pl\/wp-json\/wp\/v2\/product_cat?post=50166"},{"taxonomy":"product_tag","embeddable":true,"href":"https:\/\/www.tatanka.nl\/pl\/wp-json\/wp\/v2\/product_tag?post=50166"}],"curies":[{"name":"wp","href":"https:\/\/api.w.org\/{rel}","templated":true}]}}