{"id":50168,"date":"2022-07-04T14:13:34","date_gmt":"2022-07-04T12:13:34","guid":{"rendered":"https:\/\/www.tatanka.nl\/?post_type=product&#038;p=50168"},"modified":"2025-05-20T08:11:53","modified_gmt":"2025-05-20T07:11:53","slug":"5-htp-cbd-40-tablets","status":"publish","type":"product","link":"https:\/\/www.tatanka.nl\/pl\/5-htp-cbd-40-tablets\/","title":{"rendered":"5-HTP I CBD"},"content":{"rendered":"<h2>Czym s\u0105 Fit4Seasons 5-HTP i CBD Capsules?<\/h2>\n<p>Kapsu\u0142ki Fit4Seasons 5-HTP &amp; CBD to wyj\u0105tkowy suplement stworzony z my\u015bl\u0105 o wsparciu dobrego samopoczucia psychicznego i relaksu. Ka\u017cda kapsu\u0142ka zawiera precyzyjn\u0105 mieszank\u0119 5-HTP, izolatu CBD i passiflory dla maksymalnej skuteczno\u015bci.<\/p>\n<p>5-HTP, pozyskiwany z ro\u015bliny Griffonia Simplicifolia, jest naturalnym prekursorem serotoniny, neuroprzeka\u017anika, kt\u00f3ry odgrywa istotn\u0105 rol\u0119 w regulacji nastroju. Serotonina przyczynia si\u0119 r\u00f3wnie\u017c do produkcji melatoniny, kt\u00f3ra jest niezb\u0119dna dla zdrowego snu. Dodatkowo, w\u0142\u0105czenie CBD, zwi\u0105zku ekstrahowanego z konopi indyjskich, dodaje dodatkow\u0105 warstw\u0119 wsparcia dla og\u00f3lnej r\u00f3wnowagi i spokoju bez \u017cadnych efekt\u00f3w psychoaktywnych.<\/p>\n<p>Produkt ten jest w pe\u0142ni wega\u0144ski i starannie opracowany, aby zaspokoi\u0107 potrzeby os\u00f3b poszukuj\u0105cych naturalnego sposobu na popraw\u0119 nastroju, relaksu i jako\u015bci snu. Dzi\u0119ki dodatkowi passiflory zapewnia holistyczne podej\u015bcie do dobrego samopoczucia.<\/p>\n<h2>Historia Fit4Seasons 5-HTP i CBD Capsules<\/h2>\n<p>Po\u0142\u0105czenie 5-HTP i CBD odzwierciedla po\u0142\u0105czenie tradycyjnych naturalnych \u015brodk\u00f3w leczniczych i nowoczesnej nauki o zdrowiu. Griffonia Simplicifolia, ro\u015blina pochodz\u0105ca z Afryki, jest od wiek\u00f3w stosowana w medycynie tradycyjnej ze wzgl\u0119du na swoje w\u0142a\u015bciwo\u015bci uspokajaj\u0105ce i rol\u0119 w promowaniu lepszego snu. Wraz z rozwojem nauki, aktywny zwi\u0105zek 5-HTP zosta\u0142 wyizolowany i uznany za jego zdolno\u015b\u0107 do wspierania produkcji serotoniny.<\/p>\n<p>Z drugiej strony CBD jest nowszym odkryciem. Pozyskiwane z konopi indyjskich CBD zyska\u0142o popularno\u015b\u0107 dzi\u0119ki swojemu potencja\u0142owi do promowania r\u00f3wnowagi i relaksu bez efekt\u00f3w psychoaktywnych. W po\u0142\u0105czeniu z Passionflower, innym tradycyjnym \u015brodkiem znanym z dzia\u0142ania uspokajaj\u0105cego, sk\u0142adniki te tworz\u0105 synergiczn\u0105 formu\u0142\u0119, kt\u00f3ra zaspokaja wsp\u00f3\u0142czesne potrzeby wellness.<\/p>\n<p>Kapsu\u0142ki Fit4Seasons 5-HTP &amp; CBD zosta\u0142y opracowane w celu zapewnienia skutecznego, ro\u015blinnego suplementu, kt\u00f3ry wspiera zar\u00f3wno dobre samopoczucie psychiczne, jak i fizyczne, pozostaj\u0105c jednocze\u015bnie wiernym warto\u015bciom wega\u0144skim.<\/p>\n<h2>Jak stosowa\u0107 Fit4Seasons 5-HTP i CBD Capsules<\/h2>\n<p>Przyjmowanie kapsu\u0142ek Fit4Seasons 5-HTP &amp; CBD jest proste i wygodne. Zalecana dawka to jedna kapsu\u0142ka dziennie, popijana wod\u0105 po posi\u0142ku. Konsekwencja jest kluczem do uzyskania optymalnych wynik\u00f3w i najlepiej jest przyjmowa\u0107 suplement o tej samej porze ka\u017cdego dnia, aby wspiera\u0107 sta\u0142\u0105 rutyn\u0119.<\/p>\n<p>Suplement ten jest odpowiedni do stosowania jako cz\u0119\u015b\u0107 codziennego schematu odnowy biologicznej. Niezale\u017cnie od tego, czy chcesz poprawi\u0107 sw\u00f3j nastr\u00f3j, promowa\u0107 relaks, czy wspiera\u0107 lepszy sen, kapsu\u0142ki Fit4Seasons 5-HTP &amp; CBD oferuj\u0105 naturalne rozwi\u0105zanie. Wa\u017cne jest, aby przestrzega\u0107 zalecanego dawkowania i skonsultowa\u0107 si\u0119 z lekarzem, je\u015bli masz jakiekolwiek wcze\u015bniejsze schorzenia, jeste\u015b w ci\u0105\u017cy lub karmisz piersi\u0105.<\/p>\n<p>\u0141\u0105cz\u0105c zalety 5-HTP, CBD i passiflory, suplement ten doskonale wpisuje si\u0119 w zdrowy styl \u017cycia, oferuj\u0105c wsparcie zar\u00f3wno dla cia\u0142a, jak i umys\u0142u.<\/p>\n<h2>Sk\u0142adniki Fit4Seasons 5-HTP i CBD Capsules<\/h2>\n<p>Ka\u017cda kapsu\u0142ka Fit4Seasons 5-HTP &amp; CBD zosta\u0142a starannie opracowana, aby zapewni\u0107 zr\u00f3wnowa\u017con\u0105 mieszank\u0119 wysokiej jako\u015bci sk\u0142adnik\u00f3w ro\u015blinnych:<\/p>\n<ul>\n<li><strong>Ekstrakt z Griffonia Simplicifolia<\/strong> (30.6% 5-HTP): 250 mg<\/li>\n<li><strong>Passionflower<\/strong>: 130 mg<\/li>\n<li><strong>Izolat CBD<\/strong>: 15 mg<\/li>\n<li><strong>Skrobia ry\u017cowa<\/strong>25 mg<\/li>\n<li><strong>Stearynian wapnia<\/strong>: 5 mg<\/li>\n<\/ul>\n<p>Zastosowanie Griffonia Simplicifolia zapewnia naturalne \u017ar\u00f3d\u0142o 5-HTP, podczas gdy izolat CBD oferuje czyste i silne wsparcie bez THC. Kwiat m\u0119czennicy ma w\u0142a\u015bciwo\u015bci uspokajaj\u0105ce, a skrobia ry\u017cowa dzia\u0142a jak naturalny wype\u0142niacz. Kapsu\u0142ki 100% s\u0105 wega\u0144skie i wolne od zb\u0119dnych dodatk\u00f3w, dzi\u0119ki czemu s\u0105 odpowiednie dla r\u00f3\u017cnych preferencji \u017cywieniowych.<\/p>\n<p><strong>Korzy\u015bci ze stosowania Fit4Seasons 5-HTP i CBD:<\/strong><\/p>\n<ul>\n<li>Unikalne po\u0142\u0105czenie 5-HTP z CBD<\/li>\n<li>5-HTP jest prekursorem serotoniny<\/li>\n<li>Pochodzi z Griffonia Simplicifolia<\/li>\n<li>Wysokiej jako\u015bci izolat CBD<\/li>\n<li>Zawiera r\u00f3wnie\u017c Passionflower<\/li>\n<li>Odpowiedni dla wegetarian i wegan<\/li>\n<\/ul>\n<p><strong>Ostrze\u017cenie<\/strong><br \/>\nTen produkt jest suplementem diety i nie powinien zast\u0119powa\u0107 zr\u00f3wnowa\u017conej diety ani zdrowego stylu \u017cycia. Nie nale\u017cy przekracza\u0107 zalecanej dziennej dawki. Przechowywa\u0107 w ch\u0142odnym, suchym miejscu niedost\u0119pnym dla dzieci. W przypadku ci\u0105\u017cy, karmienia piersi\u0105 lub przyjmowania lek\u00f3w przed u\u017cyciem nale\u017cy skonsultowa\u0107 si\u0119 z lekarzem. Unika\u0107 obs\u0142ugi pojazd\u00f3w lub maszyn po za\u017cyciu tego produktu.<\/p>","protected":false},"excerpt":{"rendered":"<p>Kapsu\u0142ki Fit4Seasons 5-HTP &amp; CBD \u0142\u0105cz\u0105 w sobie naturalne korzy\u015bci 5-hydroksytryptofanu (5-HTP) i CBD. Pochodz\u0105cy z Griffonia Simplicifolia, 5-HTP wspomaga produkcj\u0119 serotoniny, cz\u0119sto nazywanej \"hormonem szcz\u0119\u015bcia\", podczas gdy CBD zapewnia unikalne w\u0142a\u015bciwo\u015bci bez efekt\u00f3w psychoaktywnych. Ten suplement jest wzbogacony o Passionflower i jest odpowiedni dla wegetarian i wegan.<\/p>","protected":false},"featured_media":126028,"template":"","meta":[],"product_brand":[],"product_cat":[598,297,522,475,481,533,487,486,480,482],"product_tag":[],"class_list":{"0":"post-50168","1":"product","2":"type-product","3":"status-publish","4":"has-post-thumbnail","6":"product_cat-fit4seasons","7":"product_cat-all-products","8":"product_cat-detox","9":"product_cat-healthshop","10":"product_cat-healthshop-top-10","11":"product_cat-recovery","12":"product_cat-sport","13":"product_cat-superfoods","14":"product_cat-supplements","15":"product_cat-vitamins","17":"first","18":"instock","19":"taxable","20":"shipping-taxable","21":"purchasable","22":"product-type-variable","23":"has-default-attributes"},"_links":{"self":[{"href":"https:\/\/www.tatanka.nl\/pl\/wp-json\/wp\/v2\/product\/50168","targetHints":{"allow":["GET"]}}],"collection":[{"href":"https:\/\/www.tatanka.nl\/pl\/wp-json\/wp\/v2\/product"}],"about":[{"href":"https:\/\/www.tatanka.nl\/pl\/wp-json\/wp\/v2\/types\/product"}],"wp:featuredmedia":[{"embeddable":true,"href":"https:\/\/www.tatanka.nl\/pl\/wp-json\/wp\/v2\/media\/126028"}],"wp:attachment":[{"href":"https:\/\/www.tatanka.nl\/pl\/wp-json\/wp\/v2\/media?parent=50168"}],"wp:term":[{"taxonomy":"product_brand","embeddable":true,"href":"https:\/\/www.tatanka.nl\/pl\/wp-json\/wp\/v2\/product_brand?post=50168"},{"taxonomy":"product_cat","embeddable":true,"href":"https:\/\/www.tatanka.nl\/pl\/wp-json\/wp\/v2\/product_cat?post=50168"},{"taxonomy":"product_tag","embeddable":true,"href":"https:\/\/www.tatanka.nl\/pl\/wp-json\/wp\/v2\/product_tag?post=50168"}],"curies":[{"name":"wp","href":"https:\/\/api.w.org\/{rel}","templated":true}]}}