{"id":50170,"date":"2022-07-04T14:16:54","date_gmt":"2022-07-04T12:16:54","guid":{"rendered":"https:\/\/www.tatanka.nl\/?post_type=product&#038;p=50170"},"modified":"2025-05-20T08:11:48","modified_gmt":"2025-05-20T07:11:48","slug":"vitamin-c-120-tablets","status":"publish","type":"product","link":"https:\/\/www.tatanka.nl\/pl\/vitamin-c-120-tablets\/","title":{"rendered":"Witamina C"},"content":{"rendered":"<h2>Czym s\u0105 tabletki z witamin\u0105 C Fit4Seasons?<\/h2>\n<p>Tabletki Fit4Seasons Vitamin C to wysokiej jako\u015bci suplement diety zaprojektowany w celu zapewnienia organizmowi istotnych korzy\u015bci p\u0142yn\u0105cych z witaminy C. Ka\u017cda tabletka zawiera 900 mg witaminy C (w postaci askorbinianu wapnia), zapewniaj\u0105c skuteczne wch\u0142anianie i wykorzystanie przez organizm.<\/p>\n<p>Formu\u0142a jest dodatkowo wzbogacona ekstraktem z Rosa Canina i bioflawonoidami cytrusowymi, kt\u00f3re dzia\u0142aj\u0105 synergistycznie w celu zwi\u0119kszenia w\u0142a\u015bciwo\u015bci przeciwutleniaj\u0105cych i promowania lepszego zdrowia immunologicznego. Witamina C odgrywa kluczow\u0105 rol\u0119 w wielu procesach zachodz\u0105cych w organizmie, w tym w tworzeniu kolagenu, produkcji energii i ochronie kom\u00f3rek przed stresem oksydacyjnym spowodowanym czynnikami \u015brodowiskowymi.<\/p>\n<p>Ten suplement jest ca\u0142kowicie wega\u0144ski, wykonany ze starannie dobranych sk\u0142adnik\u00f3w, aby dopasowa\u0107 si\u0119 do r\u00f3\u017cnych preferencji \u017cywieniowych. Fit4Seasons Vitamin C jest idealny do utrzymania og\u00f3lnego samopoczucia, niezale\u017cnie od tego, czy masz do czynienia ze zm\u0119czeniem, wspierasz zdrowie sk\u00f3ry, czy te\u017c wzmacniasz naturalne mechanizmy obronne organizmu.<\/p>\n<h2>Historia witaminy C Fit4Seasons<\/h2>\n<p>Witamina C od wiek\u00f3w uznawana jest za niezb\u0119dny sk\u0142adnik od\u017cywczy dla ludzkiego zdrowia. W przesz\u0142o\u015bci \u017ceglarze stosowali pokarmy bogate w witamin\u0119 C, takie jak owoce cytrusowe, aby zapobiega\u0107 szkorbutowi podczas d\u0142ugich podr\u00f3\u017cy. Znaczenie tej witaminy dla zdrowia uk\u0142adu odporno\u015bciowego, produkcji kolagenu i metabolizmu energetycznego zosta\u0142o dobrze udokumentowane od tego czasu.<\/p>\n<p>Fit4Seasons opracowa\u0142 swoj\u0105 witamin\u0119 C, aby unowocze\u015bni\u0107 ten ponadczasowy sk\u0142adnik od\u017cywczy, zapewniaj\u0105c formu\u0142\u0119, kt\u00f3ra jest silna, skuteczna i \u0142atwa do w\u0142\u0105czenia do codziennej rutyny. Dodaj\u0105c ekstrakt z Rosa Canina i bioflawonoidy cytrusowe, marka podkre\u015bla znaczenie naturalnych, ro\u015blinnych \u017ar\u00f3de\u0142 uzupe\u0142niaj\u0105cych podstawowy sk\u0142adnik.<\/p>\n<p>To zaanga\u017cowanie w jako\u015b\u0107 i innowacyjno\u015b\u0107 odzwierciedla zaanga\u017cowanie Fit4Seasons w tworzenie suplement\u00f3w, kt\u00f3re s\u0105 zgodne z ewoluuj\u0105cymi trendami zdrowotnymi, a jednocze\u015bnie pozostaj\u0105 zakorzenione w nauce i tradycji.<\/p>\n<h2>Jak stosowa\u0107 tabletki z witamin\u0105 C Fit4Seasons?<\/h2>\n<p>Przyjmowanie tabletek Fit4Seasons Vitamin C jest proste i wygodne. Aby uzyska\u0107 optymalne rezultaty, nale\u017cy przyjmowa\u0107 jedn\u0105 tabletk\u0119 dwa razy dziennie po posi\u0142ku, popijaj\u0105c wod\u0105. Takie dawkowanie zapewnia sta\u0142e wsparcie dla uk\u0142adu odporno\u015bciowego i poziomu energii przez ca\u0142y dzie\u0144.<\/p>\n<p>Regularne stosowanie tego suplementu mo\u017ce pom\u00f3c w zwalczaniu zm\u0119czenia, ochronie kom\u00f3rek przed uszkodzeniami oksydacyjnymi i wspieraniu tworzenia kolagenu, co ma kluczowe znaczenie dla utrzymania zdrowej sk\u00f3ry, ko\u015bci i naczy\u0144 krwiono\u015bnych. Niezale\u017cnie od tego, czy chcesz poprawi\u0107 swoje og\u00f3lne samopoczucie, czy te\u017c zaj\u0105\u0107 si\u0119 konkretnymi problemami, takimi jak zm\u0119czenie lub wsparcie odporno\u015bci, suplement ten doskonale pasuje do intensywnego stylu \u017cycia.<\/p>\n<p>Wa\u017cne jest, aby przestrzega\u0107 zalecanej dawki, aby unikn\u0105\u0107 przekroczenia bezpiecznego poziomu spo\u017cycia. Po\u0142\u0105czenie tych tabletek ze zbilansowan\u0105 diet\u0105 bogat\u0105 w owoce i warzywa oraz aktywnym trybem \u017cycia dodatkowo zwi\u0119ksza korzy\u015bci p\u0142yn\u0105ce z ich stosowania.<\/p>\n<h2>Sk\u0142adniki tabletek z witamin\u0105 C Fit4Seasons<\/h2>\n<p>Ka\u017cda tabletka Fit4Seasons Vitamin C zawiera:<\/p>\n<ul>\n<li><strong>Witamina C (jako askorbinian wapnia): 900 mg<\/strong> - Buforowana forma witaminy C dla lepszego wch\u0142aniania i zmniejszonej kwasowo\u015bci.<\/li>\n<li><strong>Ekstrakt z Rosa Canina (4:1): 50 mg<\/strong> - Pochodz\u0105cy z owoc\u00f3w dzikiej r\u00f3\u017cy ekstrakt jest bogaty w przeciwutleniacze i wspiera zdrowie uk\u0142adu odporno\u015bciowego.<\/li>\n<li><strong>Bioflawonoidy cytrusowe: 50 mg<\/strong> - Zwi\u0105zki ro\u015blinne, kt\u00f3re zwi\u0119kszaj\u0105 skuteczno\u015b\u0107 witaminy C i promuj\u0105 zdrowie uk\u0142adu sercowo-naczyniowego.<\/li>\n<\/ul>\n<p>Dodatkowe sk\u0142adniki obejmuj\u0105 celuloz\u0119 mikrokrystaliczn\u0105, maltodekstryn\u0119, stearynian magnezu i dwutlenek krzemu, zapewniaj\u0105c stabilno\u015b\u0107 tabletki i \u0142atwo\u015b\u0107 u\u017cycia. Wszystkie sk\u0142adniki s\u0105 starannie dobrane, aby zachowa\u0107 najwy\u017csz\u0105 jako\u015b\u0107 i standardy przyjazne dla wegan.<\/p>\n<p><strong>Korzy\u015bci zdrowotne witaminy C<\/strong>:<br \/>\n-\u00a0<strong>Naczynia krwiono\u015bne:<\/strong>\u00a0Witamina C jest wa\u017cna dla naczy\u0144 krwiono\u015bnych. Przyczynia si\u0119 do tworzenia kolagenu, kt\u00f3ry jest wa\u017cny dla utrzymania mocnej \u015bciany naczy\u0144 krwiono\u015bnych.<br \/>\n-\u00a0<strong>Sk\u00f3ra i ko\u015bci:<\/strong>\u00a0Witamina C wspomaga ko\u015bci i jest wa\u017cna dla chrz\u0105stki i sk\u00f3ry.<br \/>\n-\u00a0<strong>Uk\u0142ad odporno\u015bciowy:<\/strong>\u00a0Witamina C wspomaga uk\u0142ad odporno\u015bciowy. Zapewnia r\u00f3wnie\u017c dodatkow\u0105\/wi\u0119ksz\u0105 odporno\u015b\u0107 podczas wysi\u0142ku fizycznego.<br \/>\n-\u00a0<strong>Usta i z\u0119by:<\/strong>\u00a0Witamina pomaga utrzyma\u0107 mocne z\u0119by i jest wa\u017cna dla z\u0119b\u00f3w.<br \/>\n-\u00a0<strong>Uszkodzenia oksydacyjne: <\/strong>Witamina C jest przeciwutleniaczem i pomaga chroni\u0107 zdrowe kom\u00f3rki organizmu. Pomaga r\u00f3wnie\u017c chroni\u0107 kom\u00f3rki przed uszkodzeniami oksydacyjnymi spowodowanymi promieniami UV i zanieczyszczeniem powietrza.<br \/>\n-\u00a0<strong>Zm\u0119czenie:<\/strong>\u00a0Witamina C pomaga zmniejszy\u0107 zm\u0119czenie i znu\u017cenie.<br \/>\n-\u00a0<strong>Uk\u0142ad nerwowy:<\/strong>\u00a0Witamina C odgrywa wa\u017cn\u0105 rol\u0119 w funkcjonowaniu nerw\u00f3w i wspomaga prawid\u0142owe funkcjonowanie uk\u0142adu nerwowego.<\/p>\n<p><strong>We\u017a Fit4Seasons Witamina C:<\/strong><br \/>\n- W przypadku zm\u0119czenia lub letargu<br \/>\n- Ochrona przed wolnymi rodnikami<br \/>\n- Utrzymanie zdrowych kom\u00f3rek i tkanek<br \/>\n- Dla normalnego st\u0119\u017cenia<\/p>\n<p>&nbsp;<\/p>\n<p><strong>Ostrze\u017cenie:<\/strong><br \/>\nPrzechowywa\u0107 w miejscu niedost\u0119pnym dla dzieci. Skonsultuj si\u0119 z lekarzem przed u\u017cyciem, je\u015bli jeste\u015b w ci\u0105\u017cy, karmisz piersi\u0105 lub masz w\u0105tpliwo\u015bci zdrowotne. Przechowywa\u0107 w ch\u0142odnym, ciemnym miejscu w temperaturze pokojowej. Nie przekracza\u0107 zalecanej dawki dziennej.<\/p>\n<p>&nbsp;<\/p>","protected":false},"excerpt":{"rendered":"<p>Witamina C to substancja, kt\u00f3ra bierze udzia\u0142 w wielu procesach zachodz\u0105cych w organizmie. Witamina C jest przeciwutleniaczem i jest wa\u017cna dla naczy\u0144 krwiono\u015bnych, wspomaga tworzenie kolagenu, jest wa\u017cna dla metabolizmu energetycznego, ma pozytywny wp\u0142yw na uk\u0142ad odporno\u015bciowy, jest dobra dla zdolno\u015bci koncentracji i pomaga w zm\u0119czeniu.<\/p>","protected":false},"featured_media":126027,"template":"","meta":[],"product_brand":[],"product_cat":[598,297,522,475,481,533,487,486,480,482],"product_tag":[],"class_list":{"0":"post-50170","1":"product","2":"type-product","3":"status-publish","4":"has-post-thumbnail","6":"product_cat-fit4seasons","7":"product_cat-all-products","8":"product_cat-detox","9":"product_cat-healthshop","10":"product_cat-healthshop-top-10","11":"product_cat-recovery","12":"product_cat-sport","13":"product_cat-superfoods","14":"product_cat-supplements","15":"product_cat-vitamins","17":"first","18":"instock","19":"taxable","20":"shipping-taxable","21":"purchasable","22":"product-type-variable","23":"has-default-attributes"},"_links":{"self":[{"href":"https:\/\/www.tatanka.nl\/pl\/wp-json\/wp\/v2\/product\/50170","targetHints":{"allow":["GET"]}}],"collection":[{"href":"https:\/\/www.tatanka.nl\/pl\/wp-json\/wp\/v2\/product"}],"about":[{"href":"https:\/\/www.tatanka.nl\/pl\/wp-json\/wp\/v2\/types\/product"}],"wp:featuredmedia":[{"embeddable":true,"href":"https:\/\/www.tatanka.nl\/pl\/wp-json\/wp\/v2\/media\/126027"}],"wp:attachment":[{"href":"https:\/\/www.tatanka.nl\/pl\/wp-json\/wp\/v2\/media?parent=50170"}],"wp:term":[{"taxonomy":"product_brand","embeddable":true,"href":"https:\/\/www.tatanka.nl\/pl\/wp-json\/wp\/v2\/product_brand?post=50170"},{"taxonomy":"product_cat","embeddable":true,"href":"https:\/\/www.tatanka.nl\/pl\/wp-json\/wp\/v2\/product_cat?post=50170"},{"taxonomy":"product_tag","embeddable":true,"href":"https:\/\/www.tatanka.nl\/pl\/wp-json\/wp\/v2\/product_tag?post=50170"}],"curies":[{"name":"wp","href":"https:\/\/api.w.org\/{rel}","templated":true}]}}