{"id":50173,"date":"2022-07-04T14:18:34","date_gmt":"2022-07-04T12:18:34","guid":{"rendered":"https:\/\/www.tatanka.nl\/?post_type=product&#038;p=50173"},"modified":"2025-05-20T08:11:32","modified_gmt":"2025-05-20T07:11:32","slug":"5-htp-vitamin-b-40-tablets","status":"publish","type":"product","link":"https:\/\/www.tatanka.nl\/pl\/5-htp-vitamin-b-40-tablets\/","title":{"rendered":"5-HTP i witamina B"},"content":{"rendered":"<h2>Czym s\u0105 kapsu\u0142ki Fit4Seasons 5-HTP &amp; Vitamin B?<\/h2>\n<p>Kapsu\u0142ki Fit4Seasons 5-HTP &amp; Vitamin B to wysokiej jako\u015bci suplement diety opracowany w celu poprawy samopoczucia psychicznego i fizycznego. Produkt zawiera 5-HTP (5-hydroksytryptofan), prekursor serotoniny, powszechnie znanej jako \"hormon szcz\u0119\u015bcia\". Serotonina dzia\u0142a r\u00f3wnie\u017c jako prekursor melatoniny, zwi\u0105zku, kt\u00f3ry pomaga regulowa\u0107 cykle snu.<\/p>\n<p>Opr\u00f3cz 5-HTP, suplement ten zawiera mieszank\u0119 witamin z grupy B, w tym B3 (niacyna), B5 (kwas pantotenowy) i B6, kt\u00f3re wspieraj\u0105 metabolizm energetyczny, zarz\u0105dzanie stresem i jasno\u015b\u0107 poznawcz\u0105. Kapsu\u0142ki wzbogacone o kwiat m\u0119czennicy sprzyjaj\u0105 r\u00f3wnie\u017c relaksacji.<\/p>\n<p>Ten przyjazny dla wegan suplement jest idealny dla os\u00f3b poszukuj\u0105cych wsparcia r\u00f3wnowagi emocjonalnej, poziomu energii i jako\u015bci snu w jednej wygodnej formule. Jego przemy\u015blane po\u0142\u0105czenie oferuje synergiczne korzy\u015bci, zaspokajaj\u0105c wsp\u00f3\u0142czesne potrzeby zdrowotne.<\/p>\n<h2>Historia kapsu\u0142ek Fit4Seasons 5-HTP &amp; Vitamin B<\/h2>\n<p>Firma Fit4Seasons opracowa\u0142a swoje kapsu\u0142ki 5-HTP &amp; Vitamin B w odpowiedzi na rosn\u0105ce zapotrzebowanie na naturalne suplementy, kt\u00f3re wspieraj\u0105 dobre samopoczucie emocjonalne i og\u00f3lny stan zdrowia. G\u0142\u00f3wny sk\u0142adnik produktu, 5-HTP, pochodzi z Griffonia Simplicifolia, ro\u015bliny pochodz\u0105cej z Afryki Zachodniej, od dawna stosowanej w medycynie tradycyjnej ze wzgl\u0119du na jej w\u0142a\u015bciwo\u015bci uspokajaj\u0105ce.<\/p>\n<p>Znaczenie witamin z grupy B dla zdrowia cz\u0142owieka jest znane od czasu ich odkrycia na pocz\u0105tku XX wieku. Witaminy te s\u0105 niezb\u0119dne do produkcji energii, radzenia sobie ze stresem i utrzymania zdrowego uk\u0142adu nerwowego. Passiflora, znana ze swojego uspokajaj\u0105cego dzia\u0142ania, jest od wiek\u00f3w stosowana w zio\u0142olecznictwie w celu \u0142agodzenia niepokoju i poprawy snu.<\/p>\n<p>\u0141\u0105cz\u0105c te sk\u0142adniki, Fit4Seasons stworzy\u0142 kompleksowy suplement, kt\u00f3ry wykorzystuje tradycyjn\u0105 m\u0105dro\u015b\u0107 i nowoczesn\u0105 nauk\u0119, aby zaspokoi\u0107 potrzeby wsp\u00f3\u0142czesnych konsument\u00f3w dbaj\u0105cych o zdrowie.<\/p>\n<h2>Jak stosowa\u0107 kapsu\u0142ki Fit4Seasons 5-HTP &amp; Vitamin B?<\/h2>\n<p>Stosowanie kapsu\u0142ek Fit4Seasons 5-HTP &amp; Vitamin B jest proste i wygodne. Wystarczy przyjmowa\u0107 jedn\u0105 kapsu\u0142k\u0119 dziennie, popijaj\u0105c wod\u0105, najlepiej po posi\u0142ku, aby zapewni\u0107 optymalne wch\u0142anianie. Taka rutyna pomaga utrzyma\u0107 sta\u0142y poziom korzystnych sk\u0142adnik\u00f3w od\u017cywczych w organizmie, wspieraj\u0105c produkcj\u0119 serotoniny, metabolizm energetyczny i relaksacj\u0119.<\/p>\n<p>Suplement ten jest szczeg\u00f3lnie korzystny dla os\u00f3b do\u015bwiadczaj\u0105cych stresu, niskiego poziomu energii lub zaburzonych wzorc\u00f3w snu. Jego naturalna formu\u0142a zapewnia \u0142agodne, oparte na ro\u015blinach podej\u015bcie do rozwi\u0105zywania tych typowych wyzwa\u0144. Aby uzyska\u0107 najlepsze rezultaty, nale\u017cy w\u0142\u0105czy\u0107 kapsu\u0142ki do zr\u00f3wnowa\u017conego stylu \u017cycia, kt\u00f3ry obejmuje po\u017cywn\u0105 diet\u0119, regularn\u0105 aktywno\u015b\u0107 fizyczn\u0105 i odpowiedni\u0105 higien\u0119 snu.<\/p>\n<p>Unikaj przekraczania zalecanej dawki, poniewa\u017c mo\u017ce to zak\u0142\u00f3ci\u0107 zamierzone dzia\u0142anie suplementu. Nale\u017cy zawsze post\u0119powa\u0107 zgodnie z wytycznymi, aby bezpiecznie i skutecznie cieszy\u0107 si\u0119 pe\u0142nymi korzy\u015bciami p\u0142yn\u0105cymi ze stosowania produktu.<\/p>\n<h2>Sk\u0142adniki kapsu\u0142ek Fit4Seasons 5-HTP i witamina B<\/h2>\n<p>Ka\u017cda kapsu\u0142ka Fit4Seasons 5-HTP &amp; Vitamin B jest wype\u0142niona starannie dobranymi sk\u0142adnikami, aby zmaksymalizowa\u0107 jej skuteczno\u015b\u0107. Podstawowym sk\u0142adnikiem jest 5-HTP, pochodz\u0105cy z Griffonia Simplicifolia, dostarczaj\u0105cy 250 mg na kapsu\u0142k\u0119. Kwiat m\u0119czennicy zawiera 130 mg ze wzgl\u0119du na swoje naturalne w\u0142a\u015bciwo\u015bci uspokajaj\u0105ce.<\/p>\n<p>Mieszanka zawiera r\u00f3wnie\u017c niezb\u0119dne witaminy z grupy B:<\/p>\n<ul>\n<li><strong>Witamina B3 (niacyna)<\/strong>: 15 mg dla wsparcia metabolizmu energetycznego.<\/li>\n<li><strong>Witamina B5 (kwas pantotenowy)<\/strong>: 5 mg dla odporno\u015bci na stres.<\/li>\n<li><strong>Witamina B6<\/strong>: 5 mg w celu promowania jasnego umys\u0142u i zdrowego uk\u0142adu odporno\u015bciowego.<\/li>\n<\/ul>\n<p>Inne sk\u0142adniki obejmuj\u0105 skrobi\u0119 ry\u017cow\u0105 i stearynian wapnia, dzi\u0119ki czemu kapsu\u0142ki s\u0105 \u0142atwe do spo\u017cycia i w pe\u0142ni wega\u0144skie. Ka\u017cdy sk\u0142adnik zosta\u0142 wybrany ze wzgl\u0119du na jego jako\u015b\u0107 i rol\u0119 w promowaniu dobrego samopoczucia psychicznego i fizycznego.<\/p>\n<p><strong>Zalety Fit4Seasons 5-HTP i witaminy B:<\/strong><\/p>\n<ul>\n<li>Skuteczne po\u0142\u0105czenie 5-HTP z witamin\u0105 B<\/li>\n<li>5-HTP jest prekursorem serotoniny<\/li>\n<li>Pochodzi z Griffonia Simplicifolia<\/li>\n<li>Zawiera Vitamins B3, B5 i B6<\/li>\n<li>Zawiera r\u00f3wnie\u017c Passionflower<\/li>\n<li>Odpowiedni dla wegetarian i wegan<\/li>\n<\/ul>\n<p>&nbsp;<\/p>\n<p><strong>Ostrze\u017cenie:<\/strong><br \/>\nPrzechowywa\u0107 w miejscu niedost\u0119pnym dla dzieci. Bez konsultacji z lekarzem nie nale\u017cy stosowa\u0107 produktu w ci\u0105\u017cy, w okresie karmienia piersi\u0105 lub w trakcie leczenia. Unika\u0107 obs\u0142ugi maszyn lub prowadzenia pojazd\u00f3w po u\u017cyciu. Przechowywa\u0107 w ch\u0142odnym i suchym miejscu. Nie przekracza\u0107 zalecanej dziennej dawki.<\/p>\n<p>&nbsp;<\/p>","protected":false},"excerpt":{"rendered":"<p>Kapsu\u0142ki Fit4Seasons 5-HTP &amp; Vitamin B \u0142\u0105cz\u0105 5-HTP, pochodz\u0105cy z Griffonia Simplicifolia, z witaminami z grupy B i passiflor\u0105, aby wspiera\u0107 produkcj\u0119 serotoniny, metabolizm energetyczny i og\u00f3lne samopoczucie psychiczne. Przyjazny dla wegan i skuteczny w walce ze stresem, dodaj\u0105cy energii i wspomagaj\u0105cy sen.<\/p>","protected":false},"featured_media":126025,"template":"","meta":[],"product_brand":[],"product_cat":[598,297,522,475,533,487,486,480,482],"product_tag":[],"class_list":{"0":"post-50173","1":"product","2":"type-product","3":"status-publish","4":"has-post-thumbnail","6":"product_cat-fit4seasons","7":"product_cat-all-products","8":"product_cat-detox","9":"product_cat-healthshop","10":"product_cat-recovery","11":"product_cat-sport","12":"product_cat-superfoods","13":"product_cat-supplements","14":"product_cat-vitamins","16":"first","17":"instock","18":"taxable","19":"shipping-taxable","20":"purchasable","21":"product-type-variable","22":"has-default-attributes"},"_links":{"self":[{"href":"https:\/\/www.tatanka.nl\/pl\/wp-json\/wp\/v2\/product\/50173","targetHints":{"allow":["GET"]}}],"collection":[{"href":"https:\/\/www.tatanka.nl\/pl\/wp-json\/wp\/v2\/product"}],"about":[{"href":"https:\/\/www.tatanka.nl\/pl\/wp-json\/wp\/v2\/types\/product"}],"wp:featuredmedia":[{"embeddable":true,"href":"https:\/\/www.tatanka.nl\/pl\/wp-json\/wp\/v2\/media\/126025"}],"wp:attachment":[{"href":"https:\/\/www.tatanka.nl\/pl\/wp-json\/wp\/v2\/media?parent=50173"}],"wp:term":[{"taxonomy":"product_brand","embeddable":true,"href":"https:\/\/www.tatanka.nl\/pl\/wp-json\/wp\/v2\/product_brand?post=50173"},{"taxonomy":"product_cat","embeddable":true,"href":"https:\/\/www.tatanka.nl\/pl\/wp-json\/wp\/v2\/product_cat?post=50173"},{"taxonomy":"product_tag","embeddable":true,"href":"https:\/\/www.tatanka.nl\/pl\/wp-json\/wp\/v2\/product_tag?post=50173"}],"curies":[{"name":"wp","href":"https:\/\/api.w.org\/{rel}","templated":true}]}}