{"id":50175,"date":"2022-07-04T14:18:37","date_gmt":"2022-07-04T12:18:37","guid":{"rendered":"https:\/\/www.tatanka.nl\/?post_type=product&#038;p=50175"},"modified":"2025-07-10T00:48:46","modified_gmt":"2025-07-09T23:48:46","slug":"magnesium-taurine-120-tablets","status":"publish","type":"product","link":"https:\/\/www.tatanka.nl\/pl\/magnesium-taurine-120-tablets\/","title":{"rendered":"Magnez i tauryna"},"content":{"rendered":"<h2>Czym s\u0105 tabletki Fit4Seasons Magnesium &amp; Taurine?<\/h2>\n<p>Tabletki Fit4Seasons Magnesium &amp; Taurine to suplement diety przeznaczony do wspomagania r\u00f3\u017cnych funkcji organizmu. Magnez, niezb\u0119dny minera\u0142, odgrywa kluczow\u0105 rol\u0119 w utrzymaniu zdrowych mi\u0119\u015bni, ko\u015bci i uk\u0142adu nerwowego. Tauryna, warunkowo niezb\u0119dny sk\u0142adnik od\u017cywczy, uzupe\u0142nia magnez, zwi\u0119kszaj\u0105c jego korzy\u015bci i zapewniaj\u0105c dodatkowe wsparcie dla produkcji energii i koncentracji umys\u0142owej.<\/p>\n<p>Niezale\u017cnie od tego, czy jeste\u015b sportowcem wymagaj\u0105cym wsparcia regeneracyjnego, czy te\u017c osob\u0105 pragn\u0105c\u0105 zwi\u0119kszy\u0107 poziom energii i jasno\u015b\u0107 umys\u0142u, te wega\u0144skie tabletki zosta\u0142y opracowane w celu zaspokojenia r\u00f3\u017cnorodnych potrzeb. Fit4Seasons Magnesium &amp; Taurine to wszechstronny wyb\u00f3r do promowania og\u00f3lnego dobrego samopoczucia, odpowiedni dla r\u00f3\u017cnych styl\u00f3w \u017cycia i grup wiekowych.<\/p>\n<h2>Historia Fit4Seasons Magnez &amp; Tauryna<\/h2>\n<p>Fit4Seasons zosta\u0142 opracowany w celu zapewnienia wysokiej jako\u015bci, dost\u0119pnych suplement\u00f3w dla os\u00f3b, dla kt\u00f3rych zdrowie jest priorytetem. Formu\u0142a Magnesium &amp; Taurine powsta\u0142a w wyniku szeroko zakrojonych bada\u0144 nad synergistycznym dzia\u0142aniem tych dw\u00f3ch zwi\u0105zk\u00f3w. Historycznie, magnez zosta\u0142 uznany za istotn\u0105 rol\u0119 w zdrowiu cz\u0142owieka, si\u0119gaj\u0105c\u0105 staro\u017cytnych cywilizacji, kt\u00f3re ceni\u0142y diet\u0119 bogat\u0105 w minera\u0142y. Tauryna, odkryta w XIX wieku, zyska\u0142a rozg\u0142os jako niezb\u0119dny zwi\u0105zek podobny do aminokwasu, kt\u00f3ry wspiera procesy energetyczne i regeneracyjne organizmu.<\/p>\n<p>Fit4Seasons po\u0142\u0105czy\u0142 te elementy, aby stworzy\u0107 nowoczesny, przyjazny dla wegan suplement, kt\u00f3ry zaspokaja potrzeby wsp\u00f3\u0142czesnych os\u00f3b dbaj\u0105cych o zdrowie. Rezultatem jest produkt, kt\u00f3ry \u0142\u0105czy nauk\u0119 i natur\u0119, aby zapewni\u0107 wymierne korzy\u015bci zdrowotne.<\/p>\n<h2>Jak stosowa\u0107 Fit4Seasons Magnesium &amp; Taurine<\/h2>\n<p>Stosowanie Fit4Seasons Magnesium &amp; Taurine jest proste. Nale\u017cy przyjmowa\u0107 od 1 do 2 tabletek dziennie podczas posi\u0142ku, popijaj\u0105c wod\u0105. Zapewnia to optymalne wch\u0142anianie i pomaga organizmowi efektywnie wykorzystywa\u0107 sk\u0142adniki od\u017cywcze. Zaleca si\u0119 w\u0142\u0105czenie tabletek do regularnej rutyny, aby utrzyma\u0107 sta\u0142e wsparcie dla mi\u0119\u015bni, ko\u015bci i jasno\u015bci umys\u0142u.<\/p>\n<p>W przypadku sportowc\u00f3w lub os\u00f3b o zwi\u0119kszonych wymaganiach fizycznych lub psychicznych suplement mo\u017ce s\u0142u\u017cy\u0107 jako niezawodny dodatek do zbilansowanej diety, poprawiaj\u0105c regeneracj\u0119 i zmniejszaj\u0105c zm\u0119czenie. Nale\u017cy pami\u0119ta\u0107, \u017ce suplementy s\u0105 najskuteczniejsze w po\u0142\u0105czeniu ze zdrowym stylem \u017cycia, w tym prawid\u0142owym od\u017cywianiem i \u0107wiczeniami.<\/p>\n<h2>Sk\u0142adniki Fit4Seasons Magnez i tauryna<\/h2>\n<p>Ka\u017cda tabletka Fit4Seasons Magnesium &amp; Taurine jest wykonana z wysokiej jako\u015bci sk\u0142adnik\u00f3w, aby zmaksymalizowa\u0107 korzy\u015bci. Aktywne sk\u0142adniki obejmuj\u0105 200 mg magnezu, kt\u00f3ry wspiera mi\u0119\u015bnie, ko\u015bci i uk\u0142ad nerwowy oraz 100 mg tauryny, znanej ze swojej roli w produkcji energii i koncentracji umys\u0142owej.<\/p>\n<p>Formu\u0142\u0119 uzupe\u0142niaj\u0105 substancje pomocnicze, takie jak celuloza mikrokrystaliczna, maltodekstryna i hydroksypropylometyloceluloza, dzi\u0119ki czemu tabletki s\u0105 \u0142atwe do spo\u017cycia i odpowiednio wch\u0142aniane. Proszek powlekaj\u0105cy zapewnia g\u0142adkie wyko\u0144czenie, dzi\u0119ki czemu tabletki s\u0105 wygodne w codziennym stosowaniu.<\/p>\n<p>Koncentruj\u0105c si\u0119 na niezb\u0119dnych sk\u0142adnikach od\u017cywczych i wykluczaj\u0105c niepotrzebne dodatki, Fit4Seasons dostarcza czysty, przyjazny dla wegan produkt.<\/p>\n<p><strong>Korzy\u015bci ze stosowania Fit4Seasons Magnesium &amp; Taurine:<\/strong><\/p>\n<p>- Odpowiedni dla wielu typ\u00f3w u\u017cytkownik\u00f3w. Od sportowc\u00f3w po osoby starsze.<br \/>\n-\u00a0<strong>Mi\u0119\u015bnie:<\/strong>\u00a0Magnez jest dobry dla mi\u0119\u015bni.<br \/>\n-\u00a0<strong>Ko\u015bci:<\/strong>\u00a0Magnez jest dobry dla szkieletu i odgrywa rol\u0119 w tworzeniu ko\u015bci.<br \/>\n-\u00a0<strong>Usta i z\u0119by:<\/strong>\u00a0Magnez jest wa\u017cny dla z\u0119b\u00f3w i pomaga utrzyma\u0107 mocne z\u0119by.<br \/>\n-\u00a0<strong>Uk\u0142ad nerwowy:<\/strong>\u00a0Magnez odgrywa wa\u017cn\u0105 rol\u0119 w funkcjonowaniu nerw\u00f3w.<br \/>\n-\u00a0<strong>Energia:<\/strong>\u00a0Magnez pomaga uwalnia\u0107 energi\u0119 z po\u017cywienia.<br \/>\n-\u00a0<strong>Pami\u0119\u0107:<\/strong>\u00a0Magnez przyczynia si\u0119 do odporno\u015bci psychicznej i jasno\u015bci umys\u0142u.<\/p>\n<p>&nbsp;<\/p>\n<p><strong>Ostrze\u017cenie:<\/strong><br \/>\nPrzechowywa\u0107 w miejscu niedost\u0119pnym dla dzieci. Skonsultuj si\u0119 z lekarzem przed u\u017cyciem, je\u015bli jeste\u015b w ci\u0105\u017cy, karmisz piersi\u0105 lub masz w\u0105tpliwo\u015bci zdrowotne. Przechowywa\u0107 w temperaturze pokojowej w ciemnym miejscu. Nie przekracza\u0107 zalecanej dawki.<\/p>","protected":false},"excerpt":{"rendered":"<p>Magnez to minera\u0142, kt\u00f3ry jest niezwykle przydatny dla organizmu. Ta wszechstronna substancja mo\u017ce pozytywnie wp\u0142ywa\u0107 mi\u0119dzy innymi na mi\u0119\u015bnie, ko\u015bci, uk\u0142ad nerwowy i umys\u0142. Fit4Seasons Magnesium &amp; Taurine mo\u017ce przyda\u0107 si\u0119 w wielu sytuacjach, takich jak wysi\u0142ek fizyczny i umys\u0142owy. Suplement jest ca\u0142kowicie wega\u0144ski i odpowiedni dla wielu typ\u00f3w u\u017cytkownik\u00f3w. Od sportowc\u00f3w po osoby starsze. Tabletki s\u0105 wzmocnione tauryn\u0105, kt\u00f3ra jest warunkowo niezb\u0119dnym sk\u0142adnikiem od\u017cywczym.<\/p>","protected":false},"featured_media":126023,"template":"","meta":[],"product_brand":[],"product_cat":[598,297,522,475,533,487,486,480,482],"product_tag":[],"class_list":{"0":"post-50175","1":"product","2":"type-product","3":"status-publish","4":"has-post-thumbnail","6":"product_cat-fit4seasons","7":"product_cat-all-products","8":"product_cat-detox","9":"product_cat-healthshop","10":"product_cat-recovery","11":"product_cat-sport","12":"product_cat-superfoods","13":"product_cat-supplements","14":"product_cat-vitamins","16":"first","17":"instock","18":"taxable","19":"shipping-taxable","20":"purchasable","21":"product-type-variable","22":"has-default-attributes"},"_links":{"self":[{"href":"https:\/\/www.tatanka.nl\/pl\/wp-json\/wp\/v2\/product\/50175","targetHints":{"allow":["GET"]}}],"collection":[{"href":"https:\/\/www.tatanka.nl\/pl\/wp-json\/wp\/v2\/product"}],"about":[{"href":"https:\/\/www.tatanka.nl\/pl\/wp-json\/wp\/v2\/types\/product"}],"wp:featuredmedia":[{"embeddable":true,"href":"https:\/\/www.tatanka.nl\/pl\/wp-json\/wp\/v2\/media\/126023"}],"wp:attachment":[{"href":"https:\/\/www.tatanka.nl\/pl\/wp-json\/wp\/v2\/media?parent=50175"}],"wp:term":[{"taxonomy":"product_brand","embeddable":true,"href":"https:\/\/www.tatanka.nl\/pl\/wp-json\/wp\/v2\/product_brand?post=50175"},{"taxonomy":"product_cat","embeddable":true,"href":"https:\/\/www.tatanka.nl\/pl\/wp-json\/wp\/v2\/product_cat?post=50175"},{"taxonomy":"product_tag","embeddable":true,"href":"https:\/\/www.tatanka.nl\/pl\/wp-json\/wp\/v2\/product_tag?post=50175"}],"curies":[{"name":"wp","href":"https:\/\/api.w.org\/{rel}","templated":true}]}}