{"id":50193,"date":"2022-09-13T14:34:24","date_gmt":"2022-09-13T12:34:24","guid":{"rendered":"https:\/\/www.tatanka.nl\/?post_type=product&#038;p=50193"},"modified":"2025-12-02T08:59:13","modified_gmt":"2025-12-02T07:59:13","slug":"maitake-extract-capsules","status":"publish","type":"product","link":"https:\/\/www.tatanka.nl\/pl\/maitake-extract-capsules\/","title":{"rendered":"Maitake extract Capsules"},"content":{"rendered":"<h2 data-pm-slice=\"1 1 []\">Czym jest Maitake?<\/h2>\n<p>Maitake (Grifola Frondosa), znany r\u00f3wnie\u017c jako \"Hen of the Woods\", to wyj\u0105tkowy grzyb leczniczy, kt\u00f3ry ro\u015bnie u podstawy drzew, zw\u0142aszcza d\u0119b\u00f3w. Od wiek\u00f3w jest wysoko ceniony w tradycyjnej medycynie japo\u0144skiej i chi\u0144skiej ze wzgl\u0119du na swoje korzystne w\u0142a\u015bciwo\u015bci. Grzyb ten jest pe\u0142en niezb\u0119dnych sk\u0142adnik\u00f3w od\u017cywczych, w tym polisacharyd\u00f3w, takich jak beta-glukany, o kt\u00f3rych wiadomo, \u017ce wspieraj\u0105 uk\u0142ad odporno\u015bciowy. W przeciwie\u0144stwie do popularnych grzyb\u00f3w kulinarnych, Maitake jest cz\u0119sto spo\u017cywany w postaci suplement\u00f3w, aby zmaksymalizowa\u0107 jego korzy\u015bci zdrowotne. Jego zdolno\u015b\u0107 do rozwoju na wolno\u015bci i imponuj\u0105cy profil sk\u0142adnik\u00f3w od\u017cywczych sprawiaj\u0105, \u017ce jest to jeden z najpopularniejszych dost\u0119pnych obecnie superfoods.<\/p>\n<h2>Historia Maitake<\/h2>\n<p>Maitake ma bogat\u0105 histori\u0119 si\u0119gaj\u0105c\u0105 ponad 3000 lat. W Japonii by\u0142 tak wysoko ceniony, \u017ce czasami by\u0142 u\u017cywany jako forma waluty. Nazwa \"Maitake\" t\u0142umaczy si\u0119 jako \"ta\u0144cz\u0105cy grzyb\", poniewa\u017c folklor sugeruje, \u017ce ludzie ta\u0144czyli z rado\u015bci po odkryciu go na wolno\u015bci ze wzgl\u0119du na jego wyj\u0105tkow\u0105 warto\u015b\u0107. Praktycy tradycyjnej medycyny wschodniej od dawna stosowali Maitake w celu promowania zdrowia i d\u0142ugowieczno\u015bci, wierz\u0105c, \u017ce pomaga przywr\u00f3ci\u0107 r\u00f3wnowag\u0119 w organizmie. W dzisiejszych czasach badania nadal badaj\u0105 jego potencjalne korzy\u015bci, w szczeg\u00f3lno\u015bci jego rol\u0119 we wspieraniu uk\u0142adu odporno\u015bciowego i og\u00f3lnego dobrego samopoczucia. Obecnie Maitake pozostaje poszukiwanym naturalnym \u015brodkiem leczniczym, docenianym zar\u00f3wno ze wzgl\u0119du na swoje historyczne znaczenie, jak i potencjalne w\u0142a\u015bciwo\u015bci wspieraj\u0105ce zdrowie.<\/p>\n<h2>Jak stosowa\u0107 Maitake<\/h2>\n<p>Maitake jest dost\u0119pny w r\u00f3\u017cnych formach, w tym w proszku, herbacie i kapsu\u0142kach. Nasze kapsu\u0142ki Maitake oferuj\u0105 wygodny spos\u00f3b na w\u0142\u0105czenie tego pot\u0119\u017cnego grzyba do codziennej rutyny. Zalecana dawka to jedna do dw\u00f3ch kapsu\u0142ek dwa razy dziennie, przyjmowanych z posi\u0142kami i wod\u0105. Regularne stosowanie jest kluczem do osi\u0105gni\u0119cia pe\u0142nych korzy\u015bci. Maitake jest cz\u0119sto stosowany jako cz\u0119\u015b\u0107 re\u017cimu odnowy biologicznej w celu wsparcia odporno\u015bci, promowania og\u00f3lnej witalno\u015bci i zwi\u0119kszenia naturalnej odporno\u015bci organizmu. Podczas gdy niekt\u00f3rzy u\u017cytkownicy zauwa\u017caj\u0105 korzy\u015bci w ci\u0105gu kilku tygodni, inni mog\u0105 potrzebowa\u0107 wi\u0119cej czasu, aby do\u015bwiadczy\u0107 zauwa\u017calnych efekt\u00f3w. Aby zmaksymalizowa\u0107 potencja\u0142 Maitake, nale\u017cy po\u0142\u0105czy\u0107 go ze zbilansowan\u0105 diet\u0105 i zdrowym stylem \u017cycia. Podobnie jak w przypadku ka\u017cdego suplementu, wa\u017cne jest, aby przestrzega\u0107 zalecanej dawki i skonsultowa\u0107 si\u0119 z lekarzem, je\u015bli masz wcze\u015bniej istniej\u0105ce schorzenia.<\/p>\n<h2>Sk\u0142adniki Maitake Capsules<\/h2>\n<p>Ka\u017cda przyjazna dla wegan kapsu\u0142ka zawiera 400 mg organicznego ekstraktu Maitake (Grifola Frondosa) pochodz\u0105cego z owocnik\u00f3w 100%. Ten ekstrakt o pe\u0142nym spektrum dzia\u0142ania jest uzyskiwany poprzez ekstrakcj\u0119 wod\u0105 i etanolem, aby zmaksymalizowa\u0107 st\u0119\u017cenie korzystnych zwi\u0105zk\u00f3w. Ekstrakt jest standaryzowany na zawarto\u015b\u0107 beta-glukan\u00f3w 30%, znanych ze swoich w\u0142a\u015bciwo\u015bci wspomagaj\u0105cych uk\u0142ad odporno\u015bciowy. Inne sk\u0142adniki obejmuj\u0105 cytrynian magnezu i dwutlenek krzemu, kt\u00f3re pomagaj\u0105 poprawi\u0107 stabilno\u015b\u0107 i wch\u0142anianie suplementu. Kapsu\u0142ki McMyco Maitake spe\u0142niaj\u0105 najwy\u017csze standardy jako\u015bci i s\u0105 wolne od sztucznych dodatk\u00f3w, co czyni je doskona\u0142ym wyborem dla os\u00f3b poszukuj\u0105cych naturalnego sposobu na popraw\u0119 samopoczucia.<\/p>\n<p><strong>Ostrze\u017cenie:<\/strong><br \/>\nMaitake by McMyco jest suplementem diety i powinien by\u0107 stosowany zgodnie z zaleceniami. Nie nale\u017cy przekracza\u0107 zalecanej dziennej dawki. Produkt nale\u017cy przechowywa\u0107 w miejscu niedost\u0119pnym dla dzieci. Przed u\u017cyciem skonsultuj si\u0119 z lekarzem, zw\u0142aszcza je\u015bli jeste\u015b w ci\u0105\u017cy, karmisz piersi\u0105 lub masz jakiekolwiek schorzenia. Przechowywa\u0107 w ch\u0142odnym, ciemnym miejscu w temperaturze pokojowej.<\/p>","protected":false},"excerpt":{"rendered":"<p data-pm-slice=\"1 1 []\">Odkryj moc Maitake, znanego r\u00f3wnie\u017c jako \"Kr\u00f3l Mushrooms\". Ten silny suplement jest bogaty w cenne sk\u0142adniki od\u017cywcze i beta-glukany, co czyni go wysoko cenionym superfood. Dzi\u0119ki swojej d\u0142ugiej historii w tradycyjnych japo\u0144skich praktykach wellness, Maitake wspiera og\u00f3lne samopoczucie i witalno\u015b\u0107.<\/p>","protected":false},"featured_media":134877,"template":"","meta":[],"product_brand":[],"product_cat":[596,297,512,475,521,523,533,515,476,487,486],"product_tag":[662],"class_list":{"0":"post-50193","1":"product","2":"type-product","3":"status-publish","4":"has-post-thumbnail","6":"product_cat-mcmyco","7":"product_cat-all-products","8":"product_cat-extracts","9":"product_cat-healthshop","10":"product_cat-medicinal-mushrooms","11":"product_cat-medicinal-mushrooms-supplements","12":"product_cat-recovery","13":"product_cat-shroomshop","14":"product_cat-smartshop","15":"product_cat-sport","16":"product_cat-superfoods","17":"product_tag-shrdeal","18":"product_shipping_class-creditcard-on","20":"first","21":"instock","22":"taxable","23":"shipping-taxable","24":"purchasable","25":"product-type-variable","26":"has-default-attributes"},"_links":{"self":[{"href":"https:\/\/www.tatanka.nl\/pl\/wp-json\/wp\/v2\/product\/50193","targetHints":{"allow":["GET"]}}],"collection":[{"href":"https:\/\/www.tatanka.nl\/pl\/wp-json\/wp\/v2\/product"}],"about":[{"href":"https:\/\/www.tatanka.nl\/pl\/wp-json\/wp\/v2\/types\/product"}],"wp:featuredmedia":[{"embeddable":true,"href":"https:\/\/www.tatanka.nl\/pl\/wp-json\/wp\/v2\/media\/134877"}],"wp:attachment":[{"href":"https:\/\/www.tatanka.nl\/pl\/wp-json\/wp\/v2\/media?parent=50193"}],"wp:term":[{"taxonomy":"product_brand","embeddable":true,"href":"https:\/\/www.tatanka.nl\/pl\/wp-json\/wp\/v2\/product_brand?post=50193"},{"taxonomy":"product_cat","embeddable":true,"href":"https:\/\/www.tatanka.nl\/pl\/wp-json\/wp\/v2\/product_cat?post=50193"},{"taxonomy":"product_tag","embeddable":true,"href":"https:\/\/www.tatanka.nl\/pl\/wp-json\/wp\/v2\/product_tag?post=50193"}],"curies":[{"name":"wp","href":"https:\/\/api.w.org\/{rel}","templated":true}]}}