{"id":50194,"date":"2022-09-13T14:34:26","date_gmt":"2022-09-13T12:34:26","guid":{"rendered":"https:\/\/www.tatanka.nl\/?post_type=product&#038;p=50194"},"modified":"2025-10-31T10:01:46","modified_gmt":"2025-10-31T09:01:46","slug":"power-5-extract-capsules","status":"publish","type":"product","link":"https:\/\/www.tatanka.nl\/pl\/power-5-extract-capsules\/","title":{"rendered":"Fantastic 5 extract Capsules"},"content":{"rendered":"<h2 dir=\"ltr\" data-pm-slice=\"1 1 []\">Czym s\u0105 Fantastic 5 Capsules?<\/h2>\n<p dir=\"ltr\">Kapsu\u0142ki Fantastic 5 firmy McMyco \u0142\u0105cz\u0105 w sobie moc pi\u0119ciu niezwyk\u0142ych grzyb\u00f3w leczniczych: Reishi, Cordyceps Sinensis, Lion\u2019s Mane, Chaga i Maitake. Ta unikalna mieszanka wykorzystuje wielowiekow\u0105 m\u0105dro\u015b\u0107, aby wspiera\u0107 nowoczesne samopoczucie, dostarczaj\u0105c naturalny suplement, kt\u00f3ry promuje witalno\u015b\u0107 i r\u00f3wnowag\u0119. Ka\u017cda kapsu\u0142ka zawiera 80 mg organicznego ekstraktu z ka\u017cdego grzyba, wzbogaconego o 15 mg witaminy C w celu zwalczania zm\u0119czenia i 2 mg cynku w celu wzmocnienia odporno\u015bci. Grzyby te, znane ze swoich w\u0142a\u015bciwo\u015bci wspieraj\u0105cych odporno\u015b\u0107, zwi\u0119kszaj\u0105cych energi\u0119 i poprawiaj\u0105cych funkcje poznawcze, dzia\u0142aj\u0105 synergistycznie w celu poprawy og\u00f3lnego stanu zdrowia. Kapsu\u0142ki Fantastic 5 oferuj\u0105 kompleksowe podej\u015bcie do dobrego samopoczucia, od przeciwutleniaczy Chaga po sk\u0142adniki od\u017cywcze Lion\u2019s Mane wspieraj\u0105ce m\u00f3zg. Ta przyjazna dla wegan formu\u0142a, idealna dla os\u00f3b poszukuj\u0105cych rozwi\u0105zania opartego na ro\u015blinach, jest wolna od sztucznych dodatk\u00f3w, zapewniaj\u0105c czysto\u015b\u0107 i si\u0142\u0119 dzia\u0142ania. Niezale\u017cnie od tego, czy chcesz poprawi\u0107 koncentracj\u0119, wesprze\u0107 uk\u0142ad odporno\u015bciowy, czy utrzyma\u0107 poziom energii, kapsu\u0142ki Fantastic 5 zapewniaj\u0105 wygodny spos\u00f3b na w\u0142\u0105czenie korzy\u015bci p\u0142yn\u0105cych z grzyb\u00f3w leczniczych do codziennego \u017cycia, wspieraj\u0105c zar\u00f3wno cia\u0142o, jak i umys\u0142 najlepszymi sk\u0142adnikami natury.<\/p>\n<h2 dir=\"ltr\">Historia Fantastic 5 Capsules<\/h2>\n<p dir=\"ltr\">Dziedzictwo kapsu\u0142ek Fantastic 5 jest zakorzenione w staro\u017cytnym stosowaniu grzyb\u00f3w leczniczych w r\u00f3\u017cnych kulturach. Reishi, znany jako \"grzyb nie\u015bmiertelno\u015bci\" w Chinach, by\u0142 u\u017cywany od ponad 2000 lat w celu promowania d\u0142ugowieczno\u015bci. Cordyceps Sinensis, ceniony jako \"z\u0142oto Himalaj\u00f3w\", by\u0142 historycznie ceniony za wytrzyma\u0142o\u015b\u0107 w regionach wysokog\u00f3rskich. Lion\u2019s Mane, czczony jako \"naturalny sk\u0142adnik od\u017cywczy dla neuron\u00f3w\", jest od dawna stosowany w tradycjach azjatyckich w celu wspierania zdrowia poznawczego. Chaga, nazywana \"czarnym z\u0142otem\", rozwija\u0142a si\u0119 w zimnym klimacie i by\u0142a ceniona za swoje w\u0142a\u015bciwo\u015bci przeciwutleniaj\u0105ce na Syberii i w Europie P\u00f3\u0142nocnej. Maitake, japo\u0144ski \"kr\u00f3l Mushrooms\", jest podstaw\u0105 od ponad 3000 lat, znan\u0105 ze swojego bogatego w sk\u0142adniki od\u017cywcze profilu. Grzyby te, niegdy\u015b zarezerwowane dla uzdrowicieli i rodziny kr\u00f3lewskiej, s\u0105 teraz \u0142\u0105czone w kapsu\u0142kach McMyco Fantastic 5, \u0142\u0105cz\u0105c tradycj\u0119 z nowoczesn\u0105 nauk\u0105. Dzi\u0119ki zastosowaniu zaawansowanych technik ekstrakcji, McMyco zapewnia, \u017ce ka\u017cda kapsu\u0142ka przechwytuje pe\u0142ne spektrum zwi\u0105zk\u00f3w bioaktywnych, honoruj\u0105c historyczne znaczenie tych grzyb\u00f3w, jednocze\u015bnie udost\u0119pniaj\u0105c ich korzy\u015bci dzisiejszym osobom dbaj\u0105cym o zdrowie, poszukuj\u0105cym naturalnego, holistycznego wsparcia.<\/p>\n<h2 dir=\"ltr\">Jak u\u017cywa\u0107 Fantastic 5 Capsules<\/h2>\n<p dir=\"ltr\">Stosowanie kapsu\u0142ek Fantastic 5 jest proste i zaprojektowane z my\u015bl\u0105 o p\u0142ynnej integracji z codzienn\u0105 rutyn\u0105. Zalecana dawka to jedna kapsu\u0142ka przyjmowana dwa razy dziennie z wod\u0105 podczas posi\u0142k\u00f3w, zapewniaj\u0105ca optymalne wch\u0142anianie ekstrakt\u00f3w grzybowych i dodanych sk\u0142adnik\u00f3w od\u017cywczych, takich jak witamina C i cynk. Taki harmonogram zapewnia sta\u0142e korzy\u015bci, takie jak zwi\u0119kszona energia, lepsze skupienie i wsparcie odporno\u015bci. Aby uzyska\u0107 najlepsze rezultaty, nale\u017cy regularnie przyjmowa\u0107 kapsu\u0142ki Fantastic 5 w ramach zr\u00f3wnowa\u017conego stylu \u017cycia. Mo\u017cna je \u0142\u0105czy\u0107 z innymi suplementami grzybowymi McMyco, aby dostosowa\u0107 sw\u00f3j schemat odnowy biologicznej. Kapsu\u0142ki s\u0105 wega\u0144skie, \u0142atwe do po\u0142kni\u0119cia i idealne dla zapracowanych os\u00f3b, niezale\u017cnie od tego, czy przygotowujesz si\u0119 do wymagaj\u0105cego dnia, czy wspierasz d\u0142ugoterminowe zdrowie. Je\u015bli dopiero zaczynasz przygod\u0119 z grzybami leczniczymi, zacznij od jednej kapsu\u0142ki dziennie, aby oceni\u0107 reakcj\u0119 organizmu przed przyj\u0119ciem pe\u0142nej dawki. Zawsze skonsultuj si\u0119 z lekarzem, je\u015bli masz obawy zdrowotne lub przyjmujesz leki, aby zapewni\u0107 bezpieczne stosowanie. Dzi\u0119ki kapsu\u0142kom Fantastic 5 mo\u017cesz bez wysi\u0142ku wykorzysta\u0107 moc najbardziej szanowanych grzyb\u00f3w w przyrodzie, aby zwi\u0119kszy\u0107 witalno\u015b\u0107 i utrzyma\u0107 r\u00f3wnowag\u0119 w codziennym \u017cyciu.<\/p>\n<h2 dir=\"ltr\">Sk\u0142adniki Fantastic 5 Capsules<\/h2>\n<p dir=\"ltr\">Ka\u017cda kapsu\u0142ka Fantastic 5 zawiera zr\u00f3wnowa\u017con\u0105 mieszank\u0119 80 mg organicznych ekstrakt\u00f3w z pi\u0119ciu grzyb\u00f3w leczniczych: Reishi (Ganoderma Lucidum), Cordyceps Sinensis, Lion\u2019s Mane (Hericium Erinaceus), Chaga (Inonotus Obliquus) i Maitake (Grifola Frondosa). Ekstrakty te s\u0105 bogate w zwi\u0105zki bioaktywne, takie jak beta-glukany i polisacharydy, kt\u00f3re wspieraj\u0105 odporno\u015b\u0107, energi\u0119 i funkcje poznawcze. Reishi wspomaga relaksacj\u0119, Cordyceps zwi\u0119ksza wytrzyma\u0142o\u015b\u0107, Lion\u2019s Mane wspiera zdrowie m\u00f3zgu, Chaga dostarcza przeciwutleniaczy, a Maitake zapewnia bogate w sk\u0142adniki od\u017cywcze korzy\u015bci. Formu\u0142a zosta\u0142a wzbogacona o 15 mg witaminy C w celu zmniejszenia zm\u0119czenia i 2 mg cynku w celu wzmocnienia odporno\u015bci. Cytrynian magnezu i dwutlenek krzemu s\u0105 zawarte jako substancje pomocnicze, aby zapewni\u0107 stabilno\u015b\u0107 produktu bez uszczerbku dla jako\u015bci. Kapsu\u0142ki McMyco Fantastic 5 s\u0105 wega\u0144skie, wolne od sztucznych dodatk\u00f3w i stworzone w celu dostarczenia najczystszych i najsilniejszych ekstrakt\u00f3w z grzyb\u00f3w. Ta starannie wyselekcjonowana mieszanka odzwierciedla zaanga\u017cowanie w naturalne dobre samopoczucie, oferuj\u0105c silny, ro\u015blinny suplement, kt\u00f3ry wspiera szeroki zakres korzy\u015bci zdrowotnych, co czyni go idealnym wyborem dla os\u00f3b pragn\u0105cych naturalnie zwi\u0119kszy\u0107 swoj\u0105 witalno\u015b\u0107 i odporno\u015b\u0107.<\/p>\n<p dir=\"ltr\"><strong>Ostrze\u017cenie<\/strong><br \/>\nFantastic 5 by McMyco jest suplementem diety i powinien by\u0107 stosowany jako taki. Nie nale\u017cy przekracza\u0107 zalecanej dziennej dawki dw\u00f3ch kapsu\u0142ek. Przechowywa\u0107 w miejscu niedost\u0119pnym dla dzieci. Skonsultuj si\u0119 z lekarzem przed u\u017cyciem, je\u015bli jeste\u015b w ci\u0105\u017cy, karmisz piersi\u0105 lub masz w\u0105tpliwo\u015bci zdrowotne. Przechowywa\u0107 w ch\u0142odnym, ciemnym i suchym miejscu, aby zachowa\u0107 moc.<\/p>","protected":false},"excerpt":{"rendered":"<p dir=\"ltr\" data-pm-slice=\"1 1 []\">Popraw swoje samopoczucie dzi\u0119ki kapsu\u0142kom McMyco Fantastic 5, silnej mieszance pi\u0119ciu grzyb\u00f3w leczniczych - Reishi, Cordyceps, Lion\u2019s Mane, Chaga i Maitake. Wzbogacone witamin\u0105 C i cynkiem, te 120 wega\u0144skich kapsu\u0142ek wspiera odporno\u015b\u0107, energi\u0119 i zdrowie poznawcze, oferuj\u0105c naturalny zastrzyk energii na co dzie\u0144.<\/p>","protected":false},"featured_media":134874,"template":"","meta":[],"product_brand":[],"product_cat":[596,297,512,475,523,521,533,515,476,487,486],"product_tag":[662],"class_list":{"0":"post-50194","1":"product","2":"type-product","3":"status-publish","4":"has-post-thumbnail","6":"product_cat-mcmyco","7":"product_cat-all-products","8":"product_cat-extracts","9":"product_cat-healthshop","10":"product_cat-medicinal-mushrooms-supplements","11":"product_cat-medicinal-mushrooms","12":"product_cat-recovery","13":"product_cat-shroomshop","14":"product_cat-smartshop","15":"product_cat-sport","16":"product_cat-superfoods","17":"product_tag-shrdeal","18":"product_shipping_class-creditcard-on","20":"first","21":"instock","22":"taxable","23":"shipping-taxable","24":"purchasable","25":"product-type-variable","26":"has-default-attributes"},"_links":{"self":[{"href":"https:\/\/www.tatanka.nl\/pl\/wp-json\/wp\/v2\/product\/50194","targetHints":{"allow":["GET"]}}],"collection":[{"href":"https:\/\/www.tatanka.nl\/pl\/wp-json\/wp\/v2\/product"}],"about":[{"href":"https:\/\/www.tatanka.nl\/pl\/wp-json\/wp\/v2\/types\/product"}],"wp:featuredmedia":[{"embeddable":true,"href":"https:\/\/www.tatanka.nl\/pl\/wp-json\/wp\/v2\/media\/134874"}],"wp:attachment":[{"href":"https:\/\/www.tatanka.nl\/pl\/wp-json\/wp\/v2\/media?parent=50194"}],"wp:term":[{"taxonomy":"product_brand","embeddable":true,"href":"https:\/\/www.tatanka.nl\/pl\/wp-json\/wp\/v2\/product_brand?post=50194"},{"taxonomy":"product_cat","embeddable":true,"href":"https:\/\/www.tatanka.nl\/pl\/wp-json\/wp\/v2\/product_cat?post=50194"},{"taxonomy":"product_tag","embeddable":true,"href":"https:\/\/www.tatanka.nl\/pl\/wp-json\/wp\/v2\/product_tag?post=50194"}],"curies":[{"name":"wp","href":"https:\/\/api.w.org\/{rel}","templated":true}]}}