{"id":57498,"date":"2022-09-13T12:23:09","date_gmt":"2022-09-13T10:23:09","guid":{"rendered":"https:\/\/www.tatanka.nl\/?post_type=product&#038;p=57498"},"modified":"2025-10-31T10:02:23","modified_gmt":"2025-10-31T09:02:23","slug":"brain-booster-capsules","status":"publish","type":"product","link":"https:\/\/www.tatanka.nl\/pl\/brain-booster-capsules\/","title":{"rendered":"Kapsu\u0142ki Brain Booster"},"content":{"rendered":"<h2 data-pm-slice=\"1 1 []\">Co to jest Brain Booster?<\/h2>\n<p>Brain Booster to specjalnie opracowany suplement diety zaprojektowany w celu poprawy funkcji poznawczych i wspierania og\u00f3lnego zdrowia m\u00f3zgu. Jego g\u0142\u00f3wny sk\u0142adnik, grzyb Lion\u2019s Mane, jest powszechnie znany ze swoich w\u0142a\u015bciwo\u015bci neuroprotekcyjnych i zdolno\u015bci do stymulowania wzrostu nerw\u00f3w. Ten naturalny zwi\u0105zek jest tradycyjnie stosowany do wspomagania pami\u0119ci, koncentracji i jasno\u015bci umys\u0142u.<\/p>\n<p>Opr\u00f3cz Lion\u2019s Mane, Brain Booster zawiera wa\u017cne sk\u0142adniki od\u017cywcze, takie jak cynk i witamina C, kt\u00f3re odgrywaj\u0105 kluczow\u0105 rol\u0119 w funkcjonowaniu m\u00f3zgu. Cynk jest niezb\u0119dny dla aktywno\u015bci neuroprzeka\u017anik\u00f3w, podczas gdy witamina C przyczynia si\u0119 do zmniejszenia stresu oksydacyjnego w m\u00f3zgu. Dzi\u0119ki starannie dobranej mieszance sk\u0142adnik\u00f3w, Brain Booster zapewnia skuteczny i naturalny spos\u00f3b na utrzymanie ostro\u015bci umys\u0142u.<\/p>\n<div><\/div>\n<h2>Historia Brain Booster<\/h2>\n<p>Rozw\u00f3j Brain Booster jest zakorzeniony w d\u0142ugotrwa\u0142ym stosowaniu grzyb\u00f3w leczniczych w medycynie tradycyjnej. Lion\u2019s Mane, kluczowy sk\u0142adnik, by\u0142 u\u017cywany w kulturach Wschodu od wiek\u00f3w ze wzgl\u0119du na swoje w\u0142a\u015bciwo\u015bci poprawiaj\u0105ce funkcje poznawcze. Buddyjscy mnisi spo\u017cywali herbat\u0119 Lion\u2019s Mane, aby poprawi\u0107 koncentracj\u0119 i jasno\u015b\u0107 podczas medytacji.<\/p>\n<p>Badania naukowe przeprowadzone w ostatnich dziesi\u0119cioleciach potwierdzi\u0142y korzy\u015bci Lion\u2019s Mane dla zdrowia m\u00f3zgu, wykazuj\u0105c jego potencja\u0142 w stymulowaniu produkcji czynnika wzrostu nerw\u00f3w (NGF). Odkrycie to doprowadzi\u0142o do w\u0142\u0105czenia Lion\u2019s Mane do nowoczesnych suplement\u00f3w diety, takich jak Brain Booster. Dzi\u0119ki po\u0142\u0105czeniu staro\u017cytnej m\u0105dro\u015bci i nowoczesnej nauki, Brain Booster oferuje naturalne rozwi\u0105zanie dla wsparcia funkcji poznawczych.<\/p>\n<div><\/div>\n<h2>Jak korzysta\u0107 z Brain Booster<\/h2>\n<p>Aby uzyska\u0107 optymalne wyniki, zaleca si\u0119 przyjmowanie Brain Booster dwa razy dziennie. Sugerowana dawka to jedna kapsu\u0142ka popita wod\u0105 podczas posi\u0142ku, co zapewnia maksymalne wch\u0142anianie sk\u0142adnik\u00f3w od\u017cywczych. Konsekwencja jest kluczowa podczas stosowania Brain Booster, poniewa\u017c regularne przyjmowanie wspiera d\u0142ugoterminowe funkcje poznawcze i jasno\u015b\u0107 umys\u0142u.<\/p>\n<p>Brain Booster mo\u017cna w\u0142\u0105czy\u0107 do codziennej rutyny i jest odpowiedni dla os\u00f3b, kt\u00f3re chc\u0105 poprawi\u0107 koncentracj\u0119, pami\u0119\u0107 i og\u00f3lne funkcjonowanie m\u00f3zgu. Mo\u017ce by\u0107 r\u00f3wnie\u017c stosowany w po\u0142\u0105czeniu z praktykami mikrodawkowania w celu dodatkowego wzmocnienia funkcji poznawczych. Jako suplement przyjazny dla wegan, Brain Booster jest dost\u0119pny dla szerokiego grona u\u017cytkownik\u00f3w, kt\u00f3rzy szukaj\u0105 naturalnego i skutecznego wsparcia m\u00f3zgu.<\/p>\n<div><\/div>\n<h2>Sk\u0142adniki Brain Booster<\/h2>\n<p>Brain Booster zawiera pot\u0119\u017cn\u0105 mieszank\u0119 naturalnych sk\u0142adnik\u00f3w starannie dobranych pod k\u0105tem ich korzy\u015bci poznawczych. Ka\u017cda wegetaria\u0144ska kapsu\u0142ka zawiera:<\/p>\n<ul data-spread=\"false\">\n<li><strong>184 mg organicznego ekstraktu Lion\u2019s Mane (Hericium erinaceus)<\/strong> - Ekstrakt o pe\u0142nym spektrum dzia\u0142ania z owocnika 100%, zawieraj\u0105cy polisacharydy i beta-glukany 30%.<\/li>\n<li><strong>46 mg witaminy C<\/strong> - Wspomaga funkcje poznawcze i zmniejsza stres oksydacyjny.<\/li>\n<li><strong>23 mg alaniny, 23 mg choliny, 23 mg GABA, 23 mg L-glutaminy, 27 mg L-histydyny, 23 mg L-teaniny<\/strong> - Aminokwasy niezb\u0119dne do funkcjonowania neuroprzeka\u017anik\u00f3w.<\/li>\n<li><strong>11 mg magnezu<\/strong> - Wspomaga funkcje nerwowe i redukuje mg\u0142\u0119 m\u00f3zgow\u0105.<\/li>\n<li><strong>23 mg \u017ce\u0144-szenia Panax<\/strong> - Znany ze swoich w\u0142a\u015bciwo\u015bci poprawiaj\u0105cych funkcje poznawcze.<\/li>\n<li><strong>4,6 mg cynku<\/strong> - Niezb\u0119dny do funkcjonowania m\u00f3zgu i neurotransmisji.<\/li>\n<li><strong>5,8 mg kompleksu witaminy B (B1, B2, B6, B8, B11, B12)<\/strong> - Wspomaga og\u00f3lne zdrowie m\u00f3zgu i poziom energii.<\/li>\n<li><strong>1,2 mg witaminy K<\/strong> - Przyczynia si\u0119 do poprawy funkcji poznawczych i ochrony m\u00f3zgu.<\/li>\n<\/ul>\n<p>Dodatkowe substancje pomocnicze obejmuj\u0105 <strong>cytrynian magnezu<\/strong> oraz <strong>dwutlenek krzemu<\/strong>zapewniaj\u0105c stabilno\u015b\u0107 i wch\u0142anianie zwi\u0105zk\u00f3w aktywnych.<\/p>\n<div><\/div>\n<p><strong>Ostrze\u017cenie:<\/strong> Brain Booster jest suplementem diety i powinien by\u0107 stosowany jako taki. Nie nale\u017cy przekracza\u0107 zalecanej dziennej dawki. Przechowywa\u0107 w miejscu niedost\u0119pnym dla dzieci. Przed u\u017cyciem skonsultuj si\u0119 z lekarzem, zw\u0142aszcza je\u015bli jeste\u015b w ci\u0105\u017cy, karmisz piersi\u0105 lub masz jakiekolwiek w\u0105tpliwo\u015bci zdrowotne.<\/p>\n<p>&nbsp;<\/p>","protected":false},"excerpt":{"rendered":"<p data-pm-slice=\"1 1 []\">McMyco Brain Booster to pot\u0119\u017cny suplement zaprojektowany w celu wspierania funkcji poznawczych i pami\u0119ci. Z Lion\u2019s Mane jako kluczowym sk\u0142adnikiem, ta unikalna formu\u0142a dla m\u00f3zgu jest wzbogacona o niezb\u0119dne sk\u0142adniki od\u017cywcze, takie jak cynk i witamina C, dzi\u0119ki czemu jest doskona\u0142ym dodatkiem do codziennej rutyny. Jest r\u00f3wnie\u017c idealny do stosowania podczas mikrodawkowania, zwi\u0119kszaj\u0105c jasno\u015b\u0107 umys\u0142u i koncentracj\u0119. Ka\u017cde opakowanie zawiera 120 wega\u0144skich kapsu\u0142ek, zapewniaj\u0105c d\u0142ugoterminowe wsparcie dla zdrowia m\u00f3zgu.<\/p>","protected":false},"featured_media":134879,"template":"","meta":[],"product_brand":[],"product_cat":[596,297,512,475,523,521,533,515,476,487,486],"product_tag":[662],"class_list":{"0":"post-57498","1":"product","2":"type-product","3":"status-publish","4":"has-post-thumbnail","6":"product_cat-mcmyco","7":"product_cat-all-products","8":"product_cat-extracts","9":"product_cat-healthshop","10":"product_cat-medicinal-mushrooms-supplements","11":"product_cat-medicinal-mushrooms","12":"product_cat-recovery","13":"product_cat-shroomshop","14":"product_cat-smartshop","15":"product_cat-sport","16":"product_cat-superfoods","17":"product_tag-shrdeal","18":"product_shipping_class-creditcard-on","20":"first","21":"instock","22":"taxable","23":"shipping-taxable","24":"purchasable","25":"product-type-variable","26":"has-default-attributes"},"_links":{"self":[{"href":"https:\/\/www.tatanka.nl\/pl\/wp-json\/wp\/v2\/product\/57498","targetHints":{"allow":["GET"]}}],"collection":[{"href":"https:\/\/www.tatanka.nl\/pl\/wp-json\/wp\/v2\/product"}],"about":[{"href":"https:\/\/www.tatanka.nl\/pl\/wp-json\/wp\/v2\/types\/product"}],"wp:featuredmedia":[{"embeddable":true,"href":"https:\/\/www.tatanka.nl\/pl\/wp-json\/wp\/v2\/media\/134879"}],"wp:attachment":[{"href":"https:\/\/www.tatanka.nl\/pl\/wp-json\/wp\/v2\/media?parent=57498"}],"wp:term":[{"taxonomy":"product_brand","embeddable":true,"href":"https:\/\/www.tatanka.nl\/pl\/wp-json\/wp\/v2\/product_brand?post=57498"},{"taxonomy":"product_cat","embeddable":true,"href":"https:\/\/www.tatanka.nl\/pl\/wp-json\/wp\/v2\/product_cat?post=57498"},{"taxonomy":"product_tag","embeddable":true,"href":"https:\/\/www.tatanka.nl\/pl\/wp-json\/wp\/v2\/product_tag?post=57498"}],"curies":[{"name":"wp","href":"https:\/\/api.w.org\/{rel}","templated":true}]}}