{"id":58048,"date":"2020-12-01T13:40:33","date_gmt":"2020-12-01T11:40:33","guid":{"rendered":"https:\/\/www.tatanka.nl\/?post_type=product&#038;p=58048"},"modified":"2025-07-11T13:15:37","modified_gmt":"2025-07-11T12:15:37","slug":"dance-e-happy-caps","status":"publish","type":"product","link":"https:\/\/www.tatanka.nl\/pl\/dance-e-happy-caps\/","title":{"rendered":"Dance-E"},"content":{"rendered":"<h2 dir=\"ltr\" data-pm-slice=\"1 1 []\">Czym s\u0105 Happy Caps Dance-E?<\/h2>\n<p dir=\"ltr\">Happy Caps Dance-E to silny suplement diety stworzony z my\u015bl\u0105 o dodaniu energii osobom doros\u0142ym podczas d\u0142ugich sesji tanecznych i energicznych imprez towarzyskich. Ka\u017cde opakowanie zawiera 4 wegetaria\u0144skie kapsu\u0142ki, \u0142\u0105cz\u0105ce silne sk\u0142adniki, takie jak kreatyna, ashwagandha i guarana, aby zapewni\u0107 euforyczny, jasny haj. Idealny na d\u0142ugie noce na parkiecie, Happy Caps Dance-E zwi\u0119ksza wytrzyma\u0142o\u015b\u0107, skupienie i poczucie wi\u0119zi, dzi\u0119ki czemu idealnie nadaje si\u0119 na t\u0119tni\u0105ce \u017cyciem spotkania. Kapsu\u0142ki na bazie ro\u015blin zapewniaj\u0105 dost\u0119pno\u015b\u0107, a naturalne stymulanty formu\u0142y promuj\u0105 trwa\u0142\u0105 energi\u0119 bez syntetycznych dodatk\u00f3w. Zaprojektowany dla tych, kt\u00f3rzy chc\u0105 ta\u0144czy\u0107 do bia\u0142ego rana, Happy Caps Dance-E jest zgodny z zaanga\u017cowaniem marki w jako\u015b\u0107 i holistyczne samopoczucie. Jego unikalna mieszanka wspomaga koncentracj\u0119 i \u0142agodny relaks, oferuj\u0105c zr\u00f3wnowa\u017cone, podnosz\u0105ce na duchu doznania. Suplement ten jest najlepszym wyborem dla os\u00f3b doros\u0142ych poszukuj\u0105cych naturalnego, niezawodnego sposobu na utrzymanie energii i zaanga\u017cowania, zapewniaj\u0105c ekscytuj\u0105c\u0105, spo\u0142ecznie t\u0119tni\u0105c\u0105 \u017cyciem noc z odrobin\u0105 euforii, kt\u00f3ra podkre\u015bla ka\u017cdy ruch na parkiecie.<\/p>\n<h2 dir=\"ltr\">Historia Happy Caps Dance-E<\/h2>\n<p dir=\"ltr\">Happy Caps Dance-E zosta\u0142 wprowadzony na rynek przez firm\u0119 Happy Caps, aby zaspokoi\u0107 zapotrzebowanie na naturalne wzmacniacze energii dostosowane do potrzeb entuzjast\u00f3w nocnego \u017cycia. Wprowadzony w 2000 roku, czerpa\u0142 z tradycyjnych zio\u0142owych \u015brodk\u00f3w leczniczych, takich jak \u017ce\u0144-sze\u0144 Panax i ashwagandha, znanych ze swoich w\u0142a\u015bciwo\u015bci energetyzuj\u0105cych i adaptogennych, aby stworzy\u0107 nowoczesny suplement do ta\u0144ca. Pocz\u0105tkowo popularny w\u015br\u00f3d bywalc\u00f3w festiwali i klub\u00f3w, Happy Caps Dance-E zyska\u0142 szersz\u0105 popularno\u015b\u0107, poniewa\u017c konsumenci szukali naturalnych alternatyw dla syntetycznych stymulant\u00f3w. Z biegiem czasu marka udoskonali\u0142a formu\u0142\u0119, wprowadzaj\u0105c wegetaria\u0144skie kapsu\u0142ki i solidn\u0105 mieszank\u0119 witamin i zi\u00f3\u0142, aby zwi\u0119kszy\u0107 skuteczno\u015b\u0107 i inkluzywno\u015b\u0107. Ta ewolucja odzwierciedla zaanga\u017cowanie Happy Caps w \u0142\u0105czenie staro\u017cytnej m\u0105dro\u015bci zio\u0142owej ze wsp\u00f3\u0142czesnymi potrzebami, stawiaj\u0105c na pierwszym miejscu jako\u015b\u0107 i przejrzysto\u015b\u0107. Happy Caps Dance-E sta\u0142 si\u0119 zaufan\u0105 mark\u0105 na rynku suplement\u00f3w, uosabiaj\u0105c zaanga\u017cowanie marki w innowacje i holistyczne zdrowie. Jej historia odzwierciedla zmian\u0119 kulturow\u0105 w kierunku naturalnych, wysokoenergetycznych rozwi\u0105za\u0144 dla \u015brodowisk spo\u0142ecznych, oferuj\u0105c produkt, kt\u00f3ry pozwala u\u017cytkownikom ta\u0144czy\u0107 z witalno\u015bci\u0105 i eufori\u0105, \u0142\u0105cz\u0105c tradycyjne \u015brodki zaradcze z nowoczesnymi wymaganiami dotycz\u0105cymi \u017cywych, zr\u00f3wnowa\u017conych wra\u017ce\u0144 imprezowych.<\/p>\n<h2 dir=\"ltr\">Jak u\u017cywa\u0107 Happy Caps Dance-E<\/h2>\n<p dir=\"ltr\">Stosowanie Happy Caps Dance-E jest proste i zoptymalizowane pod k\u0105tem trwa\u0142ej energii na parkiecie. Przyjmowa\u0107 1 do 2 kapsu\u0142ek popijaj\u0105c szklank\u0105 wody oko\u0142o 45 minut przed po\u017c\u0105danym efektem, najlepiej na pusty \u017co\u0142\u0105dek, aby zwi\u0119kszy\u0107 wch\u0142anianie. Daje to czas na aktywacj\u0119 naturalnych sk\u0142adnik\u00f3w, zapewniaj\u0105c przyp\u0142yw energii i euforii. Nie nale\u017cy przekracza\u0107 maksymalnej dawki 2 kapsu\u0142ek na 24 godziny, aby zapewni\u0107 bezpiecze\u0144stwo. Wegetaria\u0144skie kapsu\u0142ki s\u0105 \u0142atwe do po\u0142kni\u0119cia, co czyni je wygodnymi w nocnym \u017cyciu. Opakowanie nale\u017cy przechowywa\u0107 w ch\u0142odnym, suchym miejscu, aby zachowa\u0107 moc. Happy Caps Dance-E jest przeznaczony do stosowania przez osoby doros\u0142e, idealny do zwi\u0119kszenia wytrzyma\u0142o\u015bci i towarzysko\u015bci podczas imprez tanecznych lub spotka\u0144 towarzyskich. Unikaj \u0142\u0105czenia z alkoholem, lekami lub stymulantami, aby zapobiec interakcjom. Przestrzegaj\u0105c tych wytycznych, u\u017cytkownicy mog\u0105 w pe\u0142ni cieszy\u0107 si\u0119 podnosz\u0105cym na duchu dzia\u0142aniem suplementu, zapewniaj\u0105c sobie energiczn\u0105 noc. To proste podej\u015bcie zapewnia bezpieczny i skuteczny spos\u00f3b na pozostanie na\u0142adowanym, zwi\u0119kszaj\u0105c wra\u017cenia taneczne dzi\u0119ki naturalnej euforii, skupieniu i \u017cywej, po\u0142\u0105czonej atmosferze, kt\u00f3ra trwa do wczesnych godzin porannych.<\/p>\n<h2 dir=\"ltr\">Sk\u0142adniki Happy Caps Dance-E<\/h2>\n<p dir=\"ltr\">Happy Caps Dance-E zawiera siln\u0105 mieszank\u0119 naturalnych sk\u0142adnik\u00f3w, kt\u00f3re dostarczaj\u0105 energii i euforii. Ka\u017cda kapsu\u0142ka zawiera kreatyn\u0119 (395 mg) dla wytrzyma\u0142o\u015bci, ashwagandh\u0119 (200 mg) i ekstrakt z \u017ce\u0144-szenia Panax (200 mg) dla witalno\u015bci, Ginkgo biloba (70 mg) dla skupienia, Centella asiatica (67 mg) dla wsparcia poznawczego, cholin\u0119 (53 mg) dla jasno\u015bci umys\u0142u i guaran\u0119 (35 mg, kofeina 30%) dla stymulacji. Dodatkowe sk\u0142adniki obejmuj\u0105 rhodiola rosea (35 mg), kurkum\u0119 (35 mg), ekstrakt z pestek winogron (35 mg), Bacopa monnieri (33 mg), ekstrakt z Piper nigrum (2 mg) oraz kompleks witaminowo-mineralny (witamina C 37 mg, witamina B6 0,47 mg). Kapsu\u0142ki s\u0105 wykonane z wegetaria\u0144skiej hydroksypropylometylocelulozy, dzi\u0119ki czemu nie zawieraj\u0105 sk\u0142adnik\u00f3w pochodzenia zwierz\u0119cego. Wolna od syntetycznych dodatk\u00f3w formu\u0142a stawia na czysto\u015b\u0107, a odpowiedzialnie pozyskiwane sk\u0142adniki spe\u0142niaj\u0105 rygorystyczne standardy jako\u015bci. Ta mieszanka wspomaga wysok\u0105 energi\u0119, koncentracj\u0119 i \u0142agodny relaks, idealny do ta\u0144ca. Przejrzysty profil Happy Caps Dance-E przemawia do u\u017cytkownik\u00f3w poszukuj\u0105cych naturalnych suplement\u00f3w, zapewniaj\u0105c niezawodny, podnosz\u0105cy na duchu efekt energicznych, spo\u0142ecznie anga\u017cuj\u0105cych do\u015bwiadcze\u0144, przy jednoczesnym zachowaniu holistycznego dobrostanu i zr\u00f3wnowa\u017conego pozyskiwania.<\/p>\n<p dir=\"ltr\"><strong>Ostrze\u017cenie<\/strong><br \/>\nHappy Caps Dance-E nie jest przeznaczony dla os\u00f3b poni\u017cej 18 roku \u017cycia. Nie stosowa\u0107 jako substytutu zr\u00f3\u017cnicowanej diety ani w po\u0142\u0105czeniu z lekami, u\u017cywkami lub nadmiern\u0105 ilo\u015bci\u0105 alkoholu. Unika\u0107 w przypadku wysokiego\/niskiego ci\u015bnienia krwi, chor\u00f3b serca, ci\u0105\u017cy, karmienia piersi\u0105, problem\u00f3w z tarczyc\u0105, chor\u00f3b nerek, depresji, nerwowo\u015bci lub stosowania inhibitor\u00f3w MAO. Przechowywa\u0107 w miejscu niedost\u0119pnym dla dzieci i nie przekracza\u0107 maksymalnej dawki 2 kapsu\u0142ek na 24 godziny. Skonsultuj si\u0119 z pracownikiem s\u0142u\u017cby zdrowia, je\u015bli nie masz pewno\u015bci co do zgodno\u015bci z Twoimi warunkami zdrowotnymi. U\u017cywaj odpowiedzialnie.<\/p>","protected":false},"excerpt":{"rendered":"<p><strong>Happy Caps: <\/strong>Najpot\u0119\u017cniejszy energetyk Happy-Cap! Dance-E daje euforyczny i wyra\u017any haj na d\u0142ug\u0105 noc na parkiecie. Dance-E zawiera unikaln\u0105 mieszank\u0119 pot\u0119\u017cnych sk\u0142adnik\u00f3w, dzi\u0119ki kt\u00f3rym b\u0119dziesz ta\u0144czy\u0107 do bia\u0142ego rana.<\/p>\n<p>Energia *****<br \/>\nSt\u0119\u017cenie ***<br \/>\nRelaxation **<br \/>\nMi\u0142o\u015b\u0107 ***<br \/>\nPsychodeliczny *<\/p>","protected":false},"featured_media":58042,"template":"","meta":[],"product_brand":[],"product_cat":[528,297,385,527,513,525,476],"product_tag":[],"class_list":{"0":"post-58048","1":"product","2":"type-product","3":"status-publish","4":"has-post-thumbnail","6":"product_cat-happy-caps","7":"product_cat-all-products","8":"product_cat-buy-xtc","9":"product_cat-energy-pills","10":"product_cat-party","11":"product_cat-party-pills","12":"product_cat-smartshop","14":"first","15":"instock","16":"taxable","17":"shipping-taxable","18":"purchasable","19":"product-type-simple"},"_links":{"self":[{"href":"https:\/\/www.tatanka.nl\/pl\/wp-json\/wp\/v2\/product\/58048","targetHints":{"allow":["GET"]}}],"collection":[{"href":"https:\/\/www.tatanka.nl\/pl\/wp-json\/wp\/v2\/product"}],"about":[{"href":"https:\/\/www.tatanka.nl\/pl\/wp-json\/wp\/v2\/types\/product"}],"wp:featuredmedia":[{"embeddable":true,"href":"https:\/\/www.tatanka.nl\/pl\/wp-json\/wp\/v2\/media\/58042"}],"wp:attachment":[{"href":"https:\/\/www.tatanka.nl\/pl\/wp-json\/wp\/v2\/media?parent=58048"}],"wp:term":[{"taxonomy":"product_brand","embeddable":true,"href":"https:\/\/www.tatanka.nl\/pl\/wp-json\/wp\/v2\/product_brand?post=58048"},{"taxonomy":"product_cat","embeddable":true,"href":"https:\/\/www.tatanka.nl\/pl\/wp-json\/wp\/v2\/product_cat?post=58048"},{"taxonomy":"product_tag","embeddable":true,"href":"https:\/\/www.tatanka.nl\/pl\/wp-json\/wp\/v2\/product_tag?post=58048"}],"curies":[{"name":"wp","href":"https:\/\/api.w.org\/{rel}","templated":true}]}}