{"id":58057,"date":"2020-12-01T13:41:08","date_gmt":"2020-12-01T11:41:08","guid":{"rendered":"https:\/\/www.tatanka.nl\/?post_type=product&#038;p=58057"},"modified":"2026-04-09T12:48:59","modified_gmt":"2026-04-09T11:48:59","slug":"trip-e-happy-caps","status":"publish","type":"product","link":"https:\/\/www.tatanka.nl\/pl\/trip-e-happy-caps\/","title":{"rendered":"Trip-E"},"content":{"rendered":"<h2 dir=\"ltr\" data-pm-slice=\"1 1 []\">Czym s\u0105 Happy Caps Trip-E?<\/h2>\n<p dir=\"ltr\">Happy Caps Trip-E to wysokiej jako\u015bci suplement diety przeznaczony dla os\u00f3b doros\u0142ych poszukuj\u0105cych naturalnych, psychodelicznych dozna\u0144. Ka\u017cde opakowanie zawiera 4 wegetaria\u0144skie kapsu\u0142ki z Hawaiian Baby Woodrose i kofein\u0105, kt\u00f3re otwieraj\u0105 drzwi percepcji i zwi\u0119kszaj\u0105 \u015bwiadomo\u015b\u0107 sensoryczn\u0105. Idealny dla os\u00f3b badaj\u0105cych podwy\u017cszone stany \u015bwiadomo\u015bci, Happy Caps Trip-E oferuje mieszank\u0119 energii, \u0142agodnego relaksu i g\u0142\u0119bokiego poczucia wi\u0119zi, dzi\u0119ki czemu idealnie nadaje si\u0119 do introspektywnych lub kreatywnych chwil. Kapsu\u0142ki na bazie ro\u015blin zapewniaj\u0105 dost\u0119pno\u015b\u0107, a starannie dobrane sk\u0142adniki promuj\u0105 bezpieczn\u0105, wci\u0105gaj\u0105c\u0105 podr\u00f3\u017c bez syntetycznych dodatk\u00f3w. Zaprojektowany z my\u015bl\u0105 o u\u017cytkownikach ceni\u0105cych holistyczne zdrowie, Happy Caps Trip-E jest zgodny z zaanga\u017cowaniem marki w jako\u015b\u0107 i naturalne \u015brodki zaradcze. Jego unikalna formu\u0142a zapewnia silny efekt psychodeliczny, zr\u00f3wnowa\u017cony delikatn\u0105 stymulacj\u0105, co czyni go wyj\u0105tkowym wyborem dla os\u00f3b doros\u0142ych pragn\u0105cych odpowiedzialnie odkrywa\u0107 swoje zmys\u0142y. Suplement ten pozwala u\u017cytkownikom cieszy\u0107 si\u0119 euforyczn\u0105 fal\u0105, zwi\u0119kszaj\u0105c percepcj\u0119 i kreatywno\u015b\u0107 w naturalny, \u015bwiadomy spos\u00f3b, kt\u00f3ry szanuje zar\u00f3wno cia\u0142o, jak i umys\u0142.<\/p>\n<h2 dir=\"ltr\">Historia Happy Caps Trip-E<\/h2>\n<p dir=\"ltr\">Happy Caps Trip-E zosta\u0142 wprowadzony przez Happy Caps w odpowiedzi na rosn\u0105ce zainteresowanie naturalnymi suplementami psychodelicznymi. Wprowadzony na rynek w 2000 roku, wykorzysta\u0142 tradycyjne zastosowanie Hawaiian Baby Woodrose, ro\u015bliny czczonej w r\u00f3\u017cnych kulturach za jej w\u0142a\u015bciwo\u015bci rozszerzaj\u0105ce umys\u0142. Pocz\u0105tkowo przyjmowany przez osoby badaj\u0105ce alternatywn\u0105 \u015bwiadomo\u015b\u0107, Happy Caps Trip-E zyska\u0142 popularno\u015b\u0107, gdy konsumenci szukali bezpiecznych, zio\u0142owych alternatyw dla syntetycznych psychodelik\u00f3w. Z czasem marka udoskonali\u0142a formu\u0142\u0119, wprowadzaj\u0105c wegetaria\u0144skie kapsu\u0142ki i zr\u00f3wnowa\u017con\u0105 dawk\u0119 kofeiny, aby zwi\u0119kszy\u0107 doznania przy jednoczesnym zapewnieniu bezpiecze\u0144stwa. Ta ewolucja odzwierciedla zaanga\u017cowanie Happy Caps w \u0142\u0105czenie staro\u017cytnej m\u0105dro\u015bci zio\u0142owej z nowoczesn\u0105 nauk\u0105 o suplementach, zaspokajaj\u0105c niszow\u0105, ale pasjonuj\u0105c\u0105 publiczno\u015b\u0107. Happy Caps Trip-E sta\u0142 si\u0119 zaufan\u0105 mark\u0105 na rynku suplement\u00f3w, uosabiaj\u0105c zaanga\u017cowanie marki w jako\u015b\u0107, przejrzysto\u015b\u0107 i innowacyjno\u015b\u0107. Jej historia odzwierciedla kulturow\u0105 zmian\u0119 w kierunku \u015bwiadomej eksploracji \u015bwiadomo\u015bci, oferuj\u0105c produkt, kt\u00f3ry umo\u017cliwia u\u017cytkownikom naturalne do\u015bwiadczanie podwy\u017cszonej percepcji i kreatywno\u015bci, \u0142\u0105cz\u0105c tradycyjne \u015brodki ro\u015blinne ze wsp\u00f3\u0142czesnymi pragnieniami bezpiecznych, wci\u0105gaj\u0105cych psychodelicznych do\u015bwiadcze\u0144, kt\u00f3re rezonuj\u0105 z nowoczesnymi trendami wellness.<\/p>\n<h2 dir=\"ltr\">Jak u\u017cywa\u0107 Happy Caps Trip-E<\/h2>\n<p dir=\"ltr\">Stosowanie Happy Caps Trip-E jest proste i zoptymalizowane pod k\u0105tem bezpiecznych dozna\u0144 psychodelicznych. Przyjmowa\u0107 1 lub 2 kapsu\u0142ki na pusty \u017co\u0142\u0105dek, popijaj\u0105c szklank\u0105 wody, oko\u0142o 45 minut przed po\u017c\u0105danym efektem, aby zapewni\u0107 optymalne wch\u0142anianie. Pozostawi\u0107 czas na aktywacj\u0119 sk\u0142adnik\u00f3w, zapewniaj\u0105c fal\u0119 podwy\u017cszonej percepcji i \u0142agodnej energii. Nie nale\u017cy przekracza\u0107 zalecanej dawki 2 kapsu\u0142ek dziennie, aby zachowa\u0107 bezpiecze\u0144stwo. Wegetaria\u0144skie kapsu\u0142ki s\u0105 \u0142atwe do po\u0142kni\u0119cia, dzi\u0119ki czemu s\u0105 wygodne podczas sesji uwa\u017cno\u015bci. Opakowanie nale\u017cy przechowywa\u0107 w ch\u0142odnym, suchym miejscu, aby zachowa\u0107 moc. Happy Caps Trip-E jest przeznaczony do stosowania przez osoby doros\u0142e, idealny do odkrywania kreatywno\u015bci lub introspekcji w spokojnym, kontrolowanym \u015brodowisku. Unikaj \u0142\u0105czenia z alkoholem, lekami lub stymulantami, aby zapobiec interakcjom. Post\u0119puj\u0105c zgodnie z tymi wytycznymi, u\u017cytkownicy mog\u0105 w pe\u0142ni wykorzysta\u0107 psychodeliczne dzia\u0142anie suplementu, zwi\u0119kszaj\u0105c \u015bwiadomo\u015b\u0107 sensoryczn\u0105 i \u0142\u0105czno\u015b\u0107. To proste podej\u015bcie zapewnia bezpieczny, skuteczny spos\u00f3b na prze\u017cycie naturalnej, rozszerzaj\u0105cej umys\u0142 podr\u00f3\u017cy, tworz\u0105c niezapomniane chwile podwy\u017cszonej percepcji i euforii przy minimalnym wysi\u0142ku i maksymalnej uwa\u017cno\u015bci.<\/p>\n<h2 dir=\"ltr\">Sk\u0142adniki Happy Caps Trip-E<\/h2>\n<p dir=\"ltr\">Happy Caps Trip-E zawiera zwi\u0119z\u0142\u0105 mieszank\u0119 naturalnych sk\u0142adnik\u00f3w, kt\u00f3re zapewniaj\u0105 psychodeliczne doznania. Ka\u017cda wegetaria\u0144ska kapsu\u0142ka zawiera Hawaiian Baby Woodrose (150 mg), znan\u0105 ze swoich w\u0142a\u015bciwo\u015bci poprawiaj\u0105cych percepcj\u0119, oraz kofein\u0119 (20 mg) dla delikatnego pobudzenia. Dodatkowe sk\u0142adniki obejmuj\u0105 stearynian magnezu i dwutlenek wapnia jako stabilizatory, zapewniaj\u0105ce jako\u015b\u0107 i konsystencj\u0119 kapsu\u0142ki. Kapsu\u0142ka wykonana jest z hydroksypropylometylocelulozy, materia\u0142u ro\u015blinnego odpowiedniego dla wegetarian, wolnego od sk\u0142adnik\u00f3w pochodzenia zwierz\u0119cego. Nie stosuje si\u0119 \u017cadnych syntetycznych dodatk\u00f3w ani szkodliwych chemikali\u00f3w, stawiaj\u0105c na pierwszym miejscu czysto\u015b\u0107 i bezpiecze\u0144stwo. Sk\u0142adniki s\u0105 pozyskiwane w spos\u00f3b odpowiedzialny, zgodnie z surowymi standardami jako\u015bci, aby zapewni\u0107 skuteczno\u015b\u0107 i niezawodno\u015b\u0107. Ta mieszanka promuje energi\u0119, \u0142agodny relaks i g\u0142\u0119boki efekt psychodeliczny, idealny do kreatywnych lub introspektywnych chwil. Przejrzysta formu\u0142a Happy Caps Trip-E przemawia do u\u017cytkownik\u00f3w poszukuj\u0105cych naturalnych suplement\u00f3w, wspieraj\u0105cych wci\u0105gaj\u0105ce do\u015bwiadczenia przy jednoczesnym zachowaniu holistycznego samopoczucia. Starannie zbilansowane sk\u0142adniki zapewniaj\u0105 niezawodny, rozszerzaj\u0105cy umys\u0142 efekt, dzi\u0119ki czemu jest to zaufany wyb\u00f3r dla doros\u0142ych, kt\u00f3rzy ceni\u0105 zr\u00f3wnowa\u017cone pozyskiwanie i jako\u015b\u0107 w d\u0105\u017ceniu do zwi\u0119kszonej percepcji i naturalnej, euforycznej podr\u00f3\u017cy, kt\u00f3ra zwi\u0119ksza zar\u00f3wno kreatywno\u015b\u0107, jak i wi\u0119zi.<\/p>\n<p dir=\"ltr\"><strong>Ostrze\u017cenie<\/strong><br \/>\nHappy Caps Trip-E nie jest przeznaczony dla os\u00f3b poni\u017cej 18 roku \u017cycia. Nie stosowa\u0107 jako substytutu zr\u00f3\u017cnicowanej diety lub w po\u0142\u0105czeniu z lekami, u\u017cywkami lub nadmiern\u0105 ilo\u015bci\u0105 alkoholu. Unika\u0107 w przypadku wysokiego\/niskiego ci\u015bnienia krwi, chor\u00f3b serca, ci\u0105\u017cy, karmienia piersi\u0105, problem\u00f3w z tarczyc\u0105, chor\u00f3b nerek, depresji, nerwowo\u015bci lub stosowania inhibitor\u00f3w MAO. Przechowywa\u0107 w miejscu niedost\u0119pnym dla dzieci i nie przekracza\u0107 zalecanej dawki. Skonsultuj si\u0119 z pracownikiem s\u0142u\u017cby zdrowia, je\u015bli nie masz pewno\u015bci co do zgodno\u015bci z twoimi warunkami zdrowotnymi. U\u017cywaj odpowiedzialnie.<\/p>","protected":false},"excerpt":{"rendered":"<p><strong>Happy Caps: <\/strong>Nazwa Trip-E m\u00f3wi wszystko. Daj si\u0119 unosi\u0107 coraz wy\u017cej na tej psychodelicznej fali. Zawiera nasiona Baby Hawaiian Woodrose, kt\u00f3re otwieraj\u0105 bramy percepcji.<\/p>\n<p>Energia ****<br \/>\nSt\u0119\u017cenie *<br \/>\nRelaxation **<br \/>\nMi\u0142o\u015b\u0107 ***<br \/>\nPsychodeliczny *****<\/p>","protected":false},"featured_media":58053,"template":"","meta":[],"product_brand":[],"product_cat":[528,297,385,527,513,525,476],"product_tag":[],"class_list":{"0":"post-58057","1":"product","2":"type-product","3":"status-publish","4":"has-post-thumbnail","6":"product_cat-happy-caps","7":"product_cat-all-products","8":"product_cat-buy-xtc","9":"product_cat-energy-pills","10":"product_cat-party","11":"product_cat-party-pills","12":"product_cat-smartshop","13":"product_shipping_class-not-allowed-group-3","15":"first","16":"instock","17":"taxable","18":"shipping-taxable","19":"purchasable","20":"product-type-simple"},"_links":{"self":[{"href":"https:\/\/www.tatanka.nl\/pl\/wp-json\/wp\/v2\/product\/58057","targetHints":{"allow":["GET"]}}],"collection":[{"href":"https:\/\/www.tatanka.nl\/pl\/wp-json\/wp\/v2\/product"}],"about":[{"href":"https:\/\/www.tatanka.nl\/pl\/wp-json\/wp\/v2\/types\/product"}],"wp:featuredmedia":[{"embeddable":true,"href":"https:\/\/www.tatanka.nl\/pl\/wp-json\/wp\/v2\/media\/58053"}],"wp:attachment":[{"href":"https:\/\/www.tatanka.nl\/pl\/wp-json\/wp\/v2\/media?parent=58057"}],"wp:term":[{"taxonomy":"product_brand","embeddable":true,"href":"https:\/\/www.tatanka.nl\/pl\/wp-json\/wp\/v2\/product_brand?post=58057"},{"taxonomy":"product_cat","embeddable":true,"href":"https:\/\/www.tatanka.nl\/pl\/wp-json\/wp\/v2\/product_cat?post=58057"},{"taxonomy":"product_tag","embeddable":true,"href":"https:\/\/www.tatanka.nl\/pl\/wp-json\/wp\/v2\/product_tag?post=58057"}],"curies":[{"name":"wp","href":"https:\/\/api.w.org\/{rel}","templated":true}]}}