{"id":73681,"date":"2022-12-23T16:18:11","date_gmt":"2022-12-23T14:18:11","guid":{"rendered":"https:\/\/www.tatanka.nl\/?post_type=product&#038;p=73681"},"modified":"2026-03-26T00:48:28","modified_gmt":"2026-03-25T23:48:28","slug":"cbd-sleep-well-gummies","status":"publish","type":"product","link":"https:\/\/www.tatanka.nl\/pl\/cbd-sleep-well-gummies\/","title":{"rendered":"\u017belki CBD Sleep Well"},"content":{"rendered":"<h2>Czym s\u0105 \u017celki CBD Sleep Well Gummies?<\/h2>\n<p>CBD Sleep Well Gummies to pyszne \u017celki o smaku owocowym od Dr. Candy, z kt\u00f3rych ka\u017cdy zawiera 10 mg CBD i 0,3 mg melatoniny, aby promowa\u0107 spokojny sen. Zaprojektowane z my\u015bl\u0105 o trudno\u015bciach ze snem, te \u017celki wykorzystuj\u0105 uspokajaj\u0105ce i przeciwb\u00f3lowe w\u0142a\u015bciwo\u015bci CBD oraz zdolno\u015b\u0107 melatoniny do regulowania cyklu snu i czuwania. Idealne dla os\u00f3b doros\u0142ych zmagaj\u0105cych si\u0119 z bezsenno\u015bci\u0105, stresem lub niepokojem, \u017celki CBD Sleep Well oferuj\u0105 naturalne, niepsychoaktywne rozwi\u0105zanie, kt\u00f3re pomaga si\u0119 zrelaksowa\u0107 i lepiej spa\u0107. Wolne od THC, zapewniaj\u0105 jasno\u015b\u0107 umys\u0142u, jednocze\u015bnie wspieraj\u0105c spok\u00f3j psychiczny i fizyczny. Idealne do stosowania na noc, \u017celki te stanowi\u0105 wygodn\u0105, smaczn\u0105 alternatyw\u0119 dla olejk\u00f3w CBD lub \u015brodk\u00f3w nasennych. Zacznij od jednej \u017celki dziennie, aby zbudowa\u0107 poziom CBD i cieszy\u0107 si\u0119 ich koj\u0105cym dzia\u0142aniem w ci\u0105gu 30-60 minut, pomagaj\u0105c szybciej zasn\u0105\u0107 i d\u0142u\u017cej spa\u0107. \u017belki CBD Sleep Well \u0142\u0105cz\u0105 w sobie dobre samopoczucie z przyjemno\u015bci\u0105, dzi\u0119ki czemu s\u0105 doskona\u0142ym wyborem dla os\u00f3b pragn\u0105cych naturalnie poprawi\u0107 jako\u015b\u0107 snu. Ich przeno\u015bny, aromatyczny format idealnie wpasowuje si\u0119 w wieczorn\u0105 rutyn\u0119, oferuj\u0105c delikatny spos\u00f3b na przywr\u00f3cenie r\u00f3wnowagi i osi\u0105gni\u0119cie orze\u017awiaj\u0105cego, niezak\u0142\u00f3conego snu.<\/p>\n<h2>Jak stosowa\u0107 \u017celki CBD Sleep Well Gummies?<\/h2>\n<p>Stosowanie \u017celk\u00f3w CBD Sleep Well Gummies to prosty i przyjemny spos\u00f3b na zapewnienie sobie spokojnego snu. Zacznij od jednej \u017celki dziennie, najlepiej wieczorem, przez pierwszy tydzie\u0144, aby zbudowa\u0107 poziom CBD w organizmie, pozwalaj\u0105c cia\u0142u ustali\u0107 punkt odniesienia dla jego uspokajaj\u0105cego dzia\u0142ania. \u017buj \u017celki powoli, delektuj\u0105c si\u0119 ich owocowym smakiem, aby zmaksymalizowa\u0107 wch\u0142anianie. Spodziewaj si\u0119 efekt\u00f3w takich jak relaksacja i poprawa gotowo\u015bci do snu w ci\u0105gu 30-60 minut, utrzymuj\u0105cych si\u0119 przez ca\u0142\u0105 noc. W razie potrzeby zwi\u0119ksz dawk\u0119 do dw\u00f3ch \u017celk\u00f3w dziennie, ale nie przekraczaj 100 mg CBD dziennie, aby zapewni\u0107 bezpiecze\u0144stwo. Spo\u017cywa\u0107 w spokojnym otoczeniu, na przyk\u0142ad w ramach rutyny przed snem, aby wzmocni\u0107 ich koj\u0105ce w\u0142a\u015bciwo\u015bci. \u017belki s\u0105 przeno\u015bne, co u\u0142atwia ich stosowanie w domu lub w podr\u00f3\u017cy. Przechowuj \u017celki CBD Sleep Well Gummies w ch\u0142odnym, ciemnym miejscu, takim jak szafka kuchenna, aby zachowa\u0107 ich jako\u015b\u0107. Unikaj \u0142\u0105czenia z alkoholem, lekami lub innymi stymulantami, aby uzyska\u0107 \u0142agodne doznania. Ta prosta metoda sprawia, \u017ce \u017celki s\u0105 wspania\u0142ym dodatkiem do nocnych rytua\u0142\u00f3w, oferuj\u0105c smaczny, naturalny spos\u00f3b na relaks i lepszy sen przy minimalnym wysi\u0142ku, idealny do przywracania r\u00f3wnowagi.<\/p>\n<h2>Sk\u0142adniki \u017celk\u00f3w CBD Sleep Well Gummies<\/h2>\n<p>\u017belki CBD Sleep Well zawieraj\u0105 starannie opracowan\u0105 mieszank\u0119 sk\u0142adnik\u00f3w: 10 mg CBD, 0,3 mg melatoniny, glukoz\u0119, cukier, naturalne barwniki i aromaty, \u017celatyn\u0119 i kwas cytrynowy. CBD, ekstrahowane z konopi, zapewnia w\u0142a\u015bciwo\u015bci uspokajaj\u0105ce i przeciwb\u00f3lowe, sprzyjaj\u0105c relaksacji i \u0142agodzeniu stresu bez efekt\u00f3w psychoaktywnych. Melatonina, naturalny hormon, reguluje cykl snu i czuwania, pomagaj\u0105c szybciej zasn\u0105\u0107 i d\u0142u\u017cej spa\u0107. Glukoza i cukier dodaj\u0105 s\u0142odyczy, a naturalne barwniki i aromaty tworz\u0105 zachwycaj\u0105cy owocowy smak. \u017belatyna nadaje \u017celkom konsystencj\u0119 do \u017cucia, a kwas cytrynowy dodaje subtelny posmak, r\u00f3wnowa\u017c\u0105c profil smakowy. Wolne od THC i syntetycznych dodatk\u00f3w, \u017celki CBD Sleep Well Gummies zapewniaj\u0105 czysty, ro\u015blinny suplement, kt\u00f3ry jest zgodny z naturalnymi zasadami dobrego samopoczucia. Ka\u017cdy sk\u0142adnik zosta\u0142 wyselekcjonowany pod k\u0105tem jako\u015bci i sp\u00f3jno\u015bci, zapewniaj\u0105c niezawodne, przyjemne doznania. Przechowywa\u0107 w ch\u0142odnym, ciemnym miejscu, aby zachowa\u0107 moc. Ta przemy\u015blana formu\u0142a wyr\u00f3\u017cnia CBD Sleep Well Gummies jako pyszny, skuteczny wyb\u00f3r dla doros\u0142ych poszukuj\u0105cych naturalnego sposobu na popraw\u0119 jako\u015bci snu, \u0142\u0105cz\u0105c terapeutyczne korzy\u015bci CBD i melatoniny z zabaw\u0105 \u017celkami, zapewniaj\u0105c relaksuj\u0105ce, regeneruj\u0105ce do\u015bwiadczenie.<\/p>\n<p><strong>Ostrze\u017cenie<\/strong><br \/>\nPrzechowywa\u0107 w miejscu niedost\u0119pnym dla dzieci. Produkt nieodpowiedni dla kobiet w ci\u0105\u017cy i dzieci. Nie stosowa\u0107 w przypadku wysokiego lub niskiego ci\u015bnienia krwi, chor\u00f3b serca lub p\u0142uc, cukrzycy, stosowania lek\u00f3w, narkotyk\u00f3w lub alkoholu.<\/p>","protected":false},"excerpt":{"rendered":"<p dir=\"auto\">CBD Sleep Well Gummies, od Dr. Candy, \u0142\u0105cz\u0105 w sobie 10 mg CBD i 0,3 mg melatoniny na \u017celk\u0119, aby promowa\u0107 spokojny sen. Te naturalne smako\u0142yki o smaku owocowym pomagaj\u0105 uspokoi\u0107 umys\u0142 i cia\u0142o, wspieraj\u0105c zdrowy cykl snu i czuwania.<\/p>","protected":false},"featured_media":73711,"template":"","meta":[],"product_brand":[],"product_cat":[605,297,611],"product_tag":[],"class_list":{"0":"post-73681","1":"product","2":"type-product","3":"status-publish","4":"has-post-thumbnail","6":"product_cat-dr-candy","7":"product_cat-all-products","8":"product_cat-edibles","10":"first","11":"instock","12":"taxable","13":"shipping-taxable","14":"purchasable","15":"product-type-variable","16":"has-default-attributes"},"_links":{"self":[{"href":"https:\/\/www.tatanka.nl\/pl\/wp-json\/wp\/v2\/product\/73681","targetHints":{"allow":["GET"]}}],"collection":[{"href":"https:\/\/www.tatanka.nl\/pl\/wp-json\/wp\/v2\/product"}],"about":[{"href":"https:\/\/www.tatanka.nl\/pl\/wp-json\/wp\/v2\/types\/product"}],"wp:featuredmedia":[{"embeddable":true,"href":"https:\/\/www.tatanka.nl\/pl\/wp-json\/wp\/v2\/media\/73711"}],"wp:attachment":[{"href":"https:\/\/www.tatanka.nl\/pl\/wp-json\/wp\/v2\/media?parent=73681"}],"wp:term":[{"taxonomy":"product_brand","embeddable":true,"href":"https:\/\/www.tatanka.nl\/pl\/wp-json\/wp\/v2\/product_brand?post=73681"},{"taxonomy":"product_cat","embeddable":true,"href":"https:\/\/www.tatanka.nl\/pl\/wp-json\/wp\/v2\/product_cat?post=73681"},{"taxonomy":"product_tag","embeddable":true,"href":"https:\/\/www.tatanka.nl\/pl\/wp-json\/wp\/v2\/product_tag?post=73681"}],"curies":[{"name":"wp","href":"https:\/\/api.w.org\/{rel}","templated":true}]}}