{"id":73682,"date":"2022-12-23T16:18:11","date_gmt":"2022-12-23T14:18:11","guid":{"rendered":"https:\/\/www.tatanka.nl\/?post_type=product&#038;p=73682"},"modified":"2025-07-08T10:27:44","modified_gmt":"2025-07-08T09:27:44","slug":"cbd-cannabis-leaves-mix","status":"publish","type":"product","link":"https:\/\/www.tatanka.nl\/pl\/cbd-cannabis-leaves-mix\/","title":{"rendered":"Mieszanka li\u015bci konopi CBD"},"content":{"rendered":"<h2>Czym s\u0105 mieszanki li\u015bci konopi CBD?<\/h2>\n<p>CBD Cannabis Leaves Mix to rozkoszne \u017celki w kszta\u0142cie li\u015bci od Dr. Candy, z kt\u00f3rych ka\u017cdy zawiera 10 mg kannabidiolu (CBD) ekstrahowanego z konopi. Te niezawieraj\u0105ce THC cukierki zapewniaj\u0105 uspokajaj\u0105ce i potencjalne korzy\u015bci przeciwzapalne, promuj\u0105c relaks i jasno\u015b\u0107 umys\u0142u bez efekt\u00f3w psychoaktywnych. Mieszanka owocowych smak\u00f3w CBD Cannabis Leaves Mix to smaczny spos\u00f3b na korzystanie z w\u0142a\u015bciwo\u015bci CBD, idealny do spo\u017cycia mi\u0119dzy posi\u0142kami. Pe\u0142ne spektrum zwi\u0105zk\u00f3w konopi, takich jak CBN, CBG i CBC, wspomaga sen, \u0142agodzi b\u00f3l i dzia\u0142a antybakteryjnie. Idealne dla os\u00f3b doros\u0142ych poszukuj\u0105cych ulgi w stresie lub poprawy samopoczucia, CBD Cannabis Leaves Mix stanowi\u0105 naturaln\u0105, przyjemn\u0105 alternatyw\u0119 dla olejk\u00f3w CBD. \u0141atwe do w\u0142\u0105czenia do codziennej rutyny, te \u017celki zapewniaj\u0105 koj\u0105ce efekty w ci\u0105gu 30-60 minut, dzi\u0119ki czemu nadaj\u0105 si\u0119 do stosowania w dowolnym czasie i miejscu. Zacznij od jednej lub dw\u00f3ch \u017celk\u00f3w dziennie, aby zbudowa\u0107 poziom CBD i cieszy\u0107 si\u0119 ich korzy\u015bciami w zabawnym, aromatycznym formacie. CBD Cannabis Leaves Mix \u0142\u0105cz\u0105 dobre samopoczucie z przyjemno\u015bci\u0105, oferuj\u0105c pyszny, skuteczny spos\u00f3b na zwi\u0119kszenie r\u00f3wnowagi i zmniejszenie niepokoju, co czyni je idealnym wyborem do naturalnej suplementacji ukierunkowanej na zdrowie.<\/p>\n<h2>Jak stosowa\u0107 mieszank\u0119 li\u015bci konopi CBD?<\/h2>\n<p>Stosowanie CBD Cannabis Leaves Mix to prosty i przyjemny spos\u00f3b na w\u0142\u0105czenie CBD do rutyny wellness. Zacznij od jednej lub dw\u00f3ch \u017celk\u00f3w dziennie w ci\u0105gu pierwszego tygodnia, aby zbudowa\u0107 poziom CBD w organizmie, pozwalaj\u0105c cia\u0142u ustali\u0107 punkt odniesienia dla jego uspokajaj\u0105cego dzia\u0142ania. \u017buj \u017celki powoli, delektuj\u0105c si\u0119 ich r\u00f3\u017cnorodnymi owocowymi smakami, aby zmaksymalizowa\u0107 wch\u0142anianie. Spodziewaj si\u0119 efekt\u00f3w takich jak zmniejszenie stresu lub poprawa koncentracji w ci\u0105gu 30-60 minut, utrzymuj\u0105cych si\u0119 przez kilka godzin. Aby zapewni\u0107 bezpiecze\u0144stwo, nie nale\u017cy przekracza\u0107 100 mg CBD dziennie. Aby w pe\u0142ni doceni\u0107 ich koj\u0105ce w\u0142a\u015bciwo\u015bci, nale\u017cy spo\u017cywa\u0107 je w komfortowych warunkach, na przyk\u0142ad mi\u0119dzy posi\u0142kami lub w czasie relaksu. \u017belki s\u0105 przeno\u015bne, dzi\u0119ki czemu idealnie nadaj\u0105 si\u0119 do stosowania w domu, pracy lub w podr\u00f3\u017cy. Przechowuj CBD Cannabis Leaves Mix w ch\u0142odnym, ciemnym miejscu, takim jak szafka kuchenna, aby zachowa\u0107 ich jako\u015b\u0107. Unikaj \u0142\u0105czenia z alkoholem, lekami lub innymi stymulantami, aby uzyska\u0107 \u0142agodne doznania. Ta prosta metoda sprawia, \u017ce \u017celki s\u0105 wspania\u0142ym dodatkiem do ka\u017cdej rutyny, oferuj\u0105c smaczny, naturalny spos\u00f3b na wsparcie relaksu i r\u00f3wnowagi przy minimalnym wysi\u0142ku, idealny do wzbogacenia dnia o dobre samopoczucie i smak.<\/p>\n<h2>Sk\u0142adniki mieszanki li\u015bci konopi CBD<\/h2>\n<p>CBD Cannabis Leaves Mix zawiera starannie opracowan\u0105 mieszank\u0119 sk\u0142adnik\u00f3w: 10 mg CBD, glukoz\u0119, cukier, naturalny barwnik, \u017celatyn\u0119 i kwas cytrynowy. CBD, ekstrahowane z ro\u015bliny konopi, zapewnia w\u0142a\u015bciwo\u015bci uspokajaj\u0105ce i potencjalnie przeciwzapalne, wspomagaj\u0105c \u0142agodzenie stresu i dobre samopoczucie bez efekt\u00f3w psychoaktywnych. Zwi\u0105zki konopi o pe\u0142nym spektrum dzia\u0142ania, takie jak CBN (wspomagaj\u0105ce sen), CBG (o w\u0142a\u015bciwo\u015bciach antybakteryjnych) i CBC (\u0142agodz\u0105ce b\u00f3l), zwi\u0119kszaj\u0105 korzy\u015bci \u017celk\u00f3w. Glukoza i cukier zapewniaj\u0105 s\u0142odycz, podczas gdy naturalny barwnik dodaje \u017cywego, owocowego smaku. \u017belatyna nadaje \u017celkom konsystencj\u0119 do \u017cucia, a kwas cytrynowy nadaje im subtelny posmak, r\u00f3wnowa\u017c\u0105c profil smakowy. Wolne od THC i syntetycznych dodatk\u00f3w, CBD Cannabis Leaves Mix zapewniaj\u0105 czysty, ro\u015blinny suplement, kt\u00f3ry jest zgodny z naturalnymi zasadami dobrego samopoczucia. Ka\u017cdy sk\u0142adnik zosta\u0142 wyselekcjonowany pod k\u0105tem jako\u015bci i sp\u00f3jno\u015bci, zapewniaj\u0105c niezawodne, przyjemne doznania. Przechowywa\u0107 w ch\u0142odnym, ciemnym miejscu, aby zachowa\u0107 moc. Ta przemy\u015blana formu\u0142a wyr\u00f3\u017cnia CBD Cannabis Leaves Mix jako pyszny, skuteczny wyb\u00f3r dla doros\u0142ych poszukuj\u0105cych naturalnego sposobu na zmniejszenie niepokoju i zwi\u0119kszenie r\u00f3wnowagi, \u0142\u0105cz\u0105c terapeutyczne korzy\u015bci CBD z zabaw\u0105 \u017celkami, zapewniaj\u0105c wspania\u0142e doznania wellness.<\/p>\n<p><strong>Ostrze\u017cenie<\/strong><br \/>\nPrzechowywa\u0107 w miejscu niedost\u0119pnym dla dzieci. Produkt nieodpowiedni dla kobiet w ci\u0105\u017cy i dzieci. Nie stosowa\u0107 w przypadku wysokiego lub niskiego ci\u015bnienia krwi, chor\u00f3b serca lub p\u0142uc, cukrzycy, stosowania lek\u00f3w, narkotyk\u00f3w lub alkoholu.<\/p>","protected":false},"excerpt":{"rendered":"<p dir=\"auto\">CBD Cannabis Leaves Mix, smakowe \u017celki od Dr. Candy, zawieraj\u0105 10 mg CBD na sztuk\u0119 w r\u00f3\u017cnych owocowych smakach. Te niezawieraj\u0105ce THC smako\u0142yki promuj\u0105 relaks i dobre samopoczucie, oferuj\u0105c naturalny, pyszny spos\u00f3b na zmniejszenie stresu i wsparcie zdrowia.<\/p>","protected":false},"featured_media":74320,"template":"","meta":[],"product_brand":[],"product_cat":[605,297,611],"product_tag":[],"class_list":{"0":"post-73682","1":"product","2":"type-product","3":"status-publish","4":"has-post-thumbnail","6":"product_cat-dr-candy","7":"product_cat-all-products","8":"product_cat-edibles","10":"first","11":"instock","12":"taxable","13":"shipping-taxable","14":"purchasable","15":"product-type-variable","16":"has-default-attributes"},"_links":{"self":[{"href":"https:\/\/www.tatanka.nl\/pl\/wp-json\/wp\/v2\/product\/73682","targetHints":{"allow":["GET"]}}],"collection":[{"href":"https:\/\/www.tatanka.nl\/pl\/wp-json\/wp\/v2\/product"}],"about":[{"href":"https:\/\/www.tatanka.nl\/pl\/wp-json\/wp\/v2\/types\/product"}],"wp:featuredmedia":[{"embeddable":true,"href":"https:\/\/www.tatanka.nl\/pl\/wp-json\/wp\/v2\/media\/74320"}],"wp:attachment":[{"href":"https:\/\/www.tatanka.nl\/pl\/wp-json\/wp\/v2\/media?parent=73682"}],"wp:term":[{"taxonomy":"product_brand","embeddable":true,"href":"https:\/\/www.tatanka.nl\/pl\/wp-json\/wp\/v2\/product_brand?post=73682"},{"taxonomy":"product_cat","embeddable":true,"href":"https:\/\/www.tatanka.nl\/pl\/wp-json\/wp\/v2\/product_cat?post=73682"},{"taxonomy":"product_tag","embeddable":true,"href":"https:\/\/www.tatanka.nl\/pl\/wp-json\/wp\/v2\/product_tag?post=73682"}],"curies":[{"name":"wp","href":"https:\/\/api.w.org\/{rel}","templated":true}]}}