{"id":73683,"date":"2022-12-23T16:18:12","date_gmt":"2022-12-23T14:18:12","guid":{"rendered":"https:\/\/www.tatanka.nl\/?post_type=product&#038;p=73683"},"modified":"2025-07-08T10:12:05","modified_gmt":"2025-07-08T09:12:05","slug":"cbd-cannabis-leaves-strawberry","status":"publish","type":"product","link":"https:\/\/www.tatanka.nl\/pl\/cbd-cannabis-leaves-strawberry\/","title":{"rendered":"Li\u015bcie konopi CBD Truskawka"},"content":{"rendered":"<h2>Czym s\u0105 li\u015bcie konopi CBD Strawberry?<\/h2>\n<p>CBD Cannabis Leaves Strawberry to aromatyczne \u017celki w kszta\u0142cie li\u015bci od Dr. Candy, z kt\u00f3rych ka\u017cdy zawiera 10 mg kannabidiolu (CBD) ekstrahowanego z konopi. Te niezawieraj\u0105ce THC smako\u0142yki zapewniaj\u0105 uspokajaj\u0105ce i potencjalne korzy\u015bci przeciwzapalne, promuj\u0105c relaks i jasno\u015b\u0107 umys\u0142u bez efekt\u00f3w psychoaktywnych. Dzi\u0119ki pysznemu truskawkowemu smakowi, CBD Cannabis Leaves Strawberry oferuj\u0105 zabawny, przyst\u0119pny spos\u00f3b na w\u0142\u0105czenie w\u0142a\u015bciwo\u015bci CBD do codziennego \u017cycia. Wype\u0142nione cennymi zwi\u0105zkami konopi, takimi jak CBN, CBG i CBC, wspomagaj\u0105 sen, \u0142agodz\u0105 b\u00f3l i dzia\u0142aj\u0105 antybakteryjnie. Idealne dla os\u00f3b doros\u0142ych poszukuj\u0105cych ulgi w stresie lub poprawy samopoczucia, te \u017celki s\u0105 idealne do spo\u017cycia mi\u0119dzy posi\u0142kami. Zawarty w nich ekstrakt z konopi o pe\u0142nym spektrum dzia\u0142ania zapewnia szeroki zakres korzy\u015bci, pozostaj\u0105c jednocze\u015bnie wolnym od syntetycznych dodatk\u00f3w. \u0141atwe w u\u017cyciu, CBD Cannabis Leaves Strawberry stanowi\u0105 wygodn\u0105, smaczn\u0105 alternatyw\u0119 dla olejk\u00f3w CBD, atrakcyjn\u0105 zar\u00f3wno dla nowych, jak i do\u015bwiadczonych u\u017cytkownik\u00f3w. Zacznij od jednej lub dw\u00f3ch \u017celk\u00f3w dziennie, aby zbudowa\u0107 poziom CBD i cieszy\u0107 si\u0119 ich koj\u0105cym dzia\u0142aniem w dowolnym miejscu i czasie. Te \u017celki \u0142\u0105cz\u0105 w sobie smak i dzia\u0142anie, dzi\u0119ki czemu CBD Cannabis Leaves Strawberry to wspania\u0142y wyb\u00f3r dla naturalnego, skutecznego wsparcia dobrego samopoczucia w \u017cywym, przyjemnym formacie.<\/p>\n<h2>Jak u\u017cywa\u0107 li\u015bci konopi CBD Truskawka<\/h2>\n<p>Stosowanie CBD Cannabis Leaves Strawberry to prosty i przyjemny spos\u00f3b na w\u0142\u0105czenie CBD do rutyny odnowy biologicznej. Zacznij od jednej lub dw\u00f3ch \u017celk\u00f3w dziennie w ci\u0105gu pierwszego tygodnia, aby zbudowa\u0107 poziom CBD w organizmie, pozwalaj\u0105c cia\u0142u ustali\u0107 punkt odniesienia dla jego uspokajaj\u0105cego dzia\u0142ania. \u017buj \u017celki powoli, delektuj\u0105c si\u0119 ich s\u0142odkim truskawkowym smakiem, aby zmaksymalizowa\u0107 wch\u0142anianie. Spodziewaj si\u0119 efekt\u00f3w takich jak zmniejszenie stresu lub poprawa koncentracji w ci\u0105gu 30-60 minut, utrzymuj\u0105cych si\u0119 przez kilka godzin. Aby zapewni\u0107 bezpiecze\u0144stwo, nie nale\u017cy przekracza\u0107 100 mg CBD dziennie. Aby w pe\u0142ni doceni\u0107 ich koj\u0105ce w\u0142a\u015bciwo\u015bci, nale\u017cy spo\u017cywa\u0107 je w komfortowych warunkach, np. mi\u0119dzy posi\u0142kami lub w czasie relaksu. \u017belki s\u0105 przeno\u015bne, dzi\u0119ki czemu idealnie nadaj\u0105 si\u0119 do stosowania w domu, pracy lub w podr\u00f3\u017cy. Przechowuj CBD Cannabis Leaves Strawberry w ch\u0142odnym, ciemnym miejscu, takim jak szafka kuchenna, aby zachowa\u0107 ich jako\u015b\u0107. Unikaj \u0142\u0105czenia z alkoholem, lekami lub innymi stymulantami, aby uzyska\u0107 \u0142agodne doznania. Ta \u0142atwa metoda sprawia, \u017ce \u017celki s\u0105 wspania\u0142ym dodatkiem do ka\u017cdej rutyny, oferuj\u0105c smaczny, naturalny spos\u00f3b na relaks i r\u00f3wnowag\u0119 przy minimalnym wysi\u0142ku, idealny do wzbogacenia dnia o dobre samopoczucie i smak.<\/p>\n<h2>Sk\u0142adniki CBD Cannabis Leaves Strawberry<\/h2>\n<p>CBD Cannabis Leaves Strawberry zawieraj\u0105 starannie opracowan\u0105 mieszank\u0119 sk\u0142adnik\u00f3w: 10 mg CBD, glukoz\u0119, cukier, naturalny barwnik, \u017celatyn\u0119 i kwas cytrynowy. CBD, ekstrahowane z ro\u015bliny konopi, zapewnia w\u0142a\u015bciwo\u015bci uspokajaj\u0105ce i potencjalnie przeciwzapalne, wspomagaj\u0105c \u0142agodzenie stresu i dobre samopoczucie bez efekt\u00f3w psychoaktywnych. Zwi\u0105zki konopi o pe\u0142nym spektrum dzia\u0142ania, takie jak CBN (wspomagaj\u0105ce sen), CBG (o w\u0142a\u015bciwo\u015bciach antybakteryjnych) i CBC (\u0142agodz\u0105ce b\u00f3l), zwi\u0119kszaj\u0105 korzy\u015bci \u017celk\u00f3w. Glukoza i cukier zapewniaj\u0105 s\u0142odycz, a naturalny barwnik nadaje im \u017cywy, truskawkowy smak. \u017belatyna nadaje \u017celkom konsystencj\u0119 do \u017cucia, a kwas cytrynowy nadaje im subtelny posmak, r\u00f3wnowa\u017c\u0105c profil smakowy. Wolne od THC i syntetycznych dodatk\u00f3w, CBD Cannabis Leaves Strawberry zapewniaj\u0105 czysty, ro\u015blinny suplement, kt\u00f3ry jest zgodny z naturalnymi zasadami dobrego samopoczucia. Ka\u017cdy sk\u0142adnik zosta\u0142 wyselekcjonowany pod k\u0105tem jako\u015bci i sp\u00f3jno\u015bci, zapewniaj\u0105c niezawodne, przyjemne doznania. Przechowywa\u0107 w ch\u0142odnym, ciemnym miejscu, aby zachowa\u0107 moc. Ta przemy\u015blana formu\u0142a wyr\u00f3\u017cnia CBD Cannabis Leaves Strawberry jako pyszny, skuteczny wyb\u00f3r dla doros\u0142ych poszukuj\u0105cych naturalnego sposobu na zmniejszenie niepokoju i zwi\u0119kszenie r\u00f3wnowagi, \u0142\u0105cz\u0105c terapeutyczne korzy\u015bci CBD z zabaw\u0105 \u017celkami, zapewniaj\u0105c wspania\u0142e doznania wellness.<\/p>\n<p><strong>Ostrze\u017cenie<\/strong><br \/>\nPrzechowywa\u0107 w miejscu niedost\u0119pnym dla dzieci. Produkt nieodpowiedni dla kobiet w ci\u0105\u017cy i dzieci. Nie stosowa\u0107 w przypadku wysokiego lub niskiego ci\u015bnienia krwi, chor\u00f3b serca lub p\u0142uc, cukrzycy, stosowania lek\u00f3w, narkotyk\u00f3w lub alkoholu.<\/p>","protected":false},"excerpt":{"rendered":"<p dir=\"auto\">CBD Cannabis Leaves Strawberry, rozkoszne \u017celki od Dr. Candy, zawieraj\u0105 10 mg CBD na sztuk\u0119 o s\u0142odkim truskawkowym smaku. Te niezawieraj\u0105ce THC smako\u0142yki promuj\u0105 relaks i dobre samopoczucie, oferuj\u0105c smaczny, naturalny spos\u00f3b na zmniejszenie stresu i wsparcie zdrowia.<\/p>","protected":false},"featured_media":73713,"template":"","meta":[],"product_brand":[],"product_cat":[605,297,611],"product_tag":[],"class_list":{"0":"post-73683","1":"product","2":"type-product","3":"status-publish","4":"has-post-thumbnail","6":"product_cat-dr-candy","7":"product_cat-all-products","8":"product_cat-edibles","10":"first","11":"instock","12":"taxable","13":"shipping-taxable","14":"purchasable","15":"product-type-variable","16":"has-default-attributes"},"_links":{"self":[{"href":"https:\/\/www.tatanka.nl\/pl\/wp-json\/wp\/v2\/product\/73683","targetHints":{"allow":["GET"]}}],"collection":[{"href":"https:\/\/www.tatanka.nl\/pl\/wp-json\/wp\/v2\/product"}],"about":[{"href":"https:\/\/www.tatanka.nl\/pl\/wp-json\/wp\/v2\/types\/product"}],"wp:featuredmedia":[{"embeddable":true,"href":"https:\/\/www.tatanka.nl\/pl\/wp-json\/wp\/v2\/media\/73713"}],"wp:attachment":[{"href":"https:\/\/www.tatanka.nl\/pl\/wp-json\/wp\/v2\/media?parent=73683"}],"wp:term":[{"taxonomy":"product_brand","embeddable":true,"href":"https:\/\/www.tatanka.nl\/pl\/wp-json\/wp\/v2\/product_brand?post=73683"},{"taxonomy":"product_cat","embeddable":true,"href":"https:\/\/www.tatanka.nl\/pl\/wp-json\/wp\/v2\/product_cat?post=73683"},{"taxonomy":"product_tag","embeddable":true,"href":"https:\/\/www.tatanka.nl\/pl\/wp-json\/wp\/v2\/product_tag?post=73683"}],"curies":[{"name":"wp","href":"https:\/\/api.w.org\/{rel}","templated":true}]}}