{"id":73691,"date":"2022-12-23T16:18:13","date_gmt":"2022-12-23T14:18:13","guid":{"rendered":"https:\/\/www.tatanka.nl\/?post_type=product&#038;p=73691"},"modified":"2025-07-08T09:58:16","modified_gmt":"2025-07-08T08:58:16","slug":"cbd-gummy-bears-mix","status":"publish","type":"product","link":"https:\/\/www.tatanka.nl\/pl\/cbd-gummy-bears-mix\/","title":{"rendered":"Mieszanka \u017celk\u00f3w CBD"},"content":{"rendered":"<h2>Czym s\u0105 \u017celki CBD o mieszanym smaku?<\/h2>\n<p>CBD Gummy Bears Mixed Flavor to smaczne cukierki o smaku owocowym od Dr. Candy, z kt\u00f3rych ka\u017cdy zawiera 5 mg kannabidiolu (CBD) ekstrahowanego z konopi. Zaprojektowane w celu promowania relaksu i zmniejszenia stresu, te \u017celki wykorzystuj\u0105 uspokajaj\u0105ce i przeciwzapalne w\u0142a\u015bciwo\u015bci CBD bez THC, zapewniaj\u0105c brak efekt\u00f3w psychoaktywnych. Idealne dla doros\u0142ych szukaj\u0105cych wygodnego i przyjemnego sposobu na wsparcie dobrego samopoczucia psychicznego i fizycznego, \u017celki CBD Mixed Flavor oferuj\u0105 zachwycaj\u0105c\u0105 mieszank\u0119 smak\u00f3w, dzi\u0119ki czemu s\u0105 zabawnym dodatkiem do codziennych czynno\u015bci. Niezale\u017cnie od tego, czy s\u0105 przyjmowane mi\u0119dzy posi\u0142kami, czy jako cz\u0119\u015b\u0107 re\u017cimu odnowy biologicznej, te \u017celki zapewniaj\u0105 naturalny, nie odurzaj\u0105cy spos\u00f3b do\u015bwiadczania korzy\u015bci p\u0142yn\u0105cych z konopi. Wolne od syntetycznych dodatk\u00f3w, zapewniaj\u0105 czyste, aromatyczne doznania, kt\u00f3re przemawiaj\u0105 zar\u00f3wno do tych, kt\u00f3rzy dopiero zaczynaj\u0105 przygod\u0119 z CBD, jak i do do\u015bwiadczonych u\u017cytkownik\u00f3w. Zacznij od jednego lub dw\u00f3ch \u017celk\u00f3w dziennie, aby zbudowa\u0107 poziom CBD w organizmie i ciesz si\u0119 ich koj\u0105cym dzia\u0142aniem w ka\u017cdym otoczeniu. CBD Gummy Bears Mixed Flavor \u0142\u0105cz\u0105 dobre samopoczucie z przyjemno\u015bci\u0105, oferuj\u0105c s\u0142odki, skuteczny spos\u00f3b na zwi\u0119kszenie r\u00f3wnowagi i zmniejszenie niepokoju, dzi\u0119ki czemu ka\u017cda chwila jest nieco ja\u015bniejsza dzi\u0119ki ich \u017cywemu smakowi i uspokajaj\u0105cym w\u0142a\u015bciwo\u015bciom.<\/p>\n<h2>Jak stosowa\u0107 \u017celki CBD o mieszanym smaku?<\/h2>\n<p>Stosowanie \u017celk\u00f3w CBD Gummy Bears Mixed Flavor to prosty i przyjemny spos\u00f3b na w\u0142\u0105czenie CBD do codziennej rutyny odnowy biologicznej. Zacznij od jednej lub dw\u00f3ch \u017celk\u00f3w dziennie w ci\u0105gu pierwszego tygodnia, aby zbudowa\u0107 poziom CBD w organizmie, pozwalaj\u0105c cia\u0142u ustali\u0107 punkt odniesienia dla jego uspokajaj\u0105cego dzia\u0142ania. \u017buj \u017celki powoli, delektuj\u0105c si\u0119 ich mieszanymi owocowymi smakami i spodziewaj si\u0119 efekt\u00f3w, takich jak zmniejszenie stresu lub poprawa koncentracji w ci\u0105gu 30-60 minut, trwaj\u0105cych kilka godzin. Aby zapewni\u0107 bezpiecze\u0144stwo, nie nale\u017cy przekracza\u0107 100 mg CBD dziennie. Aby w pe\u0142ni doceni\u0107 ich koj\u0105ce w\u0142a\u015bciwo\u015bci, nale\u017cy spo\u017cywa\u0107 je w komfortowych warunkach, np. podczas przerwy lub po posi\u0142ku. \u017belki s\u0105 przeno\u015bne, dzi\u0119ki czemu idealnie nadaj\u0105 si\u0119 do stosowania w domu, pracy lub w podr\u00f3\u017cy. Przechowuj CBD Gummy Bears Mixed Flavor w ch\u0142odnym, ciemnym miejscu, takim jak szafka kuchenna, aby zachowa\u0107 ich jako\u015b\u0107. Unikaj \u0142\u0105czenia z alkoholem, lekami lub innymi u\u017cywkami, aby zapewni\u0107 niezak\u0142\u00f3cone doznania. Ta prosta metoda sprawia, \u017ce \u017celki s\u0105 wspania\u0142ym dodatkiem do ka\u017cdej rutyny, oferuj\u0105c smaczny, naturalny spos\u00f3b na wsparcie relaksu i r\u00f3wnowagi przy minimalnym wysi\u0142ku, idealny do urozmaicenia dnia.<\/p>\n<h2>Sk\u0142adniki CBD Gummy Bears Mixed Flavor<\/h2>\n<p>CBD Gummy Bears Mixed Flavor zawieraj\u0105 starannie dobran\u0105 mieszank\u0119 sk\u0142adnik\u00f3w: 5 mg CBD, glukoz\u0119, cukier, naturalny barwnik, \u017celatyn\u0119 i kwas cytrynowy. CBD, ekstrahowane z konopi, zapewnia w\u0142a\u015bciwo\u015bci uspokajaj\u0105ce i przeciwzapalne, wspomagaj\u0105c \u0142agodzenie stresu i dobre samopoczucie bez efekt\u00f3w psychoaktywnych. Glukoza i cukier dodaj\u0105 s\u0142odyczy, a naturalny barwnik podkre\u015bla \u017cywy, owocowy smak \u017celk\u00f3w. \u017belatyna nadaje \u017celkom konsystencj\u0119 do \u017cucia, a kwas cytrynowy nadaje im subtelny posmak, r\u00f3wnowa\u017c\u0105c profil smakowy. Wolne od THC \u017celki CBD Gummy Bears Mixed Flavor zapewniaj\u0105 dobre samopoczucie, dzi\u0119ki czemu nadaj\u0105 si\u0119 do codziennego u\u017cytku. Ka\u017cdy sk\u0142adnik jest wybierany w celu utrzymania jako\u015bci i sp\u00f3jno\u015bci, zapewniaj\u0105c czysty, przyjemny suplement, kt\u00f3ry jest zgodny z naturalnymi zasadami dobrego samopoczucia. Brak syntetycznych dodatk\u00f3w zapewnia czysty, ro\u015blinny produkt, kt\u00f3ry przemawia do konsument\u00f3w dbaj\u0105cych o zdrowie. Przechowywa\u0107 w ch\u0142odnym, ciemnym miejscu, aby zachowa\u0107 moc. Ta przemy\u015blana formu\u0142a wyr\u00f3\u017cnia CBD Gummy Bears Mixed Flavor jako pyszny, skuteczny wyb\u00f3r dla doros\u0142ych poszukuj\u0105cych naturalnego sposobu na zmniejszenie niepokoju i zwi\u0119kszenie r\u00f3wnowagi, \u0142\u0105cz\u0105c terapeutyczne korzy\u015bci CBD z zabaw\u0105 \u017celk\u00f3w, zapewniaj\u0105c wspania\u0142e doznania wellness.<\/p>\n<p><strong>Ostrze\u017cenie<\/strong><br \/>\nPrzechowywa\u0107 w miejscu niedost\u0119pnym dla dzieci. Produkt nieodpowiedni dla kobiet w ci\u0105\u017cy i dzieci. Nie stosowa\u0107 w przypadku wysokiego lub niskiego ci\u015bnienia krwi, chor\u00f3b serca lub p\u0142uc, cukrzycy, stosowania lek\u00f3w, narkotyk\u00f3w lub alkoholu.<\/p>","protected":false},"excerpt":{"rendered":"<p dir=\"auto\">CBD Gummy Bears Mixed Flavor, rozkoszne smako\u0142yki od Dr. Candy, zawieraj\u0105 5 mg CBD na \u017celk\u0119. Dzi\u0119ki r\u00f3\u017cnym owocowym smakom cukierki te oferuj\u0105 uspokajaj\u0105ce, przeciwzapalne korzy\u015bci bez THC, idealne do \u0142agodzenia stresu i codziennego dobrego samopoczucia.<\/p>","protected":false},"featured_media":73719,"template":"","meta":[],"product_brand":[],"product_cat":[605,297,611],"product_tag":[],"class_list":{"0":"post-73691","1":"product","2":"type-product","3":"status-publish","4":"has-post-thumbnail","6":"product_cat-dr-candy","7":"product_cat-all-products","8":"product_cat-edibles","10":"first","11":"instock","12":"taxable","13":"shipping-taxable","14":"purchasable","15":"product-type-variable","16":"has-default-attributes"},"_links":{"self":[{"href":"https:\/\/www.tatanka.nl\/pl\/wp-json\/wp\/v2\/product\/73691","targetHints":{"allow":["GET"]}}],"collection":[{"href":"https:\/\/www.tatanka.nl\/pl\/wp-json\/wp\/v2\/product"}],"about":[{"href":"https:\/\/www.tatanka.nl\/pl\/wp-json\/wp\/v2\/types\/product"}],"wp:featuredmedia":[{"embeddable":true,"href":"https:\/\/www.tatanka.nl\/pl\/wp-json\/wp\/v2\/media\/73719"}],"wp:attachment":[{"href":"https:\/\/www.tatanka.nl\/pl\/wp-json\/wp\/v2\/media?parent=73691"}],"wp:term":[{"taxonomy":"product_brand","embeddable":true,"href":"https:\/\/www.tatanka.nl\/pl\/wp-json\/wp\/v2\/product_brand?post=73691"},{"taxonomy":"product_cat","embeddable":true,"href":"https:\/\/www.tatanka.nl\/pl\/wp-json\/wp\/v2\/product_cat?post=73691"},{"taxonomy":"product_tag","embeddable":true,"href":"https:\/\/www.tatanka.nl\/pl\/wp-json\/wp\/v2\/product_tag?post=73691"}],"curies":[{"name":"wp","href":"https:\/\/api.w.org\/{rel}","templated":true}]}}