{"id":73693,"date":"2022-12-23T16:18:13","date_gmt":"2022-12-23T14:18:13","guid":{"rendered":"https:\/\/www.tatanka.nl\/?post_type=product&#038;p=73693"},"modified":"2025-12-08T09:48:42","modified_gmt":"2025-12-08T08:48:42","slug":"cbd-lollys-cola","status":"publish","type":"product","link":"https:\/\/www.tatanka.nl\/pl\/cbd-lollys-cola\/","title":{"rendered":"CBD Lolly's Cola"},"content":{"rendered":"<h2>Czym jest CBD Lollipop Cola?<\/h2>\n<p>CBD Lollipop Cola to rozkoszne, bezcukrowe lizaki od Dr. Candy, nas\u0105czone 10 mg kannabidiolu (CBD) pochodz\u0105cego z konopi. Ten smako\u0142yk oferuje orze\u017awiaj\u0105cy smak coli, zapewniaj\u0105c przyjemny spos\u00f3b na cieszenie si\u0119 uspokajaj\u0105cymi w\u0142a\u015bciwo\u015bciami CBD bez silnego smaku oleju CBD. W przeciwie\u0144stwie do THC, CBD Lollipop Cola nie wywo\u0142uje haju, ale mo\u017ce wzmocni\u0107 dzia\u0142anie THC w po\u0142\u0105czeniu ze \u015bladowymi ilo\u015bciami CBN, zwi\u0105zku o dzia\u0142aniu uspokajaj\u0105cym. Idealne dla os\u00f3b doros\u0142ych szukaj\u0105cych relaksu lub skupienia, lizaki te s\u0105 idealne do diety bezcukrowej, wykorzystuj\u0105c izomalt jako substancj\u0119 s\u0142odz\u0105c\u0105. Dost\u0119pny w smakach takich jak jab\u0142kowy i konopny, CBD Lollipop Cola zaspokaja r\u00f3\u017cnorodne preferencje. \u0141atwy do w\u0142\u0105czenia do codziennej rutyny, zapewnia koj\u0105ce efekty w ci\u0105gu 30-60 minut. Niezale\u017cnie od tego, czy jest stosowany samodzielnie, czy z produktami THC, CBD Lollipop Cola oferuje zr\u00f3wnowa\u017cone, przyjemne doznania. Zacznij od jednego lizaka dziennie, aby zbudowa\u0107 poziom CBD i cieszy\u0107 si\u0119 jego korzy\u015bciami zdrowotnymi w zabawnym, przeno\u015bnym formacie. Ten lizak \u0142\u0105czy w sobie smak i dzia\u0142anie, dzi\u0119ki czemu jest doskona\u0142ym wyborem dla os\u00f3b poszukuj\u0105cych naturalnej, smacznej suplementacji w celu z\u0142agodzenia stresu i zachowania r\u00f3wnowagi.<\/p>\n<h2>Jak stosowa\u0107 CBD Lollipop Cola<\/h2>\n<p>Stosowanie CBD Lollipop Cola to prosty i przyjemny spos\u00f3b na w\u0142\u0105czenie CBD do rutyny odnowy biologicznej. Zacznij od jednego lizaka dziennie przez pierwszy tydzie\u0144, aby zbudowa\u0107 poziom CBD w organizmie, pozwalaj\u0105c cia\u0142u ustali\u0107 punkt odniesienia dla jego uspokajaj\u0105cego dzia\u0142ania. Powoli delektuj si\u0119 lizakiem, pozwalaj\u0105c mu rozpu\u015bci\u0107 si\u0119 w ustach, aby zmaksymalizowa\u0107 wch\u0142anianie. Spodziewaj si\u0119 efekt\u00f3w takich jak relaksacja lub poprawa koncentracji w ci\u0105gu 30-60 minut, trwaj\u0105cych kilka godzin. Nie przekraczaj dw\u00f3ch lizak\u00f3w dziennie lub 100 mg CBD dziennie, aby zapewni\u0107 bezpiecze\u0144stwo. Spo\u017cywa\u0107 w komfortowych warunkach, na przyk\u0142ad podczas przerwy lub wieczornego relaksu, aby w pe\u0142ni doceni\u0107 jego koj\u0105ce w\u0142a\u015bciwo\u015bci. W przypadku \u0142\u0105czenia z produktami zawieraj\u0105cymi THC, nale\u017cy pami\u0119ta\u0107, \u017ce CBD Lollipop Cola mo\u017ce wzmocni\u0107 haj ze wzgl\u0119du na uspokajaj\u0105ce dzia\u0142anie CBN. Przechowuj lizaka w ch\u0142odnym, ciemnym miejscu, takim jak szafka kuchenna, aby zachowa\u0107 jego jako\u015b\u0107. Unikaj \u0142\u0105czenia z alkoholem, lekami lub innymi stymulantami, aby uzyska\u0107 \u0142agodne doznania. Ta prosta metoda sprawia, \u017ce CBD Lollipop Cola jest wspania\u0142ym dodatkiem do ka\u017cdej rutyny, oferuj\u0105c smaczny, bezcukrowy spos\u00f3b na utrzymanie r\u00f3wnowagi i relaksu przy minimalnym wysi\u0142ku.<\/p>\n<h2>Sk\u0142adniki CBD Lollipop Cola<\/h2>\n<p>CBD Lollipop Cola zawiera trzy kluczowe sk\u0142adniki: 10 mg CBD, izomalt (E953) i naturalny barwnik. CBD, ekstrahowane z konopi, zapewnia uspokajaj\u0105ce, niepsychoaktywne w\u0142a\u015bciwo\u015bci, kt\u00f3re wspomagaj\u0105 relaks i koncentracj\u0119. \u015aladowe ilo\u015bci CBN, zwi\u0105zku uspokajaj\u0105cego, wzmacniaj\u0105 efekty w po\u0142\u0105czeniu z THC, dodaj\u0105c g\u0142\u0119bi doznaniom. Izomalt, bezcukrowa substancja s\u0142odz\u0105ca, zapewnia orze\u017awiaj\u0105cy smak coli, dzi\u0119ki czemu CBD Lollipop Cola jest odpowiednia dla os\u00f3b na diecie bezcukrowej, zapewniaj\u0105c jednocze\u015bnie smako\u0142yk bez poczucia winy. Naturalny barwnik dodaje atrakcyjno\u015bci wizualnej bez sztucznych dodatk\u00f3w, zachowuj\u0105c czysto\u015b\u0107 produktu. Wolny od syntetycznych konserwant\u00f3w, ten lizak oferuje czysty, ro\u015blinny suplement, kt\u00f3ry jest zgodny z naturalnymi zasadami dobrego samopoczucia. Ka\u017cdy sk\u0142adnik jest starannie pozyskiwany, aby zapewni\u0107 jako\u015b\u0107 i sp\u00f3jno\u015b\u0107, zapewniaj\u0105c niezawodne, przyjemne doznania. Przechowywa\u0107 w ch\u0142odnym, ciemnym miejscu, aby zachowa\u0107 moc. Ta minimalistyczna formu\u0142a wyr\u00f3\u017cnia CBD Lollipop Cola jako wyj\u0105tkowy wyb\u00f3r dla doros\u0142ych poszukuj\u0105cych aromatycznego, naturalnego sposobu na w\u0142\u0105czenie korzy\u015bci CBD do swojego \u017cycia. Po\u0142\u0105czenie CBD, izomaltu i naturalnego barwnika tworzy pyszny, skuteczny przysmak, kt\u00f3ry wspiera dobre samopoczucie i relaks, sprawiaj\u0105c, \u017ce ka\u017cde li\u017ani\u0119cie jest krokiem w kierunku r\u00f3wnowagi.<\/p>\n<p><strong>Ostrze\u017cenie<\/strong><br \/>\nPrzechowywa\u0107 w miejscu niedost\u0119pnym dla dzieci. Produkt nieodpowiedni dla kobiet w ci\u0105\u017cy i dzieci. Nie stosowa\u0107 w przypadku wysokiego lub niskiego ci\u015bnienia krwi, chor\u00f3b serca lub p\u0142uc, cukrzycy, stosowania lek\u00f3w, narkotyk\u00f3w lub alkoholu.<\/p>","protected":false},"excerpt":{"rendered":"<p dir=\"auto\">CBD Lollipop Cola, bezcukrowy przysmak od Dr. Candy, dostarcza 10 mg CBD o orze\u017awiaj\u0105cym smaku coli. Ten lizak o w\u0142a\u015bciwo\u015bciach uspokajaj\u0105cych poprawia samopoczucie i uzupe\u0142nia efekty THC, oferuj\u0105c smaczne, naturalne doznania.<\/p>","protected":false},"featured_media":73721,"template":"","meta":[],"product_brand":[],"product_cat":[605,297,611],"product_tag":[],"class_list":{"0":"post-73693","1":"product","2":"type-product","3":"status-publish","4":"has-post-thumbnail","6":"product_cat-dr-candy","7":"product_cat-all-products","8":"product_cat-edibles","10":"first","11":"instock","12":"taxable","13":"shipping-taxable","14":"purchasable","15":"product-type-variable","16":"has-default-attributes"},"_links":{"self":[{"href":"https:\/\/www.tatanka.nl\/pl\/wp-json\/wp\/v2\/product\/73693","targetHints":{"allow":["GET"]}}],"collection":[{"href":"https:\/\/www.tatanka.nl\/pl\/wp-json\/wp\/v2\/product"}],"about":[{"href":"https:\/\/www.tatanka.nl\/pl\/wp-json\/wp\/v2\/types\/product"}],"wp:featuredmedia":[{"embeddable":true,"href":"https:\/\/www.tatanka.nl\/pl\/wp-json\/wp\/v2\/media\/73721"}],"wp:attachment":[{"href":"https:\/\/www.tatanka.nl\/pl\/wp-json\/wp\/v2\/media?parent=73693"}],"wp:term":[{"taxonomy":"product_brand","embeddable":true,"href":"https:\/\/www.tatanka.nl\/pl\/wp-json\/wp\/v2\/product_brand?post=73693"},{"taxonomy":"product_cat","embeddable":true,"href":"https:\/\/www.tatanka.nl\/pl\/wp-json\/wp\/v2\/product_cat?post=73693"},{"taxonomy":"product_tag","embeddable":true,"href":"https:\/\/www.tatanka.nl\/pl\/wp-json\/wp\/v2\/product_tag?post=73693"}],"curies":[{"name":"wp","href":"https:\/\/api.w.org\/{rel}","templated":true}]}}