{"id":73694,"date":"2022-12-23T16:18:14","date_gmt":"2022-12-23T14:18:14","guid":{"rendered":"https:\/\/www.tatanka.nl\/?post_type=product&#038;p=73694"},"modified":"2025-07-08T09:52:30","modified_gmt":"2025-07-08T08:52:30","slug":"cbd-lollys-cannabis","status":"publish","type":"product","link":"https:\/\/www.tatanka.nl\/pl\/cbd-lollys-cannabis\/","title":{"rendered":"CBD Lolly's Cannabis"},"content":{"rendered":"<h2>Czym jest CBD Lollipop Cannabis?<\/h2>\n<p>CBD Lollipop Cannabis to pyszny, bezcukrowy lizak od Dr. Candy, nasycony 10 mg kannabidiolu (CBD) pochodz\u0105cego z konopi. Zaprojektowany, aby zaoferowa\u0107 przyjemny spos\u00f3b na cieszenie si\u0119 uspokajaj\u0105cymi w\u0142a\u015bciwo\u015bciami CBD, ten lizak \u0142\u0105czy bogaty smak konopi z naturalnymi korzy\u015bciami zdrowotnymi. W przeciwie\u0144stwie do THC, CBD Lollipop Cannabis nie wytwarza haju, ale mo\u017ce wzmocni\u0107 dzia\u0142anie THC w po\u0142\u0105czeniu z dodatkowymi zwi\u0105zkami, takimi jak CBN, kt\u00f3ry sprzyja relaksacji. Idealny dla os\u00f3b poszukuj\u0105cych alternatywy dla mocnego smaku oleju CBD, ten lizak zapewnia wygodny i przyjemny spos\u00f3b na w\u0142\u0105czenie CBD do codziennych czynno\u015bci. Idealny dla os\u00f3b doros\u0142ych na diecie bezcukrowej, wykorzystuje izomalt jako substancj\u0119 s\u0142odz\u0105c\u0105, zapewniaj\u0105c smako\u0142yk bez poczucia winy. Niezale\u017cnie od tego, czy jest u\u017cywany do relaksu, skupienia, czy jako uzupe\u0142nienie innych produkt\u00f3w konopnych, CBD Lollipop Cannabis oferuje zr\u00f3wnowa\u017cone, aromatyczne doznania. Dost\u0119pny w r\u00f3\u017cnych smakach, takich jak cola i ananas, zaspokaja r\u00f3\u017cnorodne gusta. Zacznij od jednego lizaka dziennie, aby zbudowa\u0107 poziom CBD w organizmie i cieszy\u0107 si\u0119 jego koj\u0105cym dzia\u0142aniem w zabawnym, przyst\u0119pnym formacie, kt\u00f3ry podnosi poziom dobrego samopoczucia.<\/p>\n<h2>Jak stosowa\u0107 CBD Lollipop Cannabis<\/h2>\n<p>Stosowanie CBD Lollipop Cannabis to prosty i przyjemny spos\u00f3b na w\u0142\u0105czenie CBD do codziennej rutyny. Zacznij od jednego lizaka dziennie, najlepiej w pierwszym tygodniu, aby pozwoli\u0107 poziomowi CBD zbudowa\u0107 si\u0119 w twoim systemie. Spo\u017cywaj lizaka powoli, pozwalaj\u0105c mu rozpu\u015bci\u0107 si\u0119 w ustach, aby zmaksymalizowa\u0107 wch\u0142anianie. Aby uzyska\u0107 najlepsze rezultaty, unikaj przekraczania dw\u00f3ch lizak\u00f3w dziennie i nie przekraczaj 100 mg CBD dziennie, aby zapewni\u0107 bezpiecze\u0144stwo. Efekty lizaka, takie jak relaksacja i \u0142agodne wzmocnienie koncentracji, zwykle pojawiaj\u0105 si\u0119 w ci\u0105gu 30-60 minut i mog\u0105 trwa\u0107 kilka godzin. Aby w pe\u0142ni doceni\u0107 jego uspokajaj\u0105ce w\u0142a\u015bciwo\u015bci, nale\u017cy stosowa\u0107 go w komfortowych warunkach, np. podczas przerwy lub wieczornego relaksu. W przypadku \u0142\u0105czenia z produktami zawieraj\u0105cymi THC, nale\u017cy pami\u0119ta\u0107, \u017ce CBD Lollipop Cannabis mo\u017ce wzmocni\u0107 haj ze wzgl\u0119du na uspokajaj\u0105ce dzia\u0142anie CBN. Przechowuj lizaki w ch\u0142odnym, ciemnym miejscu, takim jak szafka kuchenna, aby zachowa\u0107 ich jako\u015b\u0107. Ta prosta metoda sprawia, \u017ce CBD Lollipop Cannabis jest wspania\u0142ym dodatkiem do rutynowych zabieg\u00f3w odnowy biologicznej, oferuj\u0105c smaczny, bezcukrowy spos\u00f3b na utrzymanie r\u00f3wnowagi i relaksu, unikaj\u0105c jednocze\u015bnie silnego smaku olejk\u00f3w CBD, idealnych do codziennego u\u017cytku.<\/p>\n<h2>Sk\u0142adniki CBD Lollipop Cannabis<\/h2>\n<p>CBD Lollipop Cannabis sk\u0142ada si\u0119 z trzech kluczowych sk\u0142adnik\u00f3w: CBD, izomaltu (E953) i naturalnego barwnika. 10 mg CBD, ekstrahowanego z konopi, zapewnia uspokajaj\u0105ce, niepsychoaktywne w\u0142a\u015bciwo\u015bci, kt\u00f3re wspomagaj\u0105 relaks i koncentracj\u0119. Zawiera r\u00f3wnie\u017c \u015bladowe ilo\u015bci CBN, zwi\u0105zku uspokajaj\u0105cego, kt\u00f3ry wzmacnia dzia\u0142anie w po\u0142\u0105czeniu z THC. Izomalt, bezcukrowy s\u0142odzik, zapewnia przyjemny smak, dzi\u0119ki czemu CBD Lollipop Cannabis jest odpowiedni dla os\u00f3b na diecie bezcukrowej, zapewniaj\u0105c jednocze\u015bnie smako\u0142yk bez poczucia winy. Naturalny barwnik dodaje \u017cywego wygl\u0105du bez sztucznych dodatk\u00f3w, zachowuj\u0105c czysto\u015b\u0107 produktu. Wolny od syntetycznych konserwant\u00f3w, ten lizak oferuje czysty, ro\u015blinny suplement, kt\u00f3ry jest zgodny z naturalnymi zasadami dobrego samopoczucia. Ka\u017cdy sk\u0142adnik jest starannie dobrany, aby zapewni\u0107 jako\u015b\u0107 i sp\u00f3jno\u015b\u0107, zapewniaj\u0105c niezawodne, przyjemne doznania. Po\u0142\u0105czenie to tworzy aromatyczny, skuteczny produkt, kt\u00f3ry wyr\u00f3\u017cnia si\u0119 prostot\u0105 i prozdrowotnym designem. Przechowywa\u0107 w ch\u0142odnym, ciemnym miejscu, aby zachowa\u0107 jego moc. Ta minimalistyczna formu\u0142a sprawia, \u017ce CBD Lollipop Cannabis jest wyj\u0105tkowym wyborem dla doros\u0142ych poszukuj\u0105cych smacznego, naturalnego sposobu na w\u0142\u0105czenie korzy\u015bci CBD do swojego \u017cycia, oferuj\u0105c relaks i dobre samopoczucie w ka\u017cdym li\u017ani\u0119ciu.<\/p>\n<p><strong>Ostrze\u017cenie<\/strong><br \/>\nPrzechowywa\u0107 w miejscu niedost\u0119pnym dla dzieci. Produkt nieodpowiedni dla kobiet w ci\u0105\u017cy i dzieci. Nie stosowa\u0107 w przypadku wysokiego lub niskiego ci\u015bnienia krwi, chor\u00f3b serca lub p\u0142uc, cukrzycy, stosowania lek\u00f3w, narkotyk\u00f3w lub alkoholu. Przechowywa\u0107 w ch\u0142odnym, ciemnym miejscu.<\/p>","protected":false},"excerpt":{"rendered":"<p dir=\"auto\">CBD Lollipop Cannabis, bezcukrowy przysmak od Dr. Candy, dostarcza 10 mg CBD o zachwycaj\u0105cym smaku konopi. Ten lizak o w\u0142a\u015bciwo\u015bciach uspokajaj\u0105cych poprawia samopoczucie i uzupe\u0142nia dzia\u0142anie THC, zapewniaj\u0105c smaczne, naturalne doznania.<\/p>","protected":false},"featured_media":73722,"template":"","meta":[],"product_brand":[],"product_cat":[605,297,611],"product_tag":[],"class_list":{"0":"post-73694","1":"product","2":"type-product","3":"status-publish","4":"has-post-thumbnail","6":"product_cat-dr-candy","7":"product_cat-all-products","8":"product_cat-edibles","10":"first","11":"instock","12":"taxable","13":"shipping-taxable","14":"purchasable","15":"product-type-variable","16":"has-default-attributes"},"_links":{"self":[{"href":"https:\/\/www.tatanka.nl\/pl\/wp-json\/wp\/v2\/product\/73694","targetHints":{"allow":["GET"]}}],"collection":[{"href":"https:\/\/www.tatanka.nl\/pl\/wp-json\/wp\/v2\/product"}],"about":[{"href":"https:\/\/www.tatanka.nl\/pl\/wp-json\/wp\/v2\/types\/product"}],"wp:featuredmedia":[{"embeddable":true,"href":"https:\/\/www.tatanka.nl\/pl\/wp-json\/wp\/v2\/media\/73722"}],"wp:attachment":[{"href":"https:\/\/www.tatanka.nl\/pl\/wp-json\/wp\/v2\/media?parent=73694"}],"wp:term":[{"taxonomy":"product_brand","embeddable":true,"href":"https:\/\/www.tatanka.nl\/pl\/wp-json\/wp\/v2\/product_brand?post=73694"},{"taxonomy":"product_cat","embeddable":true,"href":"https:\/\/www.tatanka.nl\/pl\/wp-json\/wp\/v2\/product_cat?post=73694"},{"taxonomy":"product_tag","embeddable":true,"href":"https:\/\/www.tatanka.nl\/pl\/wp-json\/wp\/v2\/product_tag?post=73694"}],"curies":[{"name":"wp","href":"https:\/\/api.w.org\/{rel}","templated":true}]}}