{"id":8344,"date":"2017-12-29T15:18:23","date_gmt":"2017-12-29T15:18:23","guid":{"rendered":"http:\/\/www.tatanka.nl\/?post_type=product&#038;p=8344"},"modified":"2025-05-20T11:02:02","modified_gmt":"2025-05-20T10:02:02","slug":"absinthe-10x-extract","status":"publish","type":"product","link":"https:\/\/www.tatanka.nl\/pl\/absinthe-10x-extract\/","title":{"rendered":"Absinthe \u2013 10x Extract"},"content":{"rendered":"<h2 data-start=\"385\" data-end=\"427\">Czym s\u0105 Artemisia Absinthium Extracts?<\/h2>\n<p data-start=\"429\" data-end=\"946\">Ekstrakt z Artemisia Absinthium pozyskiwany jest z p\u0105k\u00f3w ro\u015bliny Artemisia Absinthium, powszechnie nazywanej pio\u0142unem. Ta rzadka ro\u015blina zyska\u0142a s\u0142aw\u0119 przede wszystkim ze wzgl\u0119du na jej zastosowanie w produkcji Absyntu, mocnego napoju alkoholowego, kt\u00f3ry by\u0142 popularny w\u015br\u00f3d artyst\u00f3w i tw\u00f3rc\u00f3w ze wzgl\u0119du na jego rzekom\u0105 zdolno\u015b\u0107 do wspomagania relaksu i pobudzania kreatywno\u015bci. Gorzka natura ro\u015bliny i jej w\u0142a\u015bciwo\u015bci lecznicze si\u0119gaj\u0105 wiek\u00f3w wstecz, a jej pierwotne zastosowanie koncentrowa\u0142o si\u0119 na wspomaganiu trawienia i leczeniu problem\u00f3w \u017co\u0142\u0105dkowych.<\/p>\n<p data-start=\"948\" data-end=\"1534\">Sam ekstrakt jest skoncentrowan\u0105 form\u0105 ro\u015bliny, dzi\u0119ki czemu jest znacznie silniejszy ni\u017c tradycyjne suszone zio\u0142a. Jego wszechstronno\u015b\u0107 pozwala na r\u00f3\u017cne zastosowania, w tym parzenie w uspokajaj\u0105cych herbatach lub dodawanie do napoj\u00f3w alkoholowych. W zale\u017cno\u015bci od stanu fizycznego i psychicznego u\u017cytkownika, efekty mog\u0105 si\u0119 znacznie r\u00f3\u017cni\u0107, przyczyniaj\u0105c si\u0119 do jego reputacji zar\u00f3wno jako zio\u0142a leczniczego, jak i rekreacyjnego. Chocia\u017c ekstrakt mo\u017ce wywo\u0142ywa\u0107 uczucie spokoju, ma r\u00f3wnie\u017c potencja\u0142 do wywo\u0142ywania bardziej intensywnych efekt\u00f3w w po\u0142\u0105czeniu z alkoholem, chocia\u017c do\u015bwiadczenia te mog\u0105 si\u0119 znacznie r\u00f3\u017cni\u0107 w zale\u017cno\u015bci od osoby.<\/p>\n<h2 data-start=\"1541\" data-end=\"1583\">Historia wyci\u0105gu z Artemisia Absinthium<\/h2>\n<p data-start=\"1585\" data-end=\"2002\">Historia Artemisia Absinthium si\u0119ga czas\u00f3w staro\u017cytnych, gdzie jej w\u0142a\u015bciwo\u015bci lecznicze by\u0142y dobrze znane w r\u00f3\u017cnych kulturach. Ro\u015blina ta by\u0142a stosowana jako lekarstwo na problemy trawienne i by\u0142a powszechnym sk\u0142adnikiem wczesnych terapii medycznych. Jej zastosowania lecznicze by\u0142y bardzo powa\u017cnie traktowane przez uzdrowicieli i lekarzy w XVIII i XIX wieku, a pio\u0142un by\u0142 kluczow\u0105 cz\u0119\u015bci\u0105 arsena\u0142u aptekarskiego.<\/p>\n<p data-start=\"2004\" data-end=\"2532\">Rozg\u0142os Artemisia Absinthium wzr\u00f3s\u0142 w XIX wieku, szczeg\u00f3lnie ze wzgl\u0119du na jego zastosowanie w Absynt. Ten wysokoprocentowy nap\u00f3j alkoholowy sta\u0142 si\u0119 szczeg\u00f3lnie popularny we Francji, gdzie znany by\u0142 jako \"Zielona Wr\u00f3\u017cka\". Wielu artyst\u00f3w, w tym Van Gogha, przyci\u0105gn\u0119\u0142y uspokajaj\u0105ce i tw\u00f3rcze efekty przypisywane Absyntowi, wykorzystuj\u0105c go jako muz\u0119 do swoich prac. Jednak w\u0142a\u015bciwo\u015bci psychoaktywne ro\u015bliny doprowadzi\u0142y do jej zakazania w kilku krajach na pocz\u0105tku XX wieku, poniewa\u017c obawiano si\u0119, \u017ce mo\u017ce powodowa\u0107 halucynacje i uzale\u017cnienie.<\/p>\n<p data-start=\"2534\" data-end=\"2819\">Pomimo zakazu, Artemisia Absinthium pozosta\u0142a przedmiotem zainteresowania zar\u00f3wno specjalist\u00f3w medycznych, jak i entuzjast\u00f3w. Dzi\u015b ekstrakt jest ponownie dost\u0119pny w r\u00f3\u017cnych formach, w tym jako skoncentrowany produkt, i jest stosowany zar\u00f3wno ze wzgl\u0119du na swoje dzia\u0142anie relaksuj\u0105ce, jak i jako ciekawostka historyczna.<\/p>\n<h2 data-start=\"2826\" data-end=\"2868\">Jak stosowa\u0107 wyci\u0105g z Artemisia Absinthium?<\/h2>\n<p data-start=\"2870\" data-end=\"3364\">Ekstrakt z Artemisia Absinthium jest siln\u0105 form\u0105 ro\u015bliny, co sprawia, \u017ce wa\u017cne jest, aby zrozumie\u0107, jak prawid\u0142owo go u\u017cywa\u0107, aby cieszy\u0107 si\u0119 jego korzy\u015bciami. Jednym z popularnych sposob\u00f3w stosowania ekstraktu jest zaparzanie go w herbacie. Wystarczy rozpu\u015bci\u0107 niewielk\u0105 ilo\u015b\u0107 ekstraktu w gor\u0105cej wodzie, aby uzyska\u0107 uspokajaj\u0105cy nap\u00f3j, kt\u00f3ry mo\u017ce pom\u00f3c uspokoi\u0107 \u017co\u0142\u0105dek i z\u0142agodzi\u0107 dyskomfort trawienny. Wa\u017cne jest, aby pami\u0119ta\u0107, \u017ce ekstrakt jest wysoce skoncentrowany, wi\u0119c na jedn\u0105 porcj\u0119 wystarczy tylko kilka kropli lub niewielka porcja.<\/p>\n<p data-start=\"3366\" data-end=\"3778\">Opr\u00f3cz zastosowania jako herbata, ekstrakt z Artemisia Absinthium mo\u017ce by\u0107 r\u00f3wnie\u017c dodawany do alkoholu w celu stworzenia unikalnego i silnego napoju. W po\u0142\u0105czeniu z napojami takimi jak w\u00f3dka lub absynt, mo\u017ce on wzmocni\u0107 smak napoju i potencjalnie zapewni\u0107 inny rodzaj dozna\u0144 w zale\u017cno\u015bci od stanu umys\u0142u u\u017cytkownika. U\u017cytkownicy powinni jednak zachowa\u0107 ostro\u017cno\u015b\u0107 podczas mieszania ekstraktu z alkoholem, poniewa\u017c efekty mog\u0105 si\u0119 znacznie r\u00f3\u017cni\u0107.<\/p>\n<p data-start=\"3780\" data-end=\"3925\">Przed zastosowaniem ekstraktu z Artemisia Absinthium zaleca si\u0119 zrozumienie tolerancji organizmu i rozpocz\u0119cie od niewielkich ilo\u015bci, aby oceni\u0107 jego wp\u0142yw.<\/p>\n<h2 data-start=\"3932\" data-end=\"3978\">Sk\u0142adniki wyci\u0105gu z Artemisia Absinthium<\/h2>\n<p data-start=\"3980\" data-end=\"4415\">G\u0142\u00f3wnym sk\u0142adnikiem Artemisia Absinthium Extract jest oczywi\u015bcie sama Artemisia Absinthium. Ro\u015blina ta, cz\u0119sto nazywana pio\u0142unem, zawiera wiele zwi\u0105zk\u00f3w, kt\u00f3re przyczyniaj\u0105 si\u0119 do jej w\u0142a\u015bciwo\u015bci leczniczych. W\u015br\u00f3d najbardziej godnych uwagi jest tujon, zwi\u0105zek chemiczny, kt\u00f3ry uwa\u017ca si\u0119 za odpowiedzialny za niekt\u00f3re efekty psychoaktywne przypisywane ro\u015blinie, zw\u0142aszcza gdy jest spo\u017cywany w du\u017cych ilo\u015bciach lub zmieszany z alkoholem.<\/p>\n<p data-start=\"4417\" data-end=\"4816\">Ekstrakt zawiera r\u00f3wnie\u017c olejki eteryczne, kt\u00f3re maj\u0105 w\u0142a\u015bciwo\u015bci uspokajaj\u0105ce i wspomagaj\u0105ce trawienie. Olejki te s\u0105 zazwyczaj ekstrahowane z p\u0105k\u00f3w lub li\u015bci ro\u015bliny, kt\u00f3re s\u0105 bogate w korzystne zwi\u0105zki. Wykazano, \u017ce Artemisia Absinthium ma w\u0142a\u015bciwo\u015bci przeciwbakteryjne, przeciwgrzybicze i przeciwzapalne, dzi\u0119ki czemu jest przydatna nie tylko w przypadku problem\u00f3w trawiennych, ale tak\u017ce jako lekarstwo na inne dolegliwo\u015bci.<\/p>\n<p data-start=\"4818\" data-end=\"5117\">Chocia\u017c ekstrakt jest silny, jego sk\u0142ad jest naturalny, a przy odpowiedzialnym stosowaniu ekstrakt z Artemisia Absinthium mo\u017ce oferowa\u0107 szereg korzy\u015bci. Nale\u017cy jednak pami\u0119ta\u0107, \u017ce efekty mog\u0105 si\u0119 r\u00f3\u017cni\u0107 w zale\u017cno\u015bci od stanu fizycznego i psychicznego danej osoby, a dawkowanie zawsze powinno by\u0107 brane pod uwag\u0119.<\/p>\n<p data-start=\"5124\" data-end=\"5136\"><strong data-start=\"5124\" data-end=\"5136\">Ostrze\u017cenie:<\/strong><\/p>\n<p data-start=\"5138\" data-end=\"5680\" data-is-last-node=\"\">Chocia\u017c ekstrakt z Artemisia Absinthium mo\u017ce oferowa\u0107 korzy\u015bci, takie jak relaksacja i ulga w trawieniu, nale\u017cy go stosowa\u0107 ostro\u017cnie, zw\u0142aszcza w po\u0142\u0105czeniu z alkoholem. Jego silny charakter oznacza, \u017ce jego dzia\u0142anie mo\u017ce r\u00f3\u017cni\u0107 si\u0119 w zale\u017cno\u015bci od osoby, a w du\u017cych ilo\u015bciach mo\u017ce powodowa\u0107 dzia\u0142ania niepo\u017c\u0105dane. Przed zastosowaniem wyci\u0105gu z Artemisia Absinthium nale\u017cy zawsze skonsultowa\u0107 si\u0119 z lekarzem, zw\u0142aszcza je\u015bli jeste\u015b w ci\u0105\u017cy, karmisz piersi\u0105 lub cierpisz na jakiekolwiek istniej\u0105ce wcze\u015bniej schorzenia. Stosuj z umiarem i b\u0105d\u017a \u015bwiadomy reakcji swojego organizmu na ekstrakt.<\/p>","protected":false},"excerpt":{"rendered":"<p>Artemisia Absinthium Extract to silnie dzia\u0142aj\u0105cy koncentrat z rzadkiej ro\u015bliny Artemisia Absinthium, powszechnie znanej z zastosowania w kultowym napoju alkoholowym Absynt. Znany ze swojego gorzkiego smaku i historycznego zastosowania leczniczego, ekstrakt ten jest cz\u0119sto stosowany w celu promowania relaksu i uwa\u017ca si\u0119, \u017ce ma r\u00f3\u017cne efekty, gdy jest spo\u017cywany w po\u0142\u0105czeniu z alkoholem.<\/p>","protected":false},"featured_media":126165,"template":"","meta":[],"product_brand":[],"product_cat":[600,297,512,477,513,290,476],"product_tag":[],"class_list":{"0":"post-8344","1":"product","2":"type-product","3":"status-publish","4":"has-post-thumbnail","6":"product_cat-mcmystic","7":"product_cat-all-products","8":"product_cat-extracts","9":"product_cat-herbs","10":"product_cat-party","11":"product_cat-psychedelic-herbs","12":"product_cat-smartshop","14":"first","15":"instock","16":"taxable","17":"shipping-taxable","18":"purchasable","19":"product-type-variable"},"_links":{"self":[{"href":"https:\/\/www.tatanka.nl\/pl\/wp-json\/wp\/v2\/product\/8344","targetHints":{"allow":["GET"]}}],"collection":[{"href":"https:\/\/www.tatanka.nl\/pl\/wp-json\/wp\/v2\/product"}],"about":[{"href":"https:\/\/www.tatanka.nl\/pl\/wp-json\/wp\/v2\/types\/product"}],"wp:featuredmedia":[{"embeddable":true,"href":"https:\/\/www.tatanka.nl\/pl\/wp-json\/wp\/v2\/media\/126165"}],"wp:attachment":[{"href":"https:\/\/www.tatanka.nl\/pl\/wp-json\/wp\/v2\/media?parent=8344"}],"wp:term":[{"taxonomy":"product_brand","embeddable":true,"href":"https:\/\/www.tatanka.nl\/pl\/wp-json\/wp\/v2\/product_brand?post=8344"},{"taxonomy":"product_cat","embeddable":true,"href":"https:\/\/www.tatanka.nl\/pl\/wp-json\/wp\/v2\/product_cat?post=8344"},{"taxonomy":"product_tag","embeddable":true,"href":"https:\/\/www.tatanka.nl\/pl\/wp-json\/wp\/v2\/product_tag?post=8344"}],"curies":[{"name":"wp","href":"https:\/\/api.w.org\/{rel}","templated":true}]}}