{"id":8349,"date":"2017-12-29T15:44:12","date_gmt":"2017-12-29T15:44:12","guid":{"rendered":"http:\/\/www.tatanka.nl\/?post_type=product&#038;p=8349"},"modified":"2025-05-20T11:01:24","modified_gmt":"2025-05-20T10:01:24","slug":"absinthe-60-capsules","status":"publish","type":"product","link":"https:\/\/www.tatanka.nl\/pl\/absinthe-60-capsules\/","title":{"rendered":"Absinth Capsules"},"content":{"rendered":"<h2>Czym jest Absinth?<\/h2>\n<p>Absynt, pozyskiwany z ro\u015bliny Artemisia Absinthium, to zio\u0142o o bogatym znaczeniu historycznym i wielu zastosowaniach. Znane ze swojego charakterystycznego gorzkiego smaku, zio\u0142o to jest przede wszystkim rozpoznawane jako sk\u0142adnik s\u0142ynnego napoju alkoholowego, Absyntu. Jednak jego zastosowania wykraczaj\u0105 daleko poza ten os\u0142awiony nap\u00f3j. Ro\u015blina, kt\u00f3ra mo\u017ce dorasta\u0107 do 120 cm wysoko\u015bci, ma szare li\u015bcie i \u017c\u00f3\u0142te kwiaty w okresie kwitnienia. W przesz\u0142o\u015bci przypisywano jej r\u00f3\u017cne korzy\u015bci zdrowotne, takie jak poprawa trawienia, pobudzanie apetytu i promowanie relaksu. Absynt by\u0142 czczony w r\u00f3\u017cnych kulturach ze wzgl\u0119du na swoje w\u0142a\u015bciwo\u015bci lecznicze, szczeg\u00f3lnie w przypadku problem\u00f3w trawiennych. Znany jest r\u00f3wnie\u017c ze swoich kreatywnych i zmieniaj\u0105cych umys\u0142 efekt\u00f3w, dlatego sta\u0142 si\u0119 popularny w\u015br\u00f3d artyst\u00f3w, takich jak Vincent van Gogh. Obecnie jest on doceniany ze wzgl\u0119du na swoje holistyczne korzy\u015bci i ponownie zyskuje popularno\u015b\u0107 jako naturalny suplement.<\/p>\n<h2>Historia Absyntu<\/h2>\n<p>Historia Absyntu si\u0119ga staro\u017cytnych cywilizacji. Grecy i Rzymianie wierzyli, \u017ce Artemisia Absinthium mo\u017ce poprawi\u0107 zdrowie i witalno\u015b\u0107. Stosowano go jako \u015brodek zapobiegaj\u0105cy b\u00f3lom st\u00f3p i infekcjom, a podr\u00f3\u017cni cz\u0119sto umieszczali go w butach podczas d\u0142ugich podr\u00f3\u017cy. Uwa\u017cano, \u017ce zio\u0142o to ma w\u0142a\u015bciwo\u015bci lecznicze, kt\u00f3re pomagaj\u0105 utrzyma\u0107 og\u00f3lne dobre samopoczucie. W bardziej wsp\u00f3\u0142czesnych czasach powi\u0105zanie Absyntu z nies\u0142awnym napojem alkoholowym ugruntowa\u0142o jego miejsce w popkulturze, zw\u0142aszcza w XIX wieku. Znani arty\u015bci, w tym Pablo Picasso i Van Gogh, spo\u017cywali Absynt ze wzgl\u0119du na jego rzekome w\u0142a\u015bciwo\u015bci stymuluj\u0105ce i halucynogenne. Przez pewien czas Absynt by\u0142 zakazany ze wzgl\u0119du na obawy dotycz\u0105ce jego rzekomej toksyczno\u015bci, w szczeg\u00f3lno\u015bci ze wzgl\u0119du na obecno\u015b\u0107 tujonu, zwi\u0105zku chemicznego. Zakaz zosta\u0142 jednak p\u00f3\u017aniej zniesiony, a ro\u015blina jest obecnie uwa\u017cana za bardziej korzystn\u0105 dla zdrowia ni\u017c jej negatywna reputacja. D\u0142uga historia tego zio\u0142a odzwierciedla jego wielowymiarowe zastosowania i fascynacj\u0119, jak\u0105 nadal wzbudza.<\/p>\n<h2>Jak stosowa\u0107 Absinth<\/h2>\n<p>Stosowanie Absyntu jest proste, ale wymaga ostro\u017cno\u015bci. Zazwyczaj zio\u0142a Absinth s\u0105 spo\u017cywane w ma\u0142ych dawkach, z zalecan\u0105 dawk\u0105 jednego grama dziennie. Zio\u0142o o gorzkim smaku mo\u017ce by\u0107 parzone jako herbata lub spo\u017cywane w innych formach, takich jak kapsu\u0142ki lub nalewki. Zaleca si\u0119 oszcz\u0119dne stosowanie Absyntu, poniewa\u017c jego dzia\u0142anie mo\u017ce si\u0119 r\u00f3\u017cni\u0107 w zale\u017cno\u015bci od osoby. Po spo\u017cyciu Absinth pomaga stymulowa\u0107 trawienie, pobudza apetyt i zapewnia uspokajaj\u0105ce, relaksuj\u0105ce uczucie. Ze wzgl\u0119du na mo\u017cliwo\u015b\u0107 wywo\u0142ywania efekt\u00f3w halucynacyjnych, nale\u017cy unika\u0107 stosowania Absyntu z alkoholem lub innymi substancjami zmieniaj\u0105cymi umys\u0142, chyba \u017ce jest si\u0119 zaznajomionym z jego dzia\u0142aniem. Dla relaksu lub zwi\u0119kszenia kreatywno\u015bci, Absinth mo\u017ce by\u0107 przyjmowany pod koniec d\u0142ugiego dnia lub w chwilach stresu. Wa\u017cne jest jednak, aby unika\u0107 regularnego stosowania i powstrzymywa\u0107 si\u0119 od czynno\u015bci takich jak prowadzenie pojazdu pod wp\u0142ywem Absinth. Zawsze nale\u017cy przestrzega\u0107 zalecanej dawki i zwraca\u0107 uwag\u0119 na to, jak reaguje na ni\u0105 organizm.<\/p>\n<h2>Sk\u0142adniki Absyntu<\/h2>\n<p>Podstawowym sk\u0142adnikiem Indian Elements' Absinth jest Artemisia Absinthium, powszechnie znana jako Alsemkruid lub Absynt. Ro\u015blina ta jest stosowana od wiek\u00f3w ze wzgl\u0119du na swoje w\u0142a\u015bciwo\u015bci lecznicze. Zawiera szereg zwi\u0105zk\u00f3w, w tym gorzkie substancje, kt\u00f3re stymuluj\u0105 uk\u0142ad trawienny, pobudzaj\u0105 apetyt i wspieraj\u0105 og\u00f3lne zdrowie przewodu pokarmowego. Ponadto Absynt zawiera tujon, zwi\u0105zek, kt\u00f3ry kiedy\u015b uwa\u017cano za toksyczny, ale obecnie uwa\u017ca si\u0119, \u017ce odgrywa rol\u0119 w psychoaktywnym dzia\u0142aniu zio\u0142a. Chocia\u017c zio\u0142o to jest najbardziej znane ze swojego zwi\u0105zku z alkoholem Absynt, jego samodzielne korzy\u015bci zdrowotne s\u0105 powszechnie uznawane. Gorzkie zwi\u0105zki zawarte w Absyncie s\u0105 odpowiedzialne za jego uspokajaj\u0105ce i relaksuj\u0105ce dzia\u0142anie i by\u0142y stosowane w historii w leczeniu problem\u00f3w trawiennych, niepokoju i stresu. Indian Elements' Absinth jest starannie pozyskiwany i pakowany, aby zachowa\u0107 integralno\u015b\u0107 korzystnych w\u0142a\u015bciwo\u015bci ro\u015bliny. Jest 100% naturalny i wega\u0144ski, dzi\u0119ki czemu jest odpowiedni\u0105 opcj\u0105 dla os\u00f3b poszukuj\u0105cych holistycznego wellness.<\/p>\n<p><strong>Ostrze\u017cenie<\/strong><br \/>\nProdukt przeznaczony wy\u0142\u0105cznie dla os\u00f3b powy\u017cej 18 roku \u017cycia. Przechowywa\u0107 w miejscu niedost\u0119pnym dla dzieci.<br \/>\nNie nale\u017cy u\u017cywa\u0107 tego produktu regularnie. Nale\u017cy unika\u0107 prowadzenia pojazd\u00f3w lub obs\u0142ugiwania ci\u0119\u017ckich maszyn pod wp\u0142ywem Absinth. Osoby z chorobami nerek lub serca, wysokim lub niskim ci\u015bnieniem krwi, cukrzyc\u0105 lub osoby przyjmuj\u0105ce leki lub narkotyki powinny powstrzyma\u0107 si\u0119 od u\u017cywania tego produktu. Zio\u0142o to nie jest lekiem. Jest to suplement diety i powinien by\u0107 odpowiednio stosowany. Nie kupowa\u0107, je\u015bli plomba jest uszkodzona.<\/p>","protected":false},"excerpt":{"rendered":"<p><span style=\"color: #000000;\">Kapsu\u0142ki Indian Elements' Absinth zawieraj\u0105 silny ekstrakt z Artemisia Absinthium, znany r\u00f3wnie\u017c jako Alsemkruid lub Absynt. Znane ze swoich stymuluj\u0105cych i relaksuj\u0105cych w\u0142a\u015bciwo\u015bci, zio\u0142o to by\u0142o u\u017cywane od wiek\u00f3w do wspomagania trawienia, zwi\u0119kszania kreatywno\u015bci, a nawet wywo\u0142ywania efekt\u00f3w halucynacyjnych w po\u0142\u0105czeniu z alkoholem. Dzi\u0119ki gorzkiemu smakowi, kt\u00f3ry pobudza apetyt i trawienie, Absynt jest zar\u00f3wno naturalnym lekarstwem, jak i narz\u0119dziem do relaksu.<\/span><\/p>","protected":false},"featured_media":125988,"template":"","meta":[],"product_brand":[],"product_cat":[597,297,513,476],"product_tag":[],"class_list":{"0":"post-8349","1":"product","2":"type-product","3":"status-publish","4":"has-post-thumbnail","6":"product_cat-indian-elements","7":"product_cat-all-products","8":"product_cat-party","9":"product_cat-smartshop","11":"first","12":"instock","13":"taxable","14":"shipping-taxable","15":"purchasable","16":"product-type-variable"},"_links":{"self":[{"href":"https:\/\/www.tatanka.nl\/pl\/wp-json\/wp\/v2\/product\/8349","targetHints":{"allow":["GET"]}}],"collection":[{"href":"https:\/\/www.tatanka.nl\/pl\/wp-json\/wp\/v2\/product"}],"about":[{"href":"https:\/\/www.tatanka.nl\/pl\/wp-json\/wp\/v2\/types\/product"}],"wp:featuredmedia":[{"embeddable":true,"href":"https:\/\/www.tatanka.nl\/pl\/wp-json\/wp\/v2\/media\/125988"}],"wp:attachment":[{"href":"https:\/\/www.tatanka.nl\/pl\/wp-json\/wp\/v2\/media?parent=8349"}],"wp:term":[{"taxonomy":"product_brand","embeddable":true,"href":"https:\/\/www.tatanka.nl\/pl\/wp-json\/wp\/v2\/product_brand?post=8349"},{"taxonomy":"product_cat","embeddable":true,"href":"https:\/\/www.tatanka.nl\/pl\/wp-json\/wp\/v2\/product_cat?post=8349"},{"taxonomy":"product_tag","embeddable":true,"href":"https:\/\/www.tatanka.nl\/pl\/wp-json\/wp\/v2\/product_tag?post=8349"}],"curies":[{"name":"wp","href":"https:\/\/api.w.org\/{rel}","templated":true}]}}