{"id":8353,"date":"2016-12-29T16:27:11","date_gmt":"2016-12-29T14:27:11","guid":{"rendered":"http:\/\/www.tatanka.nl\/?post_type=product&#038;p=8353"},"modified":"2025-10-16T07:57:37","modified_gmt":"2025-10-16T06:57:37","slug":"mexicana-spores","status":"publish","type":"product","link":"https:\/\/www.tatanka.nl\/pl\/mexicana-spores\/","title":{"rendered":"Mexican Zarodnik grzyba"},"content":{"rendered":"<h2 dir=\"ltr\" data-pm-slice=\"1 1 []\">Czym s\u0105 zarodniki grzyba Mexican Magic Mushroom?<\/h2>\n<p dir=\"ltr\">Zarodniki Mexican Magic Mushroom pochodz\u0105 z Psilocybe mexicana, gatunku szanowanego ze wzgl\u0119du na swoje historyczne znaczenie i unikalne w\u0142a\u015bciwo\u015bci. Zarodniki te s\u0105 dostarczane w sterylnej ampu\u0142ce hodowlanej, zaprojektowanej w celu uproszczenia procesu uprawy dla entuzjast\u00f3w domowych. W przeciwie\u0144stwie do tradycyjnych odcisk\u00f3w zarodnik\u00f3w lub strzykawek, Culture Ampoule minimalizuje ryzyko zanieczyszczenia, oferuj\u0105c wy\u017cszy wska\u017anik sukcesu w uprawie \u017cywej grzybni. Produkt ten pozwala u\u017cytkownikom odkry\u0107 fascynuj\u0105cy proces uprawy grzyb\u00f3w, co skutkuje inspiruj\u0105cym do\u015bwiadczeniem. Zarodniki s\u0105 idealne dla tych, kt\u00f3rzy s\u0105 ciekawi mikologii, zapewniaj\u0105c kontrolowan\u0105 i bezpieczn\u0105 metod\u0119 anga\u017cowania si\u0119 w t\u0119 staro\u017cytn\u0105 praktyk\u0119. Z bogatym t\u0142em kulturowym, Mexican Magic Mushroom Spores \u0142\u0105cz\u0105 u\u017cytkownik\u00f3w z wielowiekow\u0105 tradycj\u0105, \u0142\u0105cz\u0105c nauk\u0119 i duchowo\u015b\u0107. Ka\u017cda ampu\u0142ka zawiera 5 ML kultury, gotowej do zaszczepienia wybranego pod\u0142o\u017ca. Niezale\u017cnie od tego, czy jeste\u015b pocz\u0105tkuj\u0105cym, czy do\u015bwiadczonym hodowc\u0105, produkt ten oferuje niezawodn\u0105 i satysfakcjonuj\u0105c\u0105 podr\u00f3\u017c do \u015bwiata magicznych grzyb\u00f3w, sprzyjaj\u0105c g\u0142\u0119bszemu docenieniu ich naturalnego pi\u0119kna i historycznych korzeni.<\/p>\n<h2 dir=\"ltr\">Historia magicznych zarodnik\u00f3w grzyb\u00f3w Mexican<\/h2>\n<p dir=\"ltr\">Historia Mexican Magic Mushroom Spores jest g\u0142\u0119boko zakorzeniona w kulturowych i duchowych praktykach rdzennych spo\u0142eczno\u015bci Mexican. Na d\u0142ugo przed przybyciem hiszpa\u0144skich konkwistador\u00f3w, Psilocybe mexicana by\u0142 \u015bwi\u0119tym elementem ceremonii religijnych, cenionym za jego zdolno\u015b\u0107 do wywo\u0142ywania g\u0142\u0119bokich duchowych do\u015bwiadcze\u0144. Grzyby te by\u0142y uwa\u017cane za bram\u0119 do boskiej komunikacji, u\u017cywan\u0105 przez szaman\u00f3w w rytua\u0142ach do \u0142\u0105czenia si\u0119 z kr\u00f3lestwem duchowym. W latach pi\u0119\u0107dziesi\u0105tych XX wieku \u015bwiat naukowy zwr\u00f3ci\u0142 uwag\u0119, gdy psilocybina, aktywny zwi\u0105zek w tych grzybach, zosta\u0142a po raz pierwszy zidentyfikowana w Psilocybe mexicana, wzbudzaj\u0105c globalne zainteresowanie ich w\u0142a\u015bciwo\u015bciami. Odkrycie to stanowi\u0142o punkt zwrotny, \u0142\u0105cz\u0105c staro\u017cytne tradycje z nowoczesn\u0105 mikologi\u0105. Dzi\u015b zarodniki grzyb\u00f3w Mexican Magic Mushroom s\u0105 znane ze swojego historycznego znaczenia i roli w domowej uprawie. Sterylna ampu\u0142ka Culture Ampoule zachowuje integralno\u015b\u0107 tego staro\u017cytnego gatunku, pozwalaj\u0105c entuzjastom uprawia\u0107 grzyby z takim samym szacunkiem, jakim niegdy\u015b cieszy\u0142y si\u0119 rdzenne kultury. Produkt ten uciele\u015bnia dziedzictwo eksploracji i szacunku dla natury, oferuj\u0105c u\u017cytkownikom mo\u017cliwo\u015b\u0107 zaanga\u017cowania si\u0119 w praktyk\u0119, kt\u00f3ra od wiek\u00f3w urzeka ludzko\u015b\u0107, przy jednoczesnym zachowaniu czysto\u015bci i autentyczno\u015bci oryginalnego szczepu.<\/p>\n<h2 dir=\"ltr\">Jak korzysta\u0107 z Mexican Magic Mushroom Spores<\/h2>\n<p dir=\"ltr\">Korzystanie z Mexican Magic Mushroom Spores to prosty proces zaprojektowany z my\u015bl\u0105 o \u0142atwo\u015bci i bezpiecze\u0144stwie. Rozpocznij od dok\u0142adnego umycia r\u0105k i wyczyszczenia zewn\u0119trznej cz\u0119\u015bci ampu\u0142ki z kultur\u0105 sterylnym wacikiem nas\u0105czonym alkoholem w celu wyeliminowania bakterii. Nast\u0119pnie otw\u00f3rz sterylne opakowanie strzykawki w czystym \u015brodowisku, aby unikn\u0105\u0107 zanieczyszczenia. Lekko poluzuj nasadk\u0119 ampu\u0142ki, aby zwolni\u0107 pr\u00f3\u017cni\u0119, a nast\u0119pnie w\u0142\u00f3\u017c ig\u0142\u0119 strzykawki przez gumow\u0105 uszczelk\u0119, aby pobra\u0107 5 ML kultury. Po nape\u0142nieniu strzykawka jest gotowa do zaszczepienia wybranego pod\u0142o\u017ca, takiego jak mieszanka wermikulitu i perlitu. Umie\u015b\u0107 zaszczepione pod\u0142o\u017ce w \u015brodowisku o temperaturze pokojowej, a w ci\u0105gu kilku dni zauwa\u017cysz wzrost grzybni, sygnalizuj\u0105cy udan\u0105 upraw\u0119. Metoda ta zapewnia wysoki wska\u017anik sukcesu w por\u00f3wnaniu do tradycyjnych odcisk\u00f3w zarodnik\u00f3w, dzi\u0119ki sterylnym warunkom ampu\u0142ki Culture Ampoule. Aby uzyska\u0107 najlepsze wyniki, nale\u017cy utrzymywa\u0107 czyst\u0105 przestrze\u0144 robocz\u0105 i uwa\u017cnie wykonywa\u0107 ka\u017cdy krok. Proces ten pozwala zar\u00f3wno pocz\u0105tkuj\u0105cym, jak i do\u015bwiadczonym kultywatorom cieszy\u0107 si\u0119 satysfakcjonuj\u0105cym do\u015bwiadczeniem, wspieraj\u0105c \u017cywy wzrost grzyb\u00f3w. Niewykorzystane zarodniki nale\u017cy zawsze przechowywa\u0107 w ciemnym, ch\u0142odnym miejscu (2-8\u00b0C), aby zachowa\u0107 ich \u017cywotno\u015b\u0107 i zapewni\u0107, \u017ce przysz\u0142e uprawy b\u0119d\u0105 r\u00f3wnie udane.<\/p>\n<h2 dir=\"ltr\">Sk\u0142adniki Mexican Magic Mushroom Spores<\/h2>\n<p dir=\"ltr\">Mexican Magic Mushroom Spores s\u0105 wykonane z prostot\u0105 i precyzj\u0105, zawieraj\u0105c starannie dobran\u0105 mieszank\u0119 wspieraj\u0105c\u0105 solidn\u0105 upraw\u0119. Ka\u017cda ampu\u0142ka hodowlana o pojemno\u015bci 5 ML zawiera kultur\u0119 zarodnik\u00f3w Psilocybe mexicana, zawieszon\u0105 w sterylnym roztworze w celu zachowania czysto\u015bci. Zalecane pod\u0142o\u017ce do inokulacji sk\u0142ada si\u0119 z grzybni, wermikulitu i perlitu, tworz\u0105c idealne \u015brodowisko do wzrostu grzyb\u00f3w. Wermikulit zapewnia zatrzymywanie wilgoci, podczas gdy perlit zapewnia odpowiednie napowietrzenie, umo\u017cliwiaj\u0105c rozw\u00f3j grzybni. Sk\u0142adniki te zosta\u0142y wybrane ze wzgl\u0119du na ich kompatybilno\u015b\u0107 z Psilocybe mexicana, zapewniaj\u0105c optymalne warunki do uprawy. Produkowane w \u015bci\u015ble sterylnych warunkach zarodniki s\u0105 wolne od zanieczyszcze\u0144, oferuj\u0105c niezawodn\u0105 podstaw\u0119 dla hodowc\u00f3w domowych. Ta minimalna, ale skuteczna lista sk\u0142adnik\u00f3w odzwierciedla koncentracj\u0119 produktu na jako\u015bci i \u0142atwo\u015bci u\u017cytkowania, umo\u017cliwiaj\u0105c u\u017cytkownikom osi\u0105gni\u0119cie udanych wynik\u00f3w. \u0141\u0105cz\u0105c te elementy, Culture Ampoule zapewnia p\u0142ynne do\u015bwiadczenie uprawy, \u0142\u0105cz\u0105c u\u017cytkownik\u00f3w z naturalnym procesem rozwoju grzyb\u00f3w. Niezale\u017cnie od tego, czy odkrywasz mikologi\u0119 po raz pierwszy, czy doskonalisz swoje umiej\u0119tno\u015bci, sk\u0142adniki te zapewniaj\u0105 idealn\u0105 r\u00f3wnowag\u0119 mi\u0119dzy prostot\u0105 i skuteczno\u015bci\u0105, honoruj\u0105c staro\u017cytne pochodzenie zarodnik\u00f3w grzyb\u00f3w Mexican Magic Mushroom, jednocze\u015bnie wykorzystuj\u0105c nowoczesne techniki uprawy.<\/p>\n<p dir=\"ltr\"><strong>Ostrze\u017cenie<\/strong><br \/>\nZ Mexican Magic Mushroom Spores nale\u017cy obchodzi\u0107 si\u0119 ostro\u017cnie i odpowiedzialnie. Produkt nale\u017cy przechowywa\u0107 w miejscu niedost\u0119pnym dla dzieci i u\u017cywa\u0107 go wy\u0142\u0105cznie w bezpiecznym, kontrolowanym \u015brodowisku, najlepiej w obecno\u015bci zaufanej osoby, kt\u00f3ra b\u0119dzie asystowa\u0107 podczas do\u015bwiadczenia. Nie u\u017cywaj produktu, je\u015bli jeste\u015b w ci\u0105\u017cy lub karmisz piersi\u0105, poniewa\u017c mo\u017ce to stanowi\u0107 zagro\u017cenie dla zdrowia. Produkt mo\u017ce upo\u015bledza\u0107 zdolno\u015b\u0107 prowadzenia pojazd\u00f3w lub obs\u0142ugiwania maszyn, dlatego nale\u017cy unika\u0107 tych czynno\u015bci podczas jego stosowania. Nie zaleca si\u0119 \u0142\u0105czenia Mexican Magic Mushroom Spores z alkoholem, narkotykami lub lekami, poniewa\u017c mo\u017ce to prowadzi\u0107 do dzia\u0142a\u0144 niepo\u017c\u0105danych. Produkt nie jest przeznaczony dla os\u00f3b poni\u017cej 18 roku \u017cycia. Zarodniki nale\u017cy przechowywa\u0107 w ciemnym, ch\u0142odnym miejscu (2-8\u00b0C), aby zachowa\u0107 ich jako\u015b\u0107. Zawsze stawiaj bezpiecze\u0144stwo na pierwszym miejscu i post\u0119puj zgodnie z instrukcjami dotycz\u0105cymi uprawy, aby zapewni\u0107 pozytywne i odpowiedzialne do\u015bwiadczenie.<\/p>","protected":false},"excerpt":{"rendered":"<p>Najl\u017cejszy rodzaj grzyb\u00f3w w tej linii grzyb\u00f3w i \u015bwietna wycieczka na pocz\u0105tek, je\u015bli chcesz uzyska\u0107 naj\u0142agodniejszy efekt.<\/p>\n<p>Psilocybe mexicana obiecuje dobre samopoczucie i eufori\u0119, szcz\u0119\u015bcie i zadowolenie. Efekt wizualny b\u0119dzie jak kolorowy.<\/p>","protected":false},"featured_media":13585,"template":"","meta":[],"product_brand":[],"product_cat":[540,297,595,513,515,476],"product_tag":[662],"class_list":{"0":"post-8353","1":"product","2":"type-product","3":"status-publish","4":"has-post-thumbnail","6":"product_cat-magic-mushroom-spore-syringes","7":"product_cat-all-products","8":"product_cat-mcsmart","9":"product_cat-party","10":"product_cat-shroomshop","11":"product_cat-smartshop","12":"product_tag-shrdeal","13":"product_shipping_class-creditcard-off","15":"first","16":"instock","17":"taxable","18":"shipping-taxable","19":"purchasable","20":"product-type-variable","21":"has-default-attributes"},"_links":{"self":[{"href":"https:\/\/www.tatanka.nl\/pl\/wp-json\/wp\/v2\/product\/8353","targetHints":{"allow":["GET"]}}],"collection":[{"href":"https:\/\/www.tatanka.nl\/pl\/wp-json\/wp\/v2\/product"}],"about":[{"href":"https:\/\/www.tatanka.nl\/pl\/wp-json\/wp\/v2\/types\/product"}],"wp:featuredmedia":[{"embeddable":true,"href":"https:\/\/www.tatanka.nl\/pl\/wp-json\/wp\/v2\/media\/13585"}],"wp:attachment":[{"href":"https:\/\/www.tatanka.nl\/pl\/wp-json\/wp\/v2\/media?parent=8353"}],"wp:term":[{"taxonomy":"product_brand","embeddable":true,"href":"https:\/\/www.tatanka.nl\/pl\/wp-json\/wp\/v2\/product_brand?post=8353"},{"taxonomy":"product_cat","embeddable":true,"href":"https:\/\/www.tatanka.nl\/pl\/wp-json\/wp\/v2\/product_cat?post=8353"},{"taxonomy":"product_tag","embeddable":true,"href":"https:\/\/www.tatanka.nl\/pl\/wp-json\/wp\/v2\/product_tag?post=8353"}],"curies":[{"name":"wp","href":"https:\/\/api.w.org\/{rel}","templated":true}]}}