{"id":8455,"date":"2016-12-30T12:17:23","date_gmt":"2016-12-30T10:17:23","guid":{"rendered":"http:\/\/www.tatanka.nl\/?post_type=product&#038;p=8455"},"modified":"2025-10-16T07:57:36","modified_gmt":"2025-10-16T06:57:36","slug":"b-mushroom-spore-10-ml","status":"publish","type":"product","link":"https:\/\/www.tatanka.nl\/pl\/b-mushroom-spore-10-ml\/","title":{"rendered":"B+ Zarodnik grzyba"},"content":{"rendered":"<h3 dir=\"ltr\" data-pm-slice=\"1 1 []\">Czym s\u0105 zarodniki grzyb\u00f3w B+ Magic Mushroom?<\/h3>\n<p dir=\"ltr\">Zarodniki B+ Magic Mushroom to wysoce elastyczna odmiana Psilocybe cubensis, znana z energicznego wzrostu i odporno\u015bci. Idealny do uprawy w pomieszczeniach, szczep ten wyr\u00f3\u017cnia si\u0119 szerokim zakresem pod\u0142o\u017cy i warunk\u00f3w temperaturowych, co czyni go ulubionym w\u015br\u00f3d entuzjast\u00f3w. W przeciwie\u0144stwie do tradycyjnych odcisk\u00f3w zarodnik\u00f3w lub strzykawek, szczep B+ jest dostarczany w sterylnej ampu\u0142ce hodowlanej, kt\u00f3ra zawiera gotow\u0105 do u\u017cycia p\u0142ynn\u0105 kultur\u0119. Ta innowacyjna metoda dostarczania minimalizuje ryzyko zanieczyszczenia, zapewniaj\u0105c wy\u017cszy wska\u017anik sukcesu dla hodowc\u00f3w. Zarodniki s\u0105 przeznaczone do zaszczepiania pod\u0142o\u017cy, gdzie w ci\u0105gu kilku dni rozwijaj\u0105 si\u0119 w widoczn\u0105 grzybni\u0119, przygotowuj\u0105c grunt pod niezwyk\u0142e do\u015bwiadczenie. Dzi\u0119ki sk\u0142adowi grzybni 100%, wermikulitu i perlitu, ampu\u0142ka 5 ML gwarantuje jako\u015b\u0107 i sp\u00f3jno\u015b\u0107. Niezale\u017cnie od tego, czy jeste\u015b pocz\u0105tkuj\u0105cym, czy do\u015bwiadczonym hodowc\u0105, zarodniki te stanowi\u0105 dost\u0119pn\u0105 i niezawodn\u0105 opcj\u0119 uprawy unikalnego szczepu, kt\u00f3ry obiecuje niezwyk\u0142\u0105 podr\u00f3\u017c. Ich wszechstronno\u015b\u0107 i \u0142atwo\u015b\u0107 u\u017cycia sprawiaj\u0105, \u017ce s\u0105 one doskona\u0142ym wyborem dla os\u00f3b poszukuj\u0105cych niezawodnego i dynamicznego procesu uprawy.<\/p>\n<h3 dir=\"ltr\">Historia zarodnik\u00f3w grzyb\u00f3w magicznych B+<\/h3>\n<p dir=\"ltr\">Pocz\u0105tki B+ Magic Mushroom Spores si\u0119gaj\u0105 do t\u0119tni\u0105cego \u017cyciem \u015bwiata mikologii, gdzie szczep ten wy\u0142oni\u0142 si\u0119 jako wyr\u00f3\u017cniaj\u0105ca si\u0119 odmiana Psilocybe cubensis. Uwa\u017ca si\u0119, \u017ce opracowany w Stanach Zjednoczonych, szczep B+ zyska\u0142 popularno\u015b\u0107 w latach 1990-tych ze wzgl\u0119du na swoje zdolno\u015bci adaptacyjne i silne w\u0142a\u015bciwo\u015bci wzrostu. Uwa\u017ca si\u0119, \u017ce jego nazwa \"B+\" odzwierciedla jego \"lepsz\u0105 ni\u017c przeci\u0119tna\" wydajno\u015b\u0107 w uprawie, rozwijaj\u0105c si\u0119 w zr\u00f3\u017cnicowanych warunkach, kt\u00f3re stanowi\u0105 wyzwanie dla innych szczep\u00f3w. Z biegiem lat sta\u0142 si\u0119 podstaw\u0105 w spo\u0142eczno\u015bci zajmuj\u0105cej si\u0119 upraw\u0105 grzyb\u00f3w, znan\u0105 ze swojej zdolno\u015bci do szybkiej kolonizacji pod\u0142o\u017cy i odporno\u015bci na zanieczyszczenia. Wprowadzenie ampu\u0142ki Culture Ampoule zrewolucjonizowa\u0142o jej stosowanie, oferuj\u0105c steryln\u0105, przyjazn\u0105 dla u\u017cytkownika alternatyw\u0119 dla tradycyjnych metod dostarczania zarodnik\u00f3w. Ta innowacja sprawi\u0142a, \u017ce szczep B+ sta\u0142 si\u0119 dost\u0119pny dla szerszego grona odbiorc\u00f3w, od hobbyst\u00f3w po do\u015bwiadczonych hodowc\u00f3w. Jego niezmienny urok polega na sp\u00f3jno\u015bci i wszechstronno\u015bci, dzi\u0119ki czemu zyska\u0142 reputacj\u0119 jednego z najbardziej niezawodnych dost\u0119pnych szczep\u00f3w. Dzi\u015b zarodniki te nadal urzekaj\u0105 entuzjast\u00f3w, \u0142\u0105cz\u0105c bogat\u0105 histori\u0119 z nowoczesnymi technikami uprawy, aby dostarczy\u0107 produkt, kt\u00f3ry honoruje jego dziedzictwo, jednocze\u015bnie obejmuj\u0105c wsp\u00f3\u0142czesne post\u0119py w mikologii.<\/p>\n<h3 dir=\"ltr\">Jak u\u017cywa\u0107 zarodnik\u00f3w grzyb\u00f3w B+ Magic Mushroom?<\/h3>\n<p dir=\"ltr\">U\u017cywanie zarodnik\u00f3w grzyb\u00f3w B+ Magic Mushroom jest prostym procesem dzi\u0119ki sterylnej konstrukcji ampu\u0142ki hodowlanej. Rozpocznij od dok\u0142adnego umycia r\u0105k i wyczyszczenia zewn\u0119trznej cz\u0119\u015bci ampu\u0142ki sterylnym wacikiem nas\u0105czonym alkoholem w celu wyeliminowania bakterii. Nast\u0119pnie otw\u00f3rz sterylne opakowanie strzykawki w czystym \u015brodowisku, aby unikn\u0105\u0107 zanieczyszczenia. Lekko poluzuj nasadk\u0119 ampu\u0142ki, aby zapobiec powstawaniu pr\u00f3\u017cni, a nast\u0119pnie w\u0142\u00f3\u017c ig\u0142\u0119 strzykawki przez gumow\u0105 uszczelk\u0119, aby pobra\u0107 5 ML kultury. Po nape\u0142nieniu strzykawka jest gotowa do zaszczepienia wybranego pod\u0142o\u017ca. Na\u0142\u00f3\u017c kultur\u0119 na pod\u0142o\u017ce i utrzymuj je w temperaturze pokojowej. W ci\u0105gu kilku dni widoczny wzrost grzybni b\u0119dzie wskazywa\u0142 na udan\u0105 kolonizacj\u0119. Aby uzyska\u0107 optymalne wyniki, nale\u017cy pracowa\u0107 w czystym, kontrolowanym \u015brodowisku, aby zminimalizowa\u0107 ryzyko zanieczyszczenia. Proces zosta\u0142 zaprojektowany z my\u015bl\u0105 o \u0142atwo\u015bci, dzi\u0119ki czemu jest dost\u0119pny dla pocz\u0105tkuj\u0105cych, oferuj\u0105c jednocze\u015bnie niezawodno\u015b\u0107 do\u015bwiadczonym u\u017cytkownikom. Po zaszczepieniu nale\u017cy przechowywa\u0107 pozosta\u0142e zarodniki w ciemnym, ch\u0142odnym miejscu (2-8\u00b0C), aby zachowa\u0107 ich \u017cywotno\u015b\u0107. Metoda ta zapewnia p\u0142ynn\u0105 upraw\u0119, umo\u017cliwiaj\u0105c wykorzystanie pe\u0142nego potencja\u0142u tego wszechstronnego szczepu w celu uzyskania \u017cywych i wyj\u0105tkowych rezultat\u00f3w.<\/p>\n<h3 dir=\"ltr\">Sk\u0142adniki B+ Magic Mushroom Spores<\/h3>\n<p dir=\"ltr\">Ampu\u0142ka B+ Magic Mushroom Spores Culture Ampoule zawiera precyzyjn\u0105 mieszank\u0119 sk\u0142adnik\u00f3w zapewniaj\u0105cych udan\u0105 upraw\u0119. Ka\u017cda ampu\u0142ka 5 ML sk\u0142ada si\u0119 z grzybni 100%, aktywnej sieci grzyb\u00f3w, kt\u00f3ra nap\u0119dza wzrost grzyb\u00f3w, w po\u0142\u0105czeniu z wermikulitem i perlitem. Wermikulit, minera\u0142 znany ze swoich w\u0142a\u015bciwo\u015bci zatrzymywania wody, tworzy idealne \u015brodowisko dla rozwoju grzybni, utrzymuj\u0105c poziom wilgoci. Perlit, lekkie szk\u0142o wulkaniczne, poprawia napowietrzanie i drena\u017c, promuj\u0105c zdrow\u0105 kolonizacj\u0119. Ta starannie zbilansowana kompozycja wspiera agresywny wzrost charakterystyczny dla szczepu B+, umo\u017cliwiaj\u0105c mu rozw\u00f3j na r\u00f3\u017cnych pod\u0142o\u017cach i w r\u00f3\u017cnych warunkach. Produkowana w sterylnych warunkach ampu\u0142ka zapewnia czysto\u015b\u0107 i minimalizuje ryzyko zanieczyszczenia, dostarczaj\u0105c wysokiej jako\u015bci produkt gotowy do natychmiastowego u\u017cycia. Brak dodatkowych chemikali\u00f3w lub dodatk\u00f3w podkre\u015bla naturaln\u0105 integralno\u015b\u0107 zarodnik\u00f3w, czyni\u0105c je niezawodnym wyborem dla hodowc\u00f3w. \u0141\u0105cz\u0105c te niezb\u0119dne sk\u0142adniki, ampu\u0142ka B+ Culture Ampoule stanowi solidn\u0105 podstaw\u0119 do uprawy szczepu znanego ze swojej wszechstronno\u015bci i odporno\u015bci, zapewniaj\u0105c sp\u00f3jne i satysfakcjonuj\u0105ce do\u015bwiadczenie u\u017cytkownikom na wszystkich poziomach zaawansowania.<\/p>\n<p dir=\"ltr\"><strong>Ostrze\u017cenie<\/strong>i<strong>ng<\/strong><\/p>\n<p dir=\"ltr\">Przechowywa\u0107 B+ Magic Mushroom Spores w miejscu niedost\u0119pnym dla dzieci. U\u017cywaj tego produktu w bezpiecznym, zamkni\u0119tym pomieszczeniu, w obecno\u015bci zaufanej osoby, aby zapewni\u0107 sobie dobre samopoczucie podczas tego do\u015bwiadczenia. Nie stosowa\u0107 u kobiet w ci\u0105\u017cy lub karmi\u0105cych piersi\u0105, gdy\u017c mo\u017ce to stanowi\u0107 zagro\u017cenie dla zdrowia. Ten produkt upo\u015bledza zdolno\u015b\u0107 prowadzenia pojazd\u00f3w lub obs\u0142ugiwania maszyn, wi\u0119c unikaj tych czynno\u015bci. Nie zaleca si\u0119 \u0142\u0105czenia go z alkoholem, narkotykami lub lekami ze wzgl\u0119du na potencjalne niekorzystne interakcje. Produkt nie jest przeznaczony dla os\u00f3b poni\u017cej 18 roku \u017cycia. Zarodniki nale\u017cy przechowywa\u0107 w ciemnym, ch\u0142odnym miejscu (2-8\u00b0C), aby zachowa\u0107 ich jako\u015b\u0107.<\/p>","protected":false},"excerpt":{"rendered":"<p>B+ to bardzo popularna odmiana, bardzo popularna ze wzgl\u0119du na du\u017ce grzyby. Jest to r\u00f3wnie\u017c oryginalna odmiana Cubensis.<\/p>\n<p>Je\u015bli lubisz ogl\u0105da\u0107 dobr\u0105 kolorow\u0105 wizualizacj\u0119 z duchowym po\u0142\u0105czeniem z ca\u0142ym wszech\u015bwiatem i wci\u0105\u017c zabawn\u0105 podr\u00f3\u017c\u0105, to jest to dobry grzyb do tego.<\/p>","protected":false},"featured_media":13587,"template":"","meta":[],"product_brand":[],"product_cat":[540,297,595,513,515,476],"product_tag":[662],"class_list":{"0":"post-8455","1":"product","2":"type-product","3":"status-publish","4":"has-post-thumbnail","6":"product_cat-magic-mushroom-spore-syringes","7":"product_cat-all-products","8":"product_cat-mcsmart","9":"product_cat-party","10":"product_cat-shroomshop","11":"product_cat-smartshop","12":"product_tag-shrdeal","13":"product_shipping_class-creditcard-off","15":"first","16":"instock","17":"taxable","18":"shipping-taxable","19":"purchasable","20":"product-type-variable","21":"has-default-attributes"},"_links":{"self":[{"href":"https:\/\/www.tatanka.nl\/pl\/wp-json\/wp\/v2\/product\/8455","targetHints":{"allow":["GET"]}}],"collection":[{"href":"https:\/\/www.tatanka.nl\/pl\/wp-json\/wp\/v2\/product"}],"about":[{"href":"https:\/\/www.tatanka.nl\/pl\/wp-json\/wp\/v2\/types\/product"}],"wp:featuredmedia":[{"embeddable":true,"href":"https:\/\/www.tatanka.nl\/pl\/wp-json\/wp\/v2\/media\/13587"}],"wp:attachment":[{"href":"https:\/\/www.tatanka.nl\/pl\/wp-json\/wp\/v2\/media?parent=8455"}],"wp:term":[{"taxonomy":"product_brand","embeddable":true,"href":"https:\/\/www.tatanka.nl\/pl\/wp-json\/wp\/v2\/product_brand?post=8455"},{"taxonomy":"product_cat","embeddable":true,"href":"https:\/\/www.tatanka.nl\/pl\/wp-json\/wp\/v2\/product_cat?post=8455"},{"taxonomy":"product_tag","embeddable":true,"href":"https:\/\/www.tatanka.nl\/pl\/wp-json\/wp\/v2\/product_tag?post=8455"}],"curies":[{"name":"wp","href":"https:\/\/api.w.org\/{rel}","templated":true}]}}