{"id":8459,"date":"2016-12-30T12:22:11","date_gmt":"2016-12-30T10:22:11","guid":{"rendered":"http:\/\/www.tatanka.nl\/?post_type=product&#038;p=8459"},"modified":"2025-10-16T07:57:36","modified_gmt":"2025-10-16T06:57:36","slug":"thai-mushroom-spore-10-ml","status":"publish","type":"product","link":"https:\/\/www.tatanka.nl\/pl\/thai-mushroom-spore-10-ml\/","title":{"rendered":"Thai Zarodnik grzyba"},"content":{"rendered":"<h2>Czym s\u0105 zarodniki grzyba Thai Magic Mushroom?<\/h2>\n<p>Thai Magic Mushroom Spores, cz\u0119sto okre\u015blane jako Koh Samui, pochodz\u0105 z tropikalnej wyspy Koh Samui w Thailandii. Zarodniki te s\u0105 szanowane ze wzgl\u0119du na ich znaczenie kulturowe i unikalne w\u0142a\u015bciwo\u015bci, oferuj\u0105c u\u017cytkownikom szans\u0119 na upraw\u0119 grzyb\u00f3w<\/p>\n<p>Po\u0142\u0105cz si\u0119 z mistyczn\u0105 ofert\u0105 natury. W przeciwie\u0144stwie do tradycyjnych odcisk\u00f3w zarodnik\u00f3w lub strzykawek, zarodniki te s\u0105 dostarczane w ampu\u0142ce Culture Ampoule, sterylnym, gotowym do u\u017cycia roztworze, kt\u00f3ry minimalizuje ryzyko zanieczyszczenia. Dzi\u0119ki temu uprawa jest bardziej dost\u0119pna i niezawodna, nawet dla pocz\u0105tkuj\u0105cych. Ampu\u0142ka zawiera \u017cyw\u0105 kultur\u0119 grzybni 100%, zmieszan\u0105 z wermikulitem i perlitem, zapewniaj\u0105c silny wzrost po zaszczepieniu w pod\u0142o\u017cu. Zakorzenione w tradycji Thai, zarodniki te s\u0105 celebrowane podczas Festiwalu Pe\u0142ni Ksi\u0119\u017cyca, gdzie s\u0105 spo\u017cywane jako \"grzyby chmurowe\" w celu uzyskania duchowych do\u015bwiadcze\u0144. Zarodniki Thai Magic Mushroom zapewniaj\u0105 bezpieczny, kontrolowany spos\u00f3b na poznanie tej staro\u017cytnej praktyki, zapewniaj\u0105c niezapomnian\u0105 podr\u00f3\u017c tym, kt\u00f3rzy uprawiaj\u0105 je z trosk\u0105 i szacunkiem. Niezale\u017cnie od tego, czy jeste\u015b do\u015bwiadczonym hodowc\u0105, czy ciekawskim nowicjuszem, zarodniki te stanowi\u0105 bram\u0119 do transformuj\u0105cego do\u015bwiadczenia, \u0142\u0105cz\u0105c ci\u0119 z bogatym dziedzictwem kulturowym Thailandii i cudami natury.<\/p>\n<h2>Historia magicznych zarodnik\u00f3w grzyb\u00f3w Thai<\/h2>\n<p>Historia Thai Magic Mushroom Spores rozpoczyna si\u0119 w 1991 roku, kiedy to etnobotanik John Allen odkry\u0142 je podczas swojej podr\u00f3\u017cy po Thailandii. Na wyspie Koh Samui natkn\u0105\u0142 si\u0119 na te wyj\u0105tkowe grzyby, kt\u00f3re by\u0142y ju\u017c g\u0142\u0119boko zakorzenione w lokalnej kulturze. Ludno\u015b\u0107 Thai, kt\u00f3ra nazywa\u0142a je \"grzybami chmurowymi\", u\u017cywa\u0142a ich w duchowych ceremoniach, szczeg\u00f3lnie podczas Festiwalu Pe\u0142ni Ksi\u0119\u017cyca, comiesi\u0119cznej uroczysto\u015bci honoruj\u0105cej ich \u015bwi\u0119te w\u0142a\u015bciwo\u015bci. Ten festiwal, przesi\u0105kni\u0119ty tradycj\u0105, zgromadzi\u0142 spo\u0142eczno\u015bci, aby po\u0142\u0105czy\u0107 si\u0119 z bosko\u015bci\u0105 poprzez te grzyby. Odkrycie Allena wprowadzi\u0142o zarodniki Thai Magic Mushroom na \u015bwiatow\u0105 scen\u0119, gdzie zyska\u0142y popularno\u015b\u0107 ze wzgl\u0119du na swoj\u0105 moc i \u0142atwo\u015b\u0107 uprawy. W przeciwie\u0144stwie do innych szczep\u00f3w, zarodniki te zosta\u0142y p\u00f3\u017aniej opracowane w formacie ampu\u0142ki hodowlanej, rewolucjonizuj\u0105c ich dost\u0119pno\u015b\u0107 poprzez zmniejszenie ryzyka zanieczyszczenia. Dzi\u015b pozostaj\u0105 one pomostem do duchowego dziedzictwa Thailand, oferuj\u0105c u\u017cytkownikom mo\u017cliwo\u015b\u0107 uczestniczenia w wielowiekowej praktyce. Ich podr\u00f3\u017c z tropikalnej wyspy do nowoczesnej uprawy odzwierciedla po\u0142\u0105czenie staro\u017cytnej m\u0105dro\u015bci i wsp\u00f3\u0142czesnych innowacji, dzi\u0119ki czemu s\u0105 cenionym wyborem dla os\u00f3b poszukuj\u0105cych zar\u00f3wno wi\u0119zi kulturowej, jak i osobistej eksploracji.<\/p>\n<h2>Jak korzysta\u0107 z Thai Magic Mushroom Spores<\/h2>\n<p>Korzystanie z Thai Magic Mushroom Spores jest proste dzi\u0119ki dostarczonej ampu\u0142ce hodowlanej, zaprojektowanej z my\u015bl\u0105 o \u0142atwo\u015bci i sterylno\u015bci. Rozpocznij od dok\u0142adnego umycia r\u0105k i wyczyszczenia zewn\u0119trznej cz\u0119\u015bci ampu\u0142ki sterylnym wacikiem nas\u0105czonym alkoholem w celu wyeliminowania bakterii. Nast\u0119pnie otw\u00f3rz sterylne opakowanie strzykawki w czystym \u015brodowisku, aby unikn\u0105\u0107 zanieczyszczenia. Lekko poluzuj nasadk\u0119 ampu\u0142ki, aby zapobiec powstawaniu pr\u00f3\u017cni, a nast\u0119pnie w\u0142\u00f3\u017c ig\u0142\u0119 strzykawki przez gumow\u0105 uszczelk\u0119, aby pobra\u0107 kultur\u0119. Po nape\u0142nieniu strzykawka jest gotowa do zaszczepienia wybranego pod\u0142o\u017ca. Wstrzyknij kultur\u0119 do pod\u0142o\u017ca i przechowuj j\u0105 w temperaturze pokojowej. W ci\u0105gu kilku dni zauwa\u017cysz wzrost grzybni, sygnalizuj\u0105cy udan\u0105 upraw\u0119. Proces ten zapewnia wysoki wska\u017anik sukcesu w por\u00f3wnaniu do tradycyjnych odcisk\u00f3w zarodnik\u00f3w. Aby uzyska\u0107 najlepsze wra\u017cenia, upraw\u0119 nale\u017cy prowadzi\u0107 w bezpiecznym, wygodnym pomieszczeniu z zaufan\u0105 osob\u0105 towarzysz\u0105c\u0105. Zawsze post\u0119puj zgodnie z instrukcjami, aby zachowa\u0107 sterylno\u015b\u0107 i zmaksymalizowa\u0107 wyniki. Przy odpowiedniej piel\u0119gnacji, zarodniki Thai Magic Mushroom zapewni\u0105 satysfakcjonuj\u0105ce do\u015bwiadczenie uprawy, \u0142\u0105cz\u0105c ci\u0119 z ich \u015bwi\u0119tym dziedzictwem, oferuj\u0105c jednocze\u015bnie wyj\u0105tkow\u0105 i g\u0142\u0119bok\u0105 podr\u00f3\u017c.<\/p>\n<h2>Sk\u0142adniki Thai Magic Mushroom Spores<\/h2>\n<p>Zarodniki Thai Magic Mushroom s\u0105 wytwarzane z precyzj\u0105 zapewniaj\u0105c\u0105 jako\u015b\u0107 i sp\u00f3jno\u015b\u0107. Ka\u017cda ampu\u0142ka hodowlana o pojemno\u015bci 5 ml zawiera grzybni\u0119 100%, aktywn\u0105 sie\u0107 grzyb\u00f3w, kt\u00f3ra nap\u0119dza wzrost, pochodz\u0105c\u0105 bezpo\u015brednio ze szczepu Koh Samui. Grzybnia ta jest zmieszana z wermikulitem, minera\u0142em, kt\u00f3ry zatrzymuje wilgo\u0107 i wspiera zdrowy rozw\u00f3j, oraz perlitem, kt\u00f3ry poprawia napowietrzenie i drena\u017c pod\u0142o\u017ca. Sk\u0142adniki te tworz\u0105 optymalne \u015brodowisko dla rozwoju zarodnik\u00f3w, promuj\u0105c silny wzrost grzybni i minimalizuj\u0105c ryzyko zanieczyszczenia. W przeciwie\u0144stwie do innych metod dostarczania zarodnik\u00f3w, sterylna konstrukcja ampu\u0142ki zachowuje integralno\u015b\u0107 kultury, zapewniaj\u0105c otrzymanie czystego i silnego produktu. Po\u0142\u0105czenie grzybni, wermikulitu i perlitu odzwierciedla starann\u0105 r\u00f3wnowag\u0119, czerpi\u0105c zar\u00f3wno z naturalnych element\u00f3w, jak i nowoczesnych technik uprawy. Ta formu\u0142a sprawia, \u017ce Thai Magic Mushroom Spores jest niezawodny i przyjazny dla u\u017cytkownika, niezale\u017cnie od tego, czy jeste\u015b pocz\u0105tkuj\u0105cym hodowc\u0105, czy do\u015bwiadczonym kultywatorem. Wykorzystuj\u0105c tylko te niezb\u0119dne sk\u0142adniki, produkt zapewnia czysty, skuteczny spos\u00f3b na poznanie \u015bwi\u0119tej tradycji grzyb\u00f3w w chmurze Thailand, oferuj\u0105c transformuj\u0105ce do\u015bwiadczenie zakorzenione w najlepszych sk\u0142adnikach natury.<\/p>\n<p><strong>Ostrze\u017cenie<\/strong><\/p>\n<p>Z zarodnikami Thai Magic Mushroom nale\u017cy obchodzi\u0107 si\u0119 ostro\u017cnie i odpowiedzialnie. Przechowuj je poza zasi\u0119giem dzieci i w ciemnym, ch\u0142odnym miejscu (2-8\u00b0C), aby zachowa\u0107 ich \u017cywotno\u015b\u0107. U\u017cywaj tego produktu w bezpiecznym, zamkni\u0119tym pomieszczeniu z zaufanym towarzyszem, aby zapewni\u0107 sobie dobre samopoczucie podczas tego do\u015bwiadczenia. Nie u\u017cywaj produktu, je\u015bli jeste\u015b w ci\u0105\u017cy lub karmisz piersi\u0105, poniewa\u017c jego dzia\u0142anie mo\u017ce stwarza\u0107 ryzyko. Nale\u017cy pami\u0119ta\u0107, \u017ce stosowanie produktu mo\u017ce upo\u015bledza\u0107 zdolno\u015b\u0107 prowadzenia pojazd\u00f3w lub obs\u0142ugiwania maszyn. Nie zaleca si\u0119 \u0142\u0105czenia tego produktu z alkoholem, narkotykami lub lekami, poniewa\u017c mo\u017ce to prowadzi\u0107 do nieprzewidywalnych efekt\u00f3w. Produkt nie jest przeznaczony dla os\u00f3b poni\u017cej 18 roku \u017cycia. Zawsze stawiaj bezpiecze\u0144stwo na pierwszym miejscu i post\u0119puj zgodnie z instrukcjami dotycz\u0105cymi uprawy, aby unikn\u0105\u0107 zanieczyszczenia lub niew\u0142a\u015bciwego u\u017cycia.<\/p>","protected":false},"excerpt":{"rendered":"<p><span style=\"font-size: 100%;\">Grzyb Thai jest cz\u0119sto uwa\u017cany za najlepszy grzyb imprezowy. Rosn\u0105 szybko i zapewniaj\u0105 niezwykle towarzyski, zrelaksowany i kolorowy wypad. <\/span><\/p>\n<p><span style=\"font-size: 100%;\">Te grzyby przywr\u00f3c\u0105 r\u00f3wnowag\u0119 w twoim \u017cyciu i dadz\u0105 ci idealn\u0105 energi\u0119 potrzebn\u0105 do \u015bwietnej zabawy! Jest to r\u00f3wnie\u017c doskona\u0142a odmiana dla pocz\u0105tkuj\u0105cych.<\/span><\/p>","protected":false},"featured_media":13622,"template":"","meta":[],"product_brand":[],"product_cat":[540,297,595,513,515,476],"product_tag":[662],"class_list":{"0":"post-8459","1":"product","2":"type-product","3":"status-publish","4":"has-post-thumbnail","6":"product_cat-magic-mushroom-spore-syringes","7":"product_cat-all-products","8":"product_cat-mcsmart","9":"product_cat-party","10":"product_cat-shroomshop","11":"product_cat-smartshop","12":"product_tag-shrdeal","13":"product_shipping_class-creditcard-off","15":"first","16":"instock","17":"taxable","18":"shipping-taxable","19":"purchasable","20":"product-type-variable","21":"has-default-attributes"},"_links":{"self":[{"href":"https:\/\/www.tatanka.nl\/pl\/wp-json\/wp\/v2\/product\/8459","targetHints":{"allow":["GET"]}}],"collection":[{"href":"https:\/\/www.tatanka.nl\/pl\/wp-json\/wp\/v2\/product"}],"about":[{"href":"https:\/\/www.tatanka.nl\/pl\/wp-json\/wp\/v2\/types\/product"}],"wp:featuredmedia":[{"embeddable":true,"href":"https:\/\/www.tatanka.nl\/pl\/wp-json\/wp\/v2\/media\/13622"}],"wp:attachment":[{"href":"https:\/\/www.tatanka.nl\/pl\/wp-json\/wp\/v2\/media?parent=8459"}],"wp:term":[{"taxonomy":"product_brand","embeddable":true,"href":"https:\/\/www.tatanka.nl\/pl\/wp-json\/wp\/v2\/product_brand?post=8459"},{"taxonomy":"product_cat","embeddable":true,"href":"https:\/\/www.tatanka.nl\/pl\/wp-json\/wp\/v2\/product_cat?post=8459"},{"taxonomy":"product_tag","embeddable":true,"href":"https:\/\/www.tatanka.nl\/pl\/wp-json\/wp\/v2\/product_tag?post=8459"}],"curies":[{"name":"wp","href":"https:\/\/api.w.org\/{rel}","templated":true}]}}