{"id":8462,"date":"2016-12-30T12:56:37","date_gmt":"2016-12-30T10:56:37","guid":{"rendered":"http:\/\/www.tatanka.nl\/?post_type=product&#038;p=8462"},"modified":"2025-10-16T07:57:35","modified_gmt":"2025-10-16T06:57:35","slug":"colombian-mushroom-spore-10-ml","status":"publish","type":"product","link":"https:\/\/www.tatanka.nl\/pl\/colombian-mushroom-spore-10-ml\/","title":{"rendered":"Colombian Zarodnik grzyba"},"content":{"rendered":"<h2 dir=\"ltr\" data-pm-slice=\"1 1 []\">Czym s\u0105 zarodniki grzyba Colombian Magic Mushroom?<\/h2>\n<p dir=\"ltr\">Zarodniki grzyb\u00f3w Colombian Magic Mushroom to najwy\u017cszej jako\u015bci odmiana Psilocybe Cubensis, znana ze swojej mocy i charakterystycznego wygl\u0105du. Pochodz\u0105ce z Kolumbii zarodniki te wytwarzaj\u0105 grzyby o \u017c\u00f3\u0142to-bia\u0142o-br\u0105zowym kapeluszu, cz\u0119sto nazywane \"Colombian Rust\". W przeciwie\u0144stwie do s\u0142abszych odmian, takich jak Mexican lub Thai, odmiana ta oferuje bardziej intensywne doznania psychodeliczne, co czyni j\u0105 ulubion\u0105 w\u015br\u00f3d do\u015bwiadczonych u\u017cytkownik\u00f3w. Zarodniki dostarczane s\u0105 w ampu\u0142ce Culture Ampoule, sterylnym, gotowym do u\u017cycia roztworze do zaszczepiania pod\u0142o\u017cy. Metoda ta zmniejsza ryzyko zanieczyszczenia w por\u00f3wnaniu z tradycyjnymi odciskami zarodnik\u00f3w lub strzykawkami, zapewniaj\u0105c wy\u017cszy wska\u017anik sukcesu dla kultywator\u00f3w. Ka\u017cda ampu\u0142ka zawiera 5 ML grzybni 100%, wermikulitu i perlitu, wyprodukowanych w \u015bci\u015ble sterylnych warunkach. Idealne dla os\u00f3b poszukuj\u0105cych niezawodnego i silnego do\u015bwiadczenia w uprawie, zarodniki Colombian Magic Mushroom stanowi\u0105 bram\u0119 do g\u0142\u0119bokiej i wyj\u0105tkowej podr\u00f3\u017cy. Niezale\u017cnie od tego, czy jeste\u015b do\u015bwiadczonym hodowc\u0105, czy ciekawskim entuzjast\u0105, produkt ten obiecuje sp\u00f3jne wyniki, je\u015bli jest traktowany z ostro\u017cno\u015bci\u0105. Przechowuj je w ciemnym, ch\u0142odnym miejscu (2-8\u00b0C), aby zmaksymalizowa\u0107 ich \u017cywotno\u015b\u0107 i utrzyma\u0107 ich jako\u015b\u0107 w celu optymalnego wykorzystania.<\/p>\n<h2 dir=\"ltr\">Historia magicznych zarodnik\u00f3w grzyb\u00f3w Colombian<\/h2>\n<p dir=\"ltr\">Historia zarodnik\u00f3w grzyba Colombian Magic Mushroom si\u0119ga bujnych region\u00f3w Kolumbii, gdzie rdzenne spo\u0142eczno\u015bci od dawna czcz\u0105 grzyby psilocybinowe za ich duchowe i lecznicze w\u0142a\u015bciwo\u015bci. Odkryta na wolno\u015bci odmiana Cubensis wyr\u00f3\u017cnia\u0142a si\u0119 silnym wzrostem i silnym dzia\u0142aniem, zyskuj\u0105c przydomek \"Colombian Rust\" ze wzgl\u0119du na charakterystyczny kolor kapelusza. W przeciwie\u0144stwie do szybciej rosn\u0105cych odmian, zarodniki te wymagaj\u0105 d\u0142u\u017cszego okresu uprawy, ale ich si\u0142a sprawi\u0142a, \u017ce sta\u0142y si\u0119 poszukiwanym wyborem na ca\u0142ym \u015bwiecie. We wsp\u00f3\u0142czesnej erze post\u0119p w mikologii doprowadzi\u0142 do opracowania ampu\u0142ki hodowlanej, rewolucjonizuj\u0105c spos\u00f3b uprawy tych zarodnik\u00f3w. Innowacja ta zminimalizowa\u0142a ryzyko zanieczyszczenia, dzi\u0119ki czemu zarodniki grzyb\u00f3w Colombian Magic Mushroom sta\u0142y si\u0119 dost\u0119pne dla hodowc\u00f3w domowych. Wzrost ich popularno\u015bci wynika z ich niezawodno\u015bci i intensywnych, \u017cywych dozna\u0144, jakie oferuj\u0105. Dzi\u015b pozostaj\u0105 one kamieniem w\u0119gielnym w psychodelicznej spo\u0142eczno\u015bci, cenionym za bogate dziedzictwo i sta\u0142\u0105 wydajno\u015b\u0107. Odpowiednie przechowywanie w ch\u0142odnych, ciemnych warunkach zapewnia ich d\u0142ugowieczno\u015b\u0107, zachowuj\u0105c ich historyczne znaczenie i moc dla przysz\u0142ych pokole\u0144 hodowc\u00f3w i odkrywc\u00f3w poszukuj\u0105cych g\u0142\u0119bszego zwi\u0105zku z t\u0105 niezwyk\u0142\u0105 odmian\u0105.<\/p>\n<h2 dir=\"ltr\">Jak korzysta\u0107 z Colombian Magic Mushroom Spores<\/h2>\n<p dir=\"ltr\">Korzystanie z Colombian Magic Mushroom Spores jest proste dzi\u0119ki ampu\u0142ce hodowlanej, zaprojektowanej z my\u015bl\u0105 o \u0142atwo\u015bci i sterylno\u015bci. Rozpocznij od dok\u0142adnego umycia r\u0105k i wyczyszczenia zewn\u0119trznej cz\u0119\u015bci ampu\u0142ki sterylnym wacikiem nas\u0105czonym alkoholem w celu wyeliminowania bakterii. Nast\u0119pnie otw\u00f3rz sterylne opakowanie strzykawki w czystym \u015brodowisku, aby unikn\u0105\u0107 zanieczyszczenia. Lekko poluzuj nasadk\u0119 ampu\u0142ki, aby zapobiec podci\u015bnieniu, a nast\u0119pnie w\u0142\u00f3\u017c ig\u0142\u0119 przez gumow\u0105 uszczelk\u0119, aby nape\u0142ni\u0107 strzykawk\u0119 kultur\u0105. Po nape\u0142nieniu strzykawka jest gotowa do zaszczepienia wybranego pod\u0142o\u017ca. Wstrzyknij kultur\u0119 do pod\u0142o\u017ca i przechowuj j\u0105 w temperaturze pokojowej. W ci\u0105gu kilku dni pojawi si\u0119 wzrost grzybni, sygnalizuj\u0105c udan\u0105 inokulacj\u0119. Ten proces, je\u015bli zostanie przeprowadzony ostro\u017cnie, zapewnia wysoki wska\u017anik sukcesu w por\u00f3wnaniu z tradycyjnymi metodami. Zawsze pracuj w czystym miejscu, aby zachowa\u0107 sterylno\u015b\u0107 i zmaksymalizowa\u0107 wyniki. Po zaszczepieniu nale\u017cy monitorowa\u0107 pod\u0142o\u017ce pod k\u0105tem sta\u0142ego rozwoju grzybni, co jest kluczem do uprawy silnych grzyb\u00f3w. Zarodniki grzyb\u00f3w Colombian Magic Mushroom rozwijaj\u0105 si\u0119 przy odpowiedniej piel\u0119gnacji, oferuj\u0105c satysfakcjonuj\u0105ce do\u015bwiadczenie uprawy dla tych, kt\u00f3rzy s\u0105 oddani precyzji i cierpliwo\u015bci w swojej psychodelicznej podr\u00f3\u017cy.<\/p>\n<h2 dir=\"ltr\">Sk\u0142adniki Colombian Magic Mushroom Spores<\/h2>\n<p dir=\"ltr\">Zarodniki grzyb\u00f3w Colombian Magic Mushroom s\u0105 wykonane z precyzyjnej mieszanki zapewniaj\u0105cej optymaln\u0105 upraw\u0119. Ka\u017cda ampu\u0142ka 5 ML zawiera grzybni\u0119 100%, aktywn\u0105 sie\u0107 grzyb\u00f3w niezb\u0119dn\u0105 do wzrostu grzyb\u00f3w. Jest ona po\u0142\u0105czona z wermikulitem, minera\u0142em, kt\u00f3ry zatrzymuje wilgo\u0107 i wspomaga ekspansj\u0119 grzybni, oraz perlitem, kt\u00f3ry poprawia napowietrzanie i zapobiega zag\u0119szczaniu pod\u0142o\u017ca. Sk\u0142adniki te s\u0105 produkowane w sterylnych warunkach, aby wyeliminowa\u0107 ryzyko zanieczyszczenia, zapewniaj\u0105c \u017cywotno\u015b\u0107 zarodnik\u00f3w do zaszczepienia. W przeciwie\u0144stwie do odcisk\u00f3w zarodnik\u00f3w lub strzykawek, konstrukcja ampu\u0142ki zapewnia gotow\u0105 do u\u017cycia kultur\u0119, upraszczaj\u0105c proces dla hodowc\u00f3w. Grzybnia jest sercem produktu, nap\u0119dzaj\u0105c silne efekty zwi\u0105zane z tym szczepem Cubensis. Wermikulit i perlit tworz\u0105 idealne \u015brodowisko dla sta\u0142ego wzrostu, dzi\u0119ki czemu produkt ten jest niezawodny zar\u00f3wno dla pocz\u0105tkuj\u0105cych, jak i do\u015bwiadczonych hodowc\u00f3w. Aby zachowa\u0107 jako\u015b\u0107, ampu\u0142k\u0119 nale\u017cy przechowywa\u0107 w ch\u0142odnym i ciemnym miejscu (2-8\u00b0C). To po\u0142\u0105czenie naturalnych i kontrolowanych element\u00f3w zapewnia, \u017ce zarodniki Colombian Magic Mushroom dostarczaj\u0105 wysokiej jako\u015bci do\u015bwiadczenia w uprawie, daj\u0105c grzyby znane ze swojej si\u0142y i wyj\u0105tkowych w\u0142a\u015bciwo\u015bci psychodelicznych.<\/p>\n<p dir=\"ltr\"><strong>Ostrze\u017cenie<\/strong><\/p>\n<p dir=\"ltr\">Przechowywa\u0107 Colombian Magic Mushroom Spores w miejscu niedost\u0119pnym dla dzieci i stosowa\u0107 w bezpiecznym, kontrolowanym \u015brodowisku, najlepiej w obecno\u015bci zaufanej osoby. Nie stosowa\u0107 u kobiet w ci\u0105\u017cy lub karmi\u0105cych piersi\u0105, poniewa\u017c skutki mog\u0105 by\u0107 nieprzewidywalne. Ten produkt upo\u015bledza zdolno\u015b\u0107 prowadzenia pojazd\u00f3w lub obs\u0142ugiwania maszyn. Unika\u0107 \u0142\u0105czenia z alkoholem, narkotykami lub lekami, poniewa\u017c interakcje mog\u0105 zwi\u0119ksza\u0107 ryzyko. Nie zaleca si\u0119 stosowania przez osoby poni\u017cej 18 roku \u017cycia. Podczas korzystania z produktu nale\u017cy zawsze stawia\u0107 na bezpiecze\u0144stwo i odpowiedzialno\u015b\u0107.<\/p>","protected":false},"excerpt":{"rendered":"<p dir=\"auto\">Zarodniki Colombian Magic Mushroom oferuj\u0105 silne i wyj\u0105tkowe doznania psychodeliczne. Pochodz\u0105ca z Kolumbii odmiana Cubensis, znana jako \"Colombian Rust\" ze wzgl\u0119du na \u017c\u00f3\u0142to-bia\u0142o-br\u0105zow\u0105 otoczk\u0119, zapewnia silniejszy trip ni\u017c wiele innych odmian. Idealny dla entuzjast\u00f3w poszukuj\u0105cych niezawodnego procesu uprawy z ampu\u0142k\u0105 Culture Ampoule do \u0142atwego zaszczepiania pod\u0142o\u017ca.<\/p>","protected":false},"featured_media":13593,"template":"","meta":[],"product_brand":[],"product_cat":[540,297,595,513,515,476],"product_tag":[662],"class_list":{"0":"post-8462","1":"product","2":"type-product","3":"status-publish","4":"has-post-thumbnail","6":"product_cat-magic-mushroom-spore-syringes","7":"product_cat-all-products","8":"product_cat-mcsmart","9":"product_cat-party","10":"product_cat-shroomshop","11":"product_cat-smartshop","12":"product_tag-shrdeal","13":"product_shipping_class-creditcard-off","15":"first","16":"instock","17":"taxable","18":"shipping-taxable","19":"purchasable","20":"product-type-variable","21":"has-default-attributes"},"_links":{"self":[{"href":"https:\/\/www.tatanka.nl\/pl\/wp-json\/wp\/v2\/product\/8462","targetHints":{"allow":["GET"]}}],"collection":[{"href":"https:\/\/www.tatanka.nl\/pl\/wp-json\/wp\/v2\/product"}],"about":[{"href":"https:\/\/www.tatanka.nl\/pl\/wp-json\/wp\/v2\/types\/product"}],"wp:featuredmedia":[{"embeddable":true,"href":"https:\/\/www.tatanka.nl\/pl\/wp-json\/wp\/v2\/media\/13593"}],"wp:attachment":[{"href":"https:\/\/www.tatanka.nl\/pl\/wp-json\/wp\/v2\/media?parent=8462"}],"wp:term":[{"taxonomy":"product_brand","embeddable":true,"href":"https:\/\/www.tatanka.nl\/pl\/wp-json\/wp\/v2\/product_brand?post=8462"},{"taxonomy":"product_cat","embeddable":true,"href":"https:\/\/www.tatanka.nl\/pl\/wp-json\/wp\/v2\/product_cat?post=8462"},{"taxonomy":"product_tag","embeddable":true,"href":"https:\/\/www.tatanka.nl\/pl\/wp-json\/wp\/v2\/product_tag?post=8462"}],"curies":[{"name":"wp","href":"https:\/\/api.w.org\/{rel}","templated":true}]}}