{"id":8468,"date":"2016-12-30T13:06:03","date_gmt":"2016-12-30T11:06:03","guid":{"rendered":"http:\/\/www.tatanka.nl\/?post_type=product&#038;p=8468"},"modified":"2025-10-16T07:57:35","modified_gmt":"2025-10-16T06:57:35","slug":"ecuadorian-mushroom-spore-10-ml","status":"publish","type":"product","link":"https:\/\/www.tatanka.nl\/pl\/ecuadorian-mushroom-spore-10-ml\/","title":{"rendered":"Ecuadorian Zarodnik grzyba"},"content":{"rendered":"<h2>Czym s\u0105 zarodniki grzyba Ecuadorian Magic Mushroom?<\/h2>\n<p>Zarodniki Ecuadorian Magic Mushroom to popularna odmiana Psilocybe cubensis, ceniona za odporno\u015b\u0107 i \u0142atwo\u015b\u0107 uprawy. Pochodz\u0105ca z surowych And\u00f3w odmiana ta rozwija si\u0119 w trudnych warunkach, dzi\u0119ki czemu jest idealna dla pocz\u0105tkuj\u0105cych hodowc\u00f3w. W przeciwie\u0144stwie do tradycyjnych odcisk\u00f3w zarodnik\u00f3w lub strzykawek, ampu\u0142ka Culture Ampoule zawiera gotow\u0105 do u\u017cycia kultur\u0119, minimalizuj\u0105c ryzyko zanieczyszczenia i upraszczaj\u0105c proces uprawy. Zarodniki wytwarzaj\u0105 siln\u0105 grzybni\u0119, widoczn\u0105 w ci\u0105gu kilku dni od zaszczepienia, obiecuj\u0105c satysfakcjonuj\u0105ce do\u015bwiadczenie w uprawie. Zarodniki te s\u0105 idealne dla os\u00f3b poszukuj\u0105cych niezawodnej i wyj\u0105tkowej psychodelicznej podr\u00f3\u017cy, oferuj\u0105c sp\u00f3jne wyniki przy minimalnym wysi\u0142ku. Odpowiednio przechowywane, zachowuj\u0105 \u017cywotno\u015b\u0107 przez d\u0142u\u017cszy czas, zapewniaj\u0105c jako\u015b\u0107 i wydajno\u015b\u0107. Sk\u0142adaj\u0105ca si\u0119 z grzybni 100%, wermikulitu i perlitu ampu\u0142ka 5 ML Culture Ampoule zosta\u0142a zaprojektowana z my\u015bl\u0105 o wydajno\u015bci i sukcesie, zaspokajaj\u0105c potrzeby entuzjast\u00f3w, kt\u00f3rzy ceni\u0105 sobie zar\u00f3wno prostot\u0119, jak i moc w swoich przedsi\u0119wzi\u0119ciach uprawowych. Niezale\u017cnie od tego, czy jeste\u015b nowicjuszem w mikologii, czy do\u015bwiadczonym hodowc\u0105, ta odmiana stanowi przyst\u0119pny punkt wej\u015bcia do fascynuj\u0105cego \u015bwiata magicznych grzyb\u00f3w, zapewniaj\u0105c niezapomniane i \u017cywe wra\u017cenia.<\/p>\n<h2>Historia magicznych zarodnik\u00f3w grzyb\u00f3w Ecuadorian<\/h2>\n<p>Historia zarodnik\u00f3w grzyba Ecuadorian Magic Mushroom si\u0119ga wysoko po\u0142o\u017conych region\u00f3w And\u00f3w w Ekwadorze, gdzie rdzenne spo\u0142eczno\u015bci od dawna czcz\u0105 grzyby psychodeliczne w praktykach duchowych i kulturowych. Odkryta w erze nowo\u017cytnej przez mykolog\u00f3w badaj\u0105cych grzyby Ameryki Po\u0142udniowej, ta odmiana Psilocybe cubensis zyska\u0142a rozg\u0142os dzi\u0119ki swojej zdolno\u015bci adaptacyjnej i wybaczaj\u0105cej naturze. Jego zdolno\u015b\u0107 do wzrostu w zr\u00f3\u017cnicowanych warunkach, od klimatu g\u00f3rskiego po kontrolowane ustawienia wewn\u0119trzne, uczyni\u0142a go ulubionym w\u015br\u00f3d hodowc\u00f3w na ca\u0142ym \u015bwiecie. Opracowanie ampu\u0142ki Culture Ampoule stanowi\u0142o znacz\u0105cy post\u0119p, oferuj\u0105c steryln\u0105, przyjazn\u0105 dla u\u017cytkownika alternatyw\u0119 dla tradycyjnych metod dostarczania zarodnik\u00f3w. Innowacja ta zmniejszy\u0142a ryzyko zanieczyszczenia, zwi\u0119kszaj\u0105c atrakcyjno\u015b\u0107 szczepu zar\u00f3wno dla pocz\u0105tkuj\u0105cych, jak i do\u015bwiadczonych hodowc\u00f3w. Z biegiem czasu reputacja szczepu w zakresie produkcji silnej, efektownej wizualnie grzybni ugruntowa\u0142a jego miejsce w globalnej spo\u0142eczno\u015bci mikologicznej. Jej nieprzemijaj\u0105ca popularno\u015b\u0107 odzwierciedla po\u0142\u0105czenie historycznego szacunku i nowoczesnych technik uprawy, \u0142\u0105cz\u0105c staro\u017cytne tradycje ze wsp\u00f3\u0142czesnymi psychodelicznymi poszukiwaniami. Dzi\u015b zarodniki te pozostaj\u0105 symbolem odporno\u015bci i dost\u0119pno\u015bci, zach\u0119caj\u0105c u\u017cytkownik\u00f3w do \u0142\u0105czenia si\u0119 z bogatym dziedzictwem, jednocze\u015bnie odkrywaj\u0105c cuda mikologii w bezpieczny i kontrolowany spos\u00f3b.<\/p>\n<h2>Jak korzysta\u0107 z Ecuadorian Magic Mushroom Spores<\/h2>\n<p>Korzystanie z Ecuadorian Magic Mushroom Spores jest proste dzi\u0119ki innowacyjnej konstrukcji ampu\u0142ki hodowlanej. Rozpocznij od dok\u0142adnego umycia r\u0105k i wyczyszczenia zewn\u0119trznej cz\u0119\u015bci ampu\u0142ki sterylnym wacikiem nas\u0105czonym alkoholem w celu wyeliminowania bakterii. Nast\u0119pnie ostro\u017cnie otw\u00f3rz sterylne opakowanie strzykawki w czystym \u015brodowisku, aby unikn\u0105\u0107 zanieczyszczenia. Lekko poluzuj nasadk\u0119 ampu\u0142ki, aby zapobiec powstawaniu pr\u00f3\u017cni, a nast\u0119pnie w\u0142\u00f3\u017c ig\u0142\u0119 strzykawki przez gumow\u0105 uszczelk\u0119, aby pobra\u0107 5 ML kultury. Po nape\u0142nieniu strzykawka jest gotowa do zaszczepienia wybranego pod\u0142o\u017ca. Zastosuj kultur\u0119 do pod\u0142o\u017ca i utrzymuj j\u0105 w temperaturze pokojowej, pozwalaj\u0105c grzybni rozwin\u0105\u0107 si\u0119 w ci\u0105gu kilku dni. Proces zosta\u0142 zaprojektowany z my\u015bl\u0105 o prostocie, dzi\u0119ki czemu nawet pocz\u0105tkuj\u0105cy mog\u0105 osi\u0105gn\u0105\u0107 udany wzrost przy minimalnym ryzyku. Niewykorzystane zarodniki nale\u017cy przechowywa\u0107 w ciemnym, ch\u0142odnym miejscu (2-8\u00b0C), aby zachowa\u0107 ich \u017cywotno\u015b\u0107. Zawsze pracuj w czystym miejscu, aby zachowa\u0107 sterylno\u015b\u0107 i post\u0119puj zgodnie z ka\u017cdym krokiem, aby zmaksymalizowa\u0107 wyniki. Metoda ta oferuje niezawodny spos\u00f3b uprawy \u017cywej grzybni, zapewniaj\u0105c u\u017cytkownikom wyj\u0105tkowe wra\u017cenia. Przy odpowiedniej piel\u0119gnacji proces ten jest zar\u00f3wno satysfakcjonuj\u0105cy, jak i wydajny, co czyni go doskona\u0142ym wyborem dla tych, kt\u00f3rzy chc\u0105 odkrywa\u0107 mikologi\u0119 w domu.<\/p>\n<h2>Sk\u0142adniki Ecuadorian Magic Mushroom Spores<\/h2>\n<p>Sk\u0142ad Ecuadorian Magic Mushroom Spores zosta\u0142 starannie opracowany pod k\u0105tem optymalnego wzrostu i \u0142atwo\u015bci u\u017cycia. Ka\u017cda ampu\u0142ka 5 ML zawiera 100% grzybni, aktywnej sieci grzyb\u00f3w, kt\u00f3ra nap\u0119dza rozw\u00f3j grzyb\u00f3w, zapewniaj\u0105c solidn\u0105 i szybk\u0105 kolonizacj\u0119 pod\u0142o\u017ca. Wermikulit, minera\u0142 znany ze swoich w\u0142a\u015bciwo\u015bci zatrzymywania wilgoci, jest zawarty w celu stworzenia idealnego \u015brodowiska dla wzrostu grzybni, utrzymania nawodnienia i wspierania zdrowego rozwoju. Perlit, kolejny kluczowy sk\u0142adnik, poprawia napowietrzanie i drena\u017c, zapobiegaj\u0105c zag\u0119szczaniu pod\u0142o\u017ca i promuj\u0105c silne rozprzestrzenianie si\u0119 grzybni. To po\u0142\u0105czenie grzybni, wermikulitu i perlitu jest produkowane w sterylnych warunkach w celu wyeliminowania zanieczyszcze\u0144, co gwarantuje wysok\u0105 jako\u015b\u0107 produktu. Brak dodatkowych chemikali\u00f3w lub dodatk\u00f3w zapewnia czysty i naturalny proces uprawy, zgodny z preferencjami entuzjast\u00f3w mikologii, kt\u00f3rzy stawiaj\u0105 na autentyczno\u015b\u0107. Zaprojektowane z my\u015bl\u0105 o wydajno\u015bci, sk\u0142adniki te dzia\u0142aj\u0105 synergicznie, aby upro\u015bci\u0107 upraw\u0119, jednocze\u015bnie maksymalizuj\u0105c potencja\u0142 szczepu. Rezultatem jest niezawodny, przyjazny dla pocz\u0105tkuj\u0105cych produkt, kt\u00f3ry zapewnia sp\u00f3jne wyniki, co czyni go zaufanym wyborem dla tych, kt\u00f3rzy chc\u0105 uprawia\u0107 w\u0142asne magiczne grzyby z pewno\u015bci\u0105 i sukcesem.<\/p>\n<p><strong>Ostrze\u017cenie<\/strong><br \/>\nPrzechowywa\u0107 Ecuadorian Magic Mushroom Spores w miejscu niedost\u0119pnym dla dzieci. U\u017cywaj tego produktu w bezpiecznym, zamkni\u0119tym pomieszczeniu z zaufan\u0105 osob\u0105 towarzysz\u0105c\u0105, kt\u00f3ra pomo\u017ce Ci podczas do\u015bwiadczenia. Nie u\u017cywa\u0107 w ci\u0105\u017cy lub podczas karmienia piersi\u0105, poniewa\u017c mo\u017ce to stanowi\u0107 zagro\u017cenie dla zdrowia. Ten produkt upo\u015bledza zdolno\u015b\u0107 prowadzenia pojazd\u00f3w lub obs\u0142ugiwania maszyn. Unikaj \u0142\u0105czenia go z alkoholem, narkotykami lub lekami, poniewa\u017c interakcje mog\u0105 wzmacnia\u0107 efekty lub powodowa\u0107 dzia\u0142ania niepo\u017c\u0105dane. Produkt nie jest zalecany dla os\u00f3b poni\u017cej 18 roku \u017cycia.<\/p>","protected":false},"excerpt":{"rendered":"<p dir=\"auto\">Zarodniki grzyb\u00f3w Ecuadorian Magic Mushroom Spores oferuj\u0105 unikalny i wybaczaj\u0105cy szczep dla pocz\u0105tkuj\u0105cych, pochodz\u0105cy z wysokich And\u00f3w. Dzi\u0119ki ampu\u0142ce hodowlanej u\u0142atwiaj\u0105cej zaszczepienie pod\u0142o\u017ca, zarodniki te zapewniaj\u0105 do\u015bwiadczenie wolne od zanieczyszcze\u0144, zapewniaj\u0105c niezwyk\u0142\u0105 podr\u00f3\u017c z \u017cywym wzrostem grzybni.<\/p>","protected":false},"featured_media":13582,"template":"","meta":[],"product_brand":[],"product_cat":[540,297,595,513,515,476],"product_tag":[662],"class_list":{"0":"post-8468","1":"product","2":"type-product","3":"status-publish","4":"has-post-thumbnail","6":"product_cat-magic-mushroom-spore-syringes","7":"product_cat-all-products","8":"product_cat-mcsmart","9":"product_cat-party","10":"product_cat-shroomshop","11":"product_cat-smartshop","12":"product_tag-shrdeal","13":"product_shipping_class-creditcard-off","15":"first","16":"instock","17":"taxable","18":"shipping-taxable","19":"purchasable","20":"product-type-variable","21":"has-default-attributes"},"_links":{"self":[{"href":"https:\/\/www.tatanka.nl\/pl\/wp-json\/wp\/v2\/product\/8468","targetHints":{"allow":["GET"]}}],"collection":[{"href":"https:\/\/www.tatanka.nl\/pl\/wp-json\/wp\/v2\/product"}],"about":[{"href":"https:\/\/www.tatanka.nl\/pl\/wp-json\/wp\/v2\/types\/product"}],"wp:featuredmedia":[{"embeddable":true,"href":"https:\/\/www.tatanka.nl\/pl\/wp-json\/wp\/v2\/media\/13582"}],"wp:attachment":[{"href":"https:\/\/www.tatanka.nl\/pl\/wp-json\/wp\/v2\/media?parent=8468"}],"wp:term":[{"taxonomy":"product_brand","embeddable":true,"href":"https:\/\/www.tatanka.nl\/pl\/wp-json\/wp\/v2\/product_brand?post=8468"},{"taxonomy":"product_cat","embeddable":true,"href":"https:\/\/www.tatanka.nl\/pl\/wp-json\/wp\/v2\/product_cat?post=8468"},{"taxonomy":"product_tag","embeddable":true,"href":"https:\/\/www.tatanka.nl\/pl\/wp-json\/wp\/v2\/product_tag?post=8468"}],"curies":[{"name":"wp","href":"https:\/\/api.w.org\/{rel}","templated":true}]}}