{"id":8470,"date":"2016-12-30T13:09:02","date_gmt":"2016-12-30T11:09:02","guid":{"rendered":"http:\/\/www.tatanka.nl\/?post_type=product&#038;p=8470"},"modified":"2026-04-29T12:48:28","modified_gmt":"2026-04-29T11:48:28","slug":"cambodian-mushroom-spore-10-ml","status":"publish","type":"product","link":"https:\/\/www.tatanka.nl\/pl\/cambodian-mushroom-spore-10-ml\/","title":{"rendered":"Cambodian Zarodnik grzyba"},"content":{"rendered":"<h2>Czym s\u0105 zarodniki grzyba Cambodian Magic Mushroom?<\/h2>\n<p>Zarodniki grzyb\u00f3w Cambodian Magic Mushroom to produkt premium przeznaczony dla os\u00f3b zainteresowanych upraw\u0105 w\u0142asnych grzyb\u00f3w psilocybe. Pochodz\u0105ce z Kambod\u017cy zarodniki dostarczane s\u0105 w sterylnej ampu\u0142ce Culture Ampoule, kt\u00f3ra zawiera gotow\u0105 do u\u017cycia kultur\u0119 do zaszczepiania pod\u0142o\u017cy. W przeciwie\u0144stwie do tradycyjnych odcisk\u00f3w zarodnik\u00f3w lub strzykawek, ampu\u0142ka Culture Ampoule minimalizuje ryzyko zanieczyszczenia, dzi\u0119ki czemu jest idealna zar\u00f3wno dla pocz\u0105tkuj\u0105cych, jak i do\u015bwiadczonych hodowc\u00f3w. Zarodniki pochodz\u0105 ze szczepu Cambodia Cubensis, znanego z dostarczania wci\u0105gaj\u0105cych i wyj\u0105tkowych wra\u017ce\u0144. Dzi\u0119ki kompozycji grzybni 100%, wermikulitu i perlitu, ten 5 ML produkt zapewnia silny wzrost przy prawid\u0142owej uprawie. Przechowywane w odpowiednich warunkach, takich jak ciemno\u015b\u0107 i ch\u0142odzenie (2-8\u00b0C), zarodniki te zachowuj\u0105 \u017cywotno\u015b\u0107 przez d\u0142u\u017cszy czas. Produkt ten jest dostosowany do uprawy domowej, oferuj\u0105c kontrolowany i satysfakcjonuj\u0105cy proces. Post\u0119puj\u0105c zgodnie z dostarczonymi instrukcjami, u\u017cytkownicy mog\u0105 obserwowa\u0107 rozw\u00f3j grzybni w ci\u0105gu kilku dni, przygotowuj\u0105c grunt pod fascynuj\u0105c\u0105 podr\u00f3\u017c do \u015bwiata mikologii.<\/p>\n<h2>Historia magicznych zarodnik\u00f3w grzyb\u00f3w Cambodian<\/h2>\n<p>Historia Cambodian Magic Mushroom Spores zaczyna si\u0119 od mikologa Johna Allena, kt\u00f3ry odkry\u0142 szczep Cambodia Cubensis podczas filmowania grzyb\u00f3w psilocybe w Kambod\u017cy. Jego praca w regionie podkre\u015bli\u0142a unikalne cechy tego szczepu, kt\u00f3ry szybko zyska\u0142 popularno\u015b\u0107 w\u015br\u00f3d hodowc\u00f3w ze wzgl\u0119du na swoj\u0105 odporno\u015b\u0107 i \u017cywe efekty. Od tego czasu zarodniki zosta\u0142y udoskonalone do formatu przyjaznego dla u\u017cytkownika, a wprowadzenie ampu\u0142ki Culture Ampoule zrewolucjonizowa\u0142o proces uprawy. Innowacja ta zast\u0105pi\u0142a mniej niezawodne metody, takie jak odciski zarodnik\u00f3w, oferuj\u0105c sterylny i wydajny spos\u00f3b uprawy grzyb\u00f3w. Szczep Cambodia Cubensis sta\u0142 si\u0119 podstaw\u0105 mikologii ze wzgl\u0119du na jego zdolno\u015b\u0107 adaptacji i sp\u00f3jne wyniki. Jego pochodzenie z bujnych, tropikalnych krajobraz\u00f3w Kambod\u017cy dodaje egzotycznego uroku, czyni\u0105c go ulubionym w\u015br\u00f3d entuzjast\u00f3w. Obecnie zarodniki te stanowi\u0105 po\u0142\u0105czenie naturalnego dziedzictwa i nowoczesnych technik uprawy, umo\u017cliwiaj\u0105c u\u017cytkownikom odkrywanie kawa\u0142ka historii mikologii we w\u0142asnym domu. Rozw\u00f3j produktu odzwierciedla lata do\u015bwiadczenia, zapewniaj\u0105c, \u017ce ka\u017cda fiolka zapewnia potencja\u0142 udanej i satysfakcjonuj\u0105cej uprawy.<\/p>\n<h2>Jak korzysta\u0107 z Cambodian Magic Mushroom Spores<\/h2>\n<p>Korzystanie z Cambodian Magic Mushroom Spores jest proste dzi\u0119ki dostarczonej ampu\u0142ce hodowlanej. Rozpocznij od dok\u0142adnego umycia r\u0105k i wyczyszczenia zewn\u0119trznej cz\u0119\u015bci ampu\u0142ki sterylnym wacikiem nas\u0105czonym alkoholem w celu wyeliminowania bakterii. Nast\u0119pnie otw\u00f3rz sterylne opakowanie strzykawki w czystym \u015brodowisku, aby unikn\u0105\u0107 zanieczyszczenia. Lekko poluzuj nasadk\u0119 ampu\u0142ki, aby zapobiec powstawaniu pr\u00f3\u017cni, a nast\u0119pnie w\u0142\u00f3\u017c ig\u0142\u0119 strzykawki przez gumow\u0105 uszczelk\u0119, aby pobra\u0107 kultur\u0119. Po nape\u0142nieniu strzykawka jest gotowa do zaszczepienia wybranego pod\u0142o\u017ca. Rozprowad\u017a kultur\u0119 r\u00f3wnomiernie i przechowuj pod\u0142o\u017ce w temperaturze pokojowej. W ci\u0105gu kilku dni widoczny wzrost grzybni wskazuje na sukces. Aby uzyska\u0107 optymalne wyniki, nale\u017cy utrzymywa\u0107 czysto\u015b\u0107 w miejscu pracy i uwa\u017cnie wykonywa\u0107 ka\u017cdy krok. Proces zosta\u0142 zaprojektowany z my\u015bl\u0105 o \u0142atwo\u015bci, dzi\u0119ki czemu nawet nowicjusze mog\u0105 osi\u0105gn\u0105\u0107 imponuj\u0105ce wyniki. Po zaszczepieniu, cierpliwo\u015b\u0107 jest kluczowa, poniewa\u017c grzybnia rozwija si\u0119, toruj\u0105c drog\u0119 do owocnej uprawy. Zawsze upewnij si\u0119, \u017ce pod\u0142o\u017ce i \u015brodowisko s\u0105 odpowiednie do wzrostu, poniewa\u017c ma to znacz\u0105cy wp\u0142yw na wynik. Przestrzegaj\u0105c tych krok\u00f3w, u\u017cytkownicy mog\u0105 bez obaw uprawia\u0107 w\u0142asne grzyby, uwalniaj\u0105c pe\u0142ny potencja\u0142 tego niezwyk\u0142ego produktu.<\/p>\n<h2>Sk\u0142adniki Cambodian Magic Mushroom Spores<\/h2>\n<p>Cambodian Magic Mushroom Spores sk\u0142ada si\u0119 z grzybni 100%, wermikulitu i perlitu, starannie po\u0142\u0105czonych w celu wsparcia solidnej uprawy grzyb\u00f3w. Grzybnia stanowi rdze\u0144 kultury, zapewniaj\u0105c \u017cywy fundament dla wzrostu grzyb\u00f3w. Wermikulit, minera\u0142 znany ze swoich w\u0142a\u015bciwo\u015bci zatrzymywania wody i napowietrzania, tworzy idealne \u015brodowisko dla rozwoju grzybni. Perlit uzupe\u0142nia to, poprawiaj\u0105c drena\u017c i utrzymuj\u0105c lekko\u015b\u0107 pod\u0142o\u017ca, zapewniaj\u0105c optymalne warunki do rozwoju. Ka\u017cda ampu\u0142ka 5 ML Culture Ampoule jest produkowana w sterylnych warunkach, aby zagwarantowa\u0107 czysto\u015b\u0107 i skuteczno\u015b\u0107. Sk\u0142adniki te zosta\u0142y wybrane ze wzgl\u0119du na ich kompatybilno\u015b\u0107 ze szczepem Cambodia Cubensis, promuj\u0105c sta\u0142y i zdrowy wzrost grzybni. Brak dodatk\u00f3w i wype\u0142niaczy gwarantuje, \u017ce u\u017cytkownicy otrzymuj\u0105 produkt wysokiej jako\u015bci, skoncentrowany wy\u0142\u0105cznie na sukcesie uprawy. Aby zachowa\u0107 integralno\u015b\u0107 tych sk\u0142adnik\u00f3w, zarodniki nale\u017cy przechowywa\u0107 w ciemnym, ch\u0142odnym miejscu (2-8\u00b0C). To po\u0142\u0105czenie naturalnych i uprawianych element\u00f3w sprawia, \u017ce produkt jest zar\u00f3wno niezawodny, jak i wydajny, oferuj\u0105c solidne podstawy dla tych, kt\u00f3rzy chc\u0105 odkrywa\u0107 sztuk\u0119 uprawy grzyb\u00f3w z pewno\u015bci\u0105 i \u0142atwo\u015bci\u0105.<\/p>\n<p><strong>Ostrze\u017cenie<\/strong><br \/>\nPrzechowuj Cambodian Magic Mushroom Spores poza zasi\u0119giem dzieci i u\u017cywaj ich w bezpiecznym, kontrolowanym \u015brodowisku, takim jak dom, w obecno\u015bci zaufanej osoby. Ten produkt nie jest odpowiedni dla kobiet w ci\u0105\u017cy lub karmi\u0105cych piersi\u0105, poniewa\u017c mo\u017ce stanowi\u0107 zagro\u017cenie dla zdrowia. U\u017cycie mo\u017ce upo\u015bledza\u0107 zdolno\u015b\u0107 prowadzenia pojazd\u00f3w lub obs\u0142ugiwania maszyn. Nie zaleca si\u0119 \u0142\u0105czenia tych zarodnik\u00f3w z alkoholem, narkotykami lub lekami ze wzgl\u0119du na potencjalne skutki uboczne. Produkt nie jest przeznaczony dla os\u00f3b poni\u017cej 18 roku \u017cycia. Zarodniki nale\u017cy zawsze przechowywa\u0107 we w\u0142a\u015bciwy spos\u00f3b i post\u0119powa\u0107 zgodnie z instrukcjami dotycz\u0105cymi uprawy, aby zapewni\u0107 bezpieczne obchodzenie si\u0119 z nimi.<\/p>","protected":false},"excerpt":{"rendered":"<p>Odkryj urzekaj\u0105cy \u015bwiat Cambodian Magic Mushroom Spores, idealny dla entuzjast\u00f3w poszukuj\u0105cych wyj\u0105tkowych i \u017cywych dozna\u0144. Pochodz\u0105ce z Kambod\u017cy zarodniki oferuj\u0105 niezawodn\u0105 upraw\u0119 ze steryln\u0105 ampu\u0142k\u0105 hodowlan\u0105, zapewniaj\u0105c wolny od zanieczyszcze\u0144 proces uprawy w\u0142asnych magicznych grzyb\u00f3w.<\/p>","protected":false},"featured_media":13597,"template":"","meta":[],"product_brand":[],"product_cat":[540,297,595,513,515,476],"product_tag":[662],"class_list":{"0":"post-8470","1":"product","2":"type-product","3":"status-publish","4":"has-post-thumbnail","6":"product_cat-magic-mushroom-spore-syringes","7":"product_cat-all-products","8":"product_cat-mcsmart","9":"product_cat-party","10":"product_cat-shroomshop","11":"product_cat-smartshop","12":"product_tag-shrdeal","13":"product_shipping_class-creditcard-off","15":"first","16":"instock","17":"taxable","18":"shipping-taxable","19":"purchasable","20":"product-type-variable","21":"has-default-attributes"},"_links":{"self":[{"href":"https:\/\/www.tatanka.nl\/pl\/wp-json\/wp\/v2\/product\/8470","targetHints":{"allow":["GET"]}}],"collection":[{"href":"https:\/\/www.tatanka.nl\/pl\/wp-json\/wp\/v2\/product"}],"about":[{"href":"https:\/\/www.tatanka.nl\/pl\/wp-json\/wp\/v2\/types\/product"}],"wp:featuredmedia":[{"embeddable":true,"href":"https:\/\/www.tatanka.nl\/pl\/wp-json\/wp\/v2\/media\/13597"}],"wp:attachment":[{"href":"https:\/\/www.tatanka.nl\/pl\/wp-json\/wp\/v2\/media?parent=8470"}],"wp:term":[{"taxonomy":"product_brand","embeddable":true,"href":"https:\/\/www.tatanka.nl\/pl\/wp-json\/wp\/v2\/product_brand?post=8470"},{"taxonomy":"product_cat","embeddable":true,"href":"https:\/\/www.tatanka.nl\/pl\/wp-json\/wp\/v2\/product_cat?post=8470"},{"taxonomy":"product_tag","embeddable":true,"href":"https:\/\/www.tatanka.nl\/pl\/wp-json\/wp\/v2\/product_tag?post=8470"}],"curies":[{"name":"wp","href":"https:\/\/api.w.org\/{rel}","templated":true}]}}