{"id":8476,"date":"2016-12-30T13:29:10","date_gmt":"2016-12-30T11:29:10","guid":{"rendered":"http:\/\/www.tatanka.nl\/?post_type=product&#038;p=8476"},"modified":"2025-10-16T07:57:33","modified_gmt":"2025-10-16T06:57:33","slug":"mckennaii-mushroom-spore-10-ml","status":"publish","type":"product","link":"https:\/\/www.tatanka.nl\/pl\/mckennaii-mushroom-spore-10-ml\/","title":{"rendered":"McKennaii Zarodnik grzyba"},"content":{"rendered":"<h2>Czym s\u0105 zarodniki grzyba McKennaii Magic Mushroom?<\/h2>\n<p>Zarodniki grzyba McKennaii Magic Mushroom, pochodz\u0105ce ze szczepu Psilocybe Cubensis, s\u0142yn\u0105 z wyj\u0105tkowej mocy, przewy\u017cszaj\u0105cej nawet mocny szczep Hawaiian. Nazwana na cze\u015b\u0107 Terence'a McKena, kluczowej postaci w ruchu psychodelicznym, odmiana ta jest szanowana za dostarczanie intensywnych i transformuj\u0105cych do\u015bwiadcze\u0144. W przeciwie\u0144stwie do tradycyjnych odcisk\u00f3w zarodnik\u00f3w lub strzykawek, ampu\u0142ka Culture Ampoule zawiera gotow\u0105 do u\u017cycia kultur\u0119, upraszczaj\u0105c proces uprawy. Sterylna konstrukcja ampu\u0142ki minimalizuje ryzyko zanieczyszczenia, dzi\u0119ki czemu jest idealna zar\u00f3wno dla pocz\u0105tkuj\u0105cych, jak i do\u015bwiadczonych hodowc\u00f3w. Zaszczepiaj\u0105c pod\u0142o\u017ce tymi zarodnikami, u\u017cytkownicy mog\u0105 uprawia\u0107 grzyby, kt\u00f3re wytwarzaj\u0105 \u017cywe, introspektywne podr\u00f3\u017ce. Zarodniki s\u0105 wytwarzane w rygorystycznych sterylnych warunkach, zapewniaj\u0105c jako\u015b\u0107 i niezawodno\u015b\u0107. Odpowiednio przechowywane, zachowuj\u0105 \u017cywotno\u015b\u0107 przez d\u0142u\u017cszy czas. Produkt ten przemawia do os\u00f3b zafascynowanych mykologi\u0105 i eksploracj\u0105 \u015bwiadomo\u015bci, oferuj\u0105c bram\u0119 do g\u0142\u0119bokich psychodelicznych podr\u00f3\u017cy. Dzi\u0119ki kompozycji grzybni 100%, wermikulitu i perlitu, odmiana McKennaii wyr\u00f3\u017cnia si\u0119 si\u0142\u0105 i konsystencj\u0105, obiecuj\u0105c wyj\u0105tkowe doznania dla tych, kt\u00f3rzy uprawiaj\u0105 i konsumuj\u0105 j\u0105 w spos\u00f3b odpowiedzialny.<\/p>\n<h2>Historia magicznych zarodnik\u00f3w grzyb\u00f3w McKennaii<\/h2>\n<p>Zarodniki grzyba Magic Mushroom McKennaii wywodz\u0105 si\u0119 z rodziny Psilocybe Cubensis, a ten konkretny szczep zosta\u0142 opracowany w celu uhonorowania Terence'a McKeny, wizjonerskiego or\u0119downika psychodelik\u00f3w. Nauki McKeny na temat \u015bwiadomo\u015bci i duchowego potencja\u0142u psilocybiny zainspirowa\u0142y stworzenie tej silnej odmiany. Powsta\u0142y pod koniec XX wieku szczep McKennaii szybko zyska\u0142 popularno\u015b\u0107 w\u015br\u00f3d hodowc\u00f3w ze wzgl\u0119du na swoj\u0105 odporno\u015b\u0107 i intensywne efekty. W przeciwie\u0144stwie do swojego odpowiednika Hawaiian, okaza\u0142a si\u0119 trudniejsza w uprawie, ale jej doskona\u0142a moc sprawi\u0142a, \u017ce sta\u0142a si\u0119 ulubie\u0144cem entuzjast\u00f3w. Opracowanie ampu\u0142ki Culture Ampoule oznacza\u0142o znacz\u0105cy post\u0119p, oferuj\u0105c steryln\u0105, przyjazn\u0105 dla u\u017cytkownika metod\u0119 uprawy tych zarodnik\u00f3w. Innowacja ta zmniejszy\u0142a ryzyko zanieczyszczenia, rewolucjonizuj\u0105c domow\u0105 upraw\u0119. Historia szczepu odzwierciedla po\u0142\u0105czenie post\u0119pu naukowego i kulturowego szacunku dla psychodelik\u00f3w, zakorzenionego w dziedzictwie McKeny. Dzi\u015b zarodniki McKennaii Magic Mushroom s\u0105 cenione za swoj\u0105 niezawodno\u015b\u0107 i wytrzyma\u0142o\u015b\u0107, przyci\u0105gaj\u0105c globaln\u0105 spo\u0142eczno\u015b\u0107 entuzjast\u00f3w mikologii. Ich historia podkre\u015bla rosn\u0105c\u0105 akceptacj\u0119 psychodelik\u00f3w jako narz\u0119dzi do osobistej eksploracji, \u0142\u0105cz\u0105c tradycyjn\u0105 wiedz\u0119 z nowoczesnymi technikami uprawy i nadal inspiruj\u0105c tych, kt\u00f3rzy szukaj\u0105 g\u0142\u0119bszego zrozumienia siebie.<\/p>\n<h2>Jak korzysta\u0107 z McKennaii Magic Mushroom Spores<\/h2>\n<p>Korzystanie z McKennaii Magic Mushroom Spores jest proste dzi\u0119ki dostarczonej ampu\u0142ce hodowlanej, zaprojektowanej z my\u015bl\u0105 o \u0142atwo\u015bci i sterylno\u015bci. Rozpocznij od dok\u0142adnego umycia r\u0105k i wyczyszczenia zewn\u0119trznej cz\u0119\u015bci ampu\u0142ki sterylnym wacikiem nas\u0105czonym alkoholem w celu wyeliminowania bakterii. Otw\u00f3rz sterylne opakowanie strzykawki w czystym \u015brodowisku, aby unikn\u0105\u0107 zanieczyszczenia. Lekko poluzuj nasadk\u0119 ampu\u0142ki, aby zapobiec powstawaniu pr\u00f3\u017cni, a nast\u0119pnie w\u0142\u00f3\u017c ig\u0142\u0119 strzykawki przez gumow\u0105 uszczelk\u0119, aby pobra\u0107 kultur\u0119. Po nape\u0142nieniu strzykawka jest gotowa do zaszczepienia wybranego pod\u0142o\u017ca. Na\u0142\u00f3\u017c kultur\u0119 na pod\u0142o\u017ce i przechowuj j\u0105 w temperaturze pokojowej. W ci\u0105gu kilku dni widoczny wzrost grzybni wskazuje na udan\u0105 inokulacj\u0119. Cierpliwo\u015b\u0107 jest kluczowa, poniewa\u017c grzybnia rozwija si\u0119 w dojrza\u0142e grzyby. Upewnij si\u0119, \u017ce ca\u0142y sprz\u0119t pozostaje sterylny przez ca\u0142y proces, aby zmaksymalizowa\u0107 sukces. Upraw\u0119 nale\u017cy prowadzi\u0107 w kontrolowanej, czystej przestrzeni, aby unikn\u0105\u0107 zewn\u0119trznych zanieczyszcze\u0144. Metoda ta, wykorzystuj\u0105ca wst\u0119pnie przygotowan\u0105 kultur\u0119 ampu\u0142ki, upraszcza upraw\u0119 w por\u00f3wnaniu z tradycyjnymi odciskami zarodnik\u00f3w. Proces ten umo\u017cliwia u\u017cytkownikom bezpieczn\u0105 upraw\u0119 silnych grzyb\u00f3w, oferuj\u0105c satysfakcjonuj\u0105ce do\u015bwiadczenie dla os\u00f3b odkrywaj\u0105cych mikologi\u0119. Zawsze nale\u017cy obchodzi\u0107 si\u0119 z nimi ostro\u017cnie, dok\u0142adnie wykonuj\u0105c ka\u017cdy krok, aby osi\u0105gn\u0105\u0107 optymalne wyniki i \u017cywe psychodeliczne zbiory.<\/p>\n<h2>Sk\u0142adniki McKennaii Magic Mushroom Spores<\/h2>\n<p>McKennaii Magic Mushroom Spores sk\u0142adaj\u0105 si\u0119 z precyzyjnej mieszanki zaprojektowanej z my\u015bl\u0105 o skutecznej uprawie. Ampu\u0142ka hodowlana zawiera grzybni\u0119 100%, sie\u0107 grzyb\u00f3w niezb\u0119dn\u0105 do wzrostu grzyb\u00f3w, zapewniaj\u0105c siln\u0105 podstaw\u0119 do rozwoju. Wermikulit, minera\u0142, kt\u00f3ry zatrzymuje wilgo\u0107 i wspomaga napowietrzanie, wspiera ekspansj\u0119 grzybni w pod\u0142o\u017cu. Perlit, kolejny kluczowy sk\u0142adnik, poprawia drena\u017c i utrzymuje optymaln\u0105 wilgotno\u015b\u0107, tworz\u0105c idealne \u015brodowisko do wzrostu. Ka\u017cda ampu\u0142ka zawiera 5 ml tej starannie zbilansowanej mieszanki, przygotowanej w sterylnych warunkach w celu zagwarantowania czysto\u015bci. Sk\u0142adniki te dzia\u0142aj\u0105 synergistycznie, wspieraj\u0105c silny rozw\u00f3j grzyb\u00f3w, wyr\u00f3\u017cniaj\u0105c szczep McKennaii pod wzgl\u0119dem niezawodno\u015bci i si\u0142y dzia\u0142ania. Brak dodatk\u00f3w lub konserwant\u00f3w zapewnia naturalny proces uprawy, kt\u00f3ry jest atrakcyjny dla puryst\u00f3w w spo\u0142eczno\u015bci mikologicznej. W\u0142a\u015bciwe przechowywanie w ciemnym@ControllerAction , ch\u0142odniczym \u015brodowisku (2-8\u00b0C) zachowuje integralno\u015b\u0107 tych sk\u0142adnik\u00f3w, wyd\u0142u\u017caj\u0105c \u017cywotno\u015b\u0107 zarodnik\u00f3w. Ta kompozycja odzwierciedla zaanga\u017cowanie w jako\u015b\u0107, umo\u017cliwiaj\u0105c u\u017cytkownikom upraw\u0119 grzyb\u00f3w, kt\u00f3re zapewniaj\u0105 g\u0142\u0119bokie doznania zwi\u0105zane ze szczepem McKennaii. Prostota i skuteczno\u015b\u0107 tych sk\u0142adnik\u00f3w sprawiaj\u0105, \u017ce produkt jest dost\u0119pny, a jednocze\u015bnie pot\u0119\u017cny dla hodowc\u00f3w.<\/p>\n<p><strong>Ostrze\u017cenie<\/strong><\/p>\n<p>Przechowywa\u0107 McKennaii Magic Mushroom Spores w miejscu niedost\u0119pnym dla dzieci. U\u017cywaj tego produktu w bezpiecznym \u015brodowisku wewn\u0119trznym z zaufan\u0105 osob\u0105 towarzysz\u0105c\u0105, aby zapewni\u0107 wsparcie podczas do\u015bwiadczenia. Unikaj stosowania w ci\u0105\u017cy lub podczas karmienia piersi\u0105, poniewa\u017c mo\u017ce to stanowi\u0107 zagro\u017cenie dla zdrowia. Spo\u017cycie mo\u017ce upo\u015bledza\u0107 zdolno\u015b\u0107 prowadzenia pojazd\u00f3w lub obs\u0142ugiwania maszyn. Nie zaleca si\u0119 \u0142\u0105czenia tego produktu z alkoholem, narkotykami lub lekami, poniewa\u017c mog\u0105 wyst\u0105pi\u0107 interakcje. Produkt nie jest zalecany dla os\u00f3b poni\u017cej 18 roku \u017cycia. Przechowywa\u0107 w ciemnym, ch\u0142odnym miejscu w celu zachowania jako\u015bci.<\/p>","protected":false},"excerpt":{"rendered":"<p>Zarodniki grzyb\u00f3w McKennaii Magic Mushroom oferuj\u0105 silne i wyj\u0105tkowe doznania psychodeliczne, inspirowane przez s\u0142ynnego Terence'a McKenn\u0119. Te wysokiej jako\u015bci zarodniki, dostarczane w sterylnej ampu\u0142ce hodowlanej, zapewniaj\u0105 niezawodn\u0105 upraw\u0119 przy minimalnym ryzyku zanieczyszczenia, idealn\u0105 dla entuzjast\u00f3w poszukuj\u0105cych g\u0142\u0119bokiej podr\u00f3\u017cy.<\/p>","protected":false},"featured_media":13603,"template":"","meta":[],"product_brand":[],"product_cat":[540,297,595,513,515,476],"product_tag":[662],"class_list":{"0":"post-8476","1":"product","2":"type-product","3":"status-publish","4":"has-post-thumbnail","6":"product_cat-magic-mushroom-spore-syringes","7":"product_cat-all-products","8":"product_cat-mcsmart","9":"product_cat-party","10":"product_cat-shroomshop","11":"product_cat-smartshop","12":"product_tag-shrdeal","13":"product_shipping_class-creditcard-off","15":"first","16":"instock","17":"taxable","18":"shipping-taxable","19":"purchasable","20":"product-type-variable","21":"has-default-attributes"},"_links":{"self":[{"href":"https:\/\/www.tatanka.nl\/pl\/wp-json\/wp\/v2\/product\/8476","targetHints":{"allow":["GET"]}}],"collection":[{"href":"https:\/\/www.tatanka.nl\/pl\/wp-json\/wp\/v2\/product"}],"about":[{"href":"https:\/\/www.tatanka.nl\/pl\/wp-json\/wp\/v2\/types\/product"}],"wp:featuredmedia":[{"embeddable":true,"href":"https:\/\/www.tatanka.nl\/pl\/wp-json\/wp\/v2\/media\/13603"}],"wp:attachment":[{"href":"https:\/\/www.tatanka.nl\/pl\/wp-json\/wp\/v2\/media?parent=8476"}],"wp:term":[{"taxonomy":"product_brand","embeddable":true,"href":"https:\/\/www.tatanka.nl\/pl\/wp-json\/wp\/v2\/product_brand?post=8476"},{"taxonomy":"product_cat","embeddable":true,"href":"https:\/\/www.tatanka.nl\/pl\/wp-json\/wp\/v2\/product_cat?post=8476"},{"taxonomy":"product_tag","embeddable":true,"href":"https:\/\/www.tatanka.nl\/pl\/wp-json\/wp\/v2\/product_tag?post=8476"}],"curies":[{"name":"wp","href":"https:\/\/api.w.org\/{rel}","templated":true}]}}