{"id":8479,"date":"2016-12-30T13:33:21","date_gmt":"2016-12-30T11:33:21","guid":{"rendered":"http:\/\/www.tatanka.nl\/?post_type=product&#038;p=8479"},"modified":"2026-03-12T12:48:29","modified_gmt":"2026-03-12T11:48:29","slug":"golden-teacher-mushroom-spore-10-ml","status":"publish","type":"product","link":"https:\/\/www.tatanka.nl\/pl\/golden-teacher-mushroom-spore-10-ml\/","title":{"rendered":"Zarodnik grzyba Golden Teacher"},"content":{"rendered":"<h2 dir=\"ltr\" data-pm-slice=\"1 1 []\">Czym s\u0105 zarodniki grzyba Golden Teacher Magic Mushroom?<\/h2>\n<p dir=\"ltr\">Golden Teacher Magic Mushroom Spores to odmiana Psilocybe cubensis, znana ze swojej zdolno\u015bci do dostarczania g\u0142\u0119bokich, introspektywnych do\u015bwiadcze\u0144. Ich tajemnicze pochodzenie, kt\u00f3re pojawi\u0142o si\u0119 pod koniec lat 80. ubieg\u0142ego wieku, dodaje im uroku. W przeciwie\u0144stwie do tradycyjnych odcisk\u00f3w zarodnik\u00f3w lub strzykawek, ampu\u0142ka Culture Ampoule zapewnia sterylny, wolny od zanieczyszcze\u0144 proces uprawy grzyb\u00f3w w domu. Ka\u017cda fiolka zawiera 5 ML grzybni 100%, wermikulitu i perlitu, zaprojektowanych w celu uproszczenia procesu uprawy. Zarodniki te s\u0105 idealne dla os\u00f3b poszukuj\u0105cych duchowej lub edukacyjnej podr\u00f3\u017cy, oferuj\u0105c \u017cywe obrazy i g\u0142\u0119boki wgl\u0105d. Odpowiednio przechowywane w ch\u0142odnym, ciemnym miejscu, zachowuj\u0105 swoj\u0105 moc przez d\u0142u\u017cszy czas. Dzi\u0119ki starannemu przygotowaniu u\u017cytkownicy mog\u0105 uprawia\u0107 grzyby, kt\u00f3re zapewniaj\u0105 transformuj\u0105c\u0105 podr\u00f3\u017c, co czyni ten produkt ulubionym w\u015br\u00f3d entuzjast\u00f3w. Kontrolowane \u015brodowisko Culture Ampoule zwi\u0119ksza wska\u017aniki sukcesu, dzi\u0119ki czemu jest dost\u0119pne zar\u00f3wno dla pocz\u0105tkuj\u0105cych, jak i do\u015bwiadczonych hodowc\u00f3w. Zarodniki Golden Teacher Magic Mushroom wyr\u00f3\u017cniaj\u0105 si\u0119 niezawodno\u015bci\u0105 i wyj\u0105tkowymi, o\u015bwiecaj\u0105cymi do\u015bwiadczeniami, kt\u00f3re u\u0142atwiaj\u0105, zapraszaj\u0105c u\u017cytkownik\u00f3w do odkrywania nowych wymiar\u00f3w \u015bwiadomo\u015bci w bezpiecznym, kontrolowanym otoczeniu.<\/p>\n<h2 dir=\"ltr\">Historia magicznych zarodnik\u00f3w grzyb\u00f3w Golden Teacher<\/h2>\n<p dir=\"ltr\">Historia zarodnik\u00f3w grzyba Golden Teacher Magic Mushroom jest owiana tajemnic\u0105, co dodatkowo dodaje jej mistycyzmu. Odmiana Psilocybe cubensis, kt\u00f3ra po raz pierwszy pojawi\u0142a si\u0119 pod koniec lat 80. ubieg\u0142ego wieku, szybko zyska\u0142a popularno\u015b\u0107 dzi\u0119ki silnym efektom i \u0142atwo\u015bci uprawy. Chocia\u017c dok\u0142adne pochodzenie pozostaje nieznane, niekt\u00f3rzy spekuluj\u0105, \u017ce zosta\u0142a odkryta w regionie Gulf Coast, cho\u0107 nie istniej\u0105 \u017cadne ostateczne zapisy. Nazwane ze wzgl\u0119du na swoje z\u0142ote czapeczki i g\u0142\u0119bokie, niemal edukacyjne do\u015bwiadczenia, kt\u00f3re wywo\u0142uj\u0105, zarodniki te sta\u0142y si\u0119 podstaw\u0105 w spo\u0142eczno\u015bci psychodelicznej. W przeciwie\u0144stwie do innych odmian, ich odporno\u015b\u0107 i sta\u0142e plony sprawi\u0142y, \u017ce sta\u0142y si\u0119 ulubie\u0144cem hodowc\u00f3w domowych. Opracowanie ampu\u0142ki Culture Ampoule jeszcze bardziej zrewolucjonizowa\u0142o ich u\u017cycie, oferuj\u0105c sterylny, wydajny spos\u00f3b uprawy grzyb\u00f3w. Innowacja ta zmniejszy\u0142a ryzyko zanieczyszczenia, dzi\u0119ki czemu zarodniki grzyb\u00f3w Golden Teacher Magic Mushroom sta\u0142y si\u0119 dost\u0119pne dla szerszego grona odbiorc\u00f3w. Przez dziesi\u0119ciolecia ich reputacja w dostarczaniu \u017cywych, introspektywnych podr\u00f3\u017cy ugruntowa\u0142a ich miejsce w kulturze psychodelicznej. Dzi\u015b pozostaj\u0105 one symbolem eksploracji i samopoznania, cenionym przez tych, kt\u00f3rzy doceniaj\u0105 ich wyj\u0105tkow\u0105 zdolno\u015b\u0107 do nauczania i inspirowania. Ich nies\u0142abn\u0105ca popularno\u015b\u0107 odzwierciedla rosn\u0105ce zainteresowanie bezpieczn\u0105, domow\u0105 upraw\u0105 i d\u0105\u017ceniem do znacz\u0105cych, transformuj\u0105cych do\u015bwiadcze\u0144.<\/p>\n<h2 dir=\"ltr\">Jak korzysta\u0107 z Golden Teacher Magic Mushroom Spores<\/h2>\n<p dir=\"ltr\">Korzystanie z Golden Teacher Magic Mushroom Spores jest proste dzi\u0119ki ampu\u0142ce hodowlanej, zaprojektowanej z my\u015bl\u0105 o prostocie i sterylno\u015bci. Rozpocznij od dok\u0142adnego umycia r\u0105k i wyczyszczenia zewn\u0119trznej cz\u0119\u015bci ampu\u0142ki sterylnym wacikiem nas\u0105czonym alkoholem w celu wyeliminowania bakterii. Nast\u0119pnie otw\u00f3rz sterylne opakowanie strzykawki w czystym \u015brodowisku, aby unikn\u0105\u0107 zanieczyszczenia. Lekko poluzuj nasadk\u0119 ampu\u0142ki, aby zapobiec powstawaniu pr\u00f3\u017cni, a nast\u0119pnie w\u0142\u00f3\u017c ig\u0142\u0119 przez gumow\u0105 uszczelk\u0119, aby nape\u0142ni\u0107 strzykawk\u0119 kultur\u0105 5 ML. Po nape\u0142nieniu strzykawka jest gotowa do zaszczepienia wybranego pod\u0142o\u017ca. Rozprowad\u017a kultur\u0119 r\u00f3wnomiernie i przechowuj pod\u0142o\u017ce w temperaturze pokojowej. W ci\u0105gu kilku dni widoczny wzrost grzybni wskazuje na udan\u0105 inokulacj\u0119. Aby uzyska\u0107 najlepsze wyniki, nale\u017cy utrzymywa\u0107 czysto\u015b\u0107 w miejscu pracy i ostro\u017cnie obchodzi\u0107 si\u0119 ze wszystkimi materia\u0142ami. Proces jest przyjazny dla u\u017cytkownika, nawet dla pocz\u0105tkuj\u0105cych, dzi\u0119ki sterylnej, wst\u0119pnie przygotowanej ampu\u0142ce. Po zako\u0144czeniu uprawy uzyskane grzyby mo\u017cna wykorzysta\u0107 do bezpiecznej, introspektywnej podr\u00f3\u017cy w komfortowych warunkach. Zawsze upewnij si\u0119, \u017ce jeste\u015b w bezpiecznym otoczeniu z zaufanym towarzyszem. W\u0142a\u015bciwa technika i higiena s\u0105 kluczem do maksymalizacji potencja\u0142u zarodnik\u00f3w grzyb\u00f3w Golden Teacher Magic Mushroom, zapewniaj\u0105c satysfakcjonuj\u0105ce do\u015bwiadczenie uprawy i podr\u00f3\u017c osobistych odkry\u0107.<\/p>\n<h2 dir=\"ltr\">Sk\u0142adniki Golden Teacher Magic Mushroom Spores<\/h2>\n<p dir=\"ltr\">Golden Teacher Magic Mushroom Spores s\u0105 precyzyjnie wykonane, aby zapewni\u0107 jako\u015b\u0107 i niezawodno\u015b\u0107. Ka\u017cda ampu\u0142ka 5 ML zawiera grzybni\u0119 100%, aktywn\u0105 sie\u0107 grzyb\u00f3w niezb\u0119dn\u0105 do wzrostu grzyb\u00f3w, w po\u0142\u0105czeniu z wermikulitem i perlitem. Wermikulit, minera\u0142, zatrzymuje wilgo\u0107 i zapewnia stabilne pod\u0142o\u017ce do rozwoju grzybni, podczas gdy perlit poprawia napowietrzanie i drena\u017c, tworz\u0105c optymalne \u015brodowisko do uprawy. Sk\u0142adniki te zosta\u0142y starannie dobrane, aby wspiera\u0107 silny wzrost grzyb\u00f3w, jednocze\u015bnie minimalizuj\u0105c ryzyko zanieczyszczenia. Produkowana w sterylnych warunkach ampu\u0142ka zapewnia, \u017ce kultura pozostaje czysta i skuteczna. W przeciwie\u0144stwie do tradycyjnych odcisk\u00f3w zarodnik\u00f3w, ta formu\u0142a gwarantuje wy\u017cszy wska\u017anik sukcesu dla hodowc\u00f3w domowych. Grzybnia jest wst\u0119pnie aktywowana, co eliminuje potrzeb\u0119 skomplikowanego przygotowania, dzi\u0119ki czemu jest idealna zar\u00f3wno dla pocz\u0105tkuj\u0105cych, jak i do\u015bwiadczonych hodowc\u00f3w. Przechowywane w ch\u0142odnym i ciemnym miejscu zarodniki zachowuj\u0105 \u017cywotno\u015b\u0107 przez d\u0142u\u017cszy czas. To po\u0142\u0105czenie wysokiej jako\u015bci grzybni i substrat\u00f3w sprawia, \u017ce Golden Teacher Magic Mushroom Spores jest doskona\u0142ym wyborem dla os\u00f3b poszukuj\u0105cych niezawodnego, wydajnego sposobu uprawy grzyb\u00f3w i rozpocz\u0119cia transformuj\u0105cego psychodelicznego do\u015bwiadczenia w bezpieczny, kontrolowany spos\u00f3b.<\/p>\n<p dir=\"ltr\"><strong>Ostrze\u017cenie<\/strong><\/p>\n<p dir=\"ltr\">Przechowywa\u0107 Golden Teacher Magic Mushroom Spores w miejscu niedost\u0119pnym dla dzieci. U\u017cywaj tylko w bezpiecznym, zamkni\u0119tym \u015brodowisku z zaufanym towarzyszem, aby zapewni\u0107 sobie dobre samopoczucie podczas do\u015bwiadczenia. Nie stosowa\u0107 u kobiet w ci\u0105\u017cy lub karmi\u0105cych piersi\u0105, poniewa\u017c mo\u017ce to stanowi\u0107 zagro\u017cenie dla zdrowia. Ten produkt upo\u015bledza zdolno\u015b\u0107 prowadzenia pojazd\u00f3w lub obs\u0142ugiwania maszyn. Unika\u0107 \u0142\u0105czenia z alkoholem, narkotykami lub lekami, poniewa\u017c interakcje mog\u0105 by\u0107 nieprzewidywalne. Produkt nie jest zalecany dla os\u00f3b poni\u017cej 18 roku \u017cycia.<\/p>","protected":false},"excerpt":{"rendered":"<p dir=\"ltr\" data-pm-slice=\"1 1 []\">Golden Teacher Magic Mushroom Spores oferuj\u0105 mistyczn\u0105 podr\u00f3\u017c z Psilocybe cubensis, znan\u0105 ze swoich o\u015bwiecaj\u0105cych efekt\u00f3w. Idealne do domowej uprawy, zarodniki te s\u0105 dostarczane w sterylnej ampu\u0142ce hodowlanej do \u0142atwego zaszczepiania pod\u0142o\u017ca, zapewniaj\u0105c wyj\u0105tkowe i transformuj\u0105ce do\u015bwiadczenie.<\/p>","protected":false},"featured_media":13606,"template":"","meta":[],"product_brand":[],"product_cat":[540,297,595,513,515,476],"product_tag":[662],"class_list":{"0":"post-8479","1":"product","2":"type-product","3":"status-publish","4":"has-post-thumbnail","6":"product_cat-magic-mushroom-spore-syringes","7":"product_cat-all-products","8":"product_cat-mcsmart","9":"product_cat-party","10":"product_cat-shroomshop","11":"product_cat-smartshop","12":"product_tag-shrdeal","13":"product_shipping_class-creditcard-off","15":"first","16":"instock","17":"taxable","18":"shipping-taxable","19":"purchasable","20":"product-type-variable","21":"has-default-attributes"},"_links":{"self":[{"href":"https:\/\/www.tatanka.nl\/pl\/wp-json\/wp\/v2\/product\/8479","targetHints":{"allow":["GET"]}}],"collection":[{"href":"https:\/\/www.tatanka.nl\/pl\/wp-json\/wp\/v2\/product"}],"about":[{"href":"https:\/\/www.tatanka.nl\/pl\/wp-json\/wp\/v2\/types\/product"}],"wp:featuredmedia":[{"embeddable":true,"href":"https:\/\/www.tatanka.nl\/pl\/wp-json\/wp\/v2\/media\/13606"}],"wp:attachment":[{"href":"https:\/\/www.tatanka.nl\/pl\/wp-json\/wp\/v2\/media?parent=8479"}],"wp:term":[{"taxonomy":"product_brand","embeddable":true,"href":"https:\/\/www.tatanka.nl\/pl\/wp-json\/wp\/v2\/product_brand?post=8479"},{"taxonomy":"product_cat","embeddable":true,"href":"https:\/\/www.tatanka.nl\/pl\/wp-json\/wp\/v2\/product_cat?post=8479"},{"taxonomy":"product_tag","embeddable":true,"href":"https:\/\/www.tatanka.nl\/pl\/wp-json\/wp\/v2\/product_tag?post=8479"}],"curies":[{"name":"wp","href":"https:\/\/api.w.org\/{rel}","templated":true}]}}