{"id":8481,"date":"2016-12-30T13:40:54","date_gmt":"2016-12-30T11:40:54","guid":{"rendered":"http:\/\/www.tatanka.nl\/?post_type=product&#038;p=8481"},"modified":"2025-10-16T07:57:32","modified_gmt":"2025-10-16T06:57:32","slug":"high-hawaiians-mushroom-spore-10-ml","status":"publish","type":"product","link":"https:\/\/www.tatanka.nl\/pl\/high-hawaiians-mushroom-spore-10-ml\/","title":{"rendered":"Hawaiian Zarodnik grzyba"},"content":{"rendered":"<h2>Czym s\u0105 zarodniki grzyba Hawaiian Magic Mushroom?<\/h2>\n<p>Hawaiian Magic Mushroom Spores to wysokiej jako\u015bci produkt przeznaczony do uprawy grzyb\u00f3w psilocybe znanych z intensywnych efekt\u00f3w psychoaktywnych. Zawarte w sterylnej ampu\u0142ce kulturowej zarodniki s\u0105 gotowe do zaszczepienia pod\u0142o\u017ca, dzi\u0119ki czemu uprawa jest prosta dla entuzjast\u00f3w. Zarodniki te nale\u017c\u0105 do szczepu znanego z najwy\u017cszych ocen w skali mocy, obiecuj\u0105c pot\u0119\u017cne doznania. Po wyhodowaniu grzyby mog\u0105 wywo\u0142ywa\u0107 \u017cywe halucynacje, wyostrzone zmys\u0142y i g\u0142\u0119bokie po\u0142\u0105czenie z natur\u0105. Nawet mniejsze dawki wywo\u0142uj\u0105 fale dozna\u0144, pobudzaj\u0105c kreatywno\u015b\u0107 i introspekcj\u0119. Produkt zawiera 5 ML grzybni 100%, wermikulitu i perlitu, zapewniaj\u0105c wysok\u0105 jako\u015b\u0107. Dla tych, kt\u00f3rzy szukaj\u0105 wyj\u0105tkowej i wci\u0105gaj\u0105cej podr\u00f3\u017cy, ta odmiana zapewnia niezr\u00f3wnane wra\u017cenia. W\u0142a\u015bciwe przechowywanie w ciemnym otoczeniu jest niezb\u0119dne do utrzymania \u017cywotno\u015bci. Produkt ten jest idealny dla doros\u0142ych, kt\u00f3rzy chc\u0105 odkrywa\u0107 swoj\u0105 \u015bwiadomo\u015b\u0107 w bezpiecznym, kontrolowanym otoczeniu, w obecno\u015bci zaufanego towarzysza. Nale\u017cy zawsze post\u0119powa\u0107 ostro\u017cnie, zgodnie ze sterylnymi procedurami, aby zapewni\u0107 udan\u0105 upraw\u0119 i transformuj\u0105ce do\u015bwiadczenie.<\/p>\n<h2>Historia magicznych zarodnik\u00f3w grzyb\u00f3w Hawaiian<\/h2>\n<p>Pocz\u0105tki zarodnik\u00f3w Hawaiian Magic Mushroom si\u0119gaj\u0105 bujnych, tropikalnych krajobraz\u00f3w Hawaj\u00f3w, gdzie grzyby psilocybe kwit\u0142y na wolno\u015bci. Zarodniki te nale\u017c\u0105 do odmiany szanowanej za swoj\u0105 moc, zyskuj\u0105c reputacj\u0119 zar\u00f3wno w\u015br\u00f3d kultywator\u00f3w, jak i psychonaut\u00f3w. W przesz\u0142o\u015bci grzyby psilocybe by\u0142y wykorzystywane w praktykach duchowych i szama\u0144skich w r\u00f3\u017cnych kulturach, a odmiany Hawaiian zyska\u0142y na znaczeniu ze wzgl\u0119du na swoj\u0105 si\u0142\u0119. We wsp\u00f3\u0142czesnej erze post\u0119py w mikologii umo\u017cliwi\u0142y izolacj\u0119 i dystrybucj\u0119 tych zarodnik\u00f3w w sterylnych formatach, takich jak Culture Ampoule. Ta innowacja pozwala entuzjastom uprawia\u0107 grzyby w domu z wi\u0119ksz\u0105 \u0142atwo\u015bci\u0105 i bezpiecze\u0144stwem. S\u0142awa tego szczepu wynika z jego sta\u0142ej zdolno\u015bci do wywo\u0142ywania pot\u0119\u017cnych efekt\u00f3w, co czyni go ulubionym w spo\u0142eczno\u015bci psychodelicznej. Jej wysoka moc i niezawodny wzrost ugruntowa\u0142y jej miejsce jako odmiany z najwy\u017cszej p\u00f3\u0142ki. Dzi\u015b zarodniki te s\u0105 znane ze swojej zdolno\u015bci do dostarczania g\u0142\u0119bokich, rozszerzaj\u0105cych umys\u0142 do\u015bwiadcze\u0144, kontynuuj\u0105c dziedzictwo zakorzenione w naturze i ludzkiej eksploracji. W\u0142a\u015bciwe obchodzenie si\u0119 z nimi i przechowywanie ma kluczowe znaczenie dla zachowania ich jako\u015bci i uhonorowania ich bogatego dziedzictwa.<\/p>\n<h2>Jak korzysta\u0107 z Hawaiian Magic Mushroom Spores<\/h2>\n<p>Korzystanie z Hawaiian Magic Mushroom Spores jest prostym procesem, kt\u00f3ry wymaga dba\u0142o\u015bci o sterylno\u015b\u0107 i szczeg\u00f3\u0142y. Rozpocznij od dok\u0142adnego umycia r\u0105k i wyczyszczenia zewn\u0119trznej cz\u0119\u015bci ampu\u0142ki z kultur\u0105 sterylnym wacikiem nas\u0105czonym alkoholem w celu wyeliminowania bakterii. Nast\u0119pnie otw\u00f3rz sterylne opakowanie strzykawki w czystym \u015brodowisku, aby unikn\u0105\u0107 zanieczyszczenia. Lekko poluzuj nasadk\u0119 ampu\u0142ki, aby zapobiec powstawaniu pr\u00f3\u017cni, a nast\u0119pnie w\u0142\u00f3\u017c ig\u0142\u0119 przez gumow\u0105 uszczelk\u0119, aby nape\u0142ni\u0107 strzykawk\u0119 kultur\u0105 zarodnik\u00f3w. Po nape\u0142nieniu strzykawka jest gotowa do zaszczepienia wybranego pod\u0142o\u017ca. Rozprowad\u017a kultur\u0119 r\u00f3wnomiernie i pozw\u00f3l jej rosn\u0105\u0107 w temperaturze pokojowej. W ci\u0105gu kilku dni pojawi si\u0119 widoczna grzybnia, sygnalizuj\u0105c udan\u0105 upraw\u0119. Niewykorzystane zarodniki nale\u017cy przechowywa\u0107 w ciemnym miejscu, aby zachowa\u0107 ich moc. Zawsze pracuj w czystym, kontrolowanym \u015brodowisku, aby zapewni\u0107 najlepsze wyniki. Proces zosta\u0142 zaprojektowany z my\u015bl\u0105 o \u0142atwo\u015bci, ale precyzja jest kluczem do osi\u0105gni\u0119cia dobrze prosperuj\u0105cej uprawy grzyb\u00f3w. Hodowcy powinni czu\u0107 si\u0119 pewnie, post\u0119puj\u0105c zgodnie z tymi krokami, wiedz\u0105c, \u017ce przygotowuj\u0105 grunt pod silne i satysfakcjonuj\u0105ce do\u015bwiadczenie z jedn\u0105 z najpot\u0119\u017cniejszych odmian natury.<\/p>\n<h2>Sk\u0142adniki Hawaiian Magic Mushroom Spores<\/h2>\n<p>Produkt Hawaiian Magic Mushroom Spores sk\u0142ada si\u0119 ze starannie dobranych, wysokiej jako\u015bci sk\u0142adnik\u00f3w zapewniaj\u0105cych udan\u0105 upraw\u0119. Ka\u017cda ampu\u0142ka 5 ML zawiera grzybni\u0119 100%, niezb\u0119dn\u0105 sie\u0107 grzyb\u00f3w, kt\u00f3ra stanowi podstaw\u0119 wzrostu grzyb\u00f3w. Wermikulit, minera\u0142 znany ze swoich w\u0142a\u015bciwo\u015bci zatrzymywania wilgoci, zosta\u0142 dodany w celu stworzenia optymalnego \u015brodowiska dla rozwoju grzybni. Perlit, kolejny kluczowy sk\u0142adnik, poprawia napowietrzenie i drena\u017c, wspieraj\u0105c zdrowe warunki pod\u0142o\u017ca. Sk\u0142adniki te s\u0105 \u0142\u0105czone w sterylnych warunkach, aby zagwarantowa\u0107 czysto\u015b\u0107 i si\u0142\u0119 dzia\u0142ania. Prostota sk\u0142adnik\u00f3w odzwierciedla zaanga\u017cowanie w jako\u015b\u0107, koncentruj\u0105c si\u0119 na tym, co jest niezb\u0119dne do solidnej uprawy grzyb\u00f3w. Produkowane w kontrolowanym \u015brodowisku zarodniki s\u0105 wolne od zanieczyszcze\u0144, dzi\u0119ki czemu hodowcy otrzymuj\u0105 niezawodny produkt. Aby zachowa\u0107 ich skuteczno\u015b\u0107, ampu\u0142k\u0119 nale\u017cy przechowywa\u0107 w ciemnym miejscu. Sk\u0142adniki te wsp\u00f3\u0142pracuj\u0105 ze sob\u0105, aby wspiera\u0107 wzrost jednego z najsilniejszych szczep\u00f3w psilocybe, zapewniaj\u0105c niezwyk\u0142e doznania. Stawiaj\u0105c na pierwszym miejscu czysto\u015b\u0107 i funkcjonalno\u015b\u0107, produkt ten umo\u017cliwia u\u017cytkownikom upraw\u0119 grzyb\u00f3w, kt\u00f3re odblokowuj\u0105 g\u0142\u0119bokie efekty sensoryczne i tw\u00f3rcze w bezpieczny, kontrolowany spos\u00f3b.<\/p>\n<p><strong>Ostrze\u017cenie<\/strong><\/p>\n<p>Przechowywa\u0107 Hawaiian Magic Mushroom Spores w miejscu niedost\u0119pnym dla dzieci. Stosowa\u0107 wy\u0142\u0105cznie w bezpiecznym, zamkni\u0119tym pomieszczeniu w obecno\u015bci zaufanej osoby. Nie stosowa\u0107 u kobiet w ci\u0105\u017cy lub karmi\u0105cych piersi\u0105, poniewa\u017c mo\u017ce to stanowi\u0107 zagro\u017cenie dla zdrowia. Spo\u017cycie mo\u017ce upo\u015bledza\u0107 zdolno\u015b\u0107 prowadzenia pojazd\u00f3w lub obs\u0142ugiwania maszyn. Unika\u0107 \u0142\u0105czenia z alkoholem, narkotykami lub lekami, poniewa\u017c interakcje mog\u0105 by\u0107 nieprzewidywalne. Nie zalecane dla os\u00f3b poni\u017cej 18 roku \u017cycia. Podczas uprawy nale\u017cy zawsze przestrzega\u0107 sterylnych procedur, aby zapobiec zanieczyszczeniu i zapewni\u0107 bezpiecze\u0144stwo.<\/p>","protected":false},"excerpt":{"rendered":"<p>Zarodniki Hawaiian Magic Mushroom oferuj\u0105 silne i transformuj\u0105ce doznania, zapewniaj\u0105c \u017cywe halucynacje i wyostrzone zmys\u0142y. Idealne dla os\u00f3b poszukuj\u0105cych g\u0142\u0119bokiej, po\u0142\u0105czonej z natur\u0105 podr\u00f3\u017cy, zarodniki te s\u0105 \u0142atwe w u\u017cyciu dzi\u0119ki sterylnej ampu\u0142ce hodowlanej do inokulacji pod\u0142o\u017ca.<\/p>","protected":false},"featured_media":13609,"template":"","meta":[],"product_brand":[],"product_cat":[540,297,595,513,515,476],"product_tag":[662],"class_list":{"0":"post-8481","1":"product","2":"type-product","3":"status-publish","4":"has-post-thumbnail","6":"product_cat-magic-mushroom-spore-syringes","7":"product_cat-all-products","8":"product_cat-mcsmart","9":"product_cat-party","10":"product_cat-shroomshop","11":"product_cat-smartshop","12":"product_tag-shrdeal","13":"product_shipping_class-creditcard-off","15":"first","16":"instock","17":"taxable","18":"shipping-taxable","19":"purchasable","20":"product-type-variable","21":"has-default-attributes"},"_links":{"self":[{"href":"https:\/\/www.tatanka.nl\/pl\/wp-json\/wp\/v2\/product\/8481","targetHints":{"allow":["GET"]}}],"collection":[{"href":"https:\/\/www.tatanka.nl\/pl\/wp-json\/wp\/v2\/product"}],"about":[{"href":"https:\/\/www.tatanka.nl\/pl\/wp-json\/wp\/v2\/types\/product"}],"wp:featuredmedia":[{"embeddable":true,"href":"https:\/\/www.tatanka.nl\/pl\/wp-json\/wp\/v2\/media\/13609"}],"wp:attachment":[{"href":"https:\/\/www.tatanka.nl\/pl\/wp-json\/wp\/v2\/media?parent=8481"}],"wp:term":[{"taxonomy":"product_brand","embeddable":true,"href":"https:\/\/www.tatanka.nl\/pl\/wp-json\/wp\/v2\/product_brand?post=8481"},{"taxonomy":"product_cat","embeddable":true,"href":"https:\/\/www.tatanka.nl\/pl\/wp-json\/wp\/v2\/product_cat?post=8481"},{"taxonomy":"product_tag","embeddable":true,"href":"https:\/\/www.tatanka.nl\/pl\/wp-json\/wp\/v2\/product_tag?post=8481"}],"curies":[{"name":"wp","href":"https:\/\/api.w.org\/{rel}","templated":true}]}}