{"id":8488,"date":"2017-12-30T14:33:14","date_gmt":"2017-12-30T14:33:14","guid":{"rendered":"http:\/\/www.tatanka.nl\/?post_type=product&#038;p=8488"},"modified":"2025-05-20T11:01:09","modified_gmt":"2025-05-20T10:01:09","slug":"catmint-50-gram","status":"publish","type":"product","link":"https:\/\/www.tatanka.nl\/pl\/catmint-50-gram\/","title":{"rendered":"Catmint"},"content":{"rendered":"<h2>Co to jest Catmint?<\/h2>\n<p>Catmint, czyli Nepeta Cataria, to zio\u0142o nale\u017c\u0105ce do rodziny mi\u0119towatych, znane ze swojego uspokajaj\u0105cego i relaksuj\u0105cego dzia\u0142ania. Chocia\u017c cz\u0119sto kojarzona jest z kotami ze wzgl\u0119du na jej intensywny euforyczny wp\u0142yw na nie, ludzkie do\u015bwiadczenie jest nieco inne. Zio\u0142o to jest stosowane przede wszystkim ze wzgl\u0119du na jego zdolno\u015b\u0107 do uspokajania cia\u0142a i umys\u0142u, oferuj\u0105c naturalny spos\u00f3b na relaks po d\u0142ugim dniu. Indian Elements Catmint jest wytwarzany z dzikiej kocimi\u0119tki, zapewniaj\u0105c wyj\u0105tkowe i \u0142agodne doznania psychoaktywne dla ludzi.<\/p>\n<p>Chocia\u017c nie wywo\u0142uje takiej samej \"szcz\u0119\u015bliwej\" reakcji u ludzi, jak u kot\u00f3w, Catmint nadal oferuje znacz\u0105ce korzy\u015bci. Ma w\u0142a\u015bciwo\u015bci uspokajaj\u0105ce, kt\u00f3re pomagaj\u0105 zmniejszy\u0107 stres i promuj\u0105 relaks. Dodatkowo, mo\u017ce wywo\u0142ywa\u0107 \u0142agodne efekty halucynogenne, kt\u00f3re cz\u0119sto por\u00f3wnywane s\u0105 do dzia\u0142ania marihuany. Delikatny charakter zio\u0142a sprawia, \u017ce jest ono idealnym dodatkiem do wieczornej rutyny, pomagaj\u0105c osi\u0105gn\u0105\u0107 zrelaksowany i spokojny stan umys\u0142u. Niezale\u017cnie od tego, czy cieszysz si\u0119 ni\u0105 jako uspokajaj\u0105c\u0105 herbat\u0105, czy w\u0142\u0105czasz j\u0105 do swojego schematu odnowy biologicznej, Catmint od Indian Elements to \u015bwietny spos\u00f3b na odpr\u0119\u017cenie.<\/p>\n<h2>Historia Catmint<\/h2>\n<p>Mi\u0119ta ma d\u0142ug\u0105 histori\u0119, szczeg\u00f3lnie w europejskim zio\u0142olecznictwie. Tradycyjnie by\u0142a stosowana na r\u00f3\u017cne dolegliwo\u015bci, takie jak skurcze menstruacyjne, niepok\u00f3j, nerwowo\u015b\u0107, bezsenno\u015b\u0107, przezi\u0119bienia, a nawet b\u00f3le z\u0119b\u00f3w. Uspokajaj\u0105ce dzia\u0142anie zio\u0142a sprawi\u0142o, \u017ce sta\u0142o si\u0119 ono popularnym lekarstwem w czasach staro\u017cytnych, szczeg\u00f3lnie w\u015br\u00f3d os\u00f3b poszukuj\u0105cych naturalnych sposob\u00f3w na z\u0142agodzenie dyskomfortu.<\/p>\n<p>W staro\u017cytnym Egipcie Catmint by\u0142 wysoko ceniony za swoje w\u0142a\u015bciwo\u015bci lecznicze i by\u0142 cz\u0119sto stosowany w r\u00f3\u017cnych formach, w tym herbat i nalewek, w celu \u0142agodzenia b\u00f3lu i promowania relaksu. Z czasem jej zastosowanie rozprzestrzeni\u0142o si\u0119 w Europie, gdzie by\u0142a uprawiana ze wzgl\u0119du na swoje w\u0142a\u015bciwo\u015bci lecznicze. Zwi\u0105zek ro\u015bliny z kotami r\u00f3wnie\u017c przyczyni\u0142 si\u0119 do jej popularno\u015bci, poniewa\u017c koty cz\u0119sto przyci\u0105ga\u0142y j\u0105 ze wzgl\u0119du na jej stymuluj\u0105ce dzia\u0142anie, co dodatkowo ugruntowa\u0142o jej miejsce w kulturze popularnej.<\/p>\n<p>Dzi\u015b, podczas gdy historyczne zastosowania lecznicze s\u0105 mniej powszechne, Catmint jest nadal ceniona za swoje w\u0142a\u015bciwo\u015bci relaksuj\u0105ce. Nadal jest stosowana w herbatach zio\u0142owych i produktach wellness, oferuj\u0105c ludziom naturalny spos\u00f3b na relaks. Indian Elements wprowadza to staro\u017cytne zio\u0142o do wsp\u00f3\u0142czesnego \u015bwiata, oferuj\u0105c \u0142atwy i przyjemny spos\u00f3b na do\u015bwiadczenie jego koj\u0105cych efekt\u00f3w.<\/p>\n<h2>Jak stosowa\u0107 Catmint<\/h2>\n<p>Istnieje kilka sposob\u00f3w na w\u0142\u0105czenie Catmint do swojej rutyny, ale jedn\u0105 z najpopularniejszych metod jest parzenie jej w postaci relaksuj\u0105cej herbaty. Aby przygotowa\u0107 herbat\u0119 Catmint, wystarczy parzy\u0107 1 gram zio\u0142a w gor\u0105cej wodzie przez kilka minut. Herbata jest aromatyczna i ma przyjemny smak, dzi\u0119ki czemu jest przyjemnym napojem pomagaj\u0105cym zrelaksowa\u0107 si\u0119 po m\u0119cz\u0105cym dniu.<\/p>\n<p>Catmint mo\u017cna r\u00f3wnie\u017c stosowa\u0107 w innych formach, takich jak kapsu\u0142ki lub nalewki, w zale\u017cno\u015bci od preferencji. Najpopularniejsz\u0105 i najprostsz\u0105 metod\u0105 spo\u017cycia pozostaje jednak herbata. Podczas stosowania Catmint wa\u017cne jest, aby przestrzega\u0107 zalecanej dawki 1 grama dziennie, zapewniaj\u0105c optymalne dzia\u0142anie uspokajaj\u0105ce bez nadmiernego spo\u017cycia.<\/p>\n<p>Najlepiej jest spo\u017cywa\u0107 Catmint wieczorem, poniewa\u017c pomaga promowa\u0107 relaks i mo\u017ce r\u00f3wnie\u017c poprawi\u0107 jako\u015b\u0107 snu. Jej \u0142agodne w\u0142a\u015bciwo\u015bci uspokajaj\u0105ce mog\u0105 pom\u00f3c z\u0142agodzi\u0107 stres, co czyni j\u0105 idealnym towarzyszem chwil relaksu, samoopieki lub medytacji. Niezale\u017cnie od tego, czy relaksujesz si\u0119 po pracy, czy przygotowujesz si\u0119 do snu, Catmint jest idealnym wyborem, kt\u00f3ry pomo\u017ce Ci poczu\u0107 si\u0119 spokojnym i zrelaksowanym.<\/p>\n<h2>Sk\u0142adniki Catmint<\/h2>\n<p>Indian Elements Catmint zawiera tylko jeden sk\u0142adnik: Nepeta Cataria, powszechnie znan\u0105 jako dzika kocimi\u0119tka. Zio\u0142o to jest naturalnie uprawiane i zbierane ze wzgl\u0119du na swoje uspokajaj\u0105ce i koj\u0105ce w\u0142a\u015bciwo\u015bci i nie zawiera \u017cadnych sztucznych dodatk\u00f3w ani chemikali\u00f3w.<\/p>\n<p>Nepeta Cataria nale\u017cy do rodziny mi\u0119towatych, a jej li\u015bcie zawieraj\u0105 zwi\u0105zki, kt\u00f3re nadaj\u0105 jej relaksuj\u0105ce i \u0142agodne dzia\u0142anie psychoaktywne. Zwi\u0105zki te oddzia\u0142uj\u0105 na organizm, wywo\u0142uj\u0105c poczucie spokoju i wyciszenia. Naturalne zwi\u0105zki wyst\u0119puj\u0105ce w Catmint zosta\u0142y przebadane pod k\u0105tem ich potencjalnych korzy\u015bci zdrowotnych, w szczeg\u00f3lno\u015bci w zmniejszaniu niepokoju, promowaniu snu i \u0142agodzeniu dyskomfortu.<\/p>\n<p>Zio\u0142o to jest r\u00f3wnie\u017c 100% wega\u0144skie i ca\u0142kowicie naturalne, co czyni go doskona\u0142ym wyborem dla os\u00f3b poszukuj\u0105cych ro\u015blinnych rozwi\u0105za\u0144 wellness. Indian Elements z wielk\u0105 staranno\u015bci\u0105 pozyskuje i przygotowuje to zio\u0142o, aby zapewni\u0107, \u017ce zachowuje ono wszystkie swoje zalety, oferuj\u0105c czysty i skuteczny produkt. Niezale\u017cnie od tego, czy szukasz naturalnego sposobu na z\u0142agodzenie stresu, czy po prostu ciesz si\u0119 spokojnym wieczorem, prostota i czysto\u015b\u0107 Catmint sprawiaj\u0105, \u017ce jest to idealny dodatek do rutyny wellness.<\/p>\n<p><strong>Ostrze\u017cenie:<\/strong><\/p>\n<p>U\u017cywa\u0107 wy\u0142\u0105cznie przez osoby powy\u017cej 18 roku \u017cycia. Przechowywa\u0107 w miejscu niedost\u0119pnym dla dzieci. Zio\u0142o to nie jest lekiem, chocia\u017c w historii by\u0142o wykorzystywane do r\u00f3\u017cnych cel\u00f3w leczniczych. W medycynie europejskiej by\u0142o stosowane w leczeniu dolegliwo\u015bci, takich jak b\u00f3le menstruacyjne, niepok\u00f3j, l\u0119k, bezsenno\u015b\u0107, przezi\u0119bienia i b\u00f3le z\u0119b\u00f3w. Skonsultuj si\u0119 z lekarzem, je\u015bli chcesz u\u017cywa\u0107 go do tych cel\u00f3w. Ten produkt jest suplementem diety i powinien by\u0107 stosowany jako taki. Nie kupowa\u0107, je\u015bli plomba jest uszkodzona.<\/p>","protected":false},"excerpt":{"rendered":"<p data-pm-slice=\"1 1 []\">Indian Elements Catmint to koj\u0105ce zio\u0142o wytwarzane z dzikiej kocimi\u0119tki (Nepeta Cataria). Znane ze swoich w\u0142a\u015bciwo\u015bci uspokajaj\u0105cych i relaksuj\u0105cych, mo\u017ce wywo\u0142ywa\u0107 \u0142agodne efekty psychoaktywne, por\u00f3wnywalne do marihuany. Produkt ten jest idealny do relaksu i cieszenia si\u0119 spokojnym wieczorem. Mo\u017cna z niego zaparzy\u0107 aromatyczn\u0105 i przyjemn\u0105 w smaku herbat\u0119, kt\u00f3ra sprzyja relaksowi.<\/p>","protected":false},"featured_media":125982,"template":"","meta":[],"product_brand":[],"product_cat":[597,297,477,513,290,476],"product_tag":[],"class_list":{"0":"post-8488","1":"product","2":"type-product","3":"status-publish","4":"has-post-thumbnail","6":"product_cat-indian-elements","7":"product_cat-all-products","8":"product_cat-herbs","9":"product_cat-party","10":"product_cat-psychedelic-herbs","11":"product_cat-smartshop","13":"first","14":"instock","15":"taxable","16":"shipping-taxable","17":"purchasable","18":"product-type-variable"},"_links":{"self":[{"href":"https:\/\/www.tatanka.nl\/pl\/wp-json\/wp\/v2\/product\/8488","targetHints":{"allow":["GET"]}}],"collection":[{"href":"https:\/\/www.tatanka.nl\/pl\/wp-json\/wp\/v2\/product"}],"about":[{"href":"https:\/\/www.tatanka.nl\/pl\/wp-json\/wp\/v2\/types\/product"}],"wp:featuredmedia":[{"embeddable":true,"href":"https:\/\/www.tatanka.nl\/pl\/wp-json\/wp\/v2\/media\/125982"}],"wp:attachment":[{"href":"https:\/\/www.tatanka.nl\/pl\/wp-json\/wp\/v2\/media?parent=8488"}],"wp:term":[{"taxonomy":"product_brand","embeddable":true,"href":"https:\/\/www.tatanka.nl\/pl\/wp-json\/wp\/v2\/product_brand?post=8488"},{"taxonomy":"product_cat","embeddable":true,"href":"https:\/\/www.tatanka.nl\/pl\/wp-json\/wp\/v2\/product_cat?post=8488"},{"taxonomy":"product_tag","embeddable":true,"href":"https:\/\/www.tatanka.nl\/pl\/wp-json\/wp\/v2\/product_tag?post=8488"}],"curies":[{"name":"wp","href":"https:\/\/api.w.org\/{rel}","templated":true}]}}