{"id":8492,"date":"2017-12-30T14:52:21","date_gmt":"2017-12-30T14:52:21","guid":{"rendered":"http:\/\/www.tatanka.nl\/?post_type=product&#038;p=8492"},"modified":"2025-05-20T11:01:03","modified_gmt":"2025-05-20T10:01:03","slug":"passion-flower-50-gram","status":"publish","type":"product","link":"https:\/\/www.tatanka.nl\/pl\/passion-flower-50-gram\/","title":{"rendered":"Passion Flower"},"content":{"rendered":"<h2>Co to jest Passion Flower?<\/h2>\n<p>Passion Flower, naukowo znana jako Passiflora Incarnata, to zio\u0142o znane ze swoich niezwyk\u0142ych w\u0142a\u015bciwo\u015bci uspokajaj\u0105cych i terapeutycznych. Popularna w zio\u0142olecznictwie, jest najcz\u0119\u015bciej stosowana ze wzgl\u0119du na jej zdolno\u015b\u0107 do zmniejszania l\u0119ku, stresu i bezsenno\u015bci. Ro\u015blina ta jest r\u00f3wnie\u017c znana z wywo\u0142ywania \u0142agodnych efekt\u00f3w halucynogennych, gdy jest spo\u017cywana w wi\u0119kszych dawkach. Nale\u017cy do rodziny Passifloraceae i jest powszechnie uwa\u017cana za naturalne lekarstwo na r\u00f3\u017cne dolegliwo\u015bci.<\/p>\n<p>Ta konkretna odmiana, Passiflora Incarnata, pochodzi z po\u0142udniowo-zachodnich Stan\u00f3w Zjednoczonych i wyr\u00f3\u017cnia si\u0119 uderzaj\u0105cymi fioletowymi kwiatami. Chocia\u017c ro\u015blina ta ma wiele gatunk\u00f3w, Passiflora Incarnata jest ceniona za swoje silne w\u0142a\u015bciwo\u015bci. Zio\u0142o to dzia\u0142a jak naturalny \u015brodek uspokajaj\u0105cy, pomagaj\u0105c osobom radzi\u0107 sobie z niepokojem emocjonalnym i promuj\u0105c relaks.<\/p>\n<p>Dzi\u0119ki bogatej historii w medycynie tradycyjnej, Passion Flower od wiek\u00f3w jest podstawowym lekarstwem. Jego wszechstronno\u015b\u0107 pozwala na stosowanie go w r\u00f3\u017cnych formach, od herbat po kapsu\u0142ki, a jego zalety s\u0105 dobrze znane w \u015bwiecie naturalnego zdrowia.<\/p>\n<h2>Historia Passion Flower<\/h2>\n<p>Historia Passion Flower si\u0119ga rdzennych mieszka\u0144c\u00f3w obu Ameryk, kt\u00f3rzy od dawna wykorzystywali t\u0119 ro\u015blin\u0119 ze wzgl\u0119du na jej uspokajaj\u0105ce i lecznicze w\u0142a\u015bciwo\u015bci. Znana jako \"maypop\" w Stanach Zjednoczonych, ta fioletowo kwitn\u0105ca winoro\u015bl by\u0142a pocz\u0105tkowo u\u017cywana przez plemiona rdzennych Amerykan\u00f3w do leczenia r\u00f3\u017cnych dolegliwo\u015bci, szczeg\u00f3lnie tych zwi\u0105zanych ze stresem i zaburzeniami snu.<\/p>\n<p>W XVI wieku europejscy osadnicy sprowadzili t\u0119 ro\u015blin\u0119 do Europy, gdzie szybko zyska\u0142a popularno\u015b\u0107. Z czasem zio\u0142o to zyska\u0142o uznanie ze wzgl\u0119du na swoje dzia\u0142anie uspokajaj\u0105ce i zosta\u0142o w\u0142\u0105czone do r\u00f3\u017cnych lek\u00f3w zio\u0142owych. Zdolno\u015b\u0107 Passion Flower do zapewniania relaksu psychicznego przy jednoczesnym \u0142agodzeniu napi\u0119cia fizycznego sprawi\u0142a, \u017ce sta\u0142 si\u0119 on ulubionym wyborem zielarzy poszukuj\u0105cych naturalnych rozwi\u0105za\u0144.<\/p>\n<p>Z biegiem lat ro\u015blina ta sta\u0142a si\u0119 znana nie tylko ze wzgl\u0119du na swoje dzia\u0142anie uspokajaj\u0105ce, ale tak\u017ce ze wzgl\u0119du na zdolno\u015b\u0107 \u0142agodzenia dyskomfortu zwi\u0105zanego z problemami trawiennymi, takimi jak biegunka. Jej historyczne zastosowanie i d\u0142ugotrwa\u0142a reputacja podkre\u015blaj\u0105 jej warto\u015b\u0107 zar\u00f3wno w tradycyjnej, jak i nowoczesnej medycynie zio\u0142owej.<\/p>\n<h2>Jak korzysta\u0107 z Passion Flower<\/h2>\n<p>Istnieje kilka sposob\u00f3w na w\u0142\u0105czenie Passion Flower do rutyny. Jedn\u0105 z najpopularniejszych metod jest parzenie herbaty Passion Flower. Wystarczy zaparza\u0107 1-2 gramy zio\u0142a w gor\u0105cej wodzie przez 5-10 minut, aby uzyska\u0107 koj\u0105cy, relaksuj\u0105cy nap\u00f3j. Ta metoda jest idealna dla tych, kt\u00f3rzy chc\u0105 uspokoi\u0107 nerwy lub promowa\u0107 lepszy sen.<\/p>\n<p>Alternatywnie, Passion Flower mo\u017ce by\u0107 spo\u017cywany w postaci kapsu\u0142ek lub nalewki, co czyni go wygodnym wyborem dla os\u00f3b w podr\u00f3\u017cy. Jego \u0142agodne, ale skuteczne w\u0142a\u015bciwo\u015bci sprawiaj\u0105, \u017ce nadaje si\u0119 r\u00f3wnie\u017c do stosowania w po\u0142\u0105czeniu z innymi lekami zio\u0142owymi, zw\u0142aszcza tymi, kt\u00f3re maj\u0105 na celu z\u0142agodzenie niepokoju lub popraw\u0119 snu.<\/p>\n<p>Zalecana dzienna dawka Passion Flower wynosi 1 gram dziennie, co u\u0142atwia w\u0142\u0105czenie jej do codziennej rutyny. Jednak przed u\u017cyciem nale\u017cy skonsultowa\u0107 si\u0119 z lekarzem, zw\u0142aszcza je\u015bli jeste\u015b w ci\u0105\u017cy, karmisz piersi\u0105 lub przyjmujesz leki. Uspokajaj\u0105ce dzia\u0142anie Passion Flower mo\u017ce by\u0107 subtelne, wi\u0119c najlepiej zacz\u0105\u0107 od ma\u0142ej dawki i dostosowa\u0107 j\u0105 w razie potrzeby.<\/p>\n<h2>Sk\u0142adniki Passion Flower<\/h2>\n<p>G\u0142\u00f3wnym sk\u0142adnikiem produkt\u00f3w Passion Flower jest Passiflora Incarnata. Ten konkretny gatunek Passion Flower znany jest z wysokiego st\u0119\u017cenia flawonoid\u00f3w i alkaloid\u00f3w, kt\u00f3re, jak si\u0119 uwa\u017ca, przyczyniaj\u0105 si\u0119 do jego uspokajaj\u0105cego dzia\u0142ania. Zwi\u0105zki te pomagaj\u0105 regulowa\u0107 uk\u0142ad nerwowy, zmniejszaj\u0105 niepok\u00f3j i sprzyjaj\u0105 relaksacji, dzi\u0119ki czemu jest to idealne naturalne lekarstwo dla os\u00f3b do\u015bwiadczaj\u0105cych stresu emocjonalnego lub fizycznego.<\/p>\n<p>Dodatkowo, Passion Flower zawiera naturalne zwi\u0105zki, kt\u00f3re mog\u0105 pom\u00f3c w kwestiach trawiennych. Zio\u0142o to jest cz\u0119sto stosowane w leczeniu \u0142agodnego dyskomfortu \u017co\u0142\u0105dkowo-jelitowego, takiego jak biegunka lub niestrawno\u015b\u0107. Jego \u0142agodne w\u0142a\u015bciwo\u015bci uspokajaj\u0105ce sprawiaj\u0105, \u017ce skutecznie wspomaga spokojny sen.<\/p>\n<p>Passion Flower nie zawiera THC, dzi\u0119ki czemu stanowi niepsychoaktywn\u0105 alternatyw\u0119 dla innych preparat\u00f3w zio\u0142owych. Naturalny sk\u0142ad Passiflora Incarnata zapewnia, \u017ce jest on bezpieczny dla wi\u0119kszo\u015bci ludzi, cho\u0107 powinny go unika\u0107 osoby z pewnymi schorzeniami, jak opisano w sekcji ostrze\u017ce\u0144.<\/p>\n<p><strong>Ostrze\u017cenie:<\/strong><br \/>\nStosowa\u0107 wy\u0142\u0105cznie po uko\u0144czeniu 18 lat. Przechowywa\u0107 w miejscu niedost\u0119pnym dla dzieci.<br \/>\nPassion Flower jest naturalnym inhibitorem MAO, dlatego nie powinien by\u0107 stosowany przez osoby z problemami z nerkami lub sercem, wysokim lub niskim ci\u015bnieniem krwi, cukrzyc\u0105 lub osoby przyjmuj\u0105ce obecnie leki, narkotyki lub alkohol. Przed u\u017cyciem nale\u017cy zawsze skonsultowa\u0107 si\u0119 z lekarzem. Jest to suplement diety i jako taki powinien by\u0107 stosowany. Nie kupowa\u0107, je\u015bli plomba jest uszkodzona.<br \/>\nPrzechowywa\u0107 w ciemnym, suchym miejscu.<\/p>","protected":false},"excerpt":{"rendered":"<p><span style=\"color: #000000;\">Passion Flower (Passiflora Incarnata) to uspokajaj\u0105ce zio\u0142o znane ze swoich koj\u0105cych i psychodelicznych efekt\u00f3w. U\u017cywany do wspomagania snu i \u0142agodzenia stresu, ten naturalny produkt jest r\u00f3wnie\u017c \u0142agodnym inhibitorem MAO. Mo\u017ce by\u0107 spo\u017cywany na r\u00f3\u017cne sposoby, takie jak parzenie herbaty, i zapewnia wyj\u0105tkowe doznania dzi\u0119ki swoim relaksuj\u0105cym i silnym w\u0142a\u015bciwo\u015bciom.<\/span><\/p>","protected":false},"featured_media":125976,"template":"","meta":[],"product_brand":[],"product_cat":[597,297,477,513,290,476],"product_tag":[],"class_list":{"0":"post-8492","1":"product","2":"type-product","3":"status-publish","4":"has-post-thumbnail","6":"product_cat-indian-elements","7":"product_cat-all-products","8":"product_cat-herbs","9":"product_cat-party","10":"product_cat-psychedelic-herbs","11":"product_cat-smartshop","13":"first","14":"instock","15":"taxable","16":"shipping-taxable","17":"purchasable","18":"product-type-variable"},"_links":{"self":[{"href":"https:\/\/www.tatanka.nl\/pl\/wp-json\/wp\/v2\/product\/8492","targetHints":{"allow":["GET"]}}],"collection":[{"href":"https:\/\/www.tatanka.nl\/pl\/wp-json\/wp\/v2\/product"}],"about":[{"href":"https:\/\/www.tatanka.nl\/pl\/wp-json\/wp\/v2\/types\/product"}],"wp:featuredmedia":[{"embeddable":true,"href":"https:\/\/www.tatanka.nl\/pl\/wp-json\/wp\/v2\/media\/125976"}],"wp:attachment":[{"href":"https:\/\/www.tatanka.nl\/pl\/wp-json\/wp\/v2\/media?parent=8492"}],"wp:term":[{"taxonomy":"product_brand","embeddable":true,"href":"https:\/\/www.tatanka.nl\/pl\/wp-json\/wp\/v2\/product_brand?post=8492"},{"taxonomy":"product_cat","embeddable":true,"href":"https:\/\/www.tatanka.nl\/pl\/wp-json\/wp\/v2\/product_cat?post=8492"},{"taxonomy":"product_tag","embeddable":true,"href":"https:\/\/www.tatanka.nl\/pl\/wp-json\/wp\/v2\/product_tag?post=8492"}],"curies":[{"name":"wp","href":"https:\/\/api.w.org\/{rel}","templated":true}]}}