{"id":8504,"date":"2017-12-30T15:34:50","date_gmt":"2017-12-30T15:34:50","guid":{"rendered":"http:\/\/www.tatanka.nl\/?post_type=product&#038;p=8504"},"modified":"2025-08-28T00:49:01","modified_gmt":"2025-08-27T23:49:01","slug":"baby-hawaiian-woodrose-seeds","status":"publish","type":"product","link":"https:\/\/www.tatanka.nl\/pl\/baby-hawaiian-woodrose-seeds\/","title":{"rendered":"Baby Hawaiian Woodrose"},"content":{"rendered":"<h2 data-start=\"537\" data-end=\"572\">Czym s\u0105 nasiona Argyreia Nervosa?<\/h2>\n<p data-start=\"574\" data-end=\"1265\">Nasiona Argyreia Nervosa, powszechnie znane jako Baby Hawaiian Woodrose, to nasiona ro\u015bliny pn\u0105cej pochodz\u0105cej z Indii. Nasiona te zawieraj\u0105 substancj\u0119 psychoaktywn\u0105 znan\u0105 jako LSA (Lysergic Acid Amide), kt\u00f3ra po spo\u017cyciu mo\u017ce wywo\u0142ywa\u0107 \u0142agodne efekty psychodeliczne. W przeciwie\u0144stwie do innych halucynogen\u00f3w, dzia\u0142anie tych nasion jest na og\u00f3\u0142 \u0142agodne, bez ekstremalnych halucynacji typowych dla substancji takich jak LSD. U\u017cytkownicy cz\u0119sto zg\u0142aszaj\u0105 kolorowe, \u017cywe i mistyczne doznania, kt\u00f3re tworz\u0105 wyj\u0105tkowy, zmieniony stan \u015bwiadomo\u015bci. Ro\u015blina ta jest wykorzystywana na r\u00f3\u017cne sposoby, w tym w tradycyjnej medycynie i do cel\u00f3w rekreacyjnych, oferuj\u0105c intryguj\u0105c\u0105 mieszank\u0119 w\u0142a\u015bciwo\u015bci terapeutycznych i psychoaktywnych.<\/p>\n<p data-start=\"1267\" data-end=\"1746\">Nasiona Argyreia Nervosa by\u0142y cz\u0119\u015bci\u0105 praktyk leczniczych od wiek\u00f3w w Indiach. Jednak ro\u015blina ta sta\u0142a si\u0119 szerzej znana ze swoich w\u0142a\u015bciwo\u015bci psychoaktywnych, gdy zosta\u0142a wprowadzona do \u015bwiata zachodniego, zw\u0142aszcza na Hawajach. Obecnie nasiona Baby Hawaiian Woodrose s\u0105 u\u017cywane przez osoby poszukuj\u0105ce zar\u00f3wno dozna\u0144 duchowych, jak i rekreacyjnych. Ro\u015blina ta jest nadal badana ze wzgl\u0119du na swoj\u0105 bogat\u0105 histori\u0119 i potencjalne korzy\u015bci, jakie mo\u017ce zaoferowa\u0107 poza swoimi w\u0142a\u015bciwo\u015bciami zmieniaj\u0105cymi umys\u0142.<\/p>\n<h2 data-start=\"1748\" data-end=\"1784\">Historia nasion Argyreia Nervosa<\/h2>\n<p data-start=\"1786\" data-end=\"2198\">Argyreia Nervosa ma g\u0142\u0119bokie historyczne powi\u0105zania zar\u00f3wno z tradycyjn\u0105 medycyn\u0105, jak i zastosowaniem psychoaktywnym. Pochodz\u0105ca z Indii ro\u015blina ta od setek lat jest szanowana za swoje w\u0142a\u015bciwo\u015bci lecznicze. W staro\u017cytnych Indiach by\u0142a stosowana w leczeniu szeregu dolegliwo\u015bci, od chor\u00f3b uk\u0142adu oddechowego po cukrzyc\u0119 i zapalenie staw\u00f3w. Dodatkowo, by\u0142a uznawana za afrodyzjak, a niekt\u00f3rzy sugerowali, \u017ce ma dzia\u0142anie zwi\u0119kszaj\u0105ce libido.<\/p>\n<p data-start=\"2200\" data-end=\"2619\">Ro\u015blina zyska\u0142a mi\u0119dzynarodow\u0105 uwag\u0119, gdy zosta\u0142a zauwa\u017cona przez Europejczyk\u00f3w na Hawajach. By\u0142a tam wykorzystywana nie tylko ze wzgl\u0119du na swoje w\u0142a\u015bciwo\u015bci lecznicze, ale tak\u017ce jako \u015brodek uspokajaj\u0105cy. To w\u0142a\u015bnie w tym czasie zaobserwowano psychoaktywne w\u0142a\u015bciwo\u015bci nasion, co ostatecznie doprowadzi\u0142o do popularnego skojarzenia ro\u015bliny z doznaniami psychodelicznymi. Nazwa \"Hawaiian Woodrose\" zosta\u0142a przyj\u0119ta ze wzgl\u0119du na jej powszechne zastosowanie w regionie.<\/p>\n<p data-start=\"2621\" data-end=\"2995\">P\u00f3\u017aniej LSA zosta\u0142 wyizolowany przez szwajcarskiego chemika Alberta Hoffmana, tego samego naukowca, kt\u00f3ry odkry\u0142 LSD. Po zsyntetyzowaniu LSA przez Hoffmana stwierdzono, \u017ce wyst\u0119puje on naturalnie w niekt\u00f3rych ro\u015blinach, w tym w Argyreia Nervosa. W\u015br\u00f3d tych ro\u015blin Argyreia Nervosa zawiera najwy\u017csze st\u0119\u017cenie LSA, dzi\u0119ki czemu jej nasiona s\u0105 szczeg\u00f3lnie poszukiwane zar\u00f3wno do cel\u00f3w rekreacyjnych, jak i leczniczych.<\/p>\n<h2 data-start=\"2997\" data-end=\"3033\">Jak stosowa\u0107 nasiona Argyreia Nervosa?<\/h2>\n<p data-start=\"3035\" data-end=\"3477\">Istniej\u0105 r\u00f3\u017cne metody stosowania nasion Argyreia Nervosa, a ka\u017cda z nich oferuje nieco inne doznania. Tradycyjnie nasiona s\u0105 \u017cute, co pomaga uwolni\u0107 aktywny zwi\u0105zek LSA. Metoda ta pozwala na stopniowe wyst\u0105pienie efekt\u00f3w, zwykle w ci\u0105gu godziny od spo\u017cycia. Efekty mog\u0105 utrzymywa\u0107 si\u0119 przez kilka godzin, a u\u017cytkownicy mog\u0105 odczuwa\u0107 eufori\u0119, \u017cywe obrazy oraz zwi\u0119kszon\u0105 wra\u017cliwo\u015b\u0107 na d\u017awi\u0119k i \u015bwiat\u0142o.<\/p>\n<p data-start=\"3479\" data-end=\"3858\">Niekt\u00f3rzy u\u017cytkownicy wol\u0105 zmieli\u0107 nasiona na proszek i spo\u017cywa\u0107 je, mieszaj\u0105c je z jedzeniem lub wod\u0105, aby zamaskowa\u0107 naturaln\u0105 gorycz. Metoda ta mo\u017ce zmieni\u0107 czas rozpocz\u0119cia i intensywno\u015b\u0107 efekt\u00f3w. Wa\u017cne jest, aby pami\u0119ta\u0107, \u017ce do\u015bwiadczenie mo\u017ce si\u0119 znacznie r\u00f3\u017cni\u0107 w zale\u017cno\u015bci od kilku czynnik\u00f3w, w tym metabolizmu u\u017cytkownika, \u015brodowiska i wcze\u015bniejszego spo\u017cycia \u017cywno\u015bci.<\/p>\n<p data-start=\"3860\" data-end=\"4302\">Zaleca si\u0119 r\u00f3wnie\u017c ostro\u017cne podej\u015bcie do stosowania nasion Argyreia Nervosa, szczeg\u00f3lnie je\u015bli jest to tw\u00f3j pierwszy raz. Zacznij od niewielkiej ilo\u015bci, aby oceni\u0107 swoj\u0105 tolerancj\u0119 i b\u0105d\u017a \u015bwiadomy kontekstu, w kt\u00f3rym ich u\u017cywasz. Otoczenie i stan psychiczny mog\u0105 znacz\u0105co wp\u0142yn\u0105\u0107 na dzia\u0142anie nasion. Zawsze zaleca si\u0119 u\u017cywanie ich w bezpiecznym, komfortowym otoczeniu, najlepiej z zaufan\u0105 osob\u0105, kt\u00f3ra pokieruje do\u015bwiadczeniem.<\/p>\n<h2 data-start=\"4792\" data-end=\"4832\">Sk\u0142adniki Argyreia Nervosa Seeds<\/h2>\n<p data-start=\"4834\" data-end=\"5436\">G\u0142\u00f3wnym sk\u0142adnikiem aktywnym nasion Argyreia Nervosa jest LSA (amid kwasu lizergowego), naturalnie wyst\u0119puj\u0105cy zwi\u0105zek nale\u017c\u0105cy do tej samej rodziny chemicznej co LSD. LSA jest znany ze swoich \u0142agodnych efekt\u00f3w psychoaktywnych, kt\u00f3re mog\u0105 zmienia\u0107 percepcj\u0119 i wywo\u0142ywa\u0107 poczucie euforii i poprawy wizualnej. Nasiona zawieraj\u0105 r\u00f3wnie\u017c kilka innych zwi\u0105zk\u00f3w, w tym alkaloidy, kt\u00f3re przyczyniaj\u0105 si\u0119 do w\u0142a\u015bciwo\u015bci leczniczych ro\u015bliny. Te dodatkowe sk\u0142adniki mog\u0105 mie\u0107 r\u00f3\u017cne dzia\u0142anie na organizm, takie jak w\u0142a\u015bciwo\u015bci przeciwzapalne, przeciwb\u00f3lowe i przeciwskurczowe, dzi\u0119ki czemu nasiona s\u0105 przydatne w medycynie tradycyjnej.<\/p>\n<p data-start=\"5438\" data-end=\"5886\">Opr\u00f3cz LSA, nasiona zawieraj\u0105 wiele innych naturalnych substancji, kt\u00f3re uwa\u017ca si\u0119 za przyczyniaj\u0105ce si\u0119 do ich og\u00f3lnego potencja\u0142u terapeutycznego. To po\u0142\u0105czenie zwi\u0105zk\u00f3w psychoaktywnych i leczniczych jest powodem, dla kt\u00f3rego nasiona Argyreia Nervosa s\u0105 u\u017cywane od wiek\u00f3w, zar\u00f3wno w celach rekreacyjnych, jak i ze wzgl\u0119du na ich potencja\u0142 w leczeniu r\u00f3\u017cnych dolegliwo\u015bci. Jednak ze wzgl\u0119du na nieprzewidywalny charakter efekt\u00f3w, zaleca si\u0119 stosowanie tych nasion w spos\u00f3b odpowiedzialny.<\/p>\n<p data-start=\"5888\" data-end=\"6255\">Pod wzgl\u0119dem struktury chemicznej LSA jest bliskim krewnym LSD, ale ma mniej intensywny wp\u0142yw psychoaktywny. Uwa\u017ca si\u0119, \u017ce oddzia\u0142uje z receptorami serotoninowymi w m\u00f3zgu, prowadz\u0105c do zmienionego postrzegania zmys\u0142owego zg\u0142aszanego przez u\u017cytkownik\u00f3w. Chocia\u017c efekty psychoaktywne s\u0105 \u0142agodniejsze, nadal mog\u0105 oferowa\u0107 wyj\u0105tkowe i introspektywne do\u015bwiadczenie, gdy s\u0105 u\u017cywane ostro\u017cnie.<\/p>\n<p data-start=\"6272\" data-end=\"6873\" data-is-last-node=\"\"><strong data-start=\"4304\" data-end=\"4316\">Ostrze\u017cenie:<\/strong><br data-start=\"4316\" data-end=\"4319\" \/>Wa\u017cne jest, aby zachowa\u0107 ostro\u017cno\u015b\u0107 podczas stosowania nasion Argyreia Nervosa, poniewa\u017c zawieraj\u0105 one zwi\u0105zek psychoaktywny, LSA. Efekty mog\u0105 si\u0119 znacznie r\u00f3\u017cni\u0107 w zale\u017cno\u015bci od osoby i metody konsumpcji. Nadu\u017cywanie lub niew\u0142a\u015bciwe stosowanie mo\u017ce prowadzi\u0107 do nieprzyjemnych dozna\u0144, a w niekt\u00f3rych przypadkach mo\u017ce mie\u0107 niekorzystny wp\u0142yw na zdrowie. Zawsze upewnij si\u0119, \u017ce znajdujesz si\u0119 w bezpiecznym i kontrolowanym \u015brodowisku podczas korzystania z tych nasion i zacznij od ma\u0142ej dawki, je\u015bli nie jeste\u015b zaznajomiony z ich efektami.<\/p>","protected":false},"excerpt":{"rendered":"<p>Argyreia Nervosa, znana r\u00f3wnie\u017c jako Baby Hawaiian Woodrose, to ro\u015blina, kt\u00f3rej nasiona zawieraj\u0105 LSA, substancj\u0119 psychoaktywn\u0105. Zaledwie sze\u015b\u0107 nasion mo\u017ce zapewni\u0107 \u0142agodne doznania psychodeliczne, charakteryzuj\u0105ce si\u0119 \u017cywymi i mistycznymi doznaniami. Pochodz\u0105ca z Indii ro\u015blina jest od wiek\u00f3w stosowana w celach leczniczych, takich jak leczenie cukrzycy, chor\u00f3b uk\u0142adu oddechowego i zapalenia staw\u00f3w, a tak\u017ce jest uwa\u017cana za afrodyzjak. Na Hawajach nasiona te znane s\u0105 ze swoich w\u0142a\u015bciwo\u015bci uspokajaj\u0105cych i by\u0142y cz\u0119\u015bci\u0105 tradycyjnych praktyk.<\/p>","protected":false},"featured_media":126163,"template":"","meta":[],"product_brand":[],"product_cat":[600,297,537,513,476],"product_tag":[],"class_list":{"0":"post-8504","1":"product","2":"type-product","3":"status-publish","4":"has-post-thumbnail","6":"product_cat-mcmystic","7":"product_cat-all-products","8":"product_cat-lsa-seeds","9":"product_cat-party","10":"product_cat-smartshop","11":"product_shipping_class-not-allowed-group-3","13":"first","14":"instock","15":"taxable","16":"shipping-taxable","17":"purchasable","18":"product-type-variable"},"_links":{"self":[{"href":"https:\/\/www.tatanka.nl\/pl\/wp-json\/wp\/v2\/product\/8504","targetHints":{"allow":["GET"]}}],"collection":[{"href":"https:\/\/www.tatanka.nl\/pl\/wp-json\/wp\/v2\/product"}],"about":[{"href":"https:\/\/www.tatanka.nl\/pl\/wp-json\/wp\/v2\/types\/product"}],"wp:featuredmedia":[{"embeddable":true,"href":"https:\/\/www.tatanka.nl\/pl\/wp-json\/wp\/v2\/media\/126163"}],"wp:attachment":[{"href":"https:\/\/www.tatanka.nl\/pl\/wp-json\/wp\/v2\/media?parent=8504"}],"wp:term":[{"taxonomy":"product_brand","embeddable":true,"href":"https:\/\/www.tatanka.nl\/pl\/wp-json\/wp\/v2\/product_brand?post=8504"},{"taxonomy":"product_cat","embeddable":true,"href":"https:\/\/www.tatanka.nl\/pl\/wp-json\/wp\/v2\/product_cat?post=8504"},{"taxonomy":"product_tag","embeddable":true,"href":"https:\/\/www.tatanka.nl\/pl\/wp-json\/wp\/v2\/product_tag?post=8504"}],"curies":[{"name":"wp","href":"https:\/\/api.w.org\/{rel}","templated":true}]}}