{"id":8508,"date":"2017-12-30T15:51:38","date_gmt":"2017-12-30T15:51:38","guid":{"rendered":"http:\/\/www.tatanka.nl\/?post_type=product&#038;p=8508"},"modified":"2025-06-04T15:46:19","modified_gmt":"2025-06-04T14:46:19","slug":"morning-glory-seeds","status":"publish","type":"product","link":"https:\/\/www.tatanka.nl\/pl\/morning-glory-seeds\/","title":{"rendered":"Nasiona Morning Glory"},"content":{"rendered":"<h2 data-start=\"337\" data-end=\"369\">Czym s\u0105 nasiona Morning Glory?<\/h2>\n<p data-start=\"371\" data-end=\"1197\">Nasiona Morning Glory, w szczeg\u00f3lno\u015bci z ro\u015bliny <em data-start=\"420\" data-end=\"438\">Ipomoea Purpurea<\/em>zyska\u0142y uwag\u0119 ze wzgl\u0119du na swoje w\u0142a\u015bciwo\u015bci psychoaktywne. Nasiona zawieraj\u0105 zwi\u0105zek zwany amidem kwasu lizergowego (LSA), kt\u00f3ry jest chemicznie spokrewniony z LSD. LSA jest znany ze swojej zdolno\u015bci do wywo\u0142ywania introspektywnych, medytacyjnych, a czasem wizjonerskich do\u015bwiadcze\u0144. Nasiona by\u0142y u\u017cywane od wiek\u00f3w przez rdzenne kultury, zw\u0142aszcza w Ameryce Po\u0142udniowej, gdzie s\u0105 przygotowywane i spo\u017cywane na r\u00f3\u017cne sposoby w celu wzmocnienia praktyk duchowych. Nasiona te s\u0105 nie tylko wizualnym cudem ze wzgl\u0119du na ich pi\u0119kne kwiaty, ale tak\u017ce bram\u0105 do odmiennych stan\u00f3w \u015bwiadomo\u015bci. Psychoaktywne dzia\u0142anie nasion Morning Glory zale\u017cy od \u015brodowiska i indywidualnego stanu umys\u0142u, co oznacza, \u017ce do\u015bwiadczenie mo\u017ce si\u0119 znacznie r\u00f3\u017cni\u0107 w zale\u017cno\u015bci od otoczenia i skupienia umys\u0142u.<\/p>\n<h2 data-start=\"1204\" data-end=\"1237\">Historia nasion Morning Glory<\/h2>\n<p data-start=\"1239\" data-end=\"2119\">Historia <em data-start=\"1254\" data-end=\"1272\">Ipomoea Purpurea<\/em> si\u0119ga tysi\u0119cy lat wstecz. Rdzenne plemiona w Ameryce Po\u0142udniowej by\u0142y jednymi z pierwszych, kt\u00f3re rozpozna\u0142y i wykorzysta\u0142y psychoaktywne w\u0142a\u015bciwo\u015bci ro\u015bliny Morning Glory. Zmielili oni nasiona i namoczyli je w wodzie lub alkoholu, aby wyekstrahowa\u0107 aktywny zwi\u0105zek, LSA. Ta metoda przygotowania pozwala\u0142a im spo\u017cywa\u0107 nasiona w spos\u00f3b, kt\u00f3ry zmniejsza\u0142 niepo\u017c\u0105dane skutki uboczne, tworz\u0105c bardziej \u0142atwe do opanowania i skoncentrowane do\u015bwiadczenie. Wiedza o dzia\u0142aniu tych nasion by\u0142a przekazywana z pokolenia na pokolenie, cz\u0119sto wykorzystywana w kontek\u015bcie duchowym i ceremonialnym. Naukowe odkrycie LSA nast\u0105pi\u0142o znacznie p\u00f3\u017aniej, a badacze zidentyfikowali go jako naturalny zwi\u0105zek blisko spokrewniony z LSD w latach sze\u015b\u0107dziesi\u0105tych XX wieku. To powi\u0105zanie z LSD zwr\u00f3ci\u0142o wi\u0119ksz\u0105 uwag\u0119 na nasiona Morning Glory w czasach wsp\u00f3\u0142czesnych, prowadz\u0105c zar\u00f3wno do bada\u0144 naukowych, jak i rekreacyjnego zainteresowania ich efektami.<\/p>\n<h2 data-start=\"2126\" data-end=\"2159\">Jak u\u017cywa\u0107 nasion Morning Glory?<\/h2>\n<p data-start=\"2161\" data-end=\"3039\">Nasiona Morning Glory nale\u017cy stosowa\u0107 ostro\u017cnie ze wzgl\u0119du na ich silne dzia\u0142anie psychoaktywne. Tradycyjna metoda spo\u017cycia polega na zmieleniu nasion na drobny proszek, kt\u00f3ry jest nast\u0119pnie moczony w wodzie lub, najlepiej, w alkoholu. Alkohol pomaga skuteczniej ekstrahowa\u0107 zwi\u0105zki psychoaktywne. Po namoczeniu nasiona s\u0105 zwykle spo\u017cywane na pusty \u017co\u0142\u0105dek, aby uzyska\u0107 najg\u0142\u0119bsze efekty. Wa\u017cne jest, aby zacz\u0105\u0107 od ma\u0142ej dawki i uwa\u017ca\u0107 na otoczenie, poniewa\u017c do\u015bwiadczenie mo\u017ce by\u0107 intensywne i nieprzewidywalne. Wiele os\u00f3b zg\u0142asza, \u017ce do\u015bwiadcza wzmo\u017conej introspekcji, medytacyjnych my\u015bli, a nawet stan\u00f3w wizjonerskich. Jednak ze wzgl\u0119du na mo\u017cliwo\u015b\u0107 wyst\u0105pienia skutk\u00f3w ubocznych, takich jak nudno\u015bci lub zawroty g\u0142owy, zaleca si\u0119 przebywanie w spokojnym i bezpiecznym otoczeniu oraz unikanie czynnik\u00f3w rozpraszaj\u0105cych. Zawsze upewnij si\u0119, \u017ce jeste\u015b w pozytywnym stanie psychicznym przed spo\u017cyciem tych nasion.<\/p>\n<h2 data-start=\"3046\" data-end=\"3083\">Sk\u0142adniki nasion Morning Glory<\/h2>\n<p data-start=\"3085\" data-end=\"3882\">Podstawowym zwi\u0105zkiem psychoaktywnym wyst\u0119puj\u0105cym w nasionach Morning Glory jest amid kwasu lizergowego (LSA). LSA jest chemicznie podobny do LSD, ale jest mniej silny. Zwi\u0105zek ten jest odpowiedzialny za efekty psychoaktywne zwi\u0105zane z nasionami, kt\u00f3re mog\u0105 obejmowa\u0107 zmienione postrzeganie, wzmocnion\u0105 introspekcj\u0119 i do\u015bwiadczenia wizjonerskie. Opr\u00f3cz LSA, nasiona Morning Glory zawieraj\u0105 inne zwi\u0105zki, takie jak alkaloidy i aminokwasy, chocia\u017c LSA jest g\u0142\u00f3wnym sk\u0142adnikiem aktywnym. Nasiona te zawieraj\u0105 r\u00f3wnie\u017c r\u00f3\u017cne w\u0142\u00f3kna ro\u015blinne i niezb\u0119dne sk\u0142adniki od\u017cywcze, cho\u0107 nie s\u0105 one g\u0142\u00f3wnym celem ich dzia\u0142ania psychoaktywnego. St\u0119\u017cenie LSA w nasionach mo\u017ce si\u0119 r\u00f3\u017cni\u0107 w zale\u017cno\u015bci od warunk\u00f3w uprawy ro\u015bliny i konkretnego szczepu, dlatego te\u017c niekt\u00f3re partie mog\u0105 dawa\u0107 silniejsze lub s\u0142absze doznania ni\u017c inne.<\/p>\n<p data-start=\"3889\" data-end=\"4489\" data-is-last-node=\"\"><strong data-start=\"3889\" data-end=\"3901\">Ostrze\u017cenie:<\/strong><br data-start=\"3901\" data-end=\"3904\" \/>Spo\u017cycie nasion Morning Glory mo\u017ce powodowa\u0107 intensywne efekty psychoaktywne. Efekty te mog\u0105 si\u0119 r\u00f3\u017cni\u0107 w zale\u017cno\u015bci od osoby, \u015brodowiska i dawki. Wa\u017cne jest, aby podchodzi\u0107 do stosowania tych nasion z ostro\u017cno\u015bci\u0105 i \u015bwiadomo\u015bci\u0105. Potencjalne skutki uboczne mog\u0105 obejmowa\u0107 nudno\u015bci, zawroty g\u0142owy i zaburzenia psychiczne. Zaleca si\u0119 stosowanie tych nasion w kontrolowanym i bezpiecznym \u015brodowisku. Kobiety w ci\u0105\u017cy, osoby z zaburzeniami psychicznymi lub przyjmuj\u0105ce leki powinny unika\u0107 stosowania nasion Morning Glory. Przed u\u017cyciem nale\u017cy zawsze upewni\u0107 si\u0119, \u017ce jest si\u0119 w pe\u0142ni poinformowanym o potencjalnych zagro\u017ceniach.<\/p>","protected":false},"excerpt":{"rendered":"<p>Ipomoea Purpurea, powszechnie znana jako Morning Glory, to urzekaj\u0105ca ro\u015blina znana z osza\u0142amiaj\u0105cych niebiesko-fioletowych kwiat\u00f3w i psychoaktywnych nasion. Nasiona te zawieraj\u0105 amid kwasu lizergowego (LSA), zwi\u0105zek podobny do LSD, kt\u00f3ry by\u0142 u\u017cywany od wiek\u00f3w przez rdzenne kultury ze wzgl\u0119du na swoje dzia\u0142anie zmieniaj\u0105ce umys\u0142. Zawiera 300 nasion.<\/p>","protected":false},"featured_media":126159,"template":"","meta":[],"product_brand":[],"product_cat":[600,297,537,513,476],"product_tag":[],"class_list":{"0":"post-8508","1":"product","2":"type-product","3":"status-publish","4":"has-post-thumbnail","6":"product_cat-mcmystic","7":"product_cat-all-products","8":"product_cat-lsa-seeds","9":"product_cat-party","10":"product_cat-smartshop","11":"product_shipping_class-not-allowed-group-3","13":"first","14":"instock","15":"taxable","16":"shipping-taxable","17":"purchasable","18":"product-type-variable"},"_links":{"self":[{"href":"https:\/\/www.tatanka.nl\/pl\/wp-json\/wp\/v2\/product\/8508","targetHints":{"allow":["GET"]}}],"collection":[{"href":"https:\/\/www.tatanka.nl\/pl\/wp-json\/wp\/v2\/product"}],"about":[{"href":"https:\/\/www.tatanka.nl\/pl\/wp-json\/wp\/v2\/types\/product"}],"wp:featuredmedia":[{"embeddable":true,"href":"https:\/\/www.tatanka.nl\/pl\/wp-json\/wp\/v2\/media\/126159"}],"wp:attachment":[{"href":"https:\/\/www.tatanka.nl\/pl\/wp-json\/wp\/v2\/media?parent=8508"}],"wp:term":[{"taxonomy":"product_brand","embeddable":true,"href":"https:\/\/www.tatanka.nl\/pl\/wp-json\/wp\/v2\/product_brand?post=8508"},{"taxonomy":"product_cat","embeddable":true,"href":"https:\/\/www.tatanka.nl\/pl\/wp-json\/wp\/v2\/product_cat?post=8508"},{"taxonomy":"product_tag","embeddable":true,"href":"https:\/\/www.tatanka.nl\/pl\/wp-json\/wp\/v2\/product_tag?post=8508"}],"curies":[{"name":"wp","href":"https:\/\/api.w.org\/{rel}","templated":true}]}}