{"id":8511,"date":"2017-12-30T15:57:51","date_gmt":"2017-12-30T15:57:51","guid":{"rendered":"http:\/\/www.tatanka.nl\/?post_type=product&#038;p=8511"},"modified":"2026-02-15T12:48:28","modified_gmt":"2026-02-15T11:48:28","slug":"ololiuqui-seeds","status":"publish","type":"product","link":"https:\/\/www.tatanka.nl\/pl\/ololiuqui-seeds\/","title":{"rendered":"Nasiona Ololiuqui"},"content":{"rendered":"<h2 data-start=\"411\" data-end=\"438\">Czym jest Rivea Corymbosa?<\/h2>\n<p data-start=\"440\" data-end=\"772\">Rivea Corymbosa, powszechnie znana jako Ololiuqui, to gatunek ro\u015bliny nale\u017c\u0105cy do rodziny \"Morning Glory\". Jej nasiona, cz\u0119sto okre\u015blane jako Ololiuqui, s\u0105 od wiek\u00f3w wykorzystywane przez rdzenne kultury Meksyku. Ro\u015blina ta charakteryzuje si\u0119 bia\u0142ymi kwiatami, a jej nasiona s\u0105 cenione ze wzgl\u0119du na swoje dzia\u0142anie psychoaktywne i lecznicze.<\/p>\n<p data-start=\"774\" data-end=\"1223\">Aktywnym zwi\u0105zkiem w nasionach Rivea Corymbosa jest LSA (amid kwasu lizergowego), naturalna substancja, kt\u00f3ra wywo\u0142uje efekty podobne do LSD, ale bez intensywnych halucynacji. Zamiast tego wywo\u0142uje stopniowe i g\u0142\u0119bokie doznania psychodeliczne, cz\u0119sto wykorzystywane do introspekcji, medytacji lub do\u015bwiadcze\u0144 wizjonerskich. Do\u015bwiadczenia te maj\u0105 tendencj\u0119 do rozwijania si\u0119 przez kilka godzin, oferuj\u0105c bardziej kontrolowan\u0105, wewn\u0119trzn\u0105 podr\u00f3\u017c ni\u017c zewn\u0119trzne halucynacje.<\/p>\n<p data-start=\"1225\" data-end=\"1622\">Historycznie, nasiona te by\u0142y cenione przez Aztek\u00f3w, kt\u00f3rzy nazywali je \"Ololiuqui\", co oznacza \"okr\u0105g\u0142e nasiona\". Ich zastosowanie by\u0142o w du\u017cej mierze duchowe, wierzono, \u017ce pomagaj\u0105 w po\u0142\u0105czeniu z wy\u017cszymi sferami lub w d\u0105\u017ceniu do samopoznania. W dzisiejszych czasach Rivea Corymbosa jest u\u017cywana przez tych, kt\u00f3rzy chc\u0105 do\u015bwiadczy\u0107 odmiennych stan\u00f3w \u015bwiadomo\u015bci, czy to w celach medytacyjnych, czy te\u017c w celu zbadania g\u0142\u0119bi umys\u0142u.<\/p>\n<h2 data-start=\"1624\" data-end=\"1653\">Historia Rivea Corymbosa<\/h2>\n<p data-start=\"1655\" data-end=\"2158\">Rivea Corymbosa ma d\u0142ug\u0105 i bogat\u0105 histori\u0119, szczeg\u00f3lnie w kulturach mezoameryka\u0144skich. Ro\u015blina ta jest wykorzystywana ze wzgl\u0119du na swoje w\u0142a\u015bciwo\u015bci psychoaktywne od ponad tysi\u0105ca lat, a jej pocz\u0105tki s\u0105 g\u0142\u0119boko zakorzenione w staro\u017cytnym Meksyku. Aztekowie, jedna z najbardziej zaawansowanych staro\u017cytnych cywilizacji w obu Amerykach, byli znani z u\u017cywania nasion Rivea Corymbosa w \u015bwi\u0119tych rytua\u0142ach. Aztekowie nazywali t\u0119 ro\u015blin\u0119 Ololiuqui, kt\u00f3ra mia\u0142a duchowe znaczenie i by\u0142a cz\u0119sto wykorzystywana w ceremoniach religijnych.<\/p>\n<p data-start=\"2160\" data-end=\"2535\">Ololiuqui by\u0142 u\u017cywany g\u0142\u00f3wnie do cel\u00f3w szama\u0144skich, gdzie odgrywa\u0142 kluczow\u0105 rol\u0119 we wr\u00f3\u017ceniu, introspekcji i poszukiwaniu wiedzy. Nasiona by\u0142y spo\u017cywane przez szaman\u00f3w, aby wej\u015b\u0107 w zmienione stany \u015bwiadomo\u015bci, u\u0142atwiaj\u0105c g\u0142\u0119bokie wizje i wgl\u0105dy, kt\u00f3re, jak wierzono, \u0142\u0105czy\u0142y ich z bosko\u015bci\u0105. To u\u017cycie by\u0142o \u015bwi\u0119te i zarezerwowane dla okre\u015blonych kontekst\u00f3w ceremonialnych.<\/p>\n<p data-start=\"2537\" data-end=\"2856\">Pomimo swoich staro\u017cytnych korzeni, Rivea Corymbosa jest nadal uznawana za sw\u00f3j potencja\u0142 w czasach wsp\u00f3\u0142czesnych, szczeg\u00f3lnie w\u015br\u00f3d os\u00f3b zainteresowanych duchowymi i psychoaktywnymi korzy\u015bciami tej ro\u015bliny. Jej rosn\u0105ca popularno\u015b\u0107 w alternatywnych spo\u0142eczno\u015bciach wellness i poszerzaj\u0105cych \u015bwiadomo\u015b\u0107 nadal odzwierciedla jej trwa\u0142e dziedzictwo.<\/p>\n<h2 data-start=\"2858\" data-end=\"2887\">Jak stosowa\u0107 Rivea Corymbosa<\/h2>\n<p data-start=\"2889\" data-end=\"3234\">Nasiona Rivea Corymbosa s\u0105 zwykle spo\u017cywane ze wzgl\u0119du na ich dzia\u0142anie psychoaktywne, ale wa\u017cne jest, aby u\u017cywa\u0107 ich w spos\u00f3b odpowiedzialny. Tradycyjna metoda stosowania polega na zmieleniu nasion na drobny proszek i namoczeniu ich w ciep\u0142ej wodzie. Proces ten pomaga aktywowa\u0107 LSA, kt\u00f3ry jest zwi\u0105zkiem psychoaktywnym wywo\u0142uj\u0105cym doznania psychodeliczne.<\/p>\n<p data-start=\"3236\" data-end=\"3624\">Aby wykorzysta\u0107 nasiona, zaleca si\u0119 zacz\u0105\u0107 od niewielkiej ilo\u015bci - oko\u0142o 12 do 22 nasion. Zmiel je drobno i namocz w letniej wodzie przez kilka godzin. Po namoczeniu wod\u0119 mo\u017cna wypi\u0107 wraz ze zmi\u0119kczonymi nasionami. Niekt\u00f3rzy u\u017cytkownicy wol\u0105 \u017cu\u0107 nasiona po namoczeniu, ale nie jest to konieczne i nale\u017cy podchodzi\u0107 do tego ostro\u017cnie ze wzgl\u0119du na mo\u017cliwo\u015b\u0107 wyst\u0105pienia dolegliwo\u015bci \u017co\u0142\u0105dkowych.<\/p>\n<p data-start=\"3626\" data-end=\"3993\">Efekty dzia\u0142ania Rivea Corymbosa pojawiaj\u0105 si\u0119 po oko\u0142o godzinie i utrzymuj\u0105 si\u0119 przez oko\u0142o 8 godzin. Intensywno\u015b\u0107 i charakter dozna\u0144 mog\u0105 si\u0119 r\u00f3\u017cni\u0107 w zale\u017cno\u015bci od otoczenia i stanu umys\u0142u u\u017cytkownika. Zaleca si\u0119 spo\u017cywanie Rivea Corymbosa w spokojnym i cichym otoczeniu, w kt\u00f3rym u\u017cytkownik mo\u017ce w pe\u0142ni do\u015bwiadczy\u0107 introspektywnych i wizjonerskich efekt\u00f3w.<\/p>\n<p data-start=\"3995\" data-end=\"4412\"><strong data-start=\"3995\" data-end=\"4007\">Ostrze\u017cenie:<\/strong><br data-start=\"4007\" data-end=\"4010\" \/>Nale\u017cy pami\u0119ta\u0107, \u017ce Rivea Corymbosa powinna by\u0107 stosowana z umiarem. Nadmierne spo\u017cycie nasion mo\u017ce prowadzi\u0107 do niepo\u017c\u0105danych skutk\u00f3w ubocznych, takich jak nudno\u015bci i wymioty, szczeg\u00f3lnie u os\u00f3b, kt\u00f3re nie s\u0105 przyzwyczajone do substancji psychoaktywnych. Zaleca si\u0119 rozpocz\u0119cie od niskiej dawki i stopniowe jej zwi\u0119kszanie w razie potrzeby. Zawsze nale\u017cy upewni\u0107 si\u0119, \u017ce otoczenie jest bezpieczne i sprzyja pozytywnym do\u015bwiadczeniom.<\/p>\n<h2 data-start=\"4414\" data-end=\"4447\">Sk\u0142adniki Rivea Corymbosa<\/h2>\n<p data-start=\"4449\" data-end=\"4814\">G\u0142\u00f3wnym sk\u0142adnikiem aktywnym Rivea Corymbosa jest amid kwasu lizergowego (LSA), naturalnie wyst\u0119puj\u0105cy zwi\u0105zek, kt\u00f3ry jest strukturalnie podobny do LSD. LSA nie wywo\u0142uje jednak tak intensywnych halucynacji wzrokowych, jak LSD. Zamiast tego, LSA zapewnia bardziej introspektywne i uspokajaj\u0105ce do\u015bwiadczenie psychodeliczne, cz\u0119sto opisywane jako \u0142agodna podr\u00f3\u017c zmieniaj\u0105ca umys\u0142.<\/p>\n<p data-start=\"4816\" data-end=\"5093\">Opr\u00f3cz LSA, nasiona Rivea Corymbosa zawieraj\u0105 szereg alkaloid\u00f3w i innych zwi\u0105zk\u00f3w, kt\u00f3re przyczyniaj\u0105 si\u0119 do ich psychoaktywnego dzia\u0142ania. Zwi\u0105zki te s\u0105 odpowiedzialne za stopniowy pocz\u0105tek efekt\u00f3w i czas ich trwania, kt\u00f3ry zwykle trwa kilka godzin.<\/p>\n<p data-start=\"5095\" data-end=\"5473\">Nasiona s\u0105 r\u00f3wnie\u017c bogate w inne zwi\u0105zki bioaktywne, cho\u0107 LSA pozostaje najsilniejszym i najbardziej znacz\u0105cym. Zwi\u0105zki te wsp\u00f3\u0142pracuj\u0105 ze sob\u0105, tworz\u0105c unikalne i kontrolowane doznania psychodeliczne, kt\u00f3re r\u00f3\u017cni\u0105 si\u0119 od innych substancji z tej samej kategorii. Jednak dok\u0142adny sk\u0142ad Rivea Corymbosa i spos\u00f3b jego interakcji z cia\u0142em jest nadal przedmiotem trwaj\u0105cych bada\u0144.<\/p>\n<p data-start=\"5475\" data-end=\"5489\"><strong data-start=\"5478\" data-end=\"5489\">Ostrze\u017cenie<\/strong><\/p>\n<p data-start=\"5491\" data-end=\"5680\" data-is-last-node=\"\">Podczas stosowania Rivea Corymbosa nale\u017cy zawsze przestrzega\u0107 zalecanych dawek, aby unikn\u0105\u0107 negatywnych skutk\u00f3w ubocznych. Nadmierne spo\u017cycie nasion mo\u017ce prowadzi\u0107 do nudno\u015bci, wymiot\u00f3w lub przyt\u0142aczaj\u0105cych wra\u017ce\u0144.<\/p>","protected":false},"excerpt":{"rendered":"<p>Wed\u0142ug rodzimych szaman\u00f3w nasiona Ololiuqui zapewniaj\u0105 bardzo silne efekty wizjonerskie, jednak cz\u0119\u015bciej ludzie do\u015bwiadczaj\u0105 g\u0142\u0119bokiego stanu relaksu i dobrego samopoczucia. Zawiera 40 nasion.<\/p>","protected":false},"featured_media":126157,"template":"","meta":[],"product_brand":[],"product_cat":[600,297,537,513,476],"product_tag":[],"class_list":{"0":"post-8511","1":"product","2":"type-product","3":"status-publish","4":"has-post-thumbnail","6":"product_cat-mcmystic","7":"product_cat-all-products","8":"product_cat-lsa-seeds","9":"product_cat-party","10":"product_cat-smartshop","11":"product_shipping_class-not-allowed-group-3","13":"first","14":"instock","15":"taxable","16":"shipping-taxable","17":"purchasable","18":"product-type-variable"},"_links":{"self":[{"href":"https:\/\/www.tatanka.nl\/pl\/wp-json\/wp\/v2\/product\/8511","targetHints":{"allow":["GET"]}}],"collection":[{"href":"https:\/\/www.tatanka.nl\/pl\/wp-json\/wp\/v2\/product"}],"about":[{"href":"https:\/\/www.tatanka.nl\/pl\/wp-json\/wp\/v2\/types\/product"}],"wp:featuredmedia":[{"embeddable":true,"href":"https:\/\/www.tatanka.nl\/pl\/wp-json\/wp\/v2\/media\/126157"}],"wp:attachment":[{"href":"https:\/\/www.tatanka.nl\/pl\/wp-json\/wp\/v2\/media?parent=8511"}],"wp:term":[{"taxonomy":"product_brand","embeddable":true,"href":"https:\/\/www.tatanka.nl\/pl\/wp-json\/wp\/v2\/product_brand?post=8511"},{"taxonomy":"product_cat","embeddable":true,"href":"https:\/\/www.tatanka.nl\/pl\/wp-json\/wp\/v2\/product_cat?post=8511"},{"taxonomy":"product_tag","embeddable":true,"href":"https:\/\/www.tatanka.nl\/pl\/wp-json\/wp\/v2\/product_tag?post=8511"}],"curies":[{"name":"wp","href":"https:\/\/api.w.org\/{rel}","templated":true}]}}